{"id":243,"date":"2020-04-12T19:35:58","date_gmt":"2020-04-12T19:35:58","guid":{"rendered":"https:\/\/littleworld.si\/?post_type=product&#038;p=243"},"modified":"2025-07-17T13:39:12","modified_gmt":"2025-07-17T11:39:12","slug":"hlace-iz-100-bio-bombaza-bele","status":"publish","type":"product","link":"https:\/\/zlataskrinjica.si\/de\/product\/hlace-iz-100-bio-bombaza-bele\/","title":{"rendered":"BIOBABY-HOSE WEISS"},"content":{"rendered":"<p><b>Hose aus Bio-Baumwolle<\/b><\/p>\n<p>- Hergestellt aus 100% Bio-Baumwolle, die angenehm auf der Haut des Babys ist<br \/>\n- Sehr weiches, unempfindliches Material<br \/>\n- Bequem und leicht anzuziehen, hoch tailliert<br \/>\n- N\u00fctzlich f\u00fcr den ganzen Tag und zu allen Jahreszeiten<br \/>\n- Ausf\u00fchrliche Pflegehinweise finden Sie auf dem Etikett auf der Innenseite des Kleidungsst\u00fccks.<\/p>\n<p><b>Anweisungen zur Wartung:<\/b><\/p>\n<p>Naturfasern ben\u00f6tigen keine besondere Pflege. Bio-Baumwolle ist haltbarer als herk\u00f6mmliche Baumwolle, daher sind alle Drucke in der Maschine waschbar. Es ist jedoch wichtig, die produktspezifischen Anweisungen f\u00fcr jedes Produkt zu \u00fcberpr\u00fcfen.<\/p>\n<p>Verwenden Sie kein Bleichmittel.<\/p>","protected":false},"excerpt":{"rendered":"<p>Neben dem organischen Material zeichnet sich diese Hose durch ein spezielles Design mit einem hohen Bund aus, der ein Engegef\u00fchl und Unbehagen beim Tragen verhindert. Der Bund ist dick und reizt die Haut nicht. In die Hose sind bereits Socken eingen\u00e4ht, so dass die F\u00fc\u00dfe des Babys warm bleiben, vor allem in den ersten Monaten, wenn die Socken schnell von den kleinen F\u00fc\u00dfen verschwinden. Das Baby kann sich frei bewegen und das Anziehen ist viel einfacher.<\/p>","protected":false},"featured_media":251,"comment_status":"open","ping_status":"closed","template":"","meta":[],"product_brand":[],"product_cat":[40,25,81],"product_tag":[],"class_list":{"0":"post-243","1":"product","2":"type-product","3":"status-publish","4":"has-post-thumbnail","6":"product_cat-hlace-pajkice","7":"product_cat-izdelki","8":"product_cat-za-dojencke","10":"first","11":"instock","12":"shipping-taxable","13":"purchasable","14":"product-type-variable"},"yoast_head":"<!-- This site is optimized with the Yoast SEO plugin v27.4 - https:\/\/yoast.com\/product\/yoast-seo-wordpress\/ -->\n<title>BIOBABY HLA\u010cE BELE - Zlata Skrinjica<\/title>\n<meta name=\"description\" content=\"Biobaby hla\u010de v beli barvi. izdelane iz organskega bomba\u017ea, ki je prijeten za otro\u0161ko ko\u017eo. Je izredno mehke in udoben material.\" \/>\n<meta name=\"robots\" content=\"index, follow, max-snippet:-1, max-image-preview:large, max-video-preview:-1\" \/>\n<link rel=\"canonical\" href=\"https:\/\/zlataskrinjica.si\/de\/product\/hlace-iz-100-bio-bombaza-bele\/\" \/>\n<meta property=\"og:locale\" content=\"de_DE\" \/>\n<meta property=\"og:type\" content=\"article\" \/>\n<meta property=\"og:title\" content=\"BIOBABY HLA\u010cE BELE - Zlata Skrinjica\" \/>\n<meta property=\"og:description\" content=\"Biobaby hla\u010de v beli barvi. izdelane iz organskega bomba\u017ea, ki je prijeten za otro\u0161ko ko\u017eo. Je izredno mehke in udoben material.\" \/>\n<meta property=\"og:url\" content=\"https:\/\/zlataskrinjica.si\/de\/product\/hlace-iz-100-bio-bombaza-bele\/\" \/>\n<meta property=\"og:site_name\" content=\"Zlata Skrinjica\" \/>\n<meta property=\"article:publisher\" content=\"https:\/\/www.facebook.com\/profile.php?id=100093598205968\" \/>\n<meta property=\"article:modified_time\" content=\"2025-07-17T11:39:12+00:00\" \/>\n<meta property=\"og:image\" content=\"https:\/\/zlataskrinjica.si\/wp-content\/uploads\/2020\/04\/IMG_6623.jpg\" \/>\n\t<meta property=\"og:image:width\" content=\"1000\" \/>\n\t<meta property=\"og:image:height\" content=\"1000\" \/>\n\t<meta property=\"og:image:type\" content=\"image\/jpeg\" \/>\n<meta name=\"twitter:card\" content=\"summary_large_image\" \/>\n<meta name=\"twitter:label1\" content=\"Gesch\u00e4tzte Lesezeit\" \/>\n\t<meta name=\"twitter:data1\" content=\"1 Minute\" \/>\n<script type=\"application\/ld+json\" class=\"yoast-schema-graph\">{\"@context\":\"https:\\\/\\\/schema.org\",\"@graph\":[{\"@type\":\"WebPage\",\"@id\":\"https:\\\/\\\/zlataskrinjica.si\\\/izdelek\\\/hlace-iz-100-bio-bombaza-bele\\\/\",\"url\":\"https:\\\/\\\/zlataskrinjica.si\\\/izdelek\\\/hlace-iz-100-bio-bombaza-bele\\\/\",\"name\":\"BIOBABY HLA\u010cE BELE - Zlata Skrinjica\",\"isPartOf\":{\"@id\":\"https:\\\/\\\/zlataskrinjica.si\\\/#website\"},\"primaryImageOfPage\":{\"@id\":\"https:\\\/\\\/zlataskrinjica.si\\\/izdelek\\\/hlace-iz-100-bio-bombaza-bele\\\/#primaryimage\"},\"image\":{\"@id\":\"https:\\\/\\\/zlataskrinjica.si\\\/izdelek\\\/hlace-iz-100-bio-bombaza-bele\\\/#primaryimage\"},\"thumbnailUrl\":\"https:\\\/\\\/zlataskrinjica.si\\\/wp-content\\\/uploads\\\/2020\\\/04\\\/IMG_6623.jpg\",\"datePublished\":\"2020-04-12T19:35:58+00:00\",\"dateModified\":\"2025-07-17T11:39:12+00:00\",\"description\":\"Biobaby hla\u010de v beli barvi. izdelane iz organskega bomba\u017ea, ki je prijeten za otro\u0161ko ko\u017eo. Je izredno mehke in udoben material.\",\"breadcrumb\":{\"@id\":\"https:\\\/\\\/zlataskrinjica.si\\\/izdelek\\\/hlace-iz-100-bio-bombaza-bele\\\/#breadcrumb\"},\"inLanguage\":\"de-AT\",\"potentialAction\":[{\"@type\":\"ReadAction\",\"target\":[\"https:\\\/\\\/zlataskrinjica.si\\\/izdelek\\\/hlace-iz-100-bio-bombaza-bele\\\/\"]}]},{\"@type\":\"ImageObject\",\"inLanguage\":\"de-AT\",\"@id\":\"https:\\\/\\\/zlataskrinjica.si\\\/izdelek\\\/hlace-iz-100-bio-bombaza-bele\\\/#primaryimage\",\"url\":\"https:\\\/\\\/zlataskrinjica.si\\\/wp-content\\\/uploads\\\/2020\\\/04\\\/IMG_6623.jpg\",\"contentUrl\":\"https:\\\/\\\/zlataskrinjica.si\\\/wp-content\\\/uploads\\\/2020\\\/04\\\/IMG_6623.jpg\",\"width\":1000,\"height\":1000},{\"@type\":\"BreadcrumbList\",\"@id\":\"https:\\\/\\\/zlataskrinjica.si\\\/izdelek\\\/hlace-iz-100-bio-bombaza-bele\\\/#breadcrumb\",\"itemListElement\":[{\"@type\":\"ListItem\",\"position\":1,\"name\":\"Home\",\"item\":\"https:\\\/\\\/zlataskrinjica.si\\\/\"},{\"@type\":\"ListItem\",\"position\":2,\"name\":\"IZDELKI\",\"item\":\"https:\\\/\\\/zlataskrinjica.si\\\/trgovina\\\/\"},{\"@type\":\"ListItem\",\"position\":3,\"name\":\"BIOBABY HLA\u010cE BELE\"}]},{\"@type\":\"WebSite\",\"@id\":\"https:\\\/\\\/zlataskrinjica.si\\\/#website\",\"url\":\"https:\\\/\\\/zlataskrinjica.si\\\/\",\"name\":\"Zlata Skrinjica\",\"description\":\"Male dragocenosti za na\u0161e zaklade\",\"publisher\":{\"@id\":\"https:\\\/\\\/zlataskrinjica.si\\\/#organization\"},\"potentialAction\":[{\"@type\":\"SearchAction\",\"target\":{\"@type\":\"EntryPoint\",\"urlTemplate\":\"https:\\\/\\\/zlataskrinjica.si\\\/?s={search_term_string}\"},\"query-input\":{\"@type\":\"PropertyValueSpecification\",\"valueRequired\":true,\"valueName\":\"search_term_string\"}}],\"inLanguage\":\"de-AT\"},{\"@type\":\"Organization\",\"@id\":\"https:\\\/\\\/zlataskrinjica.si\\\/#organization\",\"name\":\"Zlata Skrinjica\",\"url\":\"https:\\\/\\\/zlataskrinjica.si\\\/\",\"logo\":{\"@type\":\"ImageObject\",\"inLanguage\":\"de-AT\",\"@id\":\"https:\\\/\\\/zlataskrinjica.si\\\/#\\\/schema\\\/logo\\\/image\\\/\",\"url\":\"https:\\\/\\\/zlataskrinjica.si\\\/wp-content\\\/uploads\\\/2020\\\/11\\\/cropped-cropped-cropped-cropped-zlataskrinjica_logo1-1.png\",\"contentUrl\":\"https:\\\/\\\/zlataskrinjica.si\\\/wp-content\\\/uploads\\\/2020\\\/11\\\/cropped-cropped-cropped-cropped-zlataskrinjica_logo1-1.png\",\"width\":512,\"height\":345,\"caption\":\"Zlata Skrinjica\"},\"image\":{\"@id\":\"https:\\\/\\\/zlataskrinjica.si\\\/#\\\/schema\\\/logo\\\/image\\\/\"},\"sameAs\":[\"https:\\\/\\\/www.facebook.com\\\/profile.php?id=100093598205968\",\"https:\\\/\\\/www.tiktok.com\\\/@zlataskrinjica?_t=8on7QxDWE64&_r=1\"]}]}<\/script>\n<!-- \/ Yoast SEO plugin. -->","yoast_head_json":{"title":"BIOBABY HLA\u010cE BELE - Zlata Skrinjica","description":"Biobaby hla\u010de v beli barvi. izdelane iz organskega bomba\u017ea, ki je prijeten za otro\u0161ko ko\u017eo. Je izredno mehke in udoben material.","robots":{"index":"index","follow":"follow","max-snippet":"max-snippet:-1","max-image-preview":"max-image-preview:large","max-video-preview":"max-video-preview:-1"},"canonical":"https:\/\/zlataskrinjica.si\/de\/product\/hlace-iz-100-bio-bombaza-bele\/","og_locale":"de_DE","og_type":"article","og_title":"BIOBABY HLA\u010cE BELE - Zlata Skrinjica","og_description":"Biobaby hla\u010de v beli barvi. izdelane iz organskega bomba\u017ea, ki je prijeten za otro\u0161ko ko\u017eo. Je izredno mehke in udoben material.","og_url":"https:\/\/zlataskrinjica.si\/de\/product\/hlace-iz-100-bio-bombaza-bele\/","og_site_name":"Zlata Skrinjica","article_publisher":"https:\/\/www.facebook.com\/profile.php?id=100093598205968","article_modified_time":"2025-07-17T11:39:12+00:00","og_image":[{"width":1000,"height":1000,"url":"https:\/\/zlataskrinjica.si\/wp-content\/uploads\/2020\/04\/IMG_6623.jpg","type":"image\/jpeg"}],"twitter_card":"summary_large_image","twitter_misc":{"Gesch\u00e4tzte Lesezeit":"1 Minute"},"schema":{"@context":"https:\/\/schema.org","@graph":[{"@type":"WebPage","@id":"https:\/\/zlataskrinjica.si\/izdelek\/hlace-iz-100-bio-bombaza-bele\/","url":"https:\/\/zlataskrinjica.si\/izdelek\/hlace-iz-100-bio-bombaza-bele\/","name":"BIOBABY HLA\u010cE BELE - Zlata Skrinjica","isPartOf":{"@id":"https:\/\/zlataskrinjica.si\/#website"},"primaryImageOfPage":{"@id":"https:\/\/zlataskrinjica.si\/izdelek\/hlace-iz-100-bio-bombaza-bele\/#primaryimage"},"image":{"@id":"https:\/\/zlataskrinjica.si\/izdelek\/hlace-iz-100-bio-bombaza-bele\/#primaryimage"},"thumbnailUrl":"https:\/\/zlataskrinjica.si\/wp-content\/uploads\/2020\/04\/IMG_6623.jpg","datePublished":"2020-04-12T19:35:58+00:00","dateModified":"2025-07-17T11:39:12+00:00","description":"Biobaby hla\u010de v beli barvi. izdelane iz organskega bomba\u017ea, ki je prijeten za otro\u0161ko ko\u017eo. Je izredno mehke in udoben material.","breadcrumb":{"@id":"https:\/\/zlataskrinjica.si\/izdelek\/hlace-iz-100-bio-bombaza-bele\/#breadcrumb"},"inLanguage":"de-AT","potentialAction":[{"@type":"ReadAction","target":["https:\/\/zlataskrinjica.si\/izdelek\/hlace-iz-100-bio-bombaza-bele\/"]}]},{"@type":"ImageObject","inLanguage":"de-AT","@id":"https:\/\/zlataskrinjica.si\/izdelek\/hlace-iz-100-bio-bombaza-bele\/#primaryimage","url":"https:\/\/zlataskrinjica.si\/wp-content\/uploads\/2020\/04\/IMG_6623.jpg","contentUrl":"https:\/\/zlataskrinjica.si\/wp-content\/uploads\/2020\/04\/IMG_6623.jpg","width":1000,"height":1000},{"@type":"BreadcrumbList","@id":"https:\/\/zlataskrinjica.si\/izdelek\/hlace-iz-100-bio-bombaza-bele\/#breadcrumb","itemListElement":[{"@type":"ListItem","position":1,"name":"Home","item":"https:\/\/zlataskrinjica.si\/"},{"@type":"ListItem","position":2,"name":"IZDELKI","item":"https:\/\/zlataskrinjica.si\/trgovina\/"},{"@type":"ListItem","position":3,"name":"BIOBABY HLA\u010cE BELE"}]},{"@type":"WebSite","@id":"https:\/\/zlataskrinjica.si\/#website","url":"https:\/\/zlataskrinjica.si\/","name":"Goldene Schachtel","description":"M\u00e4nnliche Sch\u00e4tze f\u00fcr unsere Stiftungen","publisher":{"@id":"https:\/\/zlataskrinjica.si\/#organization"},"potentialAction":[{"@type":"SearchAction","target":{"@type":"EntryPoint","urlTemplate":"https:\/\/zlataskrinjica.si\/?s={search_term_string}"},"query-input":{"@type":"PropertyValueSpecification","valueRequired":true,"valueName":"search_term_string"}}],"inLanguage":"de-AT"},{"@type":"Organization","@id":"https:\/\/zlataskrinjica.si\/#organization","name":"Goldene Schachtel","url":"https:\/\/zlataskrinjica.si\/","logo":{"@type":"ImageObject","inLanguage":"de-AT","@id":"https:\/\/zlataskrinjica.si\/#\/schema\/logo\/image\/","url":"https:\/\/zlataskrinjica.si\/wp-content\/uploads\/2020\/11\/cropped-cropped-cropped-cropped-zlataskrinjica_logo1-1.png","contentUrl":"https:\/\/zlataskrinjica.si\/wp-content\/uploads\/2020\/11\/cropped-cropped-cropped-cropped-zlataskrinjica_logo1-1.png","width":512,"height":345,"caption":"Zlata Skrinjica"},"image":{"@id":"https:\/\/zlataskrinjica.si\/#\/schema\/logo\/image\/"},"sameAs":["https:\/\/www.facebook.com\/profile.php?id=100093598205968","https:\/\/www.tiktok.com\/@zlataskrinjica?_t=8on7QxDWE64&_r=1"]}]}},"acf":[],"jetpack_sharing_enabled":true,"_links":{"self":[{"href":"https:\/\/zlataskrinjica.si\/de\/wp-json\/wp\/v2\/product\/243","targetHints":{"allow":["GET"]}}],"collection":[{"href":"https:\/\/zlataskrinjica.si\/de\/wp-json\/wp\/v2\/product"}],"about":[{"href":"https:\/\/zlataskrinjica.si\/de\/wp-json\/wp\/v2\/types\/product"}],"replies":[{"embeddable":true,"href":"https:\/\/zlataskrinjica.si\/de\/wp-json\/wp\/v2\/comments?post=243"}],"version-history":[{"count":1,"href":"https:\/\/zlataskrinjica.si\/de\/wp-json\/wp\/v2\/product\/243\/revisions"}],"predecessor-version":[{"id":298,"href":"https:\/\/zlataskrinjica.si\/de\/wp-json\/wp\/v2\/product\/243\/revisions\/298"}],"wp:featuredmedia":[{"embeddable":true,"href":"https:\/\/zlataskrinjica.si\/de\/wp-json\/wp\/v2\/media\/251"}],"wp:attachment":[{"href":"https:\/\/zlataskrinjica.si\/de\/wp-json\/wp\/v2\/media?parent=243"}],"wp:term":[{"taxonomy":"product_brand","embeddable":true,"href":"https:\/\/zlataskrinjica.si\/de\/wp-json\/wp\/v2\/product_brand?post=243"},{"taxonomy":"product_cat","embeddable":true,"href":"https:\/\/zlataskrinjica.si\/de\/wp-json\/wp\/v2\/product_cat?post=243"},{"taxonomy":"product_tag","embeddable":true,"href":"https:\/\/zlataskrinjica.si\/de\/wp-json\/wp\/v2\/product_tag?post=243"}],"curies":[{"name":"wp","href":"https:\/\/api.w.org\/{rel}","templated":true}]}}