{"id":2464,"date":"2024-08-22T12:53:17","date_gmt":"2024-08-22T12:53:17","guid":{"rendered":"https:\/\/zlataskrinjica.si\/?post_type=product&#038;p=2464"},"modified":"2026-02-08T13:15:31","modified_gmt":"2026-02-08T12:15:31","slug":"otroska-trenirka-mavricni-nasmeh-vijola","status":"publish","type":"product","link":"https:\/\/zlataskrinjica.si\/de\/product\/otroska-trenirka-mavricni-nasmeh-vijola\/","title":{"rendered":"Kinder Trainingsanzug Rainbow smile - lila"},"content":{"rendered":"<p><strong>W\u00e4hlen Sie die Qualit\u00e4t, die Ihr Kind verdient<\/strong><\/p>\n<p>In diesem modischen Trainingsanzug aus Bio-Baumwolle wird Ihr kleiner Schatz Komfort und Stil genie\u00dfen. Der Rainbow Smile Kinder-Trainingsanzug aus 95% Bio-Baumwolle und 5% Elastan ist besonders weich und atmungsaktiv und l\u00e4sst sich dank seines zeitlosen Designs mit anderen Kleidungsst\u00fccken gut kombinieren. Dieser Trainingsanzug ist ideal f\u00fcr allt\u00e4gliche Abenteuer und bietet Bewegungsfreiheit, w\u00e4hrend er gleichzeitig Ihre nachhaltige Einstellung zur Mode widerspiegelt. W\u00e4hlen Sie einfach die Qualit\u00e4t, die Ihr Kind verdient.<\/p>\n<p><strong>Mit Liebe zum Detail entworfen<\/strong><\/p>\n<p>Der modische Rainbow Smile Kinder-Trainingsanzug wurde mit viel Liebe zum Detail entworfen - von den sorgf\u00e4ltig geformten N\u00e4hten bis hin zum praktischen Design, das das An- und Ausziehen erleichtert. Der elastische Bund sorgt daf\u00fcr, dass der Trainingsanzug perfekt sitzt, egal wie viel sich Ihr Kind bewegt. Als i-T\u00fcpfelchen sind Spaghetti-Tr\u00e4ger angebracht. Nat\u00fcrlich darf auch das Regenbogenlogo nicht fehlen, das dem Ganzen das i-T\u00fcpfelchen aufsetzt.<\/p>\n<p>Er ist in sch\u00f6nen nat\u00fcrlichen Farben gehalten, die perfekt zu vielen Modest\u00fccken passen. Durch die Kombination von Stil und Funktionalit\u00e4t wird dieser Trainingsanzug schnell zum besten St\u00fcck im Kleiderschrank Ihres Kindes.<\/p>\n<p>Material: 95% Bio-Baumwolle, 5% Elastan<\/p>\n<p>Marke: Goldene Schatulle<\/p>","protected":false},"excerpt":{"rendered":"<p>Modischer Rainbow Smile Trainingsanzug f\u00fcr Kinder in Lila aus Bio-Baumwolle.<\/p>\n<p>Die Zahlen sind realistisch.<\/p>","protected":false},"featured_media":2471,"comment_status":"open","ping_status":"closed","template":"","meta":[],"product_brand":[],"product_cat":[79,25,51,81],"product_tag":[],"class_list":{"0":"post-2464","1":"product","2":"type-product","3":"status-publish","4":"has-post-thumbnail","6":"product_cat-deklice","7":"product_cat-izdelki","8":"product_cat-otroska-treninrka-mavricni-nasmeh","9":"product_cat-za-dojencke","11":"first","12":"instock","13":"shipping-taxable","14":"purchasable","15":"product-type-variable"},"yoast_head":"<!-- This site is optimized with the Yoast SEO plugin v27.4 - https:\/\/yoast.com\/product\/yoast-seo-wordpress\/ -->\n<title>Otro\u0161ka trenirka Mavri\u010dni nasmeh - vijola - Zlata Skrinjica<\/title>\n<meta name=\"description\" content=\"Modna otro\u0161ka treninrka Mavri\u010dni nasmeh v vijola barvi za razigran vsakdan in aktivnosti va\u0161ega otroka. izdelana iz organskega bomba\u017ea.\" \/>\n<meta name=\"robots\" content=\"index, follow, max-snippet:-1, max-image-preview:large, max-video-preview:-1\" \/>\n<link rel=\"canonical\" href=\"https:\/\/zlataskrinjica.si\/de\/product\/otroska-trenirka-mavricni-nasmeh-vijola\/\" \/>\n<meta property=\"og:locale\" content=\"de_DE\" \/>\n<meta property=\"og:type\" content=\"article\" \/>\n<meta property=\"og:title\" content=\"Otro\u0161ka trenirka Mavri\u010dni nasmeh - vijola - Zlata Skrinjica\" \/>\n<meta property=\"og:description\" content=\"Modna otro\u0161ka treninrka Mavri\u010dni nasmeh v vijola barvi za razigran vsakdan in aktivnosti va\u0161ega otroka. izdelana iz organskega bomba\u017ea.\" \/>\n<meta property=\"og:url\" content=\"https:\/\/zlataskrinjica.si\/de\/product\/otroska-trenirka-mavricni-nasmeh-vijola\/\" \/>\n<meta property=\"og:site_name\" content=\"Zlata Skrinjica\" \/>\n<meta property=\"article:publisher\" content=\"https:\/\/www.facebook.com\/profile.php?id=100093598205968\" \/>\n<meta property=\"article:modified_time\" content=\"2026-02-08T12:15:31+00:00\" \/>\n<meta property=\"og:image\" content=\"https:\/\/zlataskrinjica.si\/wp-content\/uploads\/2024\/08\/20240813_ZlataSkrinjica-262-scaled.jpg\" \/>\n\t<meta property=\"og:image:width\" content=\"1709\" \/>\n\t<meta property=\"og:image:height\" content=\"2560\" \/>\n\t<meta property=\"og:image:type\" content=\"image\/jpeg\" \/>\n<meta name=\"twitter:card\" content=\"summary_large_image\" \/>\n<meta name=\"twitter:label1\" content=\"Gesch\u00e4tzte Lesezeit\" \/>\n\t<meta name=\"twitter:data1\" content=\"2 Minuten\" \/>\n<script type=\"application\/ld+json\" class=\"yoast-schema-graph\">{\"@context\":\"https:\\\/\\\/schema.org\",\"@graph\":[{\"@type\":\"WebPage\",\"@id\":\"https:\\\/\\\/zlataskrinjica.si\\\/izdelek\\\/otroska-trenirka-mavricni-nasmeh-vijola\\\/\",\"url\":\"https:\\\/\\\/zlataskrinjica.si\\\/izdelek\\\/otroska-trenirka-mavricni-nasmeh-vijola\\\/\",\"name\":\"Otro\u0161ka trenirka Mavri\u010dni nasmeh - vijola - Zlata Skrinjica\",\"isPartOf\":{\"@id\":\"https:\\\/\\\/zlataskrinjica.si\\\/#website\"},\"primaryImageOfPage\":{\"@id\":\"https:\\\/\\\/zlataskrinjica.si\\\/izdelek\\\/otroska-trenirka-mavricni-nasmeh-vijola\\\/#primaryimage\"},\"image\":{\"@id\":\"https:\\\/\\\/zlataskrinjica.si\\\/izdelek\\\/otroska-trenirka-mavricni-nasmeh-vijola\\\/#primaryimage\"},\"thumbnailUrl\":\"https:\\\/\\\/zlataskrinjica.si\\\/wp-content\\\/uploads\\\/2024\\\/08\\\/20240813_ZlataSkrinjica-262-scaled.jpg\",\"datePublished\":\"2024-08-22T12:53:17+00:00\",\"dateModified\":\"2026-02-08T12:15:31+00:00\",\"description\":\"Modna otro\u0161ka treninrka Mavri\u010dni nasmeh v vijola barvi za razigran vsakdan in aktivnosti va\u0161ega otroka. izdelana iz organskega bomba\u017ea.\",\"breadcrumb\":{\"@id\":\"https:\\\/\\\/zlataskrinjica.si\\\/izdelek\\\/otroska-trenirka-mavricni-nasmeh-vijola\\\/#breadcrumb\"},\"inLanguage\":\"de-AT\",\"potentialAction\":[{\"@type\":\"ReadAction\",\"target\":[\"https:\\\/\\\/zlataskrinjica.si\\\/izdelek\\\/otroska-trenirka-mavricni-nasmeh-vijola\\\/\"]}]},{\"@type\":\"ImageObject\",\"inLanguage\":\"de-AT\",\"@id\":\"https:\\\/\\\/zlataskrinjica.si\\\/izdelek\\\/otroska-trenirka-mavricni-nasmeh-vijola\\\/#primaryimage\",\"url\":\"https:\\\/\\\/zlataskrinjica.si\\\/wp-content\\\/uploads\\\/2024\\\/08\\\/20240813_ZlataSkrinjica-262-scaled.jpg\",\"contentUrl\":\"https:\\\/\\\/zlataskrinjica.si\\\/wp-content\\\/uploads\\\/2024\\\/08\\\/20240813_ZlataSkrinjica-262-scaled.jpg\",\"width\":1709,\"height\":2560,\"caption\":\"Modna otro\u0161ka treninrka Mavri\u010dni nasmeh v vijola barvi\"},{\"@type\":\"BreadcrumbList\",\"@id\":\"https:\\\/\\\/zlataskrinjica.si\\\/izdelek\\\/otroska-trenirka-mavricni-nasmeh-vijola\\\/#breadcrumb\",\"itemListElement\":[{\"@type\":\"ListItem\",\"position\":1,\"name\":\"Home\",\"item\":\"https:\\\/\\\/zlataskrinjica.si\\\/\"},{\"@type\":\"ListItem\",\"position\":2,\"name\":\"IZDELKI\",\"item\":\"https:\\\/\\\/zlataskrinjica.si\\\/trgovina\\\/\"},{\"@type\":\"ListItem\",\"position\":3,\"name\":\"Otro\u0161ka trenirka Mavri\u010dni nasmeh &#8211; vijola\"}]},{\"@type\":\"WebSite\",\"@id\":\"https:\\\/\\\/zlataskrinjica.si\\\/#website\",\"url\":\"https:\\\/\\\/zlataskrinjica.si\\\/\",\"name\":\"Zlata Skrinjica\",\"description\":\"Male dragocenosti za na\u0161e zaklade\",\"publisher\":{\"@id\":\"https:\\\/\\\/zlataskrinjica.si\\\/#organization\"},\"potentialAction\":[{\"@type\":\"SearchAction\",\"target\":{\"@type\":\"EntryPoint\",\"urlTemplate\":\"https:\\\/\\\/zlataskrinjica.si\\\/?s={search_term_string}\"},\"query-input\":{\"@type\":\"PropertyValueSpecification\",\"valueRequired\":true,\"valueName\":\"search_term_string\"}}],\"inLanguage\":\"de-AT\"},{\"@type\":\"Organization\",\"@id\":\"https:\\\/\\\/zlataskrinjica.si\\\/#organization\",\"name\":\"Zlata Skrinjica\",\"url\":\"https:\\\/\\\/zlataskrinjica.si\\\/\",\"logo\":{\"@type\":\"ImageObject\",\"inLanguage\":\"de-AT\",\"@id\":\"https:\\\/\\\/zlataskrinjica.si\\\/#\\\/schema\\\/logo\\\/image\\\/\",\"url\":\"https:\\\/\\\/zlataskrinjica.si\\\/wp-content\\\/uploads\\\/2020\\\/11\\\/cropped-cropped-cropped-cropped-zlataskrinjica_logo1-1.png\",\"contentUrl\":\"https:\\\/\\\/zlataskrinjica.si\\\/wp-content\\\/uploads\\\/2020\\\/11\\\/cropped-cropped-cropped-cropped-zlataskrinjica_logo1-1.png\",\"width\":512,\"height\":345,\"caption\":\"Zlata Skrinjica\"},\"image\":{\"@id\":\"https:\\\/\\\/zlataskrinjica.si\\\/#\\\/schema\\\/logo\\\/image\\\/\"},\"sameAs\":[\"https:\\\/\\\/www.facebook.com\\\/profile.php?id=100093598205968\",\"https:\\\/\\\/www.tiktok.com\\\/@zlataskrinjica?_t=8on7QxDWE64&_r=1\"]}]}<\/script>\n<!-- \/ Yoast SEO plugin. -->","yoast_head_json":{"title":"Otro\u0161ka trenirka Mavri\u010dni nasmeh - vijola - Zlata Skrinjica","description":"Modna otro\u0161ka treninrka Mavri\u010dni nasmeh v vijola barvi za razigran vsakdan in aktivnosti va\u0161ega otroka. izdelana iz organskega bomba\u017ea.","robots":{"index":"index","follow":"follow","max-snippet":"max-snippet:-1","max-image-preview":"max-image-preview:large","max-video-preview":"max-video-preview:-1"},"canonical":"https:\/\/zlataskrinjica.si\/de\/product\/otroska-trenirka-mavricni-nasmeh-vijola\/","og_locale":"de_DE","og_type":"article","og_title":"Otro\u0161ka trenirka Mavri\u010dni nasmeh - vijola - Zlata Skrinjica","og_description":"Modna otro\u0161ka treninrka Mavri\u010dni nasmeh v vijola barvi za razigran vsakdan in aktivnosti va\u0161ega otroka. izdelana iz organskega bomba\u017ea.","og_url":"https:\/\/zlataskrinjica.si\/de\/product\/otroska-trenirka-mavricni-nasmeh-vijola\/","og_site_name":"Zlata Skrinjica","article_publisher":"https:\/\/www.facebook.com\/profile.php?id=100093598205968","article_modified_time":"2026-02-08T12:15:31+00:00","og_image":[{"width":1709,"height":2560,"url":"https:\/\/zlataskrinjica.si\/wp-content\/uploads\/2024\/08\/20240813_ZlataSkrinjica-262-scaled.jpg","type":"image\/jpeg"}],"twitter_card":"summary_large_image","twitter_misc":{"Gesch\u00e4tzte Lesezeit":"2 Minuten"},"schema":{"@context":"https:\/\/schema.org","@graph":[{"@type":"WebPage","@id":"https:\/\/zlataskrinjica.si\/izdelek\/otroska-trenirka-mavricni-nasmeh-vijola\/","url":"https:\/\/zlataskrinjica.si\/izdelek\/otroska-trenirka-mavricni-nasmeh-vijola\/","name":"Otro\u0161ka trenirka Mavri\u010dni nasmeh - vijola - Zlata Skrinjica","isPartOf":{"@id":"https:\/\/zlataskrinjica.si\/#website"},"primaryImageOfPage":{"@id":"https:\/\/zlataskrinjica.si\/izdelek\/otroska-trenirka-mavricni-nasmeh-vijola\/#primaryimage"},"image":{"@id":"https:\/\/zlataskrinjica.si\/izdelek\/otroska-trenirka-mavricni-nasmeh-vijola\/#primaryimage"},"thumbnailUrl":"https:\/\/zlataskrinjica.si\/wp-content\/uploads\/2024\/08\/20240813_ZlataSkrinjica-262-scaled.jpg","datePublished":"2024-08-22T12:53:17+00:00","dateModified":"2026-02-08T12:15:31+00:00","description":"Modna otro\u0161ka treninrka Mavri\u010dni nasmeh v vijola barvi za razigran vsakdan in aktivnosti va\u0161ega otroka. izdelana iz organskega bomba\u017ea.","breadcrumb":{"@id":"https:\/\/zlataskrinjica.si\/izdelek\/otroska-trenirka-mavricni-nasmeh-vijola\/#breadcrumb"},"inLanguage":"de-AT","potentialAction":[{"@type":"ReadAction","target":["https:\/\/zlataskrinjica.si\/izdelek\/otroska-trenirka-mavricni-nasmeh-vijola\/"]}]},{"@type":"ImageObject","inLanguage":"de-AT","@id":"https:\/\/zlataskrinjica.si\/izdelek\/otroska-trenirka-mavricni-nasmeh-vijola\/#primaryimage","url":"https:\/\/zlataskrinjica.si\/wp-content\/uploads\/2024\/08\/20240813_ZlataSkrinjica-262-scaled.jpg","contentUrl":"https:\/\/zlataskrinjica.si\/wp-content\/uploads\/2024\/08\/20240813_ZlataSkrinjica-262-scaled.jpg","width":1709,"height":2560,"caption":"Modna otro\u0161ka treninrka Mavri\u010dni nasmeh v vijola barvi"},{"@type":"BreadcrumbList","@id":"https:\/\/zlataskrinjica.si\/izdelek\/otroska-trenirka-mavricni-nasmeh-vijola\/#breadcrumb","itemListElement":[{"@type":"ListItem","position":1,"name":"Home","item":"https:\/\/zlataskrinjica.si\/"},{"@type":"ListItem","position":2,"name":"IZDELKI","item":"https:\/\/zlataskrinjica.si\/trgovina\/"},{"@type":"ListItem","position":3,"name":"Otro\u0161ka trenirka Mavri\u010dni nasmeh &#8211; vijola"}]},{"@type":"WebSite","@id":"https:\/\/zlataskrinjica.si\/#website","url":"https:\/\/zlataskrinjica.si\/","name":"Goldene Schachtel","description":"M\u00e4nnliche Sch\u00e4tze f\u00fcr unsere Stiftungen","publisher":{"@id":"https:\/\/zlataskrinjica.si\/#organization"},"potentialAction":[{"@type":"SearchAction","target":{"@type":"EntryPoint","urlTemplate":"https:\/\/zlataskrinjica.si\/?s={search_term_string}"},"query-input":{"@type":"PropertyValueSpecification","valueRequired":true,"valueName":"search_term_string"}}],"inLanguage":"de-AT"},{"@type":"Organization","@id":"https:\/\/zlataskrinjica.si\/#organization","name":"Goldene Schachtel","url":"https:\/\/zlataskrinjica.si\/","logo":{"@type":"ImageObject","inLanguage":"de-AT","@id":"https:\/\/zlataskrinjica.si\/#\/schema\/logo\/image\/","url":"https:\/\/zlataskrinjica.si\/wp-content\/uploads\/2020\/11\/cropped-cropped-cropped-cropped-zlataskrinjica_logo1-1.png","contentUrl":"https:\/\/zlataskrinjica.si\/wp-content\/uploads\/2020\/11\/cropped-cropped-cropped-cropped-zlataskrinjica_logo1-1.png","width":512,"height":345,"caption":"Zlata Skrinjica"},"image":{"@id":"https:\/\/zlataskrinjica.si\/#\/schema\/logo\/image\/"},"sameAs":["https:\/\/www.facebook.com\/profile.php?id=100093598205968","https:\/\/www.tiktok.com\/@zlataskrinjica?_t=8on7QxDWE64&_r=1"]}]}},"acf":[],"jetpack_sharing_enabled":true,"_links":{"self":[{"href":"https:\/\/zlataskrinjica.si\/de\/wp-json\/wp\/v2\/product\/2464","targetHints":{"allow":["GET"]}}],"collection":[{"href":"https:\/\/zlataskrinjica.si\/de\/wp-json\/wp\/v2\/product"}],"about":[{"href":"https:\/\/zlataskrinjica.si\/de\/wp-json\/wp\/v2\/types\/product"}],"replies":[{"embeddable":true,"href":"https:\/\/zlataskrinjica.si\/de\/wp-json\/wp\/v2\/comments?post=2464"}],"version-history":[{"count":1,"href":"https:\/\/zlataskrinjica.si\/de\/wp-json\/wp\/v2\/product\/2464\/revisions"}],"predecessor-version":[{"id":3625,"href":"https:\/\/zlataskrinjica.si\/de\/wp-json\/wp\/v2\/product\/2464\/revisions\/3625"}],"wp:featuredmedia":[{"embeddable":true,"href":"https:\/\/zlataskrinjica.si\/de\/wp-json\/wp\/v2\/media\/2471"}],"wp:attachment":[{"href":"https:\/\/zlataskrinjica.si\/de\/wp-json\/wp\/v2\/media?parent=2464"}],"wp:term":[{"taxonomy":"product_brand","embeddable":true,"href":"https:\/\/zlataskrinjica.si\/de\/wp-json\/wp\/v2\/product_brand?post=2464"},{"taxonomy":"product_cat","embeddable":true,"href":"https:\/\/zlataskrinjica.si\/de\/wp-json\/wp\/v2\/product_cat?post=2464"},{"taxonomy":"product_tag","embeddable":true,"href":"https:\/\/zlataskrinjica.si\/de\/wp-json\/wp\/v2\/product_tag?post=2464"}],"curies":[{"name":"wp","href":"https:\/\/api.w.org\/{rel}","templated":true}]}}