{"id":2553,"date":"2024-09-05T11:40:26","date_gmt":"2024-09-05T11:40:26","guid":{"rendered":"https:\/\/zlataskrinjica.si\/?post_type=product&#038;p=2553"},"modified":"2026-02-06T15:56:57","modified_gmt":"2026-02-06T14:56:57","slug":"tetra-ninica-bela","status":"publish","type":"product","link":"https:\/\/zlataskrinjica.si\/de\/product\/tetra-ninica-bela\/","title":{"rendered":"Tetra ninica - wei\u00df"},"content":{"rendered":"<p>Das Tetra Ninica in Creme und Wei\u00df ist der perfekte Begleiter f\u00fcr Ihre Kleinen. Gefertigt aus 100% Bio-Baumwolle, bietet es die Weichheit und den Komfort, den Ihr Baby f\u00fcr s\u00fc\u00dfe Tr\u00e4ume braucht. Dieser niedliche Ninny ist in drei verschiedenen Designs erh\u00e4ltlich - ein niedliches L\u00f6wenjunges, ein kuscheliges H\u00e4schen und ein freundlicher Honig, der schnell zum Lieblingsfreund Ihres Babys werden wird.<\/p>\n<p>Die nat\u00fcrlichen Materialien sind \u00e4u\u00dferst sanft zu Babys zarter Haut, w\u00e4hrend die atmungsaktive und leichte Baumwolle den ganzen Tag \u00fcber f\u00fcr ein angenehmes Tragegef\u00fchl sorgt. Es ist strapazierf\u00e4hig genug f\u00fcr den t\u00e4glichen Gebrauch und f\u00fchlt sich dennoch weich und angenehm an. Es ist ideal zum Schlummern, Einlullen, Beruhigen und Geborgenheit auf dem Scho\u00df oder einfach als niedliche Erg\u00e4nzung im Kinderbett oder Kinderwagen. Einfach ein unverzichtbares Accessoire f\u00fcr allt\u00e4gliche Momente der Z\u00e4rtlichkeit.<\/p>\n<p>Der Tetra Ninny ist pflegeleicht und waschbar und bleibt auch nach mehrmaligem Waschen weich und kuschelig. Er ist die perfekte Wahl f\u00fcr Eltern, die hochwertige, nachhaltige und sichere Produkte f\u00fcr ihre Kleinen suchen.<\/p>","protected":false},"excerpt":{"rendered":"<p>Weiche Bio-Baumwolle tetra ninny in 100% in creme und wei\u00df mit einem niedlichen Hasenmotiv - der perfekte Begleiter f\u00fcr zarte Babymomente.<\/p>\n<p>Material: 1001TP3Organische Baumwolle, F\u00fcllung: Polyester<\/p>","protected":false},"featured_media":2554,"comment_status":"open","ping_status":"closed","template":"","meta":[],"product_brand":[],"product_cat":[37,25,64,56,81],"product_tag":[],"class_list":{"0":"post-2553","1":"product","2":"type-product","3":"status-publish","4":"has-post-thumbnail","6":"product_cat-dodatki","7":"product_cat-izdelki","8":"product_cat-muslin-kolekcija","9":"product_cat-tetra-ninice","10":"product_cat-za-dojencke","12":"first","13":"instock","14":"shipping-taxable","15":"purchasable","16":"product-type-simple"},"yoast_head":"<!-- This site is optimized with the Yoast SEO plugin v27.4 - https:\/\/yoast.com\/product\/yoast-seo-wordpress\/ -->\n<title>Tetra ninica - bela - Zlata Skrinjica<\/title>\n<meta name=\"description\" content=\"Mehka tetra ninica iz 100% organskega bomba\u017ea v smetano beli barvi z motivom prisr\u010dnega zaj\u010dka - popoln spremljevalec za ne\u017ene otro\u0161ke trenutke.\" \/>\n<meta name=\"robots\" content=\"index, follow, max-snippet:-1, max-image-preview:large, max-video-preview:-1\" \/>\n<link rel=\"canonical\" href=\"https:\/\/zlataskrinjica.si\/de\/product\/tetra-ninica-bela\/\" \/>\n<meta property=\"og:locale\" content=\"de_DE\" \/>\n<meta property=\"og:type\" content=\"article\" \/>\n<meta property=\"og:title\" content=\"Tetra ninica - bela - Zlata Skrinjica\" \/>\n<meta property=\"og:description\" content=\"Mehka tetra ninica iz 100% organskega bomba\u017ea v smetano beli barvi z motivom prisr\u010dnega zaj\u010dka - popoln spremljevalec za ne\u017ene otro\u0161ke trenutke.\" \/>\n<meta property=\"og:url\" content=\"https:\/\/zlataskrinjica.si\/de\/product\/tetra-ninica-bela\/\" \/>\n<meta property=\"og:site_name\" content=\"Zlata Skrinjica\" \/>\n<meta property=\"article:publisher\" content=\"https:\/\/www.facebook.com\/profile.php?id=100093598205968\" \/>\n<meta property=\"article:modified_time\" content=\"2026-02-06T14:56:57+00:00\" \/>\n<meta property=\"og:image\" content=\"https:\/\/zlataskrinjica.si\/wp-content\/uploads\/2024\/09\/20240813_ZlataSkrinjica-244.jpg\" \/>\n\t<meta property=\"og:image:width\" content=\"1068\" \/>\n\t<meta property=\"og:image:height\" content=\"1600\" \/>\n\t<meta property=\"og:image:type\" content=\"image\/jpeg\" \/>\n<meta name=\"twitter:card\" content=\"summary_large_image\" \/>\n<meta name=\"twitter:label1\" content=\"Gesch\u00e4tzte Lesezeit\" \/>\n\t<meta name=\"twitter:data1\" content=\"2 Minuten\" \/>\n<script type=\"application\/ld+json\" class=\"yoast-schema-graph\">{\"@context\":\"https:\\\/\\\/schema.org\",\"@graph\":[{\"@type\":\"WebPage\",\"@id\":\"https:\\\/\\\/zlataskrinjica.si\\\/izdelek\\\/tetra-ninica-bela\\\/\",\"url\":\"https:\\\/\\\/zlataskrinjica.si\\\/izdelek\\\/tetra-ninica-bela\\\/\",\"name\":\"Tetra ninica - bela - Zlata Skrinjica\",\"isPartOf\":{\"@id\":\"https:\\\/\\\/zlataskrinjica.si\\\/#website\"},\"primaryImageOfPage\":{\"@id\":\"https:\\\/\\\/zlataskrinjica.si\\\/izdelek\\\/tetra-ninica-bela\\\/#primaryimage\"},\"image\":{\"@id\":\"https:\\\/\\\/zlataskrinjica.si\\\/izdelek\\\/tetra-ninica-bela\\\/#primaryimage\"},\"thumbnailUrl\":\"https:\\\/\\\/zlataskrinjica.si\\\/wp-content\\\/uploads\\\/2024\\\/09\\\/20240813_ZlataSkrinjica-244.jpg\",\"datePublished\":\"2024-09-05T11:40:26+00:00\",\"dateModified\":\"2026-02-06T14:56:57+00:00\",\"description\":\"Mehka tetra ninica iz 100% organskega bomba\u017ea v smetano beli barvi z motivom prisr\u010dnega zaj\u010dka - popoln spremljevalec za ne\u017ene otro\u0161ke trenutke.\",\"breadcrumb\":{\"@id\":\"https:\\\/\\\/zlataskrinjica.si\\\/izdelek\\\/tetra-ninica-bela\\\/#breadcrumb\"},\"inLanguage\":\"de-AT\",\"potentialAction\":[{\"@type\":\"ReadAction\",\"target\":[\"https:\\\/\\\/zlataskrinjica.si\\\/izdelek\\\/tetra-ninica-bela\\\/\"]}]},{\"@type\":\"ImageObject\",\"inLanguage\":\"de-AT\",\"@id\":\"https:\\\/\\\/zlataskrinjica.si\\\/izdelek\\\/tetra-ninica-bela\\\/#primaryimage\",\"url\":\"https:\\\/\\\/zlataskrinjica.si\\\/wp-content\\\/uploads\\\/2024\\\/09\\\/20240813_ZlataSkrinjica-244.jpg\",\"contentUrl\":\"https:\\\/\\\/zlataskrinjica.si\\\/wp-content\\\/uploads\\\/2024\\\/09\\\/20240813_ZlataSkrinjica-244.jpg\",\"width\":1068,\"height\":1600},{\"@type\":\"BreadcrumbList\",\"@id\":\"https:\\\/\\\/zlataskrinjica.si\\\/izdelek\\\/tetra-ninica-bela\\\/#breadcrumb\",\"itemListElement\":[{\"@type\":\"ListItem\",\"position\":1,\"name\":\"Home\",\"item\":\"https:\\\/\\\/zlataskrinjica.si\\\/\"},{\"@type\":\"ListItem\",\"position\":2,\"name\":\"IZDELKI\",\"item\":\"https:\\\/\\\/zlataskrinjica.si\\\/trgovina\\\/\"},{\"@type\":\"ListItem\",\"position\":3,\"name\":\"Tetra ninica &#8211; bela\"}]},{\"@type\":\"WebSite\",\"@id\":\"https:\\\/\\\/zlataskrinjica.si\\\/#website\",\"url\":\"https:\\\/\\\/zlataskrinjica.si\\\/\",\"name\":\"Zlata Skrinjica\",\"description\":\"Male dragocenosti za na\u0161e zaklade\",\"publisher\":{\"@id\":\"https:\\\/\\\/zlataskrinjica.si\\\/#organization\"},\"potentialAction\":[{\"@type\":\"SearchAction\",\"target\":{\"@type\":\"EntryPoint\",\"urlTemplate\":\"https:\\\/\\\/zlataskrinjica.si\\\/?s={search_term_string}\"},\"query-input\":{\"@type\":\"PropertyValueSpecification\",\"valueRequired\":true,\"valueName\":\"search_term_string\"}}],\"inLanguage\":\"de-AT\"},{\"@type\":\"Organization\",\"@id\":\"https:\\\/\\\/zlataskrinjica.si\\\/#organization\",\"name\":\"Zlata Skrinjica\",\"url\":\"https:\\\/\\\/zlataskrinjica.si\\\/\",\"logo\":{\"@type\":\"ImageObject\",\"inLanguage\":\"de-AT\",\"@id\":\"https:\\\/\\\/zlataskrinjica.si\\\/#\\\/schema\\\/logo\\\/image\\\/\",\"url\":\"https:\\\/\\\/zlataskrinjica.si\\\/wp-content\\\/uploads\\\/2020\\\/11\\\/cropped-cropped-cropped-cropped-zlataskrinjica_logo1-1.png\",\"contentUrl\":\"https:\\\/\\\/zlataskrinjica.si\\\/wp-content\\\/uploads\\\/2020\\\/11\\\/cropped-cropped-cropped-cropped-zlataskrinjica_logo1-1.png\",\"width\":512,\"height\":345,\"caption\":\"Zlata Skrinjica\"},\"image\":{\"@id\":\"https:\\\/\\\/zlataskrinjica.si\\\/#\\\/schema\\\/logo\\\/image\\\/\"},\"sameAs\":[\"https:\\\/\\\/www.facebook.com\\\/profile.php?id=100093598205968\",\"https:\\\/\\\/www.tiktok.com\\\/@zlataskrinjica?_t=8on7QxDWE64&_r=1\"]}]}<\/script>\n<!-- \/ Yoast SEO plugin. -->","yoast_head_json":{"title":"Tetra ninica - bela - Zlata Skrinjica","description":"Mehka tetra ninica iz 100% organskega bomba\u017ea v smetano beli barvi z motivom prisr\u010dnega zaj\u010dka - popoln spremljevalec za ne\u017ene otro\u0161ke trenutke.","robots":{"index":"index","follow":"follow","max-snippet":"max-snippet:-1","max-image-preview":"max-image-preview:large","max-video-preview":"max-video-preview:-1"},"canonical":"https:\/\/zlataskrinjica.si\/de\/product\/tetra-ninica-bela\/","og_locale":"de_DE","og_type":"article","og_title":"Tetra ninica - bela - Zlata Skrinjica","og_description":"Mehka tetra ninica iz 100% organskega bomba\u017ea v smetano beli barvi z motivom prisr\u010dnega zaj\u010dka - popoln spremljevalec za ne\u017ene otro\u0161ke trenutke.","og_url":"https:\/\/zlataskrinjica.si\/de\/product\/tetra-ninica-bela\/","og_site_name":"Zlata Skrinjica","article_publisher":"https:\/\/www.facebook.com\/profile.php?id=100093598205968","article_modified_time":"2026-02-06T14:56:57+00:00","og_image":[{"width":1068,"height":1600,"url":"https:\/\/zlataskrinjica.si\/wp-content\/uploads\/2024\/09\/20240813_ZlataSkrinjica-244.jpg","type":"image\/jpeg"}],"twitter_card":"summary_large_image","twitter_misc":{"Gesch\u00e4tzte Lesezeit":"2 Minuten"},"schema":{"@context":"https:\/\/schema.org","@graph":[{"@type":"WebPage","@id":"https:\/\/zlataskrinjica.si\/izdelek\/tetra-ninica-bela\/","url":"https:\/\/zlataskrinjica.si\/izdelek\/tetra-ninica-bela\/","name":"Tetra ninica - bela - Zlata Skrinjica","isPartOf":{"@id":"https:\/\/zlataskrinjica.si\/#website"},"primaryImageOfPage":{"@id":"https:\/\/zlataskrinjica.si\/izdelek\/tetra-ninica-bela\/#primaryimage"},"image":{"@id":"https:\/\/zlataskrinjica.si\/izdelek\/tetra-ninica-bela\/#primaryimage"},"thumbnailUrl":"https:\/\/zlataskrinjica.si\/wp-content\/uploads\/2024\/09\/20240813_ZlataSkrinjica-244.jpg","datePublished":"2024-09-05T11:40:26+00:00","dateModified":"2026-02-06T14:56:57+00:00","description":"Mehka tetra ninica iz 100% organskega bomba\u017ea v smetano beli barvi z motivom prisr\u010dnega zaj\u010dka - popoln spremljevalec za ne\u017ene otro\u0161ke trenutke.","breadcrumb":{"@id":"https:\/\/zlataskrinjica.si\/izdelek\/tetra-ninica-bela\/#breadcrumb"},"inLanguage":"de-AT","potentialAction":[{"@type":"ReadAction","target":["https:\/\/zlataskrinjica.si\/izdelek\/tetra-ninica-bela\/"]}]},{"@type":"ImageObject","inLanguage":"de-AT","@id":"https:\/\/zlataskrinjica.si\/izdelek\/tetra-ninica-bela\/#primaryimage","url":"https:\/\/zlataskrinjica.si\/wp-content\/uploads\/2024\/09\/20240813_ZlataSkrinjica-244.jpg","contentUrl":"https:\/\/zlataskrinjica.si\/wp-content\/uploads\/2024\/09\/20240813_ZlataSkrinjica-244.jpg","width":1068,"height":1600},{"@type":"BreadcrumbList","@id":"https:\/\/zlataskrinjica.si\/izdelek\/tetra-ninica-bela\/#breadcrumb","itemListElement":[{"@type":"ListItem","position":1,"name":"Home","item":"https:\/\/zlataskrinjica.si\/"},{"@type":"ListItem","position":2,"name":"IZDELKI","item":"https:\/\/zlataskrinjica.si\/trgovina\/"},{"@type":"ListItem","position":3,"name":"Tetra ninica &#8211; bela"}]},{"@type":"WebSite","@id":"https:\/\/zlataskrinjica.si\/#website","url":"https:\/\/zlataskrinjica.si\/","name":"Goldene Schachtel","description":"M\u00e4nnliche Sch\u00e4tze f\u00fcr unsere Stiftungen","publisher":{"@id":"https:\/\/zlataskrinjica.si\/#organization"},"potentialAction":[{"@type":"SearchAction","target":{"@type":"EntryPoint","urlTemplate":"https:\/\/zlataskrinjica.si\/?s={search_term_string}"},"query-input":{"@type":"PropertyValueSpecification","valueRequired":true,"valueName":"search_term_string"}}],"inLanguage":"de-AT"},{"@type":"Organization","@id":"https:\/\/zlataskrinjica.si\/#organization","name":"Goldene Schachtel","url":"https:\/\/zlataskrinjica.si\/","logo":{"@type":"ImageObject","inLanguage":"de-AT","@id":"https:\/\/zlataskrinjica.si\/#\/schema\/logo\/image\/","url":"https:\/\/zlataskrinjica.si\/wp-content\/uploads\/2020\/11\/cropped-cropped-cropped-cropped-zlataskrinjica_logo1-1.png","contentUrl":"https:\/\/zlataskrinjica.si\/wp-content\/uploads\/2020\/11\/cropped-cropped-cropped-cropped-zlataskrinjica_logo1-1.png","width":512,"height":345,"caption":"Zlata Skrinjica"},"image":{"@id":"https:\/\/zlataskrinjica.si\/#\/schema\/logo\/image\/"},"sameAs":["https:\/\/www.facebook.com\/profile.php?id=100093598205968","https:\/\/www.tiktok.com\/@zlataskrinjica?_t=8on7QxDWE64&_r=1"]}]}},"acf":[],"jetpack_sharing_enabled":true,"_links":{"self":[{"href":"https:\/\/zlataskrinjica.si\/de\/wp-json\/wp\/v2\/product\/2553","targetHints":{"allow":["GET"]}}],"collection":[{"href":"https:\/\/zlataskrinjica.si\/de\/wp-json\/wp\/v2\/product"}],"about":[{"href":"https:\/\/zlataskrinjica.si\/de\/wp-json\/wp\/v2\/types\/product"}],"replies":[{"embeddable":true,"href":"https:\/\/zlataskrinjica.si\/de\/wp-json\/wp\/v2\/comments?post=2553"}],"version-history":[{"count":0,"href":"https:\/\/zlataskrinjica.si\/de\/wp-json\/wp\/v2\/product\/2553\/revisions"}],"wp:featuredmedia":[{"embeddable":true,"href":"https:\/\/zlataskrinjica.si\/de\/wp-json\/wp\/v2\/media\/2554"}],"wp:attachment":[{"href":"https:\/\/zlataskrinjica.si\/de\/wp-json\/wp\/v2\/media?parent=2553"}],"wp:term":[{"taxonomy":"product_brand","embeddable":true,"href":"https:\/\/zlataskrinjica.si\/de\/wp-json\/wp\/v2\/product_brand?post=2553"},{"taxonomy":"product_cat","embeddable":true,"href":"https:\/\/zlataskrinjica.si\/de\/wp-json\/wp\/v2\/product_cat?post=2553"},{"taxonomy":"product_tag","embeddable":true,"href":"https:\/\/zlataskrinjica.si\/de\/wp-json\/wp\/v2\/product_tag?post=2553"}],"curies":[{"name":"wp","href":"https:\/\/api.w.org\/{rel}","templated":true}]}}