{"id":2650,"date":"2024-11-06T23:51:27","date_gmt":"2024-11-06T21:51:27","guid":{"rendered":"https:\/\/zlataskrinjica.si\/?post_type=product&#038;p=2650"},"modified":"2026-01-02T17:54:34","modified_gmt":"2026-01-02T16:54:34","slug":"tutu-krilce-model-glorija-marelicna-z-roza-obrobo","status":"publish","type":"product","link":"https:\/\/zlataskrinjica.si\/de\/product\/tutu-krilce-model-glorija-marelicna-z-roza-obrobo\/","title":{"rendered":"Tutu-Rock, Modell Gloria, apricot mit rosa Saum"},"content":{"rendered":"<p>Umfang der Fl\u00fcgel in der Taille:<\/p>\n<p>XS (1-2 Jahre) - 45 cm<\/p>\n<p>S (3-4 Jahre) - 48 cm<\/p>\n<p>M (5-6 Jahre) - 50 cm<\/p>\n<p>L (7-8 Jahre) 53 cm<\/p>\n<p>Material: Fl\u00fcgel ist 100% T\u00fcll, Unterrock Schicht ist 75% Baumwolle 25% Polyester<\/p>\n<p>&nbsp;<\/p>\n<p>Tipps zur Wartung:<\/p>\n<ul>\n<li>bei max. 30 Grad waschen,<\/li>\n<li>B\u00fcgeln ist verboten,<\/li>\n<li>Das Trocknen im W\u00e4schetrockner ist verboten,<\/li>\n<li>wird die Trocknung auf einem Trockengestell empfohlen.<\/li>\n<\/ul>","protected":false},"excerpt":{"rendered":"<p>Dieser apricotfarbene Tutu-Rock mit rosafarbener Unterseite ist aus flauschig weichem T\u00fcll gefertigt und hat einen elastischen Bund.<\/p>","protected":false},"featured_media":2655,"comment_status":"open","ping_status":"closed","template":"","meta":[],"product_brand":[],"product_cat":[79,25,48],"product_tag":[],"class_list":{"0":"post-2650","1":"product","2":"type-product","3":"status-publish","4":"has-post-thumbnail","6":"product_cat-deklice","7":"product_cat-izdelki","8":"product_cat-tutu-krilca","10":"first","11":"instock","12":"shipping-taxable","13":"purchasable","14":"product-type-variable"},"yoast_head":"<!-- This site is optimized with the Yoast SEO plugin v27.4 - https:\/\/yoast.com\/product\/yoast-seo-wordpress\/ -->\n<title>Tutu krilce, model Glorija, mareli\u010dna z roza obrobo - Zlata Skrinjica<\/title>\n<meta name=\"description\" content=\"Tutu krilce v mareli\u010dni barvi z roza spodnjim delom. Izdelana iz puhasto mehkega tila, ki se zelo vrti. Vsaka pun\u010dka se vanj takoj zaljubi.\" \/>\n<meta name=\"robots\" content=\"index, follow, max-snippet:-1, max-image-preview:large, max-video-preview:-1\" \/>\n<link rel=\"canonical\" href=\"https:\/\/zlataskrinjica.si\/de\/product\/tutu-krilce-model-glorija-marelicna-z-roza-obrobo\/\" \/>\n<meta property=\"og:locale\" content=\"de_DE\" \/>\n<meta property=\"og:type\" content=\"article\" \/>\n<meta property=\"og:title\" content=\"Tutu krilce, model Glorija, mareli\u010dna z roza obrobo - Zlata Skrinjica\" \/>\n<meta property=\"og:description\" content=\"Tutu krilce v mareli\u010dni barvi z roza spodnjim delom. Izdelana iz puhasto mehkega tila, ki se zelo vrti. Vsaka pun\u010dka se vanj takoj zaljubi.\" \/>\n<meta property=\"og:url\" content=\"https:\/\/zlataskrinjica.si\/de\/product\/tutu-krilce-model-glorija-marelicna-z-roza-obrobo\/\" \/>\n<meta property=\"og:site_name\" content=\"Zlata Skrinjica\" \/>\n<meta property=\"article:publisher\" content=\"https:\/\/www.facebook.com\/profile.php?id=100093598205968\" \/>\n<meta property=\"article:modified_time\" content=\"2026-01-02T16:54:34+00:00\" \/>\n<meta property=\"og:image\" content=\"https:\/\/zlataskrinjica.si\/wp-content\/uploads\/2024\/11\/ZlataSkrinjica-6.jpg\" \/>\n\t<meta property=\"og:image:width\" content=\"1068\" \/>\n\t<meta property=\"og:image:height\" content=\"1600\" \/>\n\t<meta property=\"og:image:type\" content=\"image\/jpeg\" \/>\n<meta name=\"twitter:card\" content=\"summary_large_image\" \/>\n<meta name=\"twitter:label1\" content=\"Gesch\u00e4tzte Lesezeit\" \/>\n\t<meta name=\"twitter:data1\" content=\"1 Minute\" \/>\n<script type=\"application\/ld+json\" class=\"yoast-schema-graph\">{\"@context\":\"https:\\\/\\\/schema.org\",\"@graph\":[{\"@type\":\"WebPage\",\"@id\":\"https:\\\/\\\/zlataskrinjica.si\\\/izdelek\\\/tutu-krilce-model-glorija-marelicna-z-roza-obrobo\\\/\",\"url\":\"https:\\\/\\\/zlataskrinjica.si\\\/izdelek\\\/tutu-krilce-model-glorija-marelicna-z-roza-obrobo\\\/\",\"name\":\"Tutu krilce, model Glorija, mareli\u010dna z roza obrobo - Zlata Skrinjica\",\"isPartOf\":{\"@id\":\"https:\\\/\\\/zlataskrinjica.si\\\/#website\"},\"primaryImageOfPage\":{\"@id\":\"https:\\\/\\\/zlataskrinjica.si\\\/izdelek\\\/tutu-krilce-model-glorija-marelicna-z-roza-obrobo\\\/#primaryimage\"},\"image\":{\"@id\":\"https:\\\/\\\/zlataskrinjica.si\\\/izdelek\\\/tutu-krilce-model-glorija-marelicna-z-roza-obrobo\\\/#primaryimage\"},\"thumbnailUrl\":\"https:\\\/\\\/zlataskrinjica.si\\\/wp-content\\\/uploads\\\/2024\\\/11\\\/ZlataSkrinjica-6.jpg\",\"datePublished\":\"2024-11-06T21:51:27+00:00\",\"dateModified\":\"2026-01-02T16:54:34+00:00\",\"description\":\"Tutu krilce v mareli\u010dni barvi z roza spodnjim delom. Izdelana iz puhasto mehkega tila, ki se zelo vrti. Vsaka pun\u010dka se vanj takoj zaljubi.\",\"breadcrumb\":{\"@id\":\"https:\\\/\\\/zlataskrinjica.si\\\/izdelek\\\/tutu-krilce-model-glorija-marelicna-z-roza-obrobo\\\/#breadcrumb\"},\"inLanguage\":\"de-AT\",\"potentialAction\":[{\"@type\":\"ReadAction\",\"target\":[\"https:\\\/\\\/zlataskrinjica.si\\\/izdelek\\\/tutu-krilce-model-glorija-marelicna-z-roza-obrobo\\\/\"]}]},{\"@type\":\"ImageObject\",\"inLanguage\":\"de-AT\",\"@id\":\"https:\\\/\\\/zlataskrinjica.si\\\/izdelek\\\/tutu-krilce-model-glorija-marelicna-z-roza-obrobo\\\/#primaryimage\",\"url\":\"https:\\\/\\\/zlataskrinjica.si\\\/wp-content\\\/uploads\\\/2024\\\/11\\\/ZlataSkrinjica-6.jpg\",\"contentUrl\":\"https:\\\/\\\/zlataskrinjica.si\\\/wp-content\\\/uploads\\\/2024\\\/11\\\/ZlataSkrinjica-6.jpg\",\"width\":1068,\"height\":1600,\"caption\":\"Tutu krilce, model Glorija v mareli\u010dni barvi z roza spodnjim delom\"},{\"@type\":\"BreadcrumbList\",\"@id\":\"https:\\\/\\\/zlataskrinjica.si\\\/izdelek\\\/tutu-krilce-model-glorija-marelicna-z-roza-obrobo\\\/#breadcrumb\",\"itemListElement\":[{\"@type\":\"ListItem\",\"position\":1,\"name\":\"Home\",\"item\":\"https:\\\/\\\/zlataskrinjica.si\\\/\"},{\"@type\":\"ListItem\",\"position\":2,\"name\":\"IZDELKI\",\"item\":\"https:\\\/\\\/zlataskrinjica.si\\\/trgovina\\\/\"},{\"@type\":\"ListItem\",\"position\":3,\"name\":\"Tutu krilce, model Glorija, mareli\u010dna z roza obrobo\"}]},{\"@type\":\"WebSite\",\"@id\":\"https:\\\/\\\/zlataskrinjica.si\\\/#website\",\"url\":\"https:\\\/\\\/zlataskrinjica.si\\\/\",\"name\":\"Zlata Skrinjica\",\"description\":\"Male dragocenosti za na\u0161e zaklade\",\"publisher\":{\"@id\":\"https:\\\/\\\/zlataskrinjica.si\\\/#organization\"},\"potentialAction\":[{\"@type\":\"SearchAction\",\"target\":{\"@type\":\"EntryPoint\",\"urlTemplate\":\"https:\\\/\\\/zlataskrinjica.si\\\/?s={search_term_string}\"},\"query-input\":{\"@type\":\"PropertyValueSpecification\",\"valueRequired\":true,\"valueName\":\"search_term_string\"}}],\"inLanguage\":\"de-AT\"},{\"@type\":\"Organization\",\"@id\":\"https:\\\/\\\/zlataskrinjica.si\\\/#organization\",\"name\":\"Zlata Skrinjica\",\"url\":\"https:\\\/\\\/zlataskrinjica.si\\\/\",\"logo\":{\"@type\":\"ImageObject\",\"inLanguage\":\"de-AT\",\"@id\":\"https:\\\/\\\/zlataskrinjica.si\\\/#\\\/schema\\\/logo\\\/image\\\/\",\"url\":\"https:\\\/\\\/zlataskrinjica.si\\\/wp-content\\\/uploads\\\/2020\\\/11\\\/cropped-cropped-cropped-cropped-zlataskrinjica_logo1-1.png\",\"contentUrl\":\"https:\\\/\\\/zlataskrinjica.si\\\/wp-content\\\/uploads\\\/2020\\\/11\\\/cropped-cropped-cropped-cropped-zlataskrinjica_logo1-1.png\",\"width\":512,\"height\":345,\"caption\":\"Zlata Skrinjica\"},\"image\":{\"@id\":\"https:\\\/\\\/zlataskrinjica.si\\\/#\\\/schema\\\/logo\\\/image\\\/\"},\"sameAs\":[\"https:\\\/\\\/www.facebook.com\\\/profile.php?id=100093598205968\",\"https:\\\/\\\/www.tiktok.com\\\/@zlataskrinjica?_t=8on7QxDWE64&_r=1\"]}]}<\/script>\n<!-- \/ Yoast SEO plugin. -->","yoast_head_json":{"title":"Tutu krilce, model Glorija, mareli\u010dna z roza obrobo - Zlata Skrinjica","description":"Tutu krilce v mareli\u010dni barvi z roza spodnjim delom. Izdelana iz puhasto mehkega tila, ki se zelo vrti. Vsaka pun\u010dka se vanj takoj zaljubi.","robots":{"index":"index","follow":"follow","max-snippet":"max-snippet:-1","max-image-preview":"max-image-preview:large","max-video-preview":"max-video-preview:-1"},"canonical":"https:\/\/zlataskrinjica.si\/de\/product\/tutu-krilce-model-glorija-marelicna-z-roza-obrobo\/","og_locale":"de_DE","og_type":"article","og_title":"Tutu krilce, model Glorija, mareli\u010dna z roza obrobo - Zlata Skrinjica","og_description":"Tutu krilce v mareli\u010dni barvi z roza spodnjim delom. Izdelana iz puhasto mehkega tila, ki se zelo vrti. Vsaka pun\u010dka se vanj takoj zaljubi.","og_url":"https:\/\/zlataskrinjica.si\/de\/product\/tutu-krilce-model-glorija-marelicna-z-roza-obrobo\/","og_site_name":"Zlata Skrinjica","article_publisher":"https:\/\/www.facebook.com\/profile.php?id=100093598205968","article_modified_time":"2026-01-02T16:54:34+00:00","og_image":[{"width":1068,"height":1600,"url":"https:\/\/zlataskrinjica.si\/wp-content\/uploads\/2024\/11\/ZlataSkrinjica-6.jpg","type":"image\/jpeg"}],"twitter_card":"summary_large_image","twitter_misc":{"Gesch\u00e4tzte Lesezeit":"1 Minute"},"schema":{"@context":"https:\/\/schema.org","@graph":[{"@type":"WebPage","@id":"https:\/\/zlataskrinjica.si\/izdelek\/tutu-krilce-model-glorija-marelicna-z-roza-obrobo\/","url":"https:\/\/zlataskrinjica.si\/izdelek\/tutu-krilce-model-glorija-marelicna-z-roza-obrobo\/","name":"Tutu krilce, model Glorija, mareli\u010dna z roza obrobo - Zlata Skrinjica","isPartOf":{"@id":"https:\/\/zlataskrinjica.si\/#website"},"primaryImageOfPage":{"@id":"https:\/\/zlataskrinjica.si\/izdelek\/tutu-krilce-model-glorija-marelicna-z-roza-obrobo\/#primaryimage"},"image":{"@id":"https:\/\/zlataskrinjica.si\/izdelek\/tutu-krilce-model-glorija-marelicna-z-roza-obrobo\/#primaryimage"},"thumbnailUrl":"https:\/\/zlataskrinjica.si\/wp-content\/uploads\/2024\/11\/ZlataSkrinjica-6.jpg","datePublished":"2024-11-06T21:51:27+00:00","dateModified":"2026-01-02T16:54:34+00:00","description":"Tutu krilce v mareli\u010dni barvi z roza spodnjim delom. Izdelana iz puhasto mehkega tila, ki se zelo vrti. Vsaka pun\u010dka se vanj takoj zaljubi.","breadcrumb":{"@id":"https:\/\/zlataskrinjica.si\/izdelek\/tutu-krilce-model-glorija-marelicna-z-roza-obrobo\/#breadcrumb"},"inLanguage":"de-AT","potentialAction":[{"@type":"ReadAction","target":["https:\/\/zlataskrinjica.si\/izdelek\/tutu-krilce-model-glorija-marelicna-z-roza-obrobo\/"]}]},{"@type":"ImageObject","inLanguage":"de-AT","@id":"https:\/\/zlataskrinjica.si\/izdelek\/tutu-krilce-model-glorija-marelicna-z-roza-obrobo\/#primaryimage","url":"https:\/\/zlataskrinjica.si\/wp-content\/uploads\/2024\/11\/ZlataSkrinjica-6.jpg","contentUrl":"https:\/\/zlataskrinjica.si\/wp-content\/uploads\/2024\/11\/ZlataSkrinjica-6.jpg","width":1068,"height":1600,"caption":"Tutu krilce, model Glorija v mareli\u010dni barvi z roza spodnjim delom"},{"@type":"BreadcrumbList","@id":"https:\/\/zlataskrinjica.si\/izdelek\/tutu-krilce-model-glorija-marelicna-z-roza-obrobo\/#breadcrumb","itemListElement":[{"@type":"ListItem","position":1,"name":"Home","item":"https:\/\/zlataskrinjica.si\/"},{"@type":"ListItem","position":2,"name":"IZDELKI","item":"https:\/\/zlataskrinjica.si\/trgovina\/"},{"@type":"ListItem","position":3,"name":"Tutu krilce, model Glorija, mareli\u010dna z roza obrobo"}]},{"@type":"WebSite","@id":"https:\/\/zlataskrinjica.si\/#website","url":"https:\/\/zlataskrinjica.si\/","name":"Goldene Schachtel","description":"M\u00e4nnliche Sch\u00e4tze f\u00fcr unsere Stiftungen","publisher":{"@id":"https:\/\/zlataskrinjica.si\/#organization"},"potentialAction":[{"@type":"SearchAction","target":{"@type":"EntryPoint","urlTemplate":"https:\/\/zlataskrinjica.si\/?s={search_term_string}"},"query-input":{"@type":"PropertyValueSpecification","valueRequired":true,"valueName":"search_term_string"}}],"inLanguage":"de-AT"},{"@type":"Organization","@id":"https:\/\/zlataskrinjica.si\/#organization","name":"Goldene Schachtel","url":"https:\/\/zlataskrinjica.si\/","logo":{"@type":"ImageObject","inLanguage":"de-AT","@id":"https:\/\/zlataskrinjica.si\/#\/schema\/logo\/image\/","url":"https:\/\/zlataskrinjica.si\/wp-content\/uploads\/2020\/11\/cropped-cropped-cropped-cropped-zlataskrinjica_logo1-1.png","contentUrl":"https:\/\/zlataskrinjica.si\/wp-content\/uploads\/2020\/11\/cropped-cropped-cropped-cropped-zlataskrinjica_logo1-1.png","width":512,"height":345,"caption":"Zlata Skrinjica"},"image":{"@id":"https:\/\/zlataskrinjica.si\/#\/schema\/logo\/image\/"},"sameAs":["https:\/\/www.facebook.com\/profile.php?id=100093598205968","https:\/\/www.tiktok.com\/@zlataskrinjica?_t=8on7QxDWE64&_r=1"]}]}},"acf":[],"jetpack_sharing_enabled":true,"_links":{"self":[{"href":"https:\/\/zlataskrinjica.si\/de\/wp-json\/wp\/v2\/product\/2650","targetHints":{"allow":["GET"]}}],"collection":[{"href":"https:\/\/zlataskrinjica.si\/de\/wp-json\/wp\/v2\/product"}],"about":[{"href":"https:\/\/zlataskrinjica.si\/de\/wp-json\/wp\/v2\/types\/product"}],"replies":[{"embeddable":true,"href":"https:\/\/zlataskrinjica.si\/de\/wp-json\/wp\/v2\/comments?post=2650"}],"version-history":[{"count":1,"href":"https:\/\/zlataskrinjica.si\/de\/wp-json\/wp\/v2\/product\/2650\/revisions"}],"predecessor-version":[{"id":4043,"href":"https:\/\/zlataskrinjica.si\/de\/wp-json\/wp\/v2\/product\/2650\/revisions\/4043"}],"wp:featuredmedia":[{"embeddable":true,"href":"https:\/\/zlataskrinjica.si\/de\/wp-json\/wp\/v2\/media\/2655"}],"wp:attachment":[{"href":"https:\/\/zlataskrinjica.si\/de\/wp-json\/wp\/v2\/media?parent=2650"}],"wp:term":[{"taxonomy":"product_brand","embeddable":true,"href":"https:\/\/zlataskrinjica.si\/de\/wp-json\/wp\/v2\/product_brand?post=2650"},{"taxonomy":"product_cat","embeddable":true,"href":"https:\/\/zlataskrinjica.si\/de\/wp-json\/wp\/v2\/product_cat?post=2650"},{"taxonomy":"product_tag","embeddable":true,"href":"https:\/\/zlataskrinjica.si\/de\/wp-json\/wp\/v2\/product_tag?post=2650"}],"curies":[{"name":"wp","href":"https:\/\/api.w.org\/{rel}","templated":true}]}}