{"id":2738,"date":"2024-12-09T21:23:43","date_gmt":"2024-12-09T20:23:43","guid":{"rendered":"https:\/\/zlataskrinjica.si\/?post_type=product&#038;p=2738"},"modified":"2025-10-22T22:35:31","modified_gmt":"2025-10-22T20:35:31","slug":"otroska-jopa-mavricni-nasmeh-roza","status":"publish","type":"product","link":"https:\/\/zlataskrinjica.si\/de\/product\/otroska-jopa-mavricni-nasmeh-roza\/","title":{"rendered":"Baby Strickjacke Rainbow smile - rosa"},"content":{"rendered":"<p>Versch\u00f6nern Sie den Alltag Ihres Kindes mit unserer sch\u00f6nen Strickjacke \"Rainbow Smile\", die Komfort, Qualit\u00e4t und zauberhaftes Design vereint. Hergestellt aus 95 % Bio-Baumwolle und 5% Elastan, ist diese Strickjacke extrem weich, sanft zur empfindlichen Kinderhaut und umweltfreundlich. Sie wurde f\u00fcr aktive und neugierige Kleinkinder entwickelt und bietet den ganzen Tag \u00fcber Bewegungsfreiheit und Komfort.<\/p>\n<p>Die einzigartige Stickerei des Regenbogenlogos, das Freude, Verspieltheit und Optimismus symbolisiert, verleiht der Strickjacke einen besonderen Charme. Die Stickerei wurde sorgf\u00e4ltig mit einer haltbaren, umweltfreundlichen Farbe gefertigt, die auch nach vielen W\u00e4schen ihre Lebendigkeit beh\u00e4lt. Die Jacke ist in einer Vielzahl von Farben erh\u00e4ltlich, die das Regenbogenmotiv perfekt erg\u00e4nzen und Ihrem Kind einen zus\u00e4tzlichen Hauch von Lebendigkeit verleihen.<\/p>\n<p>Mit ihrem vielseitigen Design und dem einfach anzuziehenden Rei\u00dfverschluss ist die Rainbow Smile Strickjacke die perfekte Wahl f\u00fcr den Spielplatz, den Kindergarten oder gem\u00fctliche Familienspazierg\u00e4nge. Bio-Baumwolle sorgt nicht nur f\u00fcr eine nat\u00fcrliche W\u00e4rmeregulierung, sondern ist auch eine nachhaltige Alternative zu herk\u00f6mmlichen Materialien, was sowohl f\u00fcr das Kind als auch f\u00fcr die Zukunft unseres Planeten wichtig ist.<\/p>\n<p>Schenken Sie Ihrem Kind ein Kleidungsst\u00fcck, das Komfort, Stil und Verantwortung gegen\u00fcber der Natur vereint. Die Jacke \"Rainbow Smile\" ist mehr als nur ein Kleidungsst\u00fcck - sie ist Teil einer besseren Zukunft!<\/p>","protected":false},"excerpt":{"rendered":"<p>Baby Strickjacke Rainbow smile in rosa. Sie ist aus Bio-Baumwolle gefertigt, die besonders sanft zu Babys zarter Haut ist.<\/p>","protected":false},"featured_media":2741,"comment_status":"open","ping_status":"closed","template":"","meta":[],"product_brand":[],"product_cat":[79,25,51],"product_tag":[],"class_list":{"0":"post-2738","1":"product","2":"type-product","3":"status-publish","4":"has-post-thumbnail","6":"product_cat-deklice","7":"product_cat-izdelki","8":"product_cat-otroska-treninrka-mavricni-nasmeh","10":"first","11":"instock","12":"shipping-taxable","13":"purchasable","14":"product-type-variable"},"yoast_head":"<!-- This site is optimized with the Yoast SEO plugin v27.4 - https:\/\/yoast.com\/product\/yoast-seo-wordpress\/ -->\n<title>Otro\u0161ka jopa Mavri\u010dni nasmeh - roza - Zlata Skrinjica<\/title>\n<meta name=\"description\" content=\"Otro\u0161ka jopa Mavri\u010dni nasmeh v roza barvi. Izdelana je iz organskega bomba\u017ea, ki je izredno prijeten do ne\u017ene otro\u0161ke ko\u017ee.\" \/>\n<meta name=\"robots\" content=\"index, follow, max-snippet:-1, max-image-preview:large, max-video-preview:-1\" \/>\n<link rel=\"canonical\" href=\"https:\/\/zlataskrinjica.si\/de\/product\/otroska-jopa-mavricni-nasmeh-roza\/\" \/>\n<meta property=\"og:locale\" content=\"de_DE\" \/>\n<meta property=\"og:type\" content=\"article\" \/>\n<meta property=\"og:title\" content=\"Otro\u0161ka jopa Mavri\u010dni nasmeh - roza - Zlata Skrinjica\" \/>\n<meta property=\"og:description\" content=\"Otro\u0161ka jopa Mavri\u010dni nasmeh v roza barvi. Izdelana je iz organskega bomba\u017ea, ki je izredno prijeten do ne\u017ene otro\u0161ke ko\u017ee.\" \/>\n<meta property=\"og:url\" content=\"https:\/\/zlataskrinjica.si\/de\/product\/otroska-jopa-mavricni-nasmeh-roza\/\" \/>\n<meta property=\"og:site_name\" content=\"Zlata Skrinjica\" \/>\n<meta property=\"article:publisher\" content=\"https:\/\/www.facebook.com\/profile.php?id=100093598205968\" \/>\n<meta property=\"article:modified_time\" content=\"2025-10-22T20:35:31+00:00\" \/>\n<meta property=\"og:image\" content=\"https:\/\/zlataskrinjica.si\/wp-content\/uploads\/2024\/12\/20241202_ZlataSkrinjica-77-scaled.jpg\" \/>\n\t<meta property=\"og:image:width\" content=\"1709\" \/>\n\t<meta property=\"og:image:height\" content=\"2560\" \/>\n\t<meta property=\"og:image:type\" content=\"image\/jpeg\" \/>\n<meta name=\"twitter:card\" content=\"summary_large_image\" \/>\n<meta name=\"twitter:label1\" content=\"Gesch\u00e4tzte Lesezeit\" \/>\n\t<meta name=\"twitter:data1\" content=\"2 Minuten\" \/>\n<script type=\"application\/ld+json\" class=\"yoast-schema-graph\">{\"@context\":\"https:\\\/\\\/schema.org\",\"@graph\":[{\"@type\":\"WebPage\",\"@id\":\"https:\\\/\\\/zlataskrinjica.si\\\/izdelek\\\/otroska-jopa-mavricni-nasmeh-roza\\\/\",\"url\":\"https:\\\/\\\/zlataskrinjica.si\\\/izdelek\\\/otroska-jopa-mavricni-nasmeh-roza\\\/\",\"name\":\"Otro\u0161ka jopa Mavri\u010dni nasmeh - roza - Zlata Skrinjica\",\"isPartOf\":{\"@id\":\"https:\\\/\\\/zlataskrinjica.si\\\/#website\"},\"primaryImageOfPage\":{\"@id\":\"https:\\\/\\\/zlataskrinjica.si\\\/izdelek\\\/otroska-jopa-mavricni-nasmeh-roza\\\/#primaryimage\"},\"image\":{\"@id\":\"https:\\\/\\\/zlataskrinjica.si\\\/izdelek\\\/otroska-jopa-mavricni-nasmeh-roza\\\/#primaryimage\"},\"thumbnailUrl\":\"https:\\\/\\\/zlataskrinjica.si\\\/wp-content\\\/uploads\\\/2024\\\/12\\\/20241202_ZlataSkrinjica-77-scaled.jpg\",\"datePublished\":\"2024-12-09T20:23:43+00:00\",\"dateModified\":\"2025-10-22T20:35:31+00:00\",\"description\":\"Otro\u0161ka jopa Mavri\u010dni nasmeh v roza barvi. Izdelana je iz organskega bomba\u017ea, ki je izredno prijeten do ne\u017ene otro\u0161ke ko\u017ee.\",\"breadcrumb\":{\"@id\":\"https:\\\/\\\/zlataskrinjica.si\\\/izdelek\\\/otroska-jopa-mavricni-nasmeh-roza\\\/#breadcrumb\"},\"inLanguage\":\"de-AT\",\"potentialAction\":[{\"@type\":\"ReadAction\",\"target\":[\"https:\\\/\\\/zlataskrinjica.si\\\/izdelek\\\/otroska-jopa-mavricni-nasmeh-roza\\\/\"]}]},{\"@type\":\"ImageObject\",\"inLanguage\":\"de-AT\",\"@id\":\"https:\\\/\\\/zlataskrinjica.si\\\/izdelek\\\/otroska-jopa-mavricni-nasmeh-roza\\\/#primaryimage\",\"url\":\"https:\\\/\\\/zlataskrinjica.si\\\/wp-content\\\/uploads\\\/2024\\\/12\\\/20241202_ZlataSkrinjica-77-scaled.jpg\",\"contentUrl\":\"https:\\\/\\\/zlataskrinjica.si\\\/wp-content\\\/uploads\\\/2024\\\/12\\\/20241202_ZlataSkrinjica-77-scaled.jpg\",\"width\":1709,\"height\":2560},{\"@type\":\"BreadcrumbList\",\"@id\":\"https:\\\/\\\/zlataskrinjica.si\\\/izdelek\\\/otroska-jopa-mavricni-nasmeh-roza\\\/#breadcrumb\",\"itemListElement\":[{\"@type\":\"ListItem\",\"position\":1,\"name\":\"Home\",\"item\":\"https:\\\/\\\/zlataskrinjica.si\\\/\"},{\"@type\":\"ListItem\",\"position\":2,\"name\":\"IZDELKI\",\"item\":\"https:\\\/\\\/zlataskrinjica.si\\\/trgovina\\\/\"},{\"@type\":\"ListItem\",\"position\":3,\"name\":\"Otro\u0161ka jopa Mavri\u010dni nasmeh &#8211; roza\"}]},{\"@type\":\"WebSite\",\"@id\":\"https:\\\/\\\/zlataskrinjica.si\\\/#website\",\"url\":\"https:\\\/\\\/zlataskrinjica.si\\\/\",\"name\":\"Zlata Skrinjica\",\"description\":\"Male dragocenosti za na\u0161e zaklade\",\"publisher\":{\"@id\":\"https:\\\/\\\/zlataskrinjica.si\\\/#organization\"},\"potentialAction\":[{\"@type\":\"SearchAction\",\"target\":{\"@type\":\"EntryPoint\",\"urlTemplate\":\"https:\\\/\\\/zlataskrinjica.si\\\/?s={search_term_string}\"},\"query-input\":{\"@type\":\"PropertyValueSpecification\",\"valueRequired\":true,\"valueName\":\"search_term_string\"}}],\"inLanguage\":\"de-AT\"},{\"@type\":\"Organization\",\"@id\":\"https:\\\/\\\/zlataskrinjica.si\\\/#organization\",\"name\":\"Zlata Skrinjica\",\"url\":\"https:\\\/\\\/zlataskrinjica.si\\\/\",\"logo\":{\"@type\":\"ImageObject\",\"inLanguage\":\"de-AT\",\"@id\":\"https:\\\/\\\/zlataskrinjica.si\\\/#\\\/schema\\\/logo\\\/image\\\/\",\"url\":\"https:\\\/\\\/zlataskrinjica.si\\\/wp-content\\\/uploads\\\/2020\\\/11\\\/cropped-cropped-cropped-cropped-zlataskrinjica_logo1-1.png\",\"contentUrl\":\"https:\\\/\\\/zlataskrinjica.si\\\/wp-content\\\/uploads\\\/2020\\\/11\\\/cropped-cropped-cropped-cropped-zlataskrinjica_logo1-1.png\",\"width\":512,\"height\":345,\"caption\":\"Zlata Skrinjica\"},\"image\":{\"@id\":\"https:\\\/\\\/zlataskrinjica.si\\\/#\\\/schema\\\/logo\\\/image\\\/\"},\"sameAs\":[\"https:\\\/\\\/www.facebook.com\\\/profile.php?id=100093598205968\",\"https:\\\/\\\/www.tiktok.com\\\/@zlataskrinjica?_t=8on7QxDWE64&_r=1\"]}]}<\/script>\n<!-- \/ Yoast SEO plugin. -->","yoast_head_json":{"title":"Otro\u0161ka jopa Mavri\u010dni nasmeh - roza - Zlata Skrinjica","description":"Baby Strickjacke Rainbow smile in rosa. Sie ist aus Bio-Baumwolle gefertigt, die besonders sanft zu Babys zarter Haut ist.","robots":{"index":"index","follow":"follow","max-snippet":"max-snippet:-1","max-image-preview":"max-image-preview:large","max-video-preview":"max-video-preview:-1"},"canonical":"https:\/\/zlataskrinjica.si\/de\/product\/otroska-jopa-mavricni-nasmeh-roza\/","og_locale":"de_DE","og_type":"article","og_title":"Otro\u0161ka jopa Mavri\u010dni nasmeh - roza - Zlata Skrinjica","og_description":"Otro\u0161ka jopa Mavri\u010dni nasmeh v roza barvi. Izdelana je iz organskega bomba\u017ea, ki je izredno prijeten do ne\u017ene otro\u0161ke ko\u017ee.","og_url":"https:\/\/zlataskrinjica.si\/de\/product\/otroska-jopa-mavricni-nasmeh-roza\/","og_site_name":"Zlata Skrinjica","article_publisher":"https:\/\/www.facebook.com\/profile.php?id=100093598205968","article_modified_time":"2025-10-22T20:35:31+00:00","og_image":[{"width":1709,"height":2560,"url":"https:\/\/zlataskrinjica.si\/wp-content\/uploads\/2024\/12\/20241202_ZlataSkrinjica-77-scaled.jpg","type":"image\/jpeg"}],"twitter_card":"summary_large_image","twitter_misc":{"Gesch\u00e4tzte Lesezeit":"2 Minuten"},"schema":{"@context":"https:\/\/schema.org","@graph":[{"@type":"WebPage","@id":"https:\/\/zlataskrinjica.si\/izdelek\/otroska-jopa-mavricni-nasmeh-roza\/","url":"https:\/\/zlataskrinjica.si\/izdelek\/otroska-jopa-mavricni-nasmeh-roza\/","name":"Otro\u0161ka jopa Mavri\u010dni nasmeh - roza - Zlata Skrinjica","isPartOf":{"@id":"https:\/\/zlataskrinjica.si\/#website"},"primaryImageOfPage":{"@id":"https:\/\/zlataskrinjica.si\/izdelek\/otroska-jopa-mavricni-nasmeh-roza\/#primaryimage"},"image":{"@id":"https:\/\/zlataskrinjica.si\/izdelek\/otroska-jopa-mavricni-nasmeh-roza\/#primaryimage"},"thumbnailUrl":"https:\/\/zlataskrinjica.si\/wp-content\/uploads\/2024\/12\/20241202_ZlataSkrinjica-77-scaled.jpg","datePublished":"2024-12-09T20:23:43+00:00","dateModified":"2025-10-22T20:35:31+00:00","description":"Baby Strickjacke Rainbow smile in rosa. Sie ist aus Bio-Baumwolle gefertigt, die besonders sanft zu Babys zarter Haut ist.","breadcrumb":{"@id":"https:\/\/zlataskrinjica.si\/izdelek\/otroska-jopa-mavricni-nasmeh-roza\/#breadcrumb"},"inLanguage":"de-AT","potentialAction":[{"@type":"ReadAction","target":["https:\/\/zlataskrinjica.si\/izdelek\/otroska-jopa-mavricni-nasmeh-roza\/"]}]},{"@type":"ImageObject","inLanguage":"de-AT","@id":"https:\/\/zlataskrinjica.si\/izdelek\/otroska-jopa-mavricni-nasmeh-roza\/#primaryimage","url":"https:\/\/zlataskrinjica.si\/wp-content\/uploads\/2024\/12\/20241202_ZlataSkrinjica-77-scaled.jpg","contentUrl":"https:\/\/zlataskrinjica.si\/wp-content\/uploads\/2024\/12\/20241202_ZlataSkrinjica-77-scaled.jpg","width":1709,"height":2560},{"@type":"BreadcrumbList","@id":"https:\/\/zlataskrinjica.si\/izdelek\/otroska-jopa-mavricni-nasmeh-roza\/#breadcrumb","itemListElement":[{"@type":"ListItem","position":1,"name":"Home","item":"https:\/\/zlataskrinjica.si\/"},{"@type":"ListItem","position":2,"name":"IZDELKI","item":"https:\/\/zlataskrinjica.si\/trgovina\/"},{"@type":"ListItem","position":3,"name":"Otro\u0161ka jopa Mavri\u010dni nasmeh &#8211; roza"}]},{"@type":"WebSite","@id":"https:\/\/zlataskrinjica.si\/#website","url":"https:\/\/zlataskrinjica.si\/","name":"Goldene Schachtel","description":"M\u00e4nnliche Sch\u00e4tze f\u00fcr unsere Stiftungen","publisher":{"@id":"https:\/\/zlataskrinjica.si\/#organization"},"potentialAction":[{"@type":"SearchAction","target":{"@type":"EntryPoint","urlTemplate":"https:\/\/zlataskrinjica.si\/?s={search_term_string}"},"query-input":{"@type":"PropertyValueSpecification","valueRequired":true,"valueName":"search_term_string"}}],"inLanguage":"de-AT"},{"@type":"Organization","@id":"https:\/\/zlataskrinjica.si\/#organization","name":"Goldene Schachtel","url":"https:\/\/zlataskrinjica.si\/","logo":{"@type":"ImageObject","inLanguage":"de-AT","@id":"https:\/\/zlataskrinjica.si\/#\/schema\/logo\/image\/","url":"https:\/\/zlataskrinjica.si\/wp-content\/uploads\/2020\/11\/cropped-cropped-cropped-cropped-zlataskrinjica_logo1-1.png","contentUrl":"https:\/\/zlataskrinjica.si\/wp-content\/uploads\/2020\/11\/cropped-cropped-cropped-cropped-zlataskrinjica_logo1-1.png","width":512,"height":345,"caption":"Zlata Skrinjica"},"image":{"@id":"https:\/\/zlataskrinjica.si\/#\/schema\/logo\/image\/"},"sameAs":["https:\/\/www.facebook.com\/profile.php?id=100093598205968","https:\/\/www.tiktok.com\/@zlataskrinjica?_t=8on7QxDWE64&_r=1"]}]}},"acf":[],"jetpack_sharing_enabled":true,"_links":{"self":[{"href":"https:\/\/zlataskrinjica.si\/de\/wp-json\/wp\/v2\/product\/2738","targetHints":{"allow":["GET"]}}],"collection":[{"href":"https:\/\/zlataskrinjica.si\/de\/wp-json\/wp\/v2\/product"}],"about":[{"href":"https:\/\/zlataskrinjica.si\/de\/wp-json\/wp\/v2\/types\/product"}],"replies":[{"embeddable":true,"href":"https:\/\/zlataskrinjica.si\/de\/wp-json\/wp\/v2\/comments?post=2738"}],"version-history":[{"count":2,"href":"https:\/\/zlataskrinjica.si\/de\/wp-json\/wp\/v2\/product\/2738\/revisions"}],"predecessor-version":[{"id":3627,"href":"https:\/\/zlataskrinjica.si\/de\/wp-json\/wp\/v2\/product\/2738\/revisions\/3627"}],"wp:featuredmedia":[{"embeddable":true,"href":"https:\/\/zlataskrinjica.si\/de\/wp-json\/wp\/v2\/media\/2741"}],"wp:attachment":[{"href":"https:\/\/zlataskrinjica.si\/de\/wp-json\/wp\/v2\/media?parent=2738"}],"wp:term":[{"taxonomy":"product_brand","embeddable":true,"href":"https:\/\/zlataskrinjica.si\/de\/wp-json\/wp\/v2\/product_brand?post=2738"},{"taxonomy":"product_cat","embeddable":true,"href":"https:\/\/zlataskrinjica.si\/de\/wp-json\/wp\/v2\/product_cat?post=2738"},{"taxonomy":"product_tag","embeddable":true,"href":"https:\/\/zlataskrinjica.si\/de\/wp-json\/wp\/v2\/product_tag?post=2738"}],"curies":[{"name":"wp","href":"https:\/\/api.w.org\/{rel}","templated":true}]}}