{"id":3006,"date":"2025-05-10T00:04:21","date_gmt":"2025-05-09T22:04:21","guid":{"rendered":"https:\/\/zlataskrinjica.si\/?post_type=product&#038;p=3006"},"modified":"2026-04-22T13:36:14","modified_gmt":"2026-04-22T12:36:14","slug":"muslin-komplet-za-fantke","status":"publish","type":"product","link":"https:\/\/zlataskrinjica.si\/de\/product\/muslin-komplet-za-fantke\/","title":{"rendered":"Musselin-Set f\u00fcr Jungen"},"content":{"rendered":"<p><strong>Musselin Jungen Set - 100 % Bio-Baumwolle<\/strong><\/p>\n<p>Dieses s\u00fc\u00dfe Musselin-Set f\u00fcr Jungen ist die perfekte Wahl f\u00fcr Sommertage. Es besteht aus 100 % Bio-Baumwolle, die extrem sanft zur Babyhaut ist, atmungsaktiv und angenehm zu tragen.<\/p>\n<p>Das Set besteht aus einem beigen Schl\u00fcpfer und einem hellblauen T-Shirt. Der Slip hat praktische Taschen, einen elastischen Bund mit Kordelzug f\u00fcr eine perfekte Passform und einen eleganten Saum f\u00fcr einen zus\u00e4tzlichen Touch von Stil. Das T-Shirt hat drei Holzkn\u00f6pfe auf der Vorderseite, die das Anziehen erleichtern und ein sch\u00f6nes nat\u00fcrliches Detail darstellen.<\/p>\n<p>Erh\u00e4ltlich in Gr\u00f6\u00dfen von\u00a0<strong>18 Monate bis 6 Jahre<\/strong>.<\/p>\n<p>Die ideale Wahl f\u00fcr allt\u00e4gliche Abenteuer oder besondere Anl\u00e4sse - nat\u00fcrlich, bequem und stilvoll.<\/p>\n<p>&nbsp;<\/p>","protected":false},"excerpt":{"rendered":"<p>Muslin komplet za fantke \u2013 100 % organski bomba\u017e Ta prikupen muslin komplet za fantke je popolna izbira za poletne dni. Izdelan je iz 100 % organskega bomba\u017ea, ki je izjemno ne\u017een do otro\u0161ke ko\u017ee, zra\u010den in udoben za no\u0161enje. Komplet sestavljajo be\u017e hla\u010dke in svetlo modra maj\u010dka. Hla\u010dke imajo priro\u010dne \u017eepe, elasti\u010den pas z vrvico za popolno prileganje ter eleganten rob za dodaten pridih stila. Maj\u010dka ima tri lesene gumbke na sprednji strani, kar olaj\u0161a obla\u010denje in doda \u010dudovit naraven detajl. Na voljo v velikostih od\u00a018 mesecev do 6 let. Idealna izbira za vsakodnevne dogodiv\u0161\u010dine ali posebne prilo\u017enosti \u2013 naravno, udobno in stilsko. &nbsp;<\/p>","protected":false},"featured_media":3013,"comment_status":"open","ping_status":"closed","template":"","meta":[],"product_brand":[],"product_cat":[80,25,64],"product_tag":[],"class_list":{"0":"post-3006","1":"product","2":"type-product","3":"status-publish","4":"has-post-thumbnail","6":"product_cat-fantje","7":"product_cat-izdelki","8":"product_cat-muslin-kolekcija","10":"first","11":"instock","12":"shipping-taxable","13":"purchasable","14":"product-type-variable"},"yoast_head":"<!-- This site is optimized with the Yoast SEO plugin v27.4 - https:\/\/yoast.com\/product\/yoast-seo-wordpress\/ -->\n<title>Muslin komplet za fantke - Zlata Skrinjica<\/title>\n<meta name=\"description\" content=\"Muslin komplet za fantke narejen iz 100% organskega bomba\u017ea. Komplet vklju\u010duje be\u017e hla\u010dke z \u017eepoma in elegantnim robom ter modro majco s tremi gumbki.\" \/>\n<meta name=\"robots\" content=\"index, follow, max-snippet:-1, max-image-preview:large, max-video-preview:-1\" \/>\n<link rel=\"canonical\" href=\"https:\/\/zlataskrinjica.si\/de\/product\/muslin-komplet-za-fantke\/\" \/>\n<meta property=\"og:locale\" content=\"de_DE\" \/>\n<meta property=\"og:type\" content=\"article\" \/>\n<meta property=\"og:title\" content=\"Muslin komplet za fantke - Zlata Skrinjica\" \/>\n<meta property=\"og:description\" content=\"Muslin komplet za fantke narejen iz 100% organskega bomba\u017ea. Komplet vklju\u010duje be\u017e hla\u010dke z \u017eepoma in elegantnim robom ter modro majco s tremi gumbki.\" \/>\n<meta property=\"og:url\" content=\"https:\/\/zlataskrinjica.si\/de\/product\/muslin-komplet-za-fantke\/\" \/>\n<meta property=\"og:site_name\" content=\"Zlata Skrinjica\" \/>\n<meta property=\"article:publisher\" content=\"https:\/\/www.facebook.com\/profile.php?id=100093598205968\" \/>\n<meta property=\"article:modified_time\" content=\"2026-04-22T12:36:14+00:00\" \/>\n<meta property=\"og:image\" content=\"https:\/\/zlataskrinjica.si\/wp-content\/uploads\/2025\/05\/Izdelek-brez-naslova-9-1024x770.png\" \/>\n\t<meta property=\"og:image:width\" content=\"1024\" \/>\n\t<meta property=\"og:image:height\" content=\"770\" \/>\n\t<meta property=\"og:image:type\" content=\"image\/png\" \/>\n<meta name=\"twitter:card\" content=\"summary_large_image\" \/>\n<meta name=\"twitter:label1\" content=\"Gesch\u00e4tzte Lesezeit\" \/>\n\t<meta name=\"twitter:data1\" content=\"1 Minute\" \/>\n<script type=\"application\/ld+json\" class=\"yoast-schema-graph\">{\"@context\":\"https:\\\/\\\/schema.org\",\"@graph\":[{\"@type\":\"WebPage\",\"@id\":\"https:\\\/\\\/zlataskrinjica.si\\\/izdelek\\\/muslin-komplet-za-fantke\\\/\",\"url\":\"https:\\\/\\\/zlataskrinjica.si\\\/izdelek\\\/muslin-komplet-za-fantke\\\/\",\"name\":\"Muslin komplet za fantke - Zlata Skrinjica\",\"isPartOf\":{\"@id\":\"https:\\\/\\\/zlataskrinjica.si\\\/#website\"},\"primaryImageOfPage\":{\"@id\":\"https:\\\/\\\/zlataskrinjica.si\\\/izdelek\\\/muslin-komplet-za-fantke\\\/#primaryimage\"},\"image\":{\"@id\":\"https:\\\/\\\/zlataskrinjica.si\\\/izdelek\\\/muslin-komplet-za-fantke\\\/#primaryimage\"},\"thumbnailUrl\":\"https:\\\/\\\/zlataskrinjica.si\\\/wp-content\\\/uploads\\\/2025\\\/05\\\/Izdelek-brez-naslova-9.png\",\"datePublished\":\"2025-05-09T22:04:21+00:00\",\"dateModified\":\"2026-04-22T12:36:14+00:00\",\"description\":\"Muslin komplet za fantke narejen iz 100% organskega bomba\u017ea. Komplet vklju\u010duje be\u017e hla\u010dke z \u017eepoma in elegantnim robom ter modro majco s tremi gumbki.\",\"breadcrumb\":{\"@id\":\"https:\\\/\\\/zlataskrinjica.si\\\/izdelek\\\/muslin-komplet-za-fantke\\\/#breadcrumb\"},\"inLanguage\":\"de-AT\",\"potentialAction\":[{\"@type\":\"ReadAction\",\"target\":[\"https:\\\/\\\/zlataskrinjica.si\\\/izdelek\\\/muslin-komplet-za-fantke\\\/\"]}]},{\"@type\":\"ImageObject\",\"inLanguage\":\"de-AT\",\"@id\":\"https:\\\/\\\/zlataskrinjica.si\\\/izdelek\\\/muslin-komplet-za-fantke\\\/#primaryimage\",\"url\":\"https:\\\/\\\/zlataskrinjica.si\\\/wp-content\\\/uploads\\\/2025\\\/05\\\/Izdelek-brez-naslova-9.png\",\"contentUrl\":\"https:\\\/\\\/zlataskrinjica.si\\\/wp-content\\\/uploads\\\/2025\\\/05\\\/Izdelek-brez-naslova-9.png\",\"width\":2048,\"height\":1539},{\"@type\":\"BreadcrumbList\",\"@id\":\"https:\\\/\\\/zlataskrinjica.si\\\/izdelek\\\/muslin-komplet-za-fantke\\\/#breadcrumb\",\"itemListElement\":[{\"@type\":\"ListItem\",\"position\":1,\"name\":\"Home\",\"item\":\"https:\\\/\\\/zlataskrinjica.si\\\/\"},{\"@type\":\"ListItem\",\"position\":2,\"name\":\"IZDELKI\",\"item\":\"https:\\\/\\\/zlataskrinjica.si\\\/trgovina\\\/\"},{\"@type\":\"ListItem\",\"position\":3,\"name\":\"Muslin komplet za fantke\"}]},{\"@type\":\"WebSite\",\"@id\":\"https:\\\/\\\/zlataskrinjica.si\\\/#website\",\"url\":\"https:\\\/\\\/zlataskrinjica.si\\\/\",\"name\":\"Zlata Skrinjica\",\"description\":\"Male dragocenosti za na\u0161e zaklade\",\"publisher\":{\"@id\":\"https:\\\/\\\/zlataskrinjica.si\\\/#organization\"},\"potentialAction\":[{\"@type\":\"SearchAction\",\"target\":{\"@type\":\"EntryPoint\",\"urlTemplate\":\"https:\\\/\\\/zlataskrinjica.si\\\/?s={search_term_string}\"},\"query-input\":{\"@type\":\"PropertyValueSpecification\",\"valueRequired\":true,\"valueName\":\"search_term_string\"}}],\"inLanguage\":\"de-AT\"},{\"@type\":\"Organization\",\"@id\":\"https:\\\/\\\/zlataskrinjica.si\\\/#organization\",\"name\":\"Zlata Skrinjica\",\"url\":\"https:\\\/\\\/zlataskrinjica.si\\\/\",\"logo\":{\"@type\":\"ImageObject\",\"inLanguage\":\"de-AT\",\"@id\":\"https:\\\/\\\/zlataskrinjica.si\\\/#\\\/schema\\\/logo\\\/image\\\/\",\"url\":\"https:\\\/\\\/zlataskrinjica.si\\\/wp-content\\\/uploads\\\/2020\\\/11\\\/cropped-cropped-cropped-cropped-zlataskrinjica_logo1-1.png\",\"contentUrl\":\"https:\\\/\\\/zlataskrinjica.si\\\/wp-content\\\/uploads\\\/2020\\\/11\\\/cropped-cropped-cropped-cropped-zlataskrinjica_logo1-1.png\",\"width\":512,\"height\":345,\"caption\":\"Zlata Skrinjica\"},\"image\":{\"@id\":\"https:\\\/\\\/zlataskrinjica.si\\\/#\\\/schema\\\/logo\\\/image\\\/\"},\"sameAs\":[\"https:\\\/\\\/www.facebook.com\\\/profile.php?id=100093598205968\",\"https:\\\/\\\/www.tiktok.com\\\/@zlataskrinjica?_t=8on7QxDWE64&_r=1\"]}]}<\/script>\n<!-- \/ Yoast SEO plugin. -->","yoast_head_json":{"title":"Muslin komplet za fantke - Zlata Skrinjica","description":"Muslin komplet za fantke narejen iz 100% organskega bomba\u017ea. Komplet vklju\u010duje be\u017e hla\u010dke z \u017eepoma in elegantnim robom ter modro majco s tremi gumbki.","robots":{"index":"index","follow":"follow","max-snippet":"max-snippet:-1","max-image-preview":"max-image-preview:large","max-video-preview":"max-video-preview:-1"},"canonical":"https:\/\/zlataskrinjica.si\/de\/product\/muslin-komplet-za-fantke\/","og_locale":"de_DE","og_type":"article","og_title":"Muslin komplet za fantke - Zlata Skrinjica","og_description":"Muslin komplet za fantke narejen iz 100% organskega bomba\u017ea. Komplet vklju\u010duje be\u017e hla\u010dke z \u017eepoma in elegantnim robom ter modro majco s tremi gumbki.","og_url":"https:\/\/zlataskrinjica.si\/de\/product\/muslin-komplet-za-fantke\/","og_site_name":"Zlata Skrinjica","article_publisher":"https:\/\/www.facebook.com\/profile.php?id=100093598205968","article_modified_time":"2026-04-22T12:36:14+00:00","og_image":[{"width":1024,"height":770,"url":"https:\/\/zlataskrinjica.si\/wp-content\/uploads\/2025\/05\/Izdelek-brez-naslova-9-1024x770.png","type":"image\/png"}],"twitter_card":"summary_large_image","twitter_misc":{"Gesch\u00e4tzte Lesezeit":"1 Minute"},"schema":{"@context":"https:\/\/schema.org","@graph":[{"@type":"WebPage","@id":"https:\/\/zlataskrinjica.si\/izdelek\/muslin-komplet-za-fantke\/","url":"https:\/\/zlataskrinjica.si\/izdelek\/muslin-komplet-za-fantke\/","name":"Muslin komplet za fantke - Zlata Skrinjica","isPartOf":{"@id":"https:\/\/zlataskrinjica.si\/#website"},"primaryImageOfPage":{"@id":"https:\/\/zlataskrinjica.si\/izdelek\/muslin-komplet-za-fantke\/#primaryimage"},"image":{"@id":"https:\/\/zlataskrinjica.si\/izdelek\/muslin-komplet-za-fantke\/#primaryimage"},"thumbnailUrl":"https:\/\/zlataskrinjica.si\/wp-content\/uploads\/2025\/05\/Izdelek-brez-naslova-9.png","datePublished":"2025-05-09T22:04:21+00:00","dateModified":"2026-04-22T12:36:14+00:00","description":"Muslin komplet za fantke narejen iz 100% organskega bomba\u017ea. Komplet vklju\u010duje be\u017e hla\u010dke z \u017eepoma in elegantnim robom ter modro majco s tremi gumbki.","breadcrumb":{"@id":"https:\/\/zlataskrinjica.si\/izdelek\/muslin-komplet-za-fantke\/#breadcrumb"},"inLanguage":"de-AT","potentialAction":[{"@type":"ReadAction","target":["https:\/\/zlataskrinjica.si\/izdelek\/muslin-komplet-za-fantke\/"]}]},{"@type":"ImageObject","inLanguage":"de-AT","@id":"https:\/\/zlataskrinjica.si\/izdelek\/muslin-komplet-za-fantke\/#primaryimage","url":"https:\/\/zlataskrinjica.si\/wp-content\/uploads\/2025\/05\/Izdelek-brez-naslova-9.png","contentUrl":"https:\/\/zlataskrinjica.si\/wp-content\/uploads\/2025\/05\/Izdelek-brez-naslova-9.png","width":2048,"height":1539},{"@type":"BreadcrumbList","@id":"https:\/\/zlataskrinjica.si\/izdelek\/muslin-komplet-za-fantke\/#breadcrumb","itemListElement":[{"@type":"ListItem","position":1,"name":"Home","item":"https:\/\/zlataskrinjica.si\/"},{"@type":"ListItem","position":2,"name":"IZDELKI","item":"https:\/\/zlataskrinjica.si\/trgovina\/"},{"@type":"ListItem","position":3,"name":"Muslin komplet za fantke"}]},{"@type":"WebSite","@id":"https:\/\/zlataskrinjica.si\/#website","url":"https:\/\/zlataskrinjica.si\/","name":"Goldene Schachtel","description":"M\u00e4nnliche Sch\u00e4tze f\u00fcr unsere Stiftungen","publisher":{"@id":"https:\/\/zlataskrinjica.si\/#organization"},"potentialAction":[{"@type":"SearchAction","target":{"@type":"EntryPoint","urlTemplate":"https:\/\/zlataskrinjica.si\/?s={search_term_string}"},"query-input":{"@type":"PropertyValueSpecification","valueRequired":true,"valueName":"search_term_string"}}],"inLanguage":"de-AT"},{"@type":"Organization","@id":"https:\/\/zlataskrinjica.si\/#organization","name":"Goldene Schachtel","url":"https:\/\/zlataskrinjica.si\/","logo":{"@type":"ImageObject","inLanguage":"de-AT","@id":"https:\/\/zlataskrinjica.si\/#\/schema\/logo\/image\/","url":"https:\/\/zlataskrinjica.si\/wp-content\/uploads\/2020\/11\/cropped-cropped-cropped-cropped-zlataskrinjica_logo1-1.png","contentUrl":"https:\/\/zlataskrinjica.si\/wp-content\/uploads\/2020\/11\/cropped-cropped-cropped-cropped-zlataskrinjica_logo1-1.png","width":512,"height":345,"caption":"Zlata Skrinjica"},"image":{"@id":"https:\/\/zlataskrinjica.si\/#\/schema\/logo\/image\/"},"sameAs":["https:\/\/www.facebook.com\/profile.php?id=100093598205968","https:\/\/www.tiktok.com\/@zlataskrinjica?_t=8on7QxDWE64&_r=1"]}]}},"acf":[],"jetpack_sharing_enabled":true,"_links":{"self":[{"href":"https:\/\/zlataskrinjica.si\/de\/wp-json\/wp\/v2\/product\/3006","targetHints":{"allow":["GET"]}}],"collection":[{"href":"https:\/\/zlataskrinjica.si\/de\/wp-json\/wp\/v2\/product"}],"about":[{"href":"https:\/\/zlataskrinjica.si\/de\/wp-json\/wp\/v2\/types\/product"}],"replies":[{"embeddable":true,"href":"https:\/\/zlataskrinjica.si\/de\/wp-json\/wp\/v2\/comments?post=3006"}],"version-history":[{"count":0,"href":"https:\/\/zlataskrinjica.si\/de\/wp-json\/wp\/v2\/product\/3006\/revisions"}],"wp:featuredmedia":[{"embeddable":true,"href":"https:\/\/zlataskrinjica.si\/de\/wp-json\/wp\/v2\/media\/3013"}],"wp:attachment":[{"href":"https:\/\/zlataskrinjica.si\/de\/wp-json\/wp\/v2\/media?parent=3006"}],"wp:term":[{"taxonomy":"product_brand","embeddable":true,"href":"https:\/\/zlataskrinjica.si\/de\/wp-json\/wp\/v2\/product_brand?post=3006"},{"taxonomy":"product_cat","embeddable":true,"href":"https:\/\/zlataskrinjica.si\/de\/wp-json\/wp\/v2\/product_cat?post=3006"},{"taxonomy":"product_tag","embeddable":true,"href":"https:\/\/zlataskrinjica.si\/de\/wp-json\/wp\/v2\/product_tag?post=3006"}],"curies":[{"name":"wp","href":"https:\/\/api.w.org\/{rel}","templated":true}]}}