{"id":3476,"date":"2025-09-02T22:13:18","date_gmt":"2025-09-02T20:13:18","guid":{"rendered":"https:\/\/zlataskrinjica.si\/?post_type=product&#038;p=3476"},"modified":"2026-04-22T09:24:05","modified_gmt":"2026-04-22T08:24:05","slug":"personaliziran-komplet-pletena-odejica-ninica","status":"publish","type":"product","link":"https:\/\/zlataskrinjica.si\/de\/product\/personaliziran-komplet-pletena-odejica-ninica\/","title":{"rendered":"Personalisiertes Set: Strickdecke + Ninny"},"content":{"rendered":"<div data-elementor-type=\"product-post\" data-elementor-id=\"3476\" class=\"elementor elementor-3476\" data-elementor-post-type=\"product\">\n\t\t\t\t<div class=\"elementor-element elementor-element-e843075 e-flex e-con-boxed wpr-particle-no wpr-jarallax-no wpr-parallax-no wpr-sticky-section-no wpr-equal-height-no e-con e-parent\" data-id=\"e843075\" data-element_type=\"container\" data-e-type=\"container\">\n\t\t\t\t\t<div class=\"e-con-inner\">\n\t\t\t\t<div class=\"elementor-element elementor-element-118ecbb1 elementor-widget elementor-widget-text-editor\" data-id=\"118ecbb1\" data-element_type=\"widget\" data-e-type=\"widget\" data-widget_type=\"text-editor.default\">\n\t\t\t\t<div class=\"elementor-widget-container\">\n\t\t\t\t\t\t\t\t\t<p data-start=\"209\" data-end=\"280\"><strong data-start=\"209\" data-end=\"278\">Personalisiertes Set: Strickdecke + P\u00fcppchen aus 100 % Baumwolle<\/strong><\/p>\r\n<p data-start=\"282\" data-end=\"458\">Das perfekte Geschenk f\u00fcr die Kleinen.<br data-start=\"312\" data-end=\"315\" \/>Unser <strong data-start=\"319\" data-end=\"356\">eine Reihe von gestrickten Decken und Nylons<\/strong> besteht aus <strong data-start=\"371\" data-end=\"398\">100 % Baumwolle<\/strong>Das Material ist weich, atmungsaktiv und sicher f\u00fcr die zarte Babyhaut.<\/p>\r\n<p data-start=\"460\" data-end=\"717\">Die Decke und der Ninny sind in sanften Farben aufeinander abgestimmt und bilden ein wundersch\u00f6nes Set, das das Baby zu Hause, unterwegs oder vor dem Schlafengehen w\u00e4rmt und beruhigt.<br data-start=\"594\" data-end=\"597\" \/>Personalisierung mit <strong data-start=\"617\" data-end=\"648\">ein Name oder eine besondere Inschrift<\/strong> und das Set wird zu einer unvergesslichen Erinnerung und einem Geschenk, das f\u00fcr immer bleibt.<\/p>\r\n<p data-start=\"719\" data-end=\"742\"><strong data-start=\"721\" data-end=\"740\">Verf\u00fcgbare Farben:<\/strong><\/p>\r\n\r\n<ul data-start=\"743\" data-end=\"816\">\r\n \t<li data-start=\"743\" data-end=\"755\">\r\n<p data-start=\"745\" data-end=\"755\">Blau<\/p>\r\n<\/li>\r\n \t<li data-start=\"756\" data-end=\"766\">\r\n<p data-start=\"758\" data-end=\"766\">\u00a0Beige<\/p>\r\n<\/li>\r\n \t<li data-start=\"767\" data-end=\"786\">\r\n<p data-start=\"769\" data-end=\"786\">\u00a0Schmutziges Rosa<\/p>\r\n<\/li>\r\n \t<li data-start=\"787\" data-end=\"816\">\r\n<p data-start=\"789\" data-end=\"816\">\u00a0Beige mit farbigen Details<\/p>\r\n<\/li>\r\n<\/ul>\r\n<p data-start=\"818\" data-end=\"851\"><strong data-start=\"820\" data-end=\"849\">Warum sollten Sie sich f\u00fcr diesen Bausatz entscheiden?<\/strong><\/p>\r\n\r\n<ul data-start=\"852\" data-end=\"1116\">\r\n \t<li data-start=\"852\" data-end=\"906\">\r\n<p data-start=\"854\" data-end=\"906\">\u00a0100 % Baumwolle - weich, atmungsaktiv, sicher f\u00fcr Babys<\/p>\r\n<\/li>\r\n \t<li data-start=\"907\" data-end=\"951\">\r\n<p data-start=\"909\" data-end=\"951\">Ein Einfaltspinsel f\u00fcr Komfort und ein Gef\u00fchl der Sicherheit<\/p>\r\n<\/li>\r\n \t<li data-start=\"952\" data-end=\"987\">\r\n<p data-start=\"954\" data-end=\"987\">Eine Decke f\u00fcr W\u00e4rme und Komfort<\/p>\r\n<\/li>\r\n \t<li data-start=\"988\" data-end=\"1052\">\r\n<p data-start=\"990\" data-end=\"1052\">Personalisierung mit einem Namen - ein unvergessliches Geschenk<\/p>\r\n<\/li>\r\n \t<li data-start=\"1053\" data-end=\"1116\">\r\n<p data-start=\"1055\" data-end=\"1116\">Das perfekte Geschenk zur Geburt, Taufe oder zu besonderen Anl\u00e4ssen<\/p>\r\n<\/li>\r\n<\/ul>\r\n<p data-start=\"1118\" data-end=\"1210\">W\u00e4hlen Sie eine Farbe, f\u00fcgen Sie einen Namen hinzu und stellen Sie ein Set zusammen, das jeden Tag w\u00e4rmt und erfreut.<\/p>\t\t\t\t\t\t\t\t<\/div>\n\t\t\t\t<\/div>\n\t\t\t\t\t<\/div>\n\t\t\t\t<\/div>\n\t\t<div class=\"elementor-element elementor-element-5f9b068 e-flex e-con-boxed wpr-particle-no wpr-jarallax-no wpr-parallax-no wpr-sticky-section-no wpr-equal-height-no e-con e-parent\" data-id=\"5f9b068\" data-element_type=\"container\" data-e-type=\"container\">\n\t\t\t\t\t<div class=\"e-con-inner\">\n\t\t\t\t<div class=\"elementor-element elementor-element-670a14f wpr-comment-reply-separate wpr-comment-reply-align-right elementor-widget elementor-widget-wpr-post-comments\" data-id=\"670a14f\" data-element_type=\"widget\" data-e-type=\"widget\" data-widget_type=\"wpr-post-comments.default\">\n\t\t\t\t<div class=\"elementor-widget-container\">\n\t\t\t\t\t<div class=\"wpr-comments-wrap\" id=\"comments\">\t<div id=\"respond\" class=\"comment-respond\">\n\t\t<h3 id=\"wpr-reply-title\" class=\"wpr-comment-reply-title\">Einen Kommentar schreiben <small><a rel=\"nofollow\" id=\"cancel-comment-reply-link\" href=\"\/de\/wp-json\/wp\/v2\/product\/3476#respond\" style=\"display:none;\">Antworten abbrechen<\/a><\/small><\/h3><form action=\"https:\/\/zlataskrinjica.si\/wp-comments-post.php\" method=\"post\" id=\"wpr-comment-form\" class=\"wpr-comment-form wpr-cf-style-1 wpr-cf-no-url\" data-trp-original-action=\"https:\/\/zlataskrinjica.si\/wp-comments-post.php\"><p class=\"comment-notes\"><span id=\"email-notes\">Deine E-Mail-Adresse wird nicht ver\u00f6ffentlicht.<\/span> <span class=\"required-field-message\">Erforderliche Felder sind mit <span class=\"required\">*<\/span> markiert<\/span><\/p><div class=\"wpr-comment-form-text\"><label>Message<span>*<\/span><\/label><textarea name=\"comment\" placeholder=\"Nachricht*\" cols=\"45\" rows=\"8\" maxlength=\"65525\"><\/textarea><\/div><div class=\"wpr-comment-form-fields\"> <div class=\"wpr-comment-form-author\"><label>Name<span>*<\/span><\/label><input type=\"text\" name=\"author\" placeholder=\"Name*\"\/><\/div>\n<div class=\"wpr-comment-form-email\"><label>Email<span>*<\/span><\/label><input type=\"text\" name=\"email\" placeholder=\"Email*\"\/><\/div>\n<\/div>\n<p class=\"form-submit\"><input name=\"submit\" type=\"submit\" id=\"wpr-submit-comment\" class=\"wpr-submit-comment\" value=\"Einen Kommentar abgeben\" \/> <input type='hidden' name='comment_post_ID' value='3476' id='comment_post_ID' \/>\n<input type='hidden' name='comment_parent' id='comment_parent' value='0' \/>\n<\/p><input type=\"hidden\" name=\"trp-form-language\" value=\"de\"\/><\/form>\t<\/div><!-- #respond -->\n\t<\/div>\t\t\t\t<\/div>\n\t\t\t\t<\/div>\n\t\t\t\t\t<\/div>\n\t\t\t\t<\/div>\n\t\t\t\t<\/div>","protected":false},"excerpt":{"rendered":"<p>Strickdecke und Nachthemd aus 100 % Baumwolle mit Personalisierungsm\u00f6glichkeit. Erh\u00e4ltlich in hell- und dunkelblau, beige, schmutzig rosa, gr\u00fcn, wei\u00df und beige mit farbigen Details - das perfekte Geschenk zur Geburt oder Taufe.<\/p>","protected":false},"featured_media":3685,"comment_status":"open","ping_status":"closed","template":"","meta":[],"product_brand":[],"product_cat":[84],"product_tag":[],"class_list":{"0":"post-3476","1":"product","2":"type-product","3":"status-publish","4":"has-post-thumbnail","6":"product_cat-personalizirani-izdelki","8":"first","9":"instock","10":"shipping-taxable","11":"purchasable","12":"product-type-variable"},"yoast_head":"<!-- This site is optimized with the Yoast SEO plugin v27.4 - https:\/\/yoast.com\/product\/yoast-seo-wordpress\/ -->\n<title>Personaliziran komplet: pletena odejica + ninica - Zlata Skrinjica<\/title>\n<meta name=\"description\" content=\"Personaliziran komplet: pletena odejica in ninica iz 100 % bomba\u017ea. Na voljo v barvah modri, be\u017e, umazano roza in be\u017e z detajli. Mehko, varno in popolno darilo za dojen\u010dka.\" \/>\n<meta name=\"robots\" content=\"index, follow, max-snippet:-1, max-image-preview:large, max-video-preview:-1\" \/>\n<link rel=\"canonical\" href=\"https:\/\/zlataskrinjica.si\/de\/product\/personaliziran-komplet-pletena-odejica-ninica\/\" \/>\n<meta property=\"og:locale\" content=\"de_DE\" \/>\n<meta property=\"og:type\" content=\"article\" \/>\n<meta property=\"og:title\" content=\"Personaliziran komplet: pletena odejica + ninica - Zlata Skrinjica\" \/>\n<meta property=\"og:description\" content=\"Personaliziran komplet: pletena odejica in ninica iz 100 % bomba\u017ea. Na voljo v barvah modri, be\u017e, umazano roza in be\u017e z detajli. Mehko, varno in popolno darilo za dojen\u010dka.\" \/>\n<meta property=\"og:url\" content=\"https:\/\/zlataskrinjica.si\/de\/product\/personaliziran-komplet-pletena-odejica-ninica\/\" \/>\n<meta property=\"og:site_name\" content=\"Zlata Skrinjica\" \/>\n<meta property=\"article:publisher\" content=\"https:\/\/www.facebook.com\/profile.php?id=100093598205968\" \/>\n<meta property=\"article:modified_time\" content=\"2026-04-22T08:24:05+00:00\" \/>\n<meta property=\"og:image\" content=\"https:\/\/zlataskrinjica.si\/wp-content\/uploads\/2025\/09\/20251002_ZlataSkrinjica-30.jpg\" \/>\n\t<meta property=\"og:image:width\" content=\"1068\" \/>\n\t<meta property=\"og:image:height\" content=\"1600\" \/>\n\t<meta property=\"og:image:type\" content=\"image\/jpeg\" \/>\n<meta name=\"twitter:card\" content=\"summary_large_image\" \/>\n<meta name=\"twitter:label1\" content=\"Gesch\u00e4tzte Lesezeit\" \/>\n\t<meta name=\"twitter:data1\" content=\"2 Minuten\" \/>\n<script type=\"application\/ld+json\" class=\"yoast-schema-graph\">{\"@context\":\"https:\\\/\\\/schema.org\",\"@graph\":[{\"@type\":\"WebPage\",\"@id\":\"https:\\\/\\\/zlataskrinjica.si\\\/izdelek\\\/personaliziran-komplet-pletena-odejica-ninica\\\/\",\"url\":\"https:\\\/\\\/zlataskrinjica.si\\\/izdelek\\\/personaliziran-komplet-pletena-odejica-ninica\\\/\",\"name\":\"Personaliziran komplet: pletena odejica + ninica - Zlata Skrinjica\",\"isPartOf\":{\"@id\":\"https:\\\/\\\/zlataskrinjica.si\\\/#website\"},\"primaryImageOfPage\":{\"@id\":\"https:\\\/\\\/zlataskrinjica.si\\\/izdelek\\\/personaliziran-komplet-pletena-odejica-ninica\\\/#primaryimage\"},\"image\":{\"@id\":\"https:\\\/\\\/zlataskrinjica.si\\\/izdelek\\\/personaliziran-komplet-pletena-odejica-ninica\\\/#primaryimage\"},\"thumbnailUrl\":\"https:\\\/\\\/zlataskrinjica.si\\\/wp-content\\\/uploads\\\/2025\\\/09\\\/20251002_ZlataSkrinjica-30.jpg\",\"datePublished\":\"2025-09-02T20:13:18+00:00\",\"dateModified\":\"2026-04-22T08:24:05+00:00\",\"description\":\"Personaliziran komplet: pletena odejica in ninica iz 100 % bomba\u017ea. Na voljo v barvah modri, be\u017e, umazano roza in be\u017e z detajli. Mehko, varno in popolno darilo za dojen\u010dka.\",\"breadcrumb\":{\"@id\":\"https:\\\/\\\/zlataskrinjica.si\\\/izdelek\\\/personaliziran-komplet-pletena-odejica-ninica\\\/#breadcrumb\"},\"inLanguage\":\"de-AT\",\"potentialAction\":[{\"@type\":\"ReadAction\",\"target\":[\"https:\\\/\\\/zlataskrinjica.si\\\/izdelek\\\/personaliziran-komplet-pletena-odejica-ninica\\\/\"]}]},{\"@type\":\"ImageObject\",\"inLanguage\":\"de-AT\",\"@id\":\"https:\\\/\\\/zlataskrinjica.si\\\/izdelek\\\/personaliziran-komplet-pletena-odejica-ninica\\\/#primaryimage\",\"url\":\"https:\\\/\\\/zlataskrinjica.si\\\/wp-content\\\/uploads\\\/2025\\\/09\\\/20251002_ZlataSkrinjica-30.jpg\",\"contentUrl\":\"https:\\\/\\\/zlataskrinjica.si\\\/wp-content\\\/uploads\\\/2025\\\/09\\\/20251002_ZlataSkrinjica-30.jpg\",\"width\":1068,\"height\":1600,\"caption\":\"Personaliziran pleten komplet: odejica + ninica\"},{\"@type\":\"BreadcrumbList\",\"@id\":\"https:\\\/\\\/zlataskrinjica.si\\\/izdelek\\\/personaliziran-komplet-pletena-odejica-ninica\\\/#breadcrumb\",\"itemListElement\":[{\"@type\":\"ListItem\",\"position\":1,\"name\":\"Home\",\"item\":\"https:\\\/\\\/zlataskrinjica.si\\\/\"},{\"@type\":\"ListItem\",\"position\":2,\"name\":\"IZDELKI\",\"item\":\"https:\\\/\\\/zlataskrinjica.si\\\/trgovina\\\/\"},{\"@type\":\"ListItem\",\"position\":3,\"name\":\"Personaliziran komplet: pletena odejica + ninica\"}]},{\"@type\":\"WebSite\",\"@id\":\"https:\\\/\\\/zlataskrinjica.si\\\/#website\",\"url\":\"https:\\\/\\\/zlataskrinjica.si\\\/\",\"name\":\"Zlata Skrinjica\",\"description\":\"Male dragocenosti za na\u0161e zaklade\",\"publisher\":{\"@id\":\"https:\\\/\\\/zlataskrinjica.si\\\/#organization\"},\"potentialAction\":[{\"@type\":\"SearchAction\",\"target\":{\"@type\":\"EntryPoint\",\"urlTemplate\":\"https:\\\/\\\/zlataskrinjica.si\\\/?s={search_term_string}\"},\"query-input\":{\"@type\":\"PropertyValueSpecification\",\"valueRequired\":true,\"valueName\":\"search_term_string\"}}],\"inLanguage\":\"de-AT\"},{\"@type\":\"Organization\",\"@id\":\"https:\\\/\\\/zlataskrinjica.si\\\/#organization\",\"name\":\"Zlata Skrinjica\",\"url\":\"https:\\\/\\\/zlataskrinjica.si\\\/\",\"logo\":{\"@type\":\"ImageObject\",\"inLanguage\":\"de-AT\",\"@id\":\"https:\\\/\\\/zlataskrinjica.si\\\/#\\\/schema\\\/logo\\\/image\\\/\",\"url\":\"https:\\\/\\\/zlataskrinjica.si\\\/wp-content\\\/uploads\\\/2020\\\/11\\\/cropped-cropped-cropped-cropped-zlataskrinjica_logo1-1.png\",\"contentUrl\":\"https:\\\/\\\/zlataskrinjica.si\\\/wp-content\\\/uploads\\\/2020\\\/11\\\/cropped-cropped-cropped-cropped-zlataskrinjica_logo1-1.png\",\"width\":512,\"height\":345,\"caption\":\"Zlata Skrinjica\"},\"image\":{\"@id\":\"https:\\\/\\\/zlataskrinjica.si\\\/#\\\/schema\\\/logo\\\/image\\\/\"},\"sameAs\":[\"https:\\\/\\\/www.facebook.com\\\/profile.php?id=100093598205968\",\"https:\\\/\\\/www.tiktok.com\\\/@zlataskrinjica?_t=8on7QxDWE64&_r=1\"]}]}<\/script>\n<!-- \/ Yoast SEO plugin. -->","yoast_head_json":{"title":"Personaliziran komplet: pletena odejica + ninica - Zlata Skrinjica","description":"Personaliziran komplet: pletena odejica in ninica iz 100 % bomba\u017ea. Na voljo v barvah modri, be\u017e, umazano roza in be\u017e z detajli. Mehko, varno in popolno darilo za dojen\u010dka.","robots":{"index":"index","follow":"follow","max-snippet":"max-snippet:-1","max-image-preview":"max-image-preview:large","max-video-preview":"max-video-preview:-1"},"canonical":"https:\/\/zlataskrinjica.si\/de\/product\/personaliziran-komplet-pletena-odejica-ninica\/","og_locale":"de_DE","og_type":"article","og_title":"Personaliziran komplet: pletena odejica + ninica - Zlata Skrinjica","og_description":"Personaliziran komplet: pletena odejica in ninica iz 100 % bomba\u017ea. Na voljo v barvah modri, be\u017e, umazano roza in be\u017e z detajli. Mehko, varno in popolno darilo za dojen\u010dka.","og_url":"https:\/\/zlataskrinjica.si\/de\/product\/personaliziran-komplet-pletena-odejica-ninica\/","og_site_name":"Zlata Skrinjica","article_publisher":"https:\/\/www.facebook.com\/profile.php?id=100093598205968","article_modified_time":"2026-04-22T08:24:05+00:00","og_image":[{"width":1068,"height":1600,"url":"https:\/\/zlataskrinjica.si\/wp-content\/uploads\/2025\/09\/20251002_ZlataSkrinjica-30.jpg","type":"image\/jpeg"}],"twitter_card":"summary_large_image","twitter_misc":{"Gesch\u00e4tzte Lesezeit":"2 Minuten"},"schema":{"@context":"https:\/\/schema.org","@graph":[{"@type":"WebPage","@id":"https:\/\/zlataskrinjica.si\/izdelek\/personaliziran-komplet-pletena-odejica-ninica\/","url":"https:\/\/zlataskrinjica.si\/izdelek\/personaliziran-komplet-pletena-odejica-ninica\/","name":"Personaliziran komplet: pletena odejica + ninica - Zlata Skrinjica","isPartOf":{"@id":"https:\/\/zlataskrinjica.si\/#website"},"primaryImageOfPage":{"@id":"https:\/\/zlataskrinjica.si\/izdelek\/personaliziran-komplet-pletena-odejica-ninica\/#primaryimage"},"image":{"@id":"https:\/\/zlataskrinjica.si\/izdelek\/personaliziran-komplet-pletena-odejica-ninica\/#primaryimage"},"thumbnailUrl":"https:\/\/zlataskrinjica.si\/wp-content\/uploads\/2025\/09\/20251002_ZlataSkrinjica-30.jpg","datePublished":"2025-09-02T20:13:18+00:00","dateModified":"2026-04-22T08:24:05+00:00","description":"Personaliziran komplet: pletena odejica in ninica iz 100 % bomba\u017ea. Na voljo v barvah modri, be\u017e, umazano roza in be\u017e z detajli. Mehko, varno in popolno darilo za dojen\u010dka.","breadcrumb":{"@id":"https:\/\/zlataskrinjica.si\/izdelek\/personaliziran-komplet-pletena-odejica-ninica\/#breadcrumb"},"inLanguage":"de-AT","potentialAction":[{"@type":"ReadAction","target":["https:\/\/zlataskrinjica.si\/izdelek\/personaliziran-komplet-pletena-odejica-ninica\/"]}]},{"@type":"ImageObject","inLanguage":"de-AT","@id":"https:\/\/zlataskrinjica.si\/izdelek\/personaliziran-komplet-pletena-odejica-ninica\/#primaryimage","url":"https:\/\/zlataskrinjica.si\/wp-content\/uploads\/2025\/09\/20251002_ZlataSkrinjica-30.jpg","contentUrl":"https:\/\/zlataskrinjica.si\/wp-content\/uploads\/2025\/09\/20251002_ZlataSkrinjica-30.jpg","width":1068,"height":1600,"caption":"Personaliziran pleten komplet: odejica + ninica"},{"@type":"BreadcrumbList","@id":"https:\/\/zlataskrinjica.si\/izdelek\/personaliziran-komplet-pletena-odejica-ninica\/#breadcrumb","itemListElement":[{"@type":"ListItem","position":1,"name":"Home","item":"https:\/\/zlataskrinjica.si\/"},{"@type":"ListItem","position":2,"name":"IZDELKI","item":"https:\/\/zlataskrinjica.si\/trgovina\/"},{"@type":"ListItem","position":3,"name":"Personaliziran komplet: pletena odejica + ninica"}]},{"@type":"WebSite","@id":"https:\/\/zlataskrinjica.si\/#website","url":"https:\/\/zlataskrinjica.si\/","name":"Goldene Schachtel","description":"M\u00e4nnliche Sch\u00e4tze f\u00fcr unsere Stiftungen","publisher":{"@id":"https:\/\/zlataskrinjica.si\/#organization"},"potentialAction":[{"@type":"SearchAction","target":{"@type":"EntryPoint","urlTemplate":"https:\/\/zlataskrinjica.si\/?s={search_term_string}"},"query-input":{"@type":"PropertyValueSpecification","valueRequired":true,"valueName":"search_term_string"}}],"inLanguage":"de-AT"},{"@type":"Organization","@id":"https:\/\/zlataskrinjica.si\/#organization","name":"Goldene Schachtel","url":"https:\/\/zlataskrinjica.si\/","logo":{"@type":"ImageObject","inLanguage":"de-AT","@id":"https:\/\/zlataskrinjica.si\/#\/schema\/logo\/image\/","url":"https:\/\/zlataskrinjica.si\/wp-content\/uploads\/2020\/11\/cropped-cropped-cropped-cropped-zlataskrinjica_logo1-1.png","contentUrl":"https:\/\/zlataskrinjica.si\/wp-content\/uploads\/2020\/11\/cropped-cropped-cropped-cropped-zlataskrinjica_logo1-1.png","width":512,"height":345,"caption":"Zlata Skrinjica"},"image":{"@id":"https:\/\/zlataskrinjica.si\/#\/schema\/logo\/image\/"},"sameAs":["https:\/\/www.facebook.com\/profile.php?id=100093598205968","https:\/\/www.tiktok.com\/@zlataskrinjica?_t=8on7QxDWE64&_r=1"]}]}},"acf":[],"jetpack_sharing_enabled":true,"_links":{"self":[{"href":"https:\/\/zlataskrinjica.si\/de\/wp-json\/wp\/v2\/product\/3476","targetHints":{"allow":["GET"]}}],"collection":[{"href":"https:\/\/zlataskrinjica.si\/de\/wp-json\/wp\/v2\/product"}],"about":[{"href":"https:\/\/zlataskrinjica.si\/de\/wp-json\/wp\/v2\/types\/product"}],"replies":[{"embeddable":true,"href":"https:\/\/zlataskrinjica.si\/de\/wp-json\/wp\/v2\/comments?post=3476"}],"version-history":[{"count":6,"href":"https:\/\/zlataskrinjica.si\/de\/wp-json\/wp\/v2\/product\/3476\/revisions"}],"predecessor-version":[{"id":4305,"href":"https:\/\/zlataskrinjica.si\/de\/wp-json\/wp\/v2\/product\/3476\/revisions\/4305"}],"wp:featuredmedia":[{"embeddable":true,"href":"https:\/\/zlataskrinjica.si\/de\/wp-json\/wp\/v2\/media\/3685"}],"wp:attachment":[{"href":"https:\/\/zlataskrinjica.si\/de\/wp-json\/wp\/v2\/media?parent=3476"}],"wp:term":[{"taxonomy":"product_brand","embeddable":true,"href":"https:\/\/zlataskrinjica.si\/de\/wp-json\/wp\/v2\/product_brand?post=3476"},{"taxonomy":"product_cat","embeddable":true,"href":"https:\/\/zlataskrinjica.si\/de\/wp-json\/wp\/v2\/product_cat?post=3476"},{"taxonomy":"product_tag","embeddable":true,"href":"https:\/\/zlataskrinjica.si\/de\/wp-json\/wp\/v2\/product_tag?post=3476"}],"curies":[{"name":"wp","href":"https:\/\/api.w.org\/{rel}","templated":true}]}}