{"id":3761,"date":"2025-10-09T22:25:06","date_gmt":"2025-10-09T20:25:06","guid":{"rendered":"https:\/\/zlataskrinjica.si\/?post_type=product&#038;p=3761"},"modified":"2026-04-19T07:57:30","modified_gmt":"2026-04-19T06:57:30","slug":"personalizirana-pletena-odejica-zlata-skrinjica","status":"publish","type":"product","link":"https:\/\/zlataskrinjica.si\/de\/product\/personalizirana-pletena-odejica-zlata-skrinjica\/","title":{"rendered":"Personalisierte Strickdecke"},"content":{"rendered":"<p data-start=\"316\" data-end=\"539\">Jedes Kind verdient die W\u00e4rme, die es bei jeder Umarmung sp\u00fcrt. <br data-start=\"380\" data-end=\"383\" \/>Unser <strong data-start=\"388\" data-end=\"423\">Personalisierte Strickdecke<\/strong> Gr\u00f6\u00dfe <strong data-start=\"434\" data-end=\"449\">80 \u00d7 100 cm<\/strong> ist f\u00fcr die sch\u00f6nsten Momente gemacht - erste Tr\u00e4ume, erstes L\u00e4cheln und all die kleinen Erinnerungen dazwischen.<\/p>\n<p data-start=\"541\" data-end=\"722\">Es ist hergestellt aus <strong data-start=\"556\" data-end=\"583\">100 % Baumwolle<\/strong>, Es ist atmungsaktiv, schmiegt sich sanft an die empfindliche Haut und bleibt auch nach vielen W\u00e4schen weich.<br data-start=\"665\" data-end=\"668\" \/>Perfekt f\u00fcr den Kinderwagen, die Wiege oder ein Mittagsschl\u00e4fchen.<\/p>\n<p data-start=\"724\" data-end=\"981\">W\u00e4hlen Sie aus sch\u00f6nen Farben - <strong data-start=\"757\" data-end=\"785\">blau, beige, schmutzig rosa<\/strong> oder <strong data-start=\"790\" data-end=\"816\">beige mit farbigen Details<\/strong> - Jeder Farbton hat seinen ganz eigenen Charme.<br data-start=\"854\" data-end=\"857\" \/>Z <strong data-start=\"859\" data-end=\"891\">gestickter Name oder Aufschrift<\/strong> wird der Quilt ganz pers\u00f6nlich - ein Unikat, das das Herz erw\u00e4rmt und eine bleibende Erinnerung ist.<\/p>\n<p data-start=\"983\" data-end=\"1045\"><em data-start=\"986\" data-end=\"1043\">Eine wunderbare Geschenkidee zur Geburt oder Taufe.<\/em><\/p>","protected":false},"excerpt":{"rendered":"<p>Personalisierte Strickdecke aus 100 % Baumwolle, Gr\u00f6\u00dfe 80 \u00d7 100 cm.<br data-start=\"1147\" data-end=\"1150\" \/>Erh\u00e4ltlich in blau, beige, schmutzigrosa, beige mit farbigen Details, wei\u00df und gr\u00fcn.<br data-start=\"1212\" data-end=\"1215\" \/>Sanft, warm und perfekt f\u00fcr ein Geburtsgeschenk oder die ersten Momente zu Hause.<\/p>","protected":false},"featured_media":3770,"comment_status":"open","ping_status":"closed","template":"","meta":[],"product_brand":[],"product_cat":[25,84],"product_tag":[],"class_list":{"0":"post-3761","1":"product","2":"type-product","3":"status-publish","4":"has-post-thumbnail","6":"product_cat-izdelki","7":"product_cat-personalizirani-izdelki","9":"first","10":"instock","11":"shipping-taxable","12":"purchasable","13":"product-type-variable"},"yoast_head":"<!-- This site is optimized with the Yoast SEO plugin v27.4 - https:\/\/yoast.com\/product\/yoast-seo-wordpress\/ -->\n<title>Personalizirana pletena odejica - Zlata Skrinjica<\/title>\n<meta name=\"description\" content=\"Personalizirana pletena odejica iz 100 % bomba\u017ea. Na voljo v modri, be\u017e, umazano roza, be\u017e z barvnimi detajli, zeleni in beli barvi. Mehka, topla in popolnoma osebna \u2013 z izvezenim imenom.\" \/>\n<meta name=\"robots\" content=\"index, follow, max-snippet:-1, max-image-preview:large, max-video-preview:-1\" \/>\n<link rel=\"canonical\" href=\"https:\/\/zlataskrinjica.si\/de\/product\/personalizirana-pletena-odejica-zlata-skrinjica\/\" \/>\n<meta property=\"og:locale\" content=\"de_DE\" \/>\n<meta property=\"og:type\" content=\"article\" \/>\n<meta property=\"og:title\" content=\"Personalizirana pletena odejica - Zlata Skrinjica\" \/>\n<meta property=\"og:description\" content=\"Personalizirana pletena odejica iz 100 % bomba\u017ea. Na voljo v modri, be\u017e, umazano roza, be\u017e z barvnimi detajli, zeleni in beli barvi. Mehka, topla in popolnoma osebna \u2013 z izvezenim imenom.\" \/>\n<meta property=\"og:url\" content=\"https:\/\/zlataskrinjica.si\/de\/product\/personalizirana-pletena-odejica-zlata-skrinjica\/\" \/>\n<meta property=\"og:site_name\" content=\"Zlata Skrinjica\" \/>\n<meta property=\"article:publisher\" content=\"https:\/\/www.facebook.com\/profile.php?id=100093598205968\" \/>\n<meta property=\"article:modified_time\" content=\"2026-04-19T06:57:30+00:00\" \/>\n<meta property=\"og:image\" content=\"https:\/\/zlataskrinjica.si\/wp-content\/uploads\/2025\/10\/20251002_ZlataSkrinjica-82.jpg\" \/>\n\t<meta property=\"og:image:width\" content=\"1068\" \/>\n\t<meta property=\"og:image:height\" content=\"1600\" \/>\n\t<meta property=\"og:image:type\" content=\"image\/jpeg\" \/>\n<meta name=\"twitter:card\" content=\"summary_large_image\" \/>\n<meta name=\"twitter:label1\" content=\"Gesch\u00e4tzte Lesezeit\" \/>\n\t<meta name=\"twitter:data1\" content=\"1 Minute\" \/>\n<script type=\"application\/ld+json\" class=\"yoast-schema-graph\">{\"@context\":\"https:\\\/\\\/schema.org\",\"@graph\":[{\"@type\":\"WebPage\",\"@id\":\"https:\\\/\\\/zlataskrinjica.si\\\/izdelek\\\/personalizirana-pletena-odejica-zlata-skrinjica\\\/\",\"url\":\"https:\\\/\\\/zlataskrinjica.si\\\/izdelek\\\/personalizirana-pletena-odejica-zlata-skrinjica\\\/\",\"name\":\"Personalizirana pletena odejica - Zlata Skrinjica\",\"isPartOf\":{\"@id\":\"https:\\\/\\\/zlataskrinjica.si\\\/#website\"},\"primaryImageOfPage\":{\"@id\":\"https:\\\/\\\/zlataskrinjica.si\\\/izdelek\\\/personalizirana-pletena-odejica-zlata-skrinjica\\\/#primaryimage\"},\"image\":{\"@id\":\"https:\\\/\\\/zlataskrinjica.si\\\/izdelek\\\/personalizirana-pletena-odejica-zlata-skrinjica\\\/#primaryimage\"},\"thumbnailUrl\":\"https:\\\/\\\/zlataskrinjica.si\\\/wp-content\\\/uploads\\\/2025\\\/10\\\/20251002_ZlataSkrinjica-82.jpg\",\"datePublished\":\"2025-10-09T20:25:06+00:00\",\"dateModified\":\"2026-04-19T06:57:30+00:00\",\"description\":\"Personalizirana pletena odejica iz 100 % bomba\u017ea. Na voljo v modri, be\u017e, umazano roza, be\u017e z barvnimi detajli, zeleni in beli barvi. Mehka, topla in popolnoma osebna \u2013 z izvezenim imenom.\",\"breadcrumb\":{\"@id\":\"https:\\\/\\\/zlataskrinjica.si\\\/izdelek\\\/personalizirana-pletena-odejica-zlata-skrinjica\\\/#breadcrumb\"},\"inLanguage\":\"de-AT\",\"potentialAction\":[{\"@type\":\"ReadAction\",\"target\":[\"https:\\\/\\\/zlataskrinjica.si\\\/izdelek\\\/personalizirana-pletena-odejica-zlata-skrinjica\\\/\"]}]},{\"@type\":\"ImageObject\",\"inLanguage\":\"de-AT\",\"@id\":\"https:\\\/\\\/zlataskrinjica.si\\\/izdelek\\\/personalizirana-pletena-odejica-zlata-skrinjica\\\/#primaryimage\",\"url\":\"https:\\\/\\\/zlataskrinjica.si\\\/wp-content\\\/uploads\\\/2025\\\/10\\\/20251002_ZlataSkrinjica-82.jpg\",\"contentUrl\":\"https:\\\/\\\/zlataskrinjica.si\\\/wp-content\\\/uploads\\\/2025\\\/10\\\/20251002_ZlataSkrinjica-82.jpg\",\"width\":1068,\"height\":1600},{\"@type\":\"BreadcrumbList\",\"@id\":\"https:\\\/\\\/zlataskrinjica.si\\\/izdelek\\\/personalizirana-pletena-odejica-zlata-skrinjica\\\/#breadcrumb\",\"itemListElement\":[{\"@type\":\"ListItem\",\"position\":1,\"name\":\"Home\",\"item\":\"https:\\\/\\\/zlataskrinjica.si\\\/\"},{\"@type\":\"ListItem\",\"position\":2,\"name\":\"IZDELKI\",\"item\":\"https:\\\/\\\/zlataskrinjica.si\\\/trgovina\\\/\"},{\"@type\":\"ListItem\",\"position\":3,\"name\":\"Personalizirana pletena odejica\"}]},{\"@type\":\"WebSite\",\"@id\":\"https:\\\/\\\/zlataskrinjica.si\\\/#website\",\"url\":\"https:\\\/\\\/zlataskrinjica.si\\\/\",\"name\":\"Zlata Skrinjica\",\"description\":\"Male dragocenosti za na\u0161e zaklade\",\"publisher\":{\"@id\":\"https:\\\/\\\/zlataskrinjica.si\\\/#organization\"},\"potentialAction\":[{\"@type\":\"SearchAction\",\"target\":{\"@type\":\"EntryPoint\",\"urlTemplate\":\"https:\\\/\\\/zlataskrinjica.si\\\/?s={search_term_string}\"},\"query-input\":{\"@type\":\"PropertyValueSpecification\",\"valueRequired\":true,\"valueName\":\"search_term_string\"}}],\"inLanguage\":\"de-AT\"},{\"@type\":\"Organization\",\"@id\":\"https:\\\/\\\/zlataskrinjica.si\\\/#organization\",\"name\":\"Zlata Skrinjica\",\"url\":\"https:\\\/\\\/zlataskrinjica.si\\\/\",\"logo\":{\"@type\":\"ImageObject\",\"inLanguage\":\"de-AT\",\"@id\":\"https:\\\/\\\/zlataskrinjica.si\\\/#\\\/schema\\\/logo\\\/image\\\/\",\"url\":\"https:\\\/\\\/zlataskrinjica.si\\\/wp-content\\\/uploads\\\/2020\\\/11\\\/cropped-cropped-cropped-cropped-zlataskrinjica_logo1-1.png\",\"contentUrl\":\"https:\\\/\\\/zlataskrinjica.si\\\/wp-content\\\/uploads\\\/2020\\\/11\\\/cropped-cropped-cropped-cropped-zlataskrinjica_logo1-1.png\",\"width\":512,\"height\":345,\"caption\":\"Zlata Skrinjica\"},\"image\":{\"@id\":\"https:\\\/\\\/zlataskrinjica.si\\\/#\\\/schema\\\/logo\\\/image\\\/\"},\"sameAs\":[\"https:\\\/\\\/www.facebook.com\\\/profile.php?id=100093598205968\",\"https:\\\/\\\/www.tiktok.com\\\/@zlataskrinjica?_t=8on7QxDWE64&_r=1\"]}]}<\/script>\n<!-- \/ Yoast SEO plugin. -->","yoast_head_json":{"title":"Personalizirana pletena odejica - Zlata Skrinjica","description":"Personalizirana pletena odejica iz 100 % bomba\u017ea. Na voljo v modri, be\u017e, umazano roza, be\u017e z barvnimi detajli, zeleni in beli barvi. Mehka, topla in popolnoma osebna \u2013 z izvezenim imenom.","robots":{"index":"index","follow":"follow","max-snippet":"max-snippet:-1","max-image-preview":"max-image-preview:large","max-video-preview":"max-video-preview:-1"},"canonical":"https:\/\/zlataskrinjica.si\/de\/product\/personalizirana-pletena-odejica-zlata-skrinjica\/","og_locale":"de_DE","og_type":"article","og_title":"Personalizirana pletena odejica - Zlata Skrinjica","og_description":"Personalizirana pletena odejica iz 100 % bomba\u017ea. Na voljo v modri, be\u017e, umazano roza, be\u017e z barvnimi detajli, zeleni in beli barvi. Mehka, topla in popolnoma osebna \u2013 z izvezenim imenom.","og_url":"https:\/\/zlataskrinjica.si\/de\/product\/personalizirana-pletena-odejica-zlata-skrinjica\/","og_site_name":"Zlata Skrinjica","article_publisher":"https:\/\/www.facebook.com\/profile.php?id=100093598205968","article_modified_time":"2026-04-19T06:57:30+00:00","og_image":[{"width":1068,"height":1600,"url":"https:\/\/zlataskrinjica.si\/wp-content\/uploads\/2025\/10\/20251002_ZlataSkrinjica-82.jpg","type":"image\/jpeg"}],"twitter_card":"summary_large_image","twitter_misc":{"Gesch\u00e4tzte Lesezeit":"1 Minute"},"schema":{"@context":"https:\/\/schema.org","@graph":[{"@type":"WebPage","@id":"https:\/\/zlataskrinjica.si\/izdelek\/personalizirana-pletena-odejica-zlata-skrinjica\/","url":"https:\/\/zlataskrinjica.si\/izdelek\/personalizirana-pletena-odejica-zlata-skrinjica\/","name":"Personalizirana pletena odejica - Zlata Skrinjica","isPartOf":{"@id":"https:\/\/zlataskrinjica.si\/#website"},"primaryImageOfPage":{"@id":"https:\/\/zlataskrinjica.si\/izdelek\/personalizirana-pletena-odejica-zlata-skrinjica\/#primaryimage"},"image":{"@id":"https:\/\/zlataskrinjica.si\/izdelek\/personalizirana-pletena-odejica-zlata-skrinjica\/#primaryimage"},"thumbnailUrl":"https:\/\/zlataskrinjica.si\/wp-content\/uploads\/2025\/10\/20251002_ZlataSkrinjica-82.jpg","datePublished":"2025-10-09T20:25:06+00:00","dateModified":"2026-04-19T06:57:30+00:00","description":"Personalizirana pletena odejica iz 100 % bomba\u017ea. Na voljo v modri, be\u017e, umazano roza, be\u017e z barvnimi detajli, zeleni in beli barvi. Mehka, topla in popolnoma osebna \u2013 z izvezenim imenom.","breadcrumb":{"@id":"https:\/\/zlataskrinjica.si\/izdelek\/personalizirana-pletena-odejica-zlata-skrinjica\/#breadcrumb"},"inLanguage":"de-AT","potentialAction":[{"@type":"ReadAction","target":["https:\/\/zlataskrinjica.si\/izdelek\/personalizirana-pletena-odejica-zlata-skrinjica\/"]}]},{"@type":"ImageObject","inLanguage":"de-AT","@id":"https:\/\/zlataskrinjica.si\/izdelek\/personalizirana-pletena-odejica-zlata-skrinjica\/#primaryimage","url":"https:\/\/zlataskrinjica.si\/wp-content\/uploads\/2025\/10\/20251002_ZlataSkrinjica-82.jpg","contentUrl":"https:\/\/zlataskrinjica.si\/wp-content\/uploads\/2025\/10\/20251002_ZlataSkrinjica-82.jpg","width":1068,"height":1600},{"@type":"BreadcrumbList","@id":"https:\/\/zlataskrinjica.si\/izdelek\/personalizirana-pletena-odejica-zlata-skrinjica\/#breadcrumb","itemListElement":[{"@type":"ListItem","position":1,"name":"Home","item":"https:\/\/zlataskrinjica.si\/"},{"@type":"ListItem","position":2,"name":"IZDELKI","item":"https:\/\/zlataskrinjica.si\/trgovina\/"},{"@type":"ListItem","position":3,"name":"Personalizirana pletena odejica"}]},{"@type":"WebSite","@id":"https:\/\/zlataskrinjica.si\/#website","url":"https:\/\/zlataskrinjica.si\/","name":"Goldene Schachtel","description":"M\u00e4nnliche Sch\u00e4tze f\u00fcr unsere Stiftungen","publisher":{"@id":"https:\/\/zlataskrinjica.si\/#organization"},"potentialAction":[{"@type":"SearchAction","target":{"@type":"EntryPoint","urlTemplate":"https:\/\/zlataskrinjica.si\/?s={search_term_string}"},"query-input":{"@type":"PropertyValueSpecification","valueRequired":true,"valueName":"search_term_string"}}],"inLanguage":"de-AT"},{"@type":"Organization","@id":"https:\/\/zlataskrinjica.si\/#organization","name":"Goldene Schachtel","url":"https:\/\/zlataskrinjica.si\/","logo":{"@type":"ImageObject","inLanguage":"de-AT","@id":"https:\/\/zlataskrinjica.si\/#\/schema\/logo\/image\/","url":"https:\/\/zlataskrinjica.si\/wp-content\/uploads\/2020\/11\/cropped-cropped-cropped-cropped-zlataskrinjica_logo1-1.png","contentUrl":"https:\/\/zlataskrinjica.si\/wp-content\/uploads\/2020\/11\/cropped-cropped-cropped-cropped-zlataskrinjica_logo1-1.png","width":512,"height":345,"caption":"Zlata Skrinjica"},"image":{"@id":"https:\/\/zlataskrinjica.si\/#\/schema\/logo\/image\/"},"sameAs":["https:\/\/www.facebook.com\/profile.php?id=100093598205968","https:\/\/www.tiktok.com\/@zlataskrinjica?_t=8on7QxDWE64&_r=1"]}]}},"acf":[],"jetpack_sharing_enabled":true,"_links":{"self":[{"href":"https:\/\/zlataskrinjica.si\/de\/wp-json\/wp\/v2\/product\/3761","targetHints":{"allow":["GET"]}}],"collection":[{"href":"https:\/\/zlataskrinjica.si\/de\/wp-json\/wp\/v2\/product"}],"about":[{"href":"https:\/\/zlataskrinjica.si\/de\/wp-json\/wp\/v2\/types\/product"}],"replies":[{"embeddable":true,"href":"https:\/\/zlataskrinjica.si\/de\/wp-json\/wp\/v2\/comments?post=3761"}],"version-history":[{"count":3,"href":"https:\/\/zlataskrinjica.si\/de\/wp-json\/wp\/v2\/product\/3761\/revisions"}],"predecessor-version":[{"id":3923,"href":"https:\/\/zlataskrinjica.si\/de\/wp-json\/wp\/v2\/product\/3761\/revisions\/3923"}],"wp:featuredmedia":[{"embeddable":true,"href":"https:\/\/zlataskrinjica.si\/de\/wp-json\/wp\/v2\/media\/3770"}],"wp:attachment":[{"href":"https:\/\/zlataskrinjica.si\/de\/wp-json\/wp\/v2\/media?parent=3761"}],"wp:term":[{"taxonomy":"product_brand","embeddable":true,"href":"https:\/\/zlataskrinjica.si\/de\/wp-json\/wp\/v2\/product_brand?post=3761"},{"taxonomy":"product_cat","embeddable":true,"href":"https:\/\/zlataskrinjica.si\/de\/wp-json\/wp\/v2\/product_cat?post=3761"},{"taxonomy":"product_tag","embeddable":true,"href":"https:\/\/zlataskrinjica.si\/de\/wp-json\/wp\/v2\/product_tag?post=3761"}],"curies":[{"name":"wp","href":"https:\/\/api.w.org\/{rel}","templated":true}]}}