{"id":196,"date":"2020-04-12T18:17:27","date_gmt":"2020-04-12T18:17:27","guid":{"rendered":"https:\/\/littleworld.si\/?post_type=product&#038;p=196"},"modified":"2025-09-24T14:57:44","modified_gmt":"2025-09-24T12:57:44","slug":"hlace-iz-100-bio-bombaza-bez","status":"publish","type":"product","link":"https:\/\/zlataskrinjica.si\/en\/product\/hlace-iz-100-bio-bombaza-bez\/","title":{"rendered":"BIOBABY TROUSERS BEIGE"},"content":{"rendered":"<p><b>Organic cotton trousers<\/b><\/p>\n<p>- Made from 100% organic cotton, which is comfortable on baby's skin<br \/>\n- Very soft, non-sensitive material<br \/>\n- Comfortable and easy to put on, high waisted<br \/>\n- Useful throughout the day and in all seasons<br \/>\n- For detailed care instructions, check the label on the inside of the garment<\/p>\n<p><b>Maintenance instructions:<\/b><\/p>\n<p>Natural fibres do not require special care. Bio cotton is more durable than conventional cotton, so all prints are machine washable. However, it is essential to check the product-specific instructions for each product.<\/p>\n<p>Do not use bleach.<\/p>","protected":false},"excerpt":{"rendered":"<p>In addition to the organic material, these trousers feature a special design with a high waistband that prevents tightness and discomfort when worn. The waistband is thick and does not irritate the skin. The trousers already have socks sewn in, so the baby's feet will stay warm, especially in the early months when socks are quickly lost from little feet. Baby can move freely and dressing is much easier.<\/p>","protected":false},"featured_media":429,"comment_status":"open","ping_status":"closed","template":"","meta":[],"product_brand":[],"product_cat":[40,25,81],"product_tag":[],"class_list":{"0":"post-196","1":"product","2":"type-product","3":"status-publish","4":"has-post-thumbnail","6":"product_cat-hlace-pajkice","7":"product_cat-izdelki","8":"product_cat-za-dojencke","10":"first","11":"instock","12":"shipping-taxable","13":"purchasable","14":"product-type-variable"},"yoast_head":"<!-- This site is optimized with the Yoast SEO plugin v27.4 - https:\/\/yoast.com\/product\/yoast-seo-wordpress\/ -->\n<title>BIOBABY HLA\u010cE BE\u017d - Zlata Skrinjica<\/title>\n<meta name=\"description\" content=\"Bibobaby hla\u010de v be\u017e barvi. Izdelane iz organskega bomba\u017ea, ki je prijetno za dojen\u010dkovo ko\u017eo. Mehek in udoben material.\" \/>\n<meta name=\"robots\" content=\"index, follow, max-snippet:-1, max-image-preview:large, max-video-preview:-1\" \/>\n<link rel=\"canonical\" href=\"https:\/\/zlataskrinjica.si\/en\/product\/hlace-iz-100-bio-bombaza-bez\/\" \/>\n<meta property=\"og:locale\" content=\"en_GB\" \/>\n<meta property=\"og:type\" content=\"article\" \/>\n<meta property=\"og:title\" content=\"BIOBABY HLA\u010cE BE\u017d - Zlata Skrinjica\" \/>\n<meta property=\"og:description\" content=\"Bibobaby hla\u010de v be\u017e barvi. Izdelane iz organskega bomba\u017ea, ki je prijetno za dojen\u010dkovo ko\u017eo. Mehek in udoben material.\" \/>\n<meta property=\"og:url\" content=\"https:\/\/zlataskrinjica.si\/en\/product\/hlace-iz-100-bio-bombaza-bez\/\" \/>\n<meta property=\"og:site_name\" content=\"Zlata Skrinjica\" \/>\n<meta property=\"article:publisher\" content=\"https:\/\/www.facebook.com\/profile.php?id=100093598205968\" \/>\n<meta property=\"article:modified_time\" content=\"2025-09-24T12:57:44+00:00\" \/>\n<meta property=\"og:image\" content=\"https:\/\/zlataskrinjica.si\/wp-content\/uploads\/2020\/04\/Facetune_03-08-2020-19-52-13.jpg\" \/>\n\t<meta property=\"og:image:width\" content=\"1200\" \/>\n\t<meta property=\"og:image:height\" content=\"1200\" \/>\n\t<meta property=\"og:image:type\" content=\"image\/jpeg\" \/>\n<meta name=\"twitter:card\" content=\"summary_large_image\" \/>\n<meta name=\"twitter:label1\" content=\"Estimated reading time\" \/>\n\t<meta name=\"twitter:data1\" content=\"1 minute\" \/>\n<script type=\"application\/ld+json\" class=\"yoast-schema-graph\">{\"@context\":\"https:\\\/\\\/schema.org\",\"@graph\":[{\"@type\":\"WebPage\",\"@id\":\"https:\\\/\\\/zlataskrinjica.si\\\/izdelek\\\/hlace-iz-100-bio-bombaza-bez\\\/\",\"url\":\"https:\\\/\\\/zlataskrinjica.si\\\/izdelek\\\/hlace-iz-100-bio-bombaza-bez\\\/\",\"name\":\"BIOBABY HLA\u010cE BE\u017d - Zlata Skrinjica\",\"isPartOf\":{\"@id\":\"https:\\\/\\\/zlataskrinjica.si\\\/#website\"},\"primaryImageOfPage\":{\"@id\":\"https:\\\/\\\/zlataskrinjica.si\\\/izdelek\\\/hlace-iz-100-bio-bombaza-bez\\\/#primaryimage\"},\"image\":{\"@id\":\"https:\\\/\\\/zlataskrinjica.si\\\/izdelek\\\/hlace-iz-100-bio-bombaza-bez\\\/#primaryimage\"},\"thumbnailUrl\":\"https:\\\/\\\/zlataskrinjica.si\\\/wp-content\\\/uploads\\\/2020\\\/04\\\/Facetune_03-08-2020-19-52-13.jpg\",\"datePublished\":\"2020-04-12T18:17:27+00:00\",\"dateModified\":\"2025-09-24T12:57:44+00:00\",\"description\":\"Bibobaby hla\u010de v be\u017e barvi. Izdelane iz organskega bomba\u017ea, ki je prijetno za dojen\u010dkovo ko\u017eo. Mehek in udoben material.\",\"breadcrumb\":{\"@id\":\"https:\\\/\\\/zlataskrinjica.si\\\/izdelek\\\/hlace-iz-100-bio-bombaza-bez\\\/#breadcrumb\"},\"inLanguage\":\"en-GB\",\"potentialAction\":[{\"@type\":\"ReadAction\",\"target\":[\"https:\\\/\\\/zlataskrinjica.si\\\/izdelek\\\/hlace-iz-100-bio-bombaza-bez\\\/\"]}]},{\"@type\":\"ImageObject\",\"inLanguage\":\"en-GB\",\"@id\":\"https:\\\/\\\/zlataskrinjica.si\\\/izdelek\\\/hlace-iz-100-bio-bombaza-bez\\\/#primaryimage\",\"url\":\"https:\\\/\\\/zlataskrinjica.si\\\/wp-content\\\/uploads\\\/2020\\\/04\\\/Facetune_03-08-2020-19-52-13.jpg\",\"contentUrl\":\"https:\\\/\\\/zlataskrinjica.si\\\/wp-content\\\/uploads\\\/2020\\\/04\\\/Facetune_03-08-2020-19-52-13.jpg\",\"width\":1200,\"height\":1200},{\"@type\":\"BreadcrumbList\",\"@id\":\"https:\\\/\\\/zlataskrinjica.si\\\/izdelek\\\/hlace-iz-100-bio-bombaza-bez\\\/#breadcrumb\",\"itemListElement\":[{\"@type\":\"ListItem\",\"position\":1,\"name\":\"Home\",\"item\":\"https:\\\/\\\/zlataskrinjica.si\\\/\"},{\"@type\":\"ListItem\",\"position\":2,\"name\":\"IZDELKI\",\"item\":\"https:\\\/\\\/zlataskrinjica.si\\\/trgovina\\\/\"},{\"@type\":\"ListItem\",\"position\":3,\"name\":\"BIOBABY HLA\u010cE BE\u017d\"}]},{\"@type\":\"WebSite\",\"@id\":\"https:\\\/\\\/zlataskrinjica.si\\\/#website\",\"url\":\"https:\\\/\\\/zlataskrinjica.si\\\/\",\"name\":\"Zlata Skrinjica\",\"description\":\"Male dragocenosti za na\u0161e zaklade\",\"publisher\":{\"@id\":\"https:\\\/\\\/zlataskrinjica.si\\\/#organization\"},\"potentialAction\":[{\"@type\":\"SearchAction\",\"target\":{\"@type\":\"EntryPoint\",\"urlTemplate\":\"https:\\\/\\\/zlataskrinjica.si\\\/?s={search_term_string}\"},\"query-input\":{\"@type\":\"PropertyValueSpecification\",\"valueRequired\":true,\"valueName\":\"search_term_string\"}}],\"inLanguage\":\"en-GB\"},{\"@type\":\"Organization\",\"@id\":\"https:\\\/\\\/zlataskrinjica.si\\\/#organization\",\"name\":\"Zlata Skrinjica\",\"url\":\"https:\\\/\\\/zlataskrinjica.si\\\/\",\"logo\":{\"@type\":\"ImageObject\",\"inLanguage\":\"en-GB\",\"@id\":\"https:\\\/\\\/zlataskrinjica.si\\\/#\\\/schema\\\/logo\\\/image\\\/\",\"url\":\"https:\\\/\\\/zlataskrinjica.si\\\/wp-content\\\/uploads\\\/2020\\\/11\\\/cropped-cropped-cropped-cropped-zlataskrinjica_logo1-1.png\",\"contentUrl\":\"https:\\\/\\\/zlataskrinjica.si\\\/wp-content\\\/uploads\\\/2020\\\/11\\\/cropped-cropped-cropped-cropped-zlataskrinjica_logo1-1.png\",\"width\":512,\"height\":345,\"caption\":\"Zlata Skrinjica\"},\"image\":{\"@id\":\"https:\\\/\\\/zlataskrinjica.si\\\/#\\\/schema\\\/logo\\\/image\\\/\"},\"sameAs\":[\"https:\\\/\\\/www.facebook.com\\\/profile.php?id=100093598205968\",\"https:\\\/\\\/www.tiktok.com\\\/@zlataskrinjica?_t=8on7QxDWE64&_r=1\"]}]}<\/script>\n<!-- \/ Yoast SEO plugin. -->","yoast_head_json":{"title":"BIOBABY HLA\u010cE BE\u017d - Zlata Skrinjica","description":"Bibobaby hla\u010de v be\u017e barvi. Izdelane iz organskega bomba\u017ea, ki je prijetno za dojen\u010dkovo ko\u017eo. Mehek in udoben material.","robots":{"index":"index","follow":"follow","max-snippet":"max-snippet:-1","max-image-preview":"max-image-preview:large","max-video-preview":"max-video-preview:-1"},"canonical":"https:\/\/zlataskrinjica.si\/en\/product\/hlace-iz-100-bio-bombaza-bez\/","og_locale":"en_GB","og_type":"article","og_title":"BIOBABY HLA\u010cE BE\u017d - Zlata Skrinjica","og_description":"Bibobaby hla\u010de v be\u017e barvi. Izdelane iz organskega bomba\u017ea, ki je prijetno za dojen\u010dkovo ko\u017eo. Mehek in udoben material.","og_url":"https:\/\/zlataskrinjica.si\/en\/product\/hlace-iz-100-bio-bombaza-bez\/","og_site_name":"Zlata Skrinjica","article_publisher":"https:\/\/www.facebook.com\/profile.php?id=100093598205968","article_modified_time":"2025-09-24T12:57:44+00:00","og_image":[{"width":1200,"height":1200,"url":"https:\/\/zlataskrinjica.si\/wp-content\/uploads\/2020\/04\/Facetune_03-08-2020-19-52-13.jpg","type":"image\/jpeg"}],"twitter_card":"summary_large_image","twitter_misc":{"Estimated reading time":"1 minute"},"schema":{"@context":"https:\/\/schema.org","@graph":[{"@type":"WebPage","@id":"https:\/\/zlataskrinjica.si\/izdelek\/hlace-iz-100-bio-bombaza-bez\/","url":"https:\/\/zlataskrinjica.si\/izdelek\/hlace-iz-100-bio-bombaza-bez\/","name":"BIOBABY HLA\u010cE BE\u017d - Zlata Skrinjica","isPartOf":{"@id":"https:\/\/zlataskrinjica.si\/#website"},"primaryImageOfPage":{"@id":"https:\/\/zlataskrinjica.si\/izdelek\/hlace-iz-100-bio-bombaza-bez\/#primaryimage"},"image":{"@id":"https:\/\/zlataskrinjica.si\/izdelek\/hlace-iz-100-bio-bombaza-bez\/#primaryimage"},"thumbnailUrl":"https:\/\/zlataskrinjica.si\/wp-content\/uploads\/2020\/04\/Facetune_03-08-2020-19-52-13.jpg","datePublished":"2020-04-12T18:17:27+00:00","dateModified":"2025-09-24T12:57:44+00:00","description":"Bibobaby hla\u010de v be\u017e barvi. Izdelane iz organskega bomba\u017ea, ki je prijetno za dojen\u010dkovo ko\u017eo. Mehek in udoben material.","breadcrumb":{"@id":"https:\/\/zlataskrinjica.si\/izdelek\/hlace-iz-100-bio-bombaza-bez\/#breadcrumb"},"inLanguage":"en-GB","potentialAction":[{"@type":"ReadAction","target":["https:\/\/zlataskrinjica.si\/izdelek\/hlace-iz-100-bio-bombaza-bez\/"]}]},{"@type":"ImageObject","inLanguage":"en-GB","@id":"https:\/\/zlataskrinjica.si\/izdelek\/hlace-iz-100-bio-bombaza-bez\/#primaryimage","url":"https:\/\/zlataskrinjica.si\/wp-content\/uploads\/2020\/04\/Facetune_03-08-2020-19-52-13.jpg","contentUrl":"https:\/\/zlataskrinjica.si\/wp-content\/uploads\/2020\/04\/Facetune_03-08-2020-19-52-13.jpg","width":1200,"height":1200},{"@type":"BreadcrumbList","@id":"https:\/\/zlataskrinjica.si\/izdelek\/hlace-iz-100-bio-bombaza-bez\/#breadcrumb","itemListElement":[{"@type":"ListItem","position":1,"name":"Home","item":"https:\/\/zlataskrinjica.si\/"},{"@type":"ListItem","position":2,"name":"IZDELKI","item":"https:\/\/zlataskrinjica.si\/trgovina\/"},{"@type":"ListItem","position":3,"name":"BIOBABY HLA\u010cE BE\u017d"}]},{"@type":"WebSite","@id":"https:\/\/zlataskrinjica.si\/#website","url":"https:\/\/zlataskrinjica.si\/","name":"Golden Box","description":"Small treasures for our little ones","publisher":{"@id":"https:\/\/zlataskrinjica.si\/#organization"},"potentialAction":[{"@type":"SearchAction","target":{"@type":"EntryPoint","urlTemplate":"https:\/\/zlataskrinjica.si\/?s={search_term_string}"},"query-input":{"@type":"PropertyValueSpecification","valueRequired":true,"valueName":"search_term_string"}}],"inLanguage":"en-GB"},{"@type":"Organization","@id":"https:\/\/zlataskrinjica.si\/#organization","name":"Golden Box","url":"https:\/\/zlataskrinjica.si\/","logo":{"@type":"ImageObject","inLanguage":"en-GB","@id":"https:\/\/zlataskrinjica.si\/#\/schema\/logo\/image\/","url":"https:\/\/zlataskrinjica.si\/wp-content\/uploads\/2020\/11\/cropped-cropped-cropped-cropped-zlataskrinjica_logo1-1.png","contentUrl":"https:\/\/zlataskrinjica.si\/wp-content\/uploads\/2020\/11\/cropped-cropped-cropped-cropped-zlataskrinjica_logo1-1.png","width":512,"height":345,"caption":"Zlata Skrinjica"},"image":{"@id":"https:\/\/zlataskrinjica.si\/#\/schema\/logo\/image\/"},"sameAs":["https:\/\/www.facebook.com\/profile.php?id=100093598205968","https:\/\/www.tiktok.com\/@zlataskrinjica?_t=8on7QxDWE64&_r=1"]}]}},"acf":[],"jetpack_sharing_enabled":true,"_links":{"self":[{"href":"https:\/\/zlataskrinjica.si\/en\/wp-json\/wp\/v2\/product\/196","targetHints":{"allow":["GET"]}}],"collection":[{"href":"https:\/\/zlataskrinjica.si\/en\/wp-json\/wp\/v2\/product"}],"about":[{"href":"https:\/\/zlataskrinjica.si\/en\/wp-json\/wp\/v2\/types\/product"}],"replies":[{"embeddable":true,"href":"https:\/\/zlataskrinjica.si\/en\/wp-json\/wp\/v2\/comments?post=196"}],"version-history":[{"count":1,"href":"https:\/\/zlataskrinjica.si\/en\/wp-json\/wp\/v2\/product\/196\/revisions"}],"predecessor-version":[{"id":306,"href":"https:\/\/zlataskrinjica.si\/en\/wp-json\/wp\/v2\/product\/196\/revisions\/306"}],"wp:featuredmedia":[{"embeddable":true,"href":"https:\/\/zlataskrinjica.si\/en\/wp-json\/wp\/v2\/media\/429"}],"wp:attachment":[{"href":"https:\/\/zlataskrinjica.si\/en\/wp-json\/wp\/v2\/media?parent=196"}],"wp:term":[{"taxonomy":"product_brand","embeddable":true,"href":"https:\/\/zlataskrinjica.si\/en\/wp-json\/wp\/v2\/product_brand?post=196"},{"taxonomy":"product_cat","embeddable":true,"href":"https:\/\/zlataskrinjica.si\/en\/wp-json\/wp\/v2\/product_cat?post=196"},{"taxonomy":"product_tag","embeddable":true,"href":"https:\/\/zlataskrinjica.si\/en\/wp-json\/wp\/v2\/product_tag?post=196"}],"curies":[{"name":"wp","href":"https:\/\/api.w.org\/{rel}","templated":true}]}}