{"id":2049,"date":"2023-09-25T09:35:29","date_gmt":"2023-09-25T09:35:29","guid":{"rendered":"https:\/\/zlataskrinjica.si\/?post_type=product&#038;p=2049"},"modified":"2025-07-16T14:54:30","modified_gmt":"2025-07-16T12:54:30","slug":"bunny-set-roza","status":"publish","type":"product","link":"https:\/\/zlataskrinjica.si\/en\/product\/bunny-set-roza\/","title":{"rendered":"BUNNY SET - PINK"},"content":{"rendered":"<p>Material: 95% cotton, 5% elastin<\/p>","protected":false},"excerpt":{"rendered":"<p>The Bunny set is extremely comfortable for our little ones. The set will not hinder their movement, as it is extremely stretchy.<\/p>\n<p>Material: 95% cotton, 5% elastin.<\/p>","protected":false},"featured_media":2037,"comment_status":"open","ping_status":"closed","template":"","meta":[],"product_brand":[],"product_cat":[43,25,81],"product_tag":[],"class_list":{"0":"post-2049","1":"product","2":"type-product","3":"status-publish","4":"has-post-thumbnail","6":"product_cat-dolgi-kompletki","7":"product_cat-izdelki","8":"product_cat-za-dojencke","10":"first","11":"instock","12":"shipping-taxable","13":"purchasable","14":"product-type-variable"},"yoast_head":"<!-- This site is optimized with the Yoast SEO plugin v27.4 - https:\/\/yoast.com\/product\/yoast-seo-wordpress\/ -->\n<title>BUNNY SET - ROZA - Zlata Skrinjica<\/title>\n<meta name=\"robots\" content=\"index, follow, max-snippet:-1, max-image-preview:large, max-video-preview:-1\" \/>\n<link rel=\"canonical\" href=\"https:\/\/zlataskrinjica.si\/en\/product\/bunny-set-roza\/\" \/>\n<meta property=\"og:locale\" content=\"en_GB\" \/>\n<meta property=\"og:type\" content=\"article\" \/>\n<meta property=\"og:title\" content=\"BUNNY SET - ROZA - Zlata Skrinjica\" \/>\n<meta property=\"og:description\" content=\"Bunny set je izredno udoben, za na\u0161e male nadobudne\u017ee. Kompletek jih ne bo oviral pri gibanju, sej je izredno raztegljiv.  Material: 95% bomba\u017e, 5% elastin.\" \/>\n<meta property=\"og:url\" content=\"https:\/\/zlataskrinjica.si\/en\/product\/bunny-set-roza\/\" \/>\n<meta property=\"og:site_name\" content=\"Zlata Skrinjica\" \/>\n<meta property=\"article:publisher\" content=\"https:\/\/www.facebook.com\/profile.php?id=100093598205968\" \/>\n<meta property=\"article:modified_time\" content=\"2025-07-16T12:54:30+00:00\" \/>\n<meta property=\"og:image\" content=\"https:\/\/zlataskrinjica.si\/wp-content\/uploads\/2023\/09\/9bd1f49e132d14833d55d09d3ced1a2f.jpg\" \/>\n\t<meta property=\"og:image:width\" content=\"679\" \/>\n\t<meta property=\"og:image:height\" content=\"719\" \/>\n\t<meta property=\"og:image:type\" content=\"image\/jpeg\" \/>\n<meta name=\"twitter:card\" content=\"summary_large_image\" \/>\n<script type=\"application\/ld+json\" class=\"yoast-schema-graph\">{\"@context\":\"https:\\\/\\\/schema.org\",\"@graph\":[{\"@type\":\"WebPage\",\"@id\":\"https:\\\/\\\/zlataskrinjica.si\\\/izdelek\\\/bunny-set-roza\\\/\",\"url\":\"https:\\\/\\\/zlataskrinjica.si\\\/izdelek\\\/bunny-set-roza\\\/\",\"name\":\"BUNNY SET - ROZA - Zlata Skrinjica\",\"isPartOf\":{\"@id\":\"https:\\\/\\\/zlataskrinjica.si\\\/#website\"},\"primaryImageOfPage\":{\"@id\":\"https:\\\/\\\/zlataskrinjica.si\\\/izdelek\\\/bunny-set-roza\\\/#primaryimage\"},\"image\":{\"@id\":\"https:\\\/\\\/zlataskrinjica.si\\\/izdelek\\\/bunny-set-roza\\\/#primaryimage\"},\"thumbnailUrl\":\"https:\\\/\\\/zlataskrinjica.si\\\/wp-content\\\/uploads\\\/2023\\\/09\\\/9bd1f49e132d14833d55d09d3ced1a2f.jpg\",\"datePublished\":\"2023-09-25T09:35:29+00:00\",\"dateModified\":\"2025-07-16T12:54:30+00:00\",\"breadcrumb\":{\"@id\":\"https:\\\/\\\/zlataskrinjica.si\\\/izdelek\\\/bunny-set-roza\\\/#breadcrumb\"},\"inLanguage\":\"en-GB\",\"potentialAction\":[{\"@type\":\"ReadAction\",\"target\":[\"https:\\\/\\\/zlataskrinjica.si\\\/izdelek\\\/bunny-set-roza\\\/\"]}]},{\"@type\":\"ImageObject\",\"inLanguage\":\"en-GB\",\"@id\":\"https:\\\/\\\/zlataskrinjica.si\\\/izdelek\\\/bunny-set-roza\\\/#primaryimage\",\"url\":\"https:\\\/\\\/zlataskrinjica.si\\\/wp-content\\\/uploads\\\/2023\\\/09\\\/9bd1f49e132d14833d55d09d3ced1a2f.jpg\",\"contentUrl\":\"https:\\\/\\\/zlataskrinjica.si\\\/wp-content\\\/uploads\\\/2023\\\/09\\\/9bd1f49e132d14833d55d09d3ced1a2f.jpg\",\"width\":679,\"height\":719},{\"@type\":\"BreadcrumbList\",\"@id\":\"https:\\\/\\\/zlataskrinjica.si\\\/izdelek\\\/bunny-set-roza\\\/#breadcrumb\",\"itemListElement\":[{\"@type\":\"ListItem\",\"position\":1,\"name\":\"Home\",\"item\":\"https:\\\/\\\/zlataskrinjica.si\\\/\"},{\"@type\":\"ListItem\",\"position\":2,\"name\":\"IZDELKI\",\"item\":\"https:\\\/\\\/zlataskrinjica.si\\\/trgovina\\\/\"},{\"@type\":\"ListItem\",\"position\":3,\"name\":\"BUNNY SET &#8211; ROZA\"}]},{\"@type\":\"WebSite\",\"@id\":\"https:\\\/\\\/zlataskrinjica.si\\\/#website\",\"url\":\"https:\\\/\\\/zlataskrinjica.si\\\/\",\"name\":\"Zlata Skrinjica\",\"description\":\"Male dragocenosti za na\u0161e zaklade\",\"publisher\":{\"@id\":\"https:\\\/\\\/zlataskrinjica.si\\\/#organization\"},\"potentialAction\":[{\"@type\":\"SearchAction\",\"target\":{\"@type\":\"EntryPoint\",\"urlTemplate\":\"https:\\\/\\\/zlataskrinjica.si\\\/?s={search_term_string}\"},\"query-input\":{\"@type\":\"PropertyValueSpecification\",\"valueRequired\":true,\"valueName\":\"search_term_string\"}}],\"inLanguage\":\"en-GB\"},{\"@type\":\"Organization\",\"@id\":\"https:\\\/\\\/zlataskrinjica.si\\\/#organization\",\"name\":\"Zlata Skrinjica\",\"url\":\"https:\\\/\\\/zlataskrinjica.si\\\/\",\"logo\":{\"@type\":\"ImageObject\",\"inLanguage\":\"en-GB\",\"@id\":\"https:\\\/\\\/zlataskrinjica.si\\\/#\\\/schema\\\/logo\\\/image\\\/\",\"url\":\"https:\\\/\\\/zlataskrinjica.si\\\/wp-content\\\/uploads\\\/2020\\\/11\\\/cropped-cropped-cropped-cropped-zlataskrinjica_logo1-1.png\",\"contentUrl\":\"https:\\\/\\\/zlataskrinjica.si\\\/wp-content\\\/uploads\\\/2020\\\/11\\\/cropped-cropped-cropped-cropped-zlataskrinjica_logo1-1.png\",\"width\":512,\"height\":345,\"caption\":\"Zlata Skrinjica\"},\"image\":{\"@id\":\"https:\\\/\\\/zlataskrinjica.si\\\/#\\\/schema\\\/logo\\\/image\\\/\"},\"sameAs\":[\"https:\\\/\\\/www.facebook.com\\\/profile.php?id=100093598205968\",\"https:\\\/\\\/www.tiktok.com\\\/@zlataskrinjica?_t=8on7QxDWE64&_r=1\"]}]}<\/script>\n<!-- \/ Yoast SEO plugin. -->","yoast_head_json":{"title":"BUNNY SET - ROZA - Zlata Skrinjica","robots":{"index":"index","follow":"follow","max-snippet":"max-snippet:-1","max-image-preview":"max-image-preview:large","max-video-preview":"max-video-preview:-1"},"canonical":"https:\/\/zlataskrinjica.si\/en\/product\/bunny-set-roza\/","og_locale":"en_GB","og_type":"article","og_title":"BUNNY SET - ROZA - Zlata Skrinjica","og_description":"Bunny set je izredno udoben, za na\u0161e male nadobudne\u017ee. Kompletek jih ne bo oviral pri gibanju, sej je izredno raztegljiv.  Material: 95% bomba\u017e, 5% elastin.","og_url":"https:\/\/zlataskrinjica.si\/en\/product\/bunny-set-roza\/","og_site_name":"Zlata Skrinjica","article_publisher":"https:\/\/www.facebook.com\/profile.php?id=100093598205968","article_modified_time":"2025-07-16T12:54:30+00:00","og_image":[{"width":679,"height":719,"url":"https:\/\/zlataskrinjica.si\/wp-content\/uploads\/2023\/09\/9bd1f49e132d14833d55d09d3ced1a2f.jpg","type":"image\/jpeg"}],"twitter_card":"summary_large_image","schema":{"@context":"https:\/\/schema.org","@graph":[{"@type":"WebPage","@id":"https:\/\/zlataskrinjica.si\/izdelek\/bunny-set-roza\/","url":"https:\/\/zlataskrinjica.si\/izdelek\/bunny-set-roza\/","name":"BUNNY SET - ROZA - Zlata Skrinjica","isPartOf":{"@id":"https:\/\/zlataskrinjica.si\/#website"},"primaryImageOfPage":{"@id":"https:\/\/zlataskrinjica.si\/izdelek\/bunny-set-roza\/#primaryimage"},"image":{"@id":"https:\/\/zlataskrinjica.si\/izdelek\/bunny-set-roza\/#primaryimage"},"thumbnailUrl":"https:\/\/zlataskrinjica.si\/wp-content\/uploads\/2023\/09\/9bd1f49e132d14833d55d09d3ced1a2f.jpg","datePublished":"2023-09-25T09:35:29+00:00","dateModified":"2025-07-16T12:54:30+00:00","breadcrumb":{"@id":"https:\/\/zlataskrinjica.si\/izdelek\/bunny-set-roza\/#breadcrumb"},"inLanguage":"en-GB","potentialAction":[{"@type":"ReadAction","target":["https:\/\/zlataskrinjica.si\/izdelek\/bunny-set-roza\/"]}]},{"@type":"ImageObject","inLanguage":"en-GB","@id":"https:\/\/zlataskrinjica.si\/izdelek\/bunny-set-roza\/#primaryimage","url":"https:\/\/zlataskrinjica.si\/wp-content\/uploads\/2023\/09\/9bd1f49e132d14833d55d09d3ced1a2f.jpg","contentUrl":"https:\/\/zlataskrinjica.si\/wp-content\/uploads\/2023\/09\/9bd1f49e132d14833d55d09d3ced1a2f.jpg","width":679,"height":719},{"@type":"BreadcrumbList","@id":"https:\/\/zlataskrinjica.si\/izdelek\/bunny-set-roza\/#breadcrumb","itemListElement":[{"@type":"ListItem","position":1,"name":"Home","item":"https:\/\/zlataskrinjica.si\/"},{"@type":"ListItem","position":2,"name":"IZDELKI","item":"https:\/\/zlataskrinjica.si\/trgovina\/"},{"@type":"ListItem","position":3,"name":"BUNNY SET &#8211; ROZA"}]},{"@type":"WebSite","@id":"https:\/\/zlataskrinjica.si\/#website","url":"https:\/\/zlataskrinjica.si\/","name":"Golden Box","description":"Small treasures for our little ones","publisher":{"@id":"https:\/\/zlataskrinjica.si\/#organization"},"potentialAction":[{"@type":"SearchAction","target":{"@type":"EntryPoint","urlTemplate":"https:\/\/zlataskrinjica.si\/?s={search_term_string}"},"query-input":{"@type":"PropertyValueSpecification","valueRequired":true,"valueName":"search_term_string"}}],"inLanguage":"en-GB"},{"@type":"Organization","@id":"https:\/\/zlataskrinjica.si\/#organization","name":"Golden Box","url":"https:\/\/zlataskrinjica.si\/","logo":{"@type":"ImageObject","inLanguage":"en-GB","@id":"https:\/\/zlataskrinjica.si\/#\/schema\/logo\/image\/","url":"https:\/\/zlataskrinjica.si\/wp-content\/uploads\/2020\/11\/cropped-cropped-cropped-cropped-zlataskrinjica_logo1-1.png","contentUrl":"https:\/\/zlataskrinjica.si\/wp-content\/uploads\/2020\/11\/cropped-cropped-cropped-cropped-zlataskrinjica_logo1-1.png","width":512,"height":345,"caption":"Zlata Skrinjica"},"image":{"@id":"https:\/\/zlataskrinjica.si\/#\/schema\/logo\/image\/"},"sameAs":["https:\/\/www.facebook.com\/profile.php?id=100093598205968","https:\/\/www.tiktok.com\/@zlataskrinjica?_t=8on7QxDWE64&_r=1"]}]}},"acf":[],"jetpack_sharing_enabled":true,"_links":{"self":[{"href":"https:\/\/zlataskrinjica.si\/en\/wp-json\/wp\/v2\/product\/2049","targetHints":{"allow":["GET"]}}],"collection":[{"href":"https:\/\/zlataskrinjica.si\/en\/wp-json\/wp\/v2\/product"}],"about":[{"href":"https:\/\/zlataskrinjica.si\/en\/wp-json\/wp\/v2\/types\/product"}],"replies":[{"embeddable":true,"href":"https:\/\/zlataskrinjica.si\/en\/wp-json\/wp\/v2\/comments?post=2049"}],"version-history":[{"count":0,"href":"https:\/\/zlataskrinjica.si\/en\/wp-json\/wp\/v2\/product\/2049\/revisions"}],"wp:featuredmedia":[{"embeddable":true,"href":"https:\/\/zlataskrinjica.si\/en\/wp-json\/wp\/v2\/media\/2037"}],"wp:attachment":[{"href":"https:\/\/zlataskrinjica.si\/en\/wp-json\/wp\/v2\/media?parent=2049"}],"wp:term":[{"taxonomy":"product_brand","embeddable":true,"href":"https:\/\/zlataskrinjica.si\/en\/wp-json\/wp\/v2\/product_brand?post=2049"},{"taxonomy":"product_cat","embeddable":true,"href":"https:\/\/zlataskrinjica.si\/en\/wp-json\/wp\/v2\/product_cat?post=2049"},{"taxonomy":"product_tag","embeddable":true,"href":"https:\/\/zlataskrinjica.si\/en\/wp-json\/wp\/v2\/product_tag?post=2049"}],"curies":[{"name":"wp","href":"https:\/\/api.w.org\/{rel}","templated":true}]}}