{"id":2454,"date":"2024-08-22T12:54:20","date_gmt":"2024-08-22T12:54:20","guid":{"rendered":"https:\/\/zlataskrinjica.si\/?post_type=product&#038;p=2454"},"modified":"2025-12-19T15:06:47","modified_gmt":"2025-12-19T14:06:47","slug":"otroska-trenirka-mavricni-nasmeh-olivno-zelena","status":"publish","type":"product","link":"https:\/\/zlataskrinjica.si\/en\/product\/otroska-trenirka-mavricni-nasmeh-olivno-zelena\/","title":{"rendered":"Children's tracksuit Rainbow smile - olive green"},"content":{"rendered":"<p><strong>Choose the quality your child deserves<\/strong><\/p>\n<p>Your little treasure will enjoy comfort and style in this fashionable organic cotton tracksuit. Designed for your baby's delicate skin, the Rainbow Smile kids' tracksuit is made from 95% organic cotton and 5% elastane, providing exceptional softness and breathability. The timeless design with a modern touch makes it easy to combine with other garments. This tracksuit is ideal for everyday adventures, offering freedom of movement while reflecting your sustainable approach to fashion. So just choose the quality your child deserves.<\/p>\n<p><strong>Designed with attention to detail<\/strong><\/p>\n<p>The fashionable Rainbow Smile kids' tracksuit is designed with special attention to detail - from the carefully shaped seams to the practical design that makes it easy to put on and take off. The elasticated waistband ensures that the tracksuit fits perfectly, no matter how much your child moves. For the icing on the cake, spaghetti straps are added. Of course, we can't go past the rainbow logo, which really adds the icing on the cake.<\/p>\n<p>It comes in beautiful natural colours that go perfectly with many fashion pieces. The combination of style and functionality means this tracksuit will quickly become the best piece in your child's wardrobe.<\/p>\n<p>Material: 95% organic cotton, 5% elastane<\/p>","protected":false},"excerpt":{"rendered":"<blockquote><p>Fashionable children's Rainbow Smile tracksuit in olive green made from organic cotton.<\/p><\/blockquote>\n<p>The figures are realistic, but we advise a higher figure for boys.<\/p>","protected":false},"featured_media":2461,"comment_status":"open","ping_status":"closed","template":"","meta":[],"product_brand":[],"product_cat":[80,25,51],"product_tag":[],"class_list":{"0":"post-2454","1":"product","2":"type-product","3":"status-publish","4":"has-post-thumbnail","6":"product_cat-fantje","7":"product_cat-izdelki","8":"product_cat-otroska-treninrka-mavricni-nasmeh","10":"first","11":"instock","12":"shipping-taxable","13":"purchasable","14":"product-type-variable"},"yoast_head":"<!-- This site is optimized with the Yoast SEO plugin v27.4 - https:\/\/yoast.com\/product\/yoast-seo-wordpress\/ -->\n<title>Otro\u0161ka trenirka Mavri\u010dni nasmeh - olivno zelena - Zlata Skrinjica<\/title>\n<meta name=\"description\" content=\"Modna otro\u0161ka treninrka Mavri\u010dni nasmeh v olivno zeleni barvi je odli\u010dna izbira za star\u0161e, ki za svojega otroka \u017eelijo kakovosti. Iz organskega bomba\u017ea.\" \/>\n<meta name=\"robots\" content=\"index, follow, max-snippet:-1, max-image-preview:large, max-video-preview:-1\" \/>\n<link rel=\"canonical\" href=\"https:\/\/zlataskrinjica.si\/en\/product\/otroska-trenirka-mavricni-nasmeh-olivno-zelena\/\" \/>\n<meta property=\"og:locale\" content=\"en_GB\" \/>\n<meta property=\"og:type\" content=\"article\" \/>\n<meta property=\"og:title\" content=\"Otro\u0161ka trenirka Mavri\u010dni nasmeh - olivno zelena - Zlata Skrinjica\" \/>\n<meta property=\"og:description\" content=\"Modna otro\u0161ka treninrka Mavri\u010dni nasmeh v olivno zeleni barvi je odli\u010dna izbira za star\u0161e, ki za svojega otroka \u017eelijo kakovosti. Iz organskega bomba\u017ea.\" \/>\n<meta property=\"og:url\" content=\"https:\/\/zlataskrinjica.si\/en\/product\/otroska-trenirka-mavricni-nasmeh-olivno-zelena\/\" \/>\n<meta property=\"og:site_name\" content=\"Zlata Skrinjica\" \/>\n<meta property=\"article:publisher\" content=\"https:\/\/www.facebook.com\/profile.php?id=100093598205968\" \/>\n<meta property=\"article:modified_time\" content=\"2025-12-19T14:06:47+00:00\" \/>\n<meta property=\"og:image\" content=\"https:\/\/zlataskrinjica.si\/wp-content\/uploads\/2024\/08\/20240813_ZlataSkrinjica-264-scaled.jpg\" \/>\n\t<meta property=\"og:image:width\" content=\"1709\" \/>\n\t<meta property=\"og:image:height\" content=\"2560\" \/>\n\t<meta property=\"og:image:type\" content=\"image\/jpeg\" \/>\n<meta name=\"twitter:card\" content=\"summary_large_image\" \/>\n<meta name=\"twitter:label1\" content=\"Estimated reading time\" \/>\n\t<meta name=\"twitter:data1\" content=\"2 minutes\" \/>\n<script type=\"application\/ld+json\" class=\"yoast-schema-graph\">{\"@context\":\"https:\\\/\\\/schema.org\",\"@graph\":[{\"@type\":\"WebPage\",\"@id\":\"https:\\\/\\\/zlataskrinjica.si\\\/izdelek\\\/otroska-trenirka-mavricni-nasmeh-olivno-zelena\\\/\",\"url\":\"https:\\\/\\\/zlataskrinjica.si\\\/izdelek\\\/otroska-trenirka-mavricni-nasmeh-olivno-zelena\\\/\",\"name\":\"Otro\u0161ka trenirka Mavri\u010dni nasmeh - olivno zelena - Zlata Skrinjica\",\"isPartOf\":{\"@id\":\"https:\\\/\\\/zlataskrinjica.si\\\/#website\"},\"primaryImageOfPage\":{\"@id\":\"https:\\\/\\\/zlataskrinjica.si\\\/izdelek\\\/otroska-trenirka-mavricni-nasmeh-olivno-zelena\\\/#primaryimage\"},\"image\":{\"@id\":\"https:\\\/\\\/zlataskrinjica.si\\\/izdelek\\\/otroska-trenirka-mavricni-nasmeh-olivno-zelena\\\/#primaryimage\"},\"thumbnailUrl\":\"https:\\\/\\\/zlataskrinjica.si\\\/wp-content\\\/uploads\\\/2024\\\/08\\\/20240813_ZlataSkrinjica-264-scaled.jpg\",\"datePublished\":\"2024-08-22T12:54:20+00:00\",\"dateModified\":\"2025-12-19T14:06:47+00:00\",\"description\":\"Modna otro\u0161ka treninrka Mavri\u010dni nasmeh v olivno zeleni barvi je odli\u010dna izbira za star\u0161e, ki za svojega otroka \u017eelijo kakovosti. Iz organskega bomba\u017ea.\",\"breadcrumb\":{\"@id\":\"https:\\\/\\\/zlataskrinjica.si\\\/izdelek\\\/otroska-trenirka-mavricni-nasmeh-olivno-zelena\\\/#breadcrumb\"},\"inLanguage\":\"en-GB\",\"potentialAction\":[{\"@type\":\"ReadAction\",\"target\":[\"https:\\\/\\\/zlataskrinjica.si\\\/izdelek\\\/otroska-trenirka-mavricni-nasmeh-olivno-zelena\\\/\"]}]},{\"@type\":\"ImageObject\",\"inLanguage\":\"en-GB\",\"@id\":\"https:\\\/\\\/zlataskrinjica.si\\\/izdelek\\\/otroska-trenirka-mavricni-nasmeh-olivno-zelena\\\/#primaryimage\",\"url\":\"https:\\\/\\\/zlataskrinjica.si\\\/wp-content\\\/uploads\\\/2024\\\/08\\\/20240813_ZlataSkrinjica-264-scaled.jpg\",\"contentUrl\":\"https:\\\/\\\/zlataskrinjica.si\\\/wp-content\\\/uploads\\\/2024\\\/08\\\/20240813_ZlataSkrinjica-264-scaled.jpg\",\"width\":1709,\"height\":2560,\"caption\":\"Modna otro\u0161ka treninrka Mavri\u010dni nasmeh v olivno zeleni barvi\"},{\"@type\":\"BreadcrumbList\",\"@id\":\"https:\\\/\\\/zlataskrinjica.si\\\/izdelek\\\/otroska-trenirka-mavricni-nasmeh-olivno-zelena\\\/#breadcrumb\",\"itemListElement\":[{\"@type\":\"ListItem\",\"position\":1,\"name\":\"Home\",\"item\":\"https:\\\/\\\/zlataskrinjica.si\\\/\"},{\"@type\":\"ListItem\",\"position\":2,\"name\":\"IZDELKI\",\"item\":\"https:\\\/\\\/zlataskrinjica.si\\\/trgovina\\\/\"},{\"@type\":\"ListItem\",\"position\":3,\"name\":\"Otro\u0161ka trenirka Mavri\u010dni nasmeh &#8211; olivno zelena\"}]},{\"@type\":\"WebSite\",\"@id\":\"https:\\\/\\\/zlataskrinjica.si\\\/#website\",\"url\":\"https:\\\/\\\/zlataskrinjica.si\\\/\",\"name\":\"Zlata Skrinjica\",\"description\":\"Male dragocenosti za na\u0161e zaklade\",\"publisher\":{\"@id\":\"https:\\\/\\\/zlataskrinjica.si\\\/#organization\"},\"potentialAction\":[{\"@type\":\"SearchAction\",\"target\":{\"@type\":\"EntryPoint\",\"urlTemplate\":\"https:\\\/\\\/zlataskrinjica.si\\\/?s={search_term_string}\"},\"query-input\":{\"@type\":\"PropertyValueSpecification\",\"valueRequired\":true,\"valueName\":\"search_term_string\"}}],\"inLanguage\":\"en-GB\"},{\"@type\":\"Organization\",\"@id\":\"https:\\\/\\\/zlataskrinjica.si\\\/#organization\",\"name\":\"Zlata Skrinjica\",\"url\":\"https:\\\/\\\/zlataskrinjica.si\\\/\",\"logo\":{\"@type\":\"ImageObject\",\"inLanguage\":\"en-GB\",\"@id\":\"https:\\\/\\\/zlataskrinjica.si\\\/#\\\/schema\\\/logo\\\/image\\\/\",\"url\":\"https:\\\/\\\/zlataskrinjica.si\\\/wp-content\\\/uploads\\\/2020\\\/11\\\/cropped-cropped-cropped-cropped-zlataskrinjica_logo1-1.png\",\"contentUrl\":\"https:\\\/\\\/zlataskrinjica.si\\\/wp-content\\\/uploads\\\/2020\\\/11\\\/cropped-cropped-cropped-cropped-zlataskrinjica_logo1-1.png\",\"width\":512,\"height\":345,\"caption\":\"Zlata Skrinjica\"},\"image\":{\"@id\":\"https:\\\/\\\/zlataskrinjica.si\\\/#\\\/schema\\\/logo\\\/image\\\/\"},\"sameAs\":[\"https:\\\/\\\/www.facebook.com\\\/profile.php?id=100093598205968\",\"https:\\\/\\\/www.tiktok.com\\\/@zlataskrinjica?_t=8on7QxDWE64&_r=1\"]}]}<\/script>\n<!-- \/ Yoast SEO plugin. -->","yoast_head_json":{"title":"Children's tracksuit Rainbow smile - olive green - Zlata Skrinjica","description":"The fashionable Rainbow Smile kids' tracksuit in olive green is the perfect choice for parents who want quality for their child. Made from organic cotton.","robots":{"index":"index","follow":"follow","max-snippet":"max-snippet:-1","max-image-preview":"max-image-preview:large","max-video-preview":"max-video-preview:-1"},"canonical":"https:\/\/zlataskrinjica.si\/en\/product\/otroska-trenirka-mavricni-nasmeh-olivno-zelena\/","og_locale":"en_GB","og_type":"article","og_title":"Otro\u0161ka trenirka Mavri\u010dni nasmeh - olivno zelena - Zlata Skrinjica","og_description":"Modna otro\u0161ka treninrka Mavri\u010dni nasmeh v olivno zeleni barvi je odli\u010dna izbira za star\u0161e, ki za svojega otroka \u017eelijo kakovosti. Iz organskega bomba\u017ea.","og_url":"https:\/\/zlataskrinjica.si\/en\/product\/otroska-trenirka-mavricni-nasmeh-olivno-zelena\/","og_site_name":"Zlata Skrinjica","article_publisher":"https:\/\/www.facebook.com\/profile.php?id=100093598205968","article_modified_time":"2025-12-19T14:06:47+00:00","og_image":[{"width":1709,"height":2560,"url":"https:\/\/zlataskrinjica.si\/wp-content\/uploads\/2024\/08\/20240813_ZlataSkrinjica-264-scaled.jpg","type":"image\/jpeg"}],"twitter_card":"summary_large_image","twitter_misc":{"Estimated reading time":"2 minutes"},"schema":{"@context":"https:\/\/schema.org","@graph":[{"@type":"WebPage","@id":"https:\/\/zlataskrinjica.si\/izdelek\/otroska-trenirka-mavricni-nasmeh-olivno-zelena\/","url":"https:\/\/zlataskrinjica.si\/izdelek\/otroska-trenirka-mavricni-nasmeh-olivno-zelena\/","name":"Children's tracksuit Rainbow smile - olive green - Zlata Skrinjica","isPartOf":{"@id":"https:\/\/zlataskrinjica.si\/#website"},"primaryImageOfPage":{"@id":"https:\/\/zlataskrinjica.si\/izdelek\/otroska-trenirka-mavricni-nasmeh-olivno-zelena\/#primaryimage"},"image":{"@id":"https:\/\/zlataskrinjica.si\/izdelek\/otroska-trenirka-mavricni-nasmeh-olivno-zelena\/#primaryimage"},"thumbnailUrl":"https:\/\/zlataskrinjica.si\/wp-content\/uploads\/2024\/08\/20240813_ZlataSkrinjica-264-scaled.jpg","datePublished":"2024-08-22T12:54:20+00:00","dateModified":"2025-12-19T14:06:47+00:00","description":"The fashionable Rainbow Smile kids' tracksuit in olive green is the perfect choice for parents who want quality for their child. Made from organic cotton.","breadcrumb":{"@id":"https:\/\/zlataskrinjica.si\/izdelek\/otroska-trenirka-mavricni-nasmeh-olivno-zelena\/#breadcrumb"},"inLanguage":"en-GB","potentialAction":[{"@type":"ReadAction","target":["https:\/\/zlataskrinjica.si\/izdelek\/otroska-trenirka-mavricni-nasmeh-olivno-zelena\/"]}]},{"@type":"ImageObject","inLanguage":"en-GB","@id":"https:\/\/zlataskrinjica.si\/izdelek\/otroska-trenirka-mavricni-nasmeh-olivno-zelena\/#primaryimage","url":"https:\/\/zlataskrinjica.si\/wp-content\/uploads\/2024\/08\/20240813_ZlataSkrinjica-264-scaled.jpg","contentUrl":"https:\/\/zlataskrinjica.si\/wp-content\/uploads\/2024\/08\/20240813_ZlataSkrinjica-264-scaled.jpg","width":1709,"height":2560,"caption":"Modna otro\u0161ka treninrka Mavri\u010dni nasmeh v olivno zeleni barvi"},{"@type":"BreadcrumbList","@id":"https:\/\/zlataskrinjica.si\/izdelek\/otroska-trenirka-mavricni-nasmeh-olivno-zelena\/#breadcrumb","itemListElement":[{"@type":"ListItem","position":1,"name":"Home","item":"https:\/\/zlataskrinjica.si\/"},{"@type":"ListItem","position":2,"name":"IZDELKI","item":"https:\/\/zlataskrinjica.si\/trgovina\/"},{"@type":"ListItem","position":3,"name":"Otro\u0161ka trenirka Mavri\u010dni nasmeh &#8211; olivno zelena"}]},{"@type":"WebSite","@id":"https:\/\/zlataskrinjica.si\/#website","url":"https:\/\/zlataskrinjica.si\/","name":"Golden Box","description":"Small treasures for our little ones","publisher":{"@id":"https:\/\/zlataskrinjica.si\/#organization"},"potentialAction":[{"@type":"SearchAction","target":{"@type":"EntryPoint","urlTemplate":"https:\/\/zlataskrinjica.si\/?s={search_term_string}"},"query-input":{"@type":"PropertyValueSpecification","valueRequired":true,"valueName":"search_term_string"}}],"inLanguage":"en-GB"},{"@type":"Organization","@id":"https:\/\/zlataskrinjica.si\/#organization","name":"Golden Box","url":"https:\/\/zlataskrinjica.si\/","logo":{"@type":"ImageObject","inLanguage":"en-GB","@id":"https:\/\/zlataskrinjica.si\/#\/schema\/logo\/image\/","url":"https:\/\/zlataskrinjica.si\/wp-content\/uploads\/2020\/11\/cropped-cropped-cropped-cropped-zlataskrinjica_logo1-1.png","contentUrl":"https:\/\/zlataskrinjica.si\/wp-content\/uploads\/2020\/11\/cropped-cropped-cropped-cropped-zlataskrinjica_logo1-1.png","width":512,"height":345,"caption":"Zlata Skrinjica"},"image":{"@id":"https:\/\/zlataskrinjica.si\/#\/schema\/logo\/image\/"},"sameAs":["https:\/\/www.facebook.com\/profile.php?id=100093598205968","https:\/\/www.tiktok.com\/@zlataskrinjica?_t=8on7QxDWE64&_r=1"]}]}},"acf":[],"jetpack_sharing_enabled":true,"_links":{"self":[{"href":"https:\/\/zlataskrinjica.si\/en\/wp-json\/wp\/v2\/product\/2454","targetHints":{"allow":["GET"]}}],"collection":[{"href":"https:\/\/zlataskrinjica.si\/en\/wp-json\/wp\/v2\/product"}],"about":[{"href":"https:\/\/zlataskrinjica.si\/en\/wp-json\/wp\/v2\/types\/product"}],"replies":[{"embeddable":true,"href":"https:\/\/zlataskrinjica.si\/en\/wp-json\/wp\/v2\/comments?post=2454"}],"version-history":[{"count":2,"href":"https:\/\/zlataskrinjica.si\/en\/wp-json\/wp\/v2\/product\/2454\/revisions"}],"predecessor-version":[{"id":3623,"href":"https:\/\/zlataskrinjica.si\/en\/wp-json\/wp\/v2\/product\/2454\/revisions\/3623"}],"wp:featuredmedia":[{"embeddable":true,"href":"https:\/\/zlataskrinjica.si\/en\/wp-json\/wp\/v2\/media\/2461"}],"wp:attachment":[{"href":"https:\/\/zlataskrinjica.si\/en\/wp-json\/wp\/v2\/media?parent=2454"}],"wp:term":[{"taxonomy":"product_brand","embeddable":true,"href":"https:\/\/zlataskrinjica.si\/en\/wp-json\/wp\/v2\/product_brand?post=2454"},{"taxonomy":"product_cat","embeddable":true,"href":"https:\/\/zlataskrinjica.si\/en\/wp-json\/wp\/v2\/product_cat?post=2454"},{"taxonomy":"product_tag","embeddable":true,"href":"https:\/\/zlataskrinjica.si\/en\/wp-json\/wp\/v2\/product_tag?post=2454"}],"curies":[{"name":"wp","href":"https:\/\/api.w.org\/{rel}","templated":true}]}}