{"id":2794,"date":"2025-02-06T21:58:17","date_gmt":"2025-02-06T20:58:17","guid":{"rendered":"https:\/\/zlataskrinjica.si\/?post_type=product&#038;p=2794"},"modified":"2026-04-14T21:19:11","modified_gmt":"2026-04-14T20:19:11","slug":"trenirka-za-odrasle-mavricni-nasmeh","status":"publish","type":"product","link":"https:\/\/zlataskrinjica.si\/en\/product\/trenirka-za-odrasle-mavricni-nasmeh\/","title":{"rendered":"Adult Sweatpants - Rainbow Smile (l)"},"content":{"rendered":"<p><strong>Women's organic cotton tracksuit - the perfect combination of comfort and durability<\/strong><\/p>\n<p>Looking for a tracksuit that is <strong>extremely soft, comfortable and made from natural materials<\/strong>? Our premium collection of women's tracksuits from <strong>\u00a0organic cotton<\/strong> is the perfect choice for those who value quality, durability and timeless design.<\/p>\n<h3><strong>Natural materials for total comfort<\/strong><\/h3>\n<p>Made of <strong>\u00a0organic cotton<\/strong>our tracksuits are kind to your skin and the planet. The soft, breathable and lightweight fabric ensures superior comfort throughout the day - whether you're at home, out for a walk or in the city.<\/p>\n<ul>\n<li><strong>Sweater with embroidered rainbow logo<\/strong> - a subtle but unique detail that symbolises positivity and freedom.<\/li>\n<li><strong>Available in three timeless colours<\/strong> - beige, grey and blue to fit perfectly into any wardrobe.<\/li>\n<li><strong>Sustainable choice<\/strong> - organic materials and ethical production for responsible fashion.<\/li>\n<\/ul>\n<h3><strong>Why choose our organic tracksuit?<\/strong><\/h3>\n<p>\u2714 <strong>Extremely soft and comfortable<\/strong> - pleasant to the touch, ideal for every day.<br \/>\n\u2714 O<strong>rgan cotton<\/strong> - a better choice for your skin and the environment.<br \/>\n\u2714 <strong>Airy material<\/strong> - regulates temperature and prevents sweating.<br \/>\n\u2714 <strong>Quality cut<\/strong> - perfect fit and freedom of movement.<br \/>\n\u2714 <strong>Universal colours<\/strong> - easy to combine with other clothes.<\/p>\n<h3><strong>Sustainable fashion you'll love<\/strong><\/h3>\n<p>If you want to enrich your wardrobe with quality clothes that are not only beautiful, but also <strong>environmentally friendly<\/strong>, our organic tracksuits are the right choice. Switch to sustainable fashion without compromising on comfort and style!<\/p>\n<p>&nbsp;<\/p>\n<p><strong>TOP (upper part)<\/strong><\/p>\n<table>\n<tbody>\n<tr>\n<td><strong>Size<\/strong><\/td>\n<td><strong>Body length (cm)<\/strong><\/td>\n<td><strong>Breast circumference 1\/2 (cm)<\/strong><\/td>\n<td><strong>Neck width (cm)<\/strong><\/td>\n<td><strong>Sleeve length (cm)<\/strong><\/td>\n<\/tr>\n<tr>\n<td>XS<\/td>\n<td>63<\/td>\n<td>51<\/td>\n<td>15<\/td>\n<td>67<\/td>\n<\/tr>\n<tr>\n<td>S<\/td>\n<td>63<\/td>\n<td>53<\/td>\n<td>16<\/td>\n<td>69<\/td>\n<\/tr>\n<tr>\n<td>M<\/td>\n<td>65<\/td>\n<td>55<\/td>\n<td>17<\/td>\n<td>71<\/td>\n<\/tr>\n<tr>\n<td>L<\/td>\n<td>67<\/td>\n<td>57<\/td>\n<td>18<\/td>\n<td>73<\/td>\n<\/tr>\n<tr>\n<td>XL<\/td>\n<td>69<\/td>\n<td>59<\/td>\n<td>19<\/td>\n<td>74<\/td>\n<\/tr>\n<\/tbody>\n<\/table>\n<p><strong>HIPS (lower part)<\/strong><\/p>\n<table>\n<tbody>\n<tr>\n<td><strong>Size<\/strong><\/td>\n<td><strong>Trouser length (cm)<\/strong><\/td>\n<td><strong>Waist width 1\/2 (cm)<\/strong><\/td>\n<td><strong>Hip width 1\/2 (cm)<\/strong><\/td>\n<\/tr>\n<tr>\n<td>XS<\/td>\n<td>92<\/td>\n<td>31<\/td>\n<td>50<\/td>\n<\/tr>\n<tr>\n<td>S<\/td>\n<td>94<\/td>\n<td>32<\/td>\n<td>51<\/td>\n<\/tr>\n<tr>\n<td>M<\/td>\n<td>96<\/td>\n<td>34<\/td>\n<td>53<\/td>\n<\/tr>\n<tr>\n<td>L<\/td>\n<td>98<\/td>\n<td>36<\/td>\n<td>55<\/td>\n<\/tr>\n<tr>\n<td>XL<\/td>\n<td>102<\/td>\n<td>38<\/td>\n<td>57<\/td>\n<\/tr>\n<\/tbody>\n<\/table>\n<p>Sizes may have a tolerance of \u00b11cm.<\/p>","protected":false},"excerpt":{"rendered":"<p><strong>Soft and comfortable organic cotton tracksuit<\/strong>, available in <strong>beige, grey and blue<\/strong> colour. The sweater is decorated with <strong>embroidered rainbow logo<\/strong>.<\/p>\n<p>&nbsp;<\/p>\n<p>Material: 95% organic cotton, 5% elastane<\/p>","protected":false},"featured_media":2918,"comment_status":"open","ping_status":"closed","template":"","meta":[],"product_brand":[],"product_cat":[25,63,82],"product_tag":[],"class_list":{"0":"post-2794","1":"product","2":"type-product","3":"status-publish","4":"has-post-thumbnail","6":"product_cat-izdelki","7":"product_cat-trenirka-za-odrasle-mavricni-nasmeh","8":"product_cat-za-odrasle","10":"first","11":"instock","12":"shipping-taxable","13":"purchasable","14":"product-type-variable"},"yoast_head":"<!-- This site is optimized with the Yoast SEO plugin v27.4 - https:\/\/yoast.com\/product\/yoast-seo-wordpress\/ -->\n<title>Trenirka za odrasle - Mavri\u010dni nasmeh (\u017e) - Zlata Skrinjica<\/title>\n<meta name=\"description\" content=\"Odkrijte izjemno mehke in udobne \u017eenske trenirke iz organskega bomba\u017ea. Na voljo v be\u017e, sivi in modri barvi, s \u010dudovitim izvezenim logom mavrice.\" \/>\n<meta name=\"robots\" content=\"index, follow, max-snippet:-1, max-image-preview:large, max-video-preview:-1\" \/>\n<link rel=\"canonical\" href=\"https:\/\/zlataskrinjica.si\/en\/product\/trenirka-za-odrasle-mavricni-nasmeh\/\" \/>\n<meta property=\"og:locale\" content=\"en_GB\" \/>\n<meta property=\"og:type\" content=\"article\" \/>\n<meta property=\"og:title\" content=\"Trenirka za odrasle - Mavri\u010dni nasmeh (\u017e) - Zlata Skrinjica\" \/>\n<meta property=\"og:description\" content=\"Odkrijte izjemno mehke in udobne \u017eenske trenirke iz organskega bomba\u017ea. Na voljo v be\u017e, sivi in modri barvi, s \u010dudovitim izvezenim logom mavrice.\" \/>\n<meta property=\"og:url\" content=\"https:\/\/zlataskrinjica.si\/en\/product\/trenirka-za-odrasle-mavricni-nasmeh\/\" \/>\n<meta property=\"og:site_name\" content=\"Zlata Skrinjica\" \/>\n<meta property=\"article:publisher\" content=\"https:\/\/www.facebook.com\/profile.php?id=100093598205968\" \/>\n<meta property=\"article:modified_time\" content=\"2026-04-14T20:19:11+00:00\" \/>\n<meta property=\"og:image\" content=\"https:\/\/zlataskrinjica.si\/wp-content\/uploads\/2025\/02\/20250324_ZlataSkrinjica-62.jpg\" \/>\n\t<meta property=\"og:image:width\" content=\"1068\" \/>\n\t<meta property=\"og:image:height\" content=\"1600\" \/>\n\t<meta property=\"og:image:type\" content=\"image\/jpeg\" \/>\n<meta name=\"twitter:card\" content=\"summary_large_image\" \/>\n<meta name=\"twitter:label1\" content=\"Estimated reading time\" \/>\n\t<meta name=\"twitter:data1\" content=\"2 minutes\" \/>\n<script type=\"application\/ld+json\" class=\"yoast-schema-graph\">{\"@context\":\"https:\\\/\\\/schema.org\",\"@graph\":[{\"@type\":\"WebPage\",\"@id\":\"https:\\\/\\\/zlataskrinjica.si\\\/izdelek\\\/trenirka-za-odrasle-mavricni-nasmeh\\\/\",\"url\":\"https:\\\/\\\/zlataskrinjica.si\\\/izdelek\\\/trenirka-za-odrasle-mavricni-nasmeh\\\/\",\"name\":\"Trenirka za odrasle - Mavri\u010dni nasmeh (\u017e) - Zlata Skrinjica\",\"isPartOf\":{\"@id\":\"https:\\\/\\\/zlataskrinjica.si\\\/#website\"},\"primaryImageOfPage\":{\"@id\":\"https:\\\/\\\/zlataskrinjica.si\\\/izdelek\\\/trenirka-za-odrasle-mavricni-nasmeh\\\/#primaryimage\"},\"image\":{\"@id\":\"https:\\\/\\\/zlataskrinjica.si\\\/izdelek\\\/trenirka-za-odrasle-mavricni-nasmeh\\\/#primaryimage\"},\"thumbnailUrl\":\"https:\\\/\\\/zlataskrinjica.si\\\/wp-content\\\/uploads\\\/2025\\\/02\\\/20250324_ZlataSkrinjica-62.jpg\",\"datePublished\":\"2025-02-06T20:58:17+00:00\",\"dateModified\":\"2026-04-14T20:19:11+00:00\",\"description\":\"Odkrijte izjemno mehke in udobne \u017eenske trenirke iz organskega bomba\u017ea. Na voljo v be\u017e, sivi in modri barvi, s \u010dudovitim izvezenim logom mavrice.\",\"breadcrumb\":{\"@id\":\"https:\\\/\\\/zlataskrinjica.si\\\/izdelek\\\/trenirka-za-odrasle-mavricni-nasmeh\\\/#breadcrumb\"},\"inLanguage\":\"en-GB\",\"potentialAction\":[{\"@type\":\"ReadAction\",\"target\":[\"https:\\\/\\\/zlataskrinjica.si\\\/izdelek\\\/trenirka-za-odrasle-mavricni-nasmeh\\\/\"]}]},{\"@type\":\"ImageObject\",\"inLanguage\":\"en-GB\",\"@id\":\"https:\\\/\\\/zlataskrinjica.si\\\/izdelek\\\/trenirka-za-odrasle-mavricni-nasmeh\\\/#primaryimage\",\"url\":\"https:\\\/\\\/zlataskrinjica.si\\\/wp-content\\\/uploads\\\/2025\\\/02\\\/20250324_ZlataSkrinjica-62.jpg\",\"contentUrl\":\"https:\\\/\\\/zlataskrinjica.si\\\/wp-content\\\/uploads\\\/2025\\\/02\\\/20250324_ZlataSkrinjica-62.jpg\",\"width\":1068,\"height\":1600,\"caption\":\"Trenirka za odrasle - Mavri\u010dni nasmeh (\u017e)\"},{\"@type\":\"BreadcrumbList\",\"@id\":\"https:\\\/\\\/zlataskrinjica.si\\\/izdelek\\\/trenirka-za-odrasle-mavricni-nasmeh\\\/#breadcrumb\",\"itemListElement\":[{\"@type\":\"ListItem\",\"position\":1,\"name\":\"Home\",\"item\":\"https:\\\/\\\/zlataskrinjica.si\\\/\"},{\"@type\":\"ListItem\",\"position\":2,\"name\":\"IZDELKI\",\"item\":\"https:\\\/\\\/zlataskrinjica.si\\\/trgovina\\\/\"},{\"@type\":\"ListItem\",\"position\":3,\"name\":\"Trenirka za odrasle &#8211; Mavri\u010dni nasmeh (\u017e)\"}]},{\"@type\":\"WebSite\",\"@id\":\"https:\\\/\\\/zlataskrinjica.si\\\/#website\",\"url\":\"https:\\\/\\\/zlataskrinjica.si\\\/\",\"name\":\"Zlata Skrinjica\",\"description\":\"Male dragocenosti za na\u0161e zaklade\",\"publisher\":{\"@id\":\"https:\\\/\\\/zlataskrinjica.si\\\/#organization\"},\"potentialAction\":[{\"@type\":\"SearchAction\",\"target\":{\"@type\":\"EntryPoint\",\"urlTemplate\":\"https:\\\/\\\/zlataskrinjica.si\\\/?s={search_term_string}\"},\"query-input\":{\"@type\":\"PropertyValueSpecification\",\"valueRequired\":true,\"valueName\":\"search_term_string\"}}],\"inLanguage\":\"en-GB\"},{\"@type\":\"Organization\",\"@id\":\"https:\\\/\\\/zlataskrinjica.si\\\/#organization\",\"name\":\"Zlata Skrinjica\",\"url\":\"https:\\\/\\\/zlataskrinjica.si\\\/\",\"logo\":{\"@type\":\"ImageObject\",\"inLanguage\":\"en-GB\",\"@id\":\"https:\\\/\\\/zlataskrinjica.si\\\/#\\\/schema\\\/logo\\\/image\\\/\",\"url\":\"https:\\\/\\\/zlataskrinjica.si\\\/wp-content\\\/uploads\\\/2020\\\/11\\\/cropped-cropped-cropped-cropped-zlataskrinjica_logo1-1.png\",\"contentUrl\":\"https:\\\/\\\/zlataskrinjica.si\\\/wp-content\\\/uploads\\\/2020\\\/11\\\/cropped-cropped-cropped-cropped-zlataskrinjica_logo1-1.png\",\"width\":512,\"height\":345,\"caption\":\"Zlata Skrinjica\"},\"image\":{\"@id\":\"https:\\\/\\\/zlataskrinjica.si\\\/#\\\/schema\\\/logo\\\/image\\\/\"},\"sameAs\":[\"https:\\\/\\\/www.facebook.com\\\/profile.php?id=100093598205968\",\"https:\\\/\\\/www.tiktok.com\\\/@zlataskrinjica?_t=8on7QxDWE64&_r=1\"]}]}<\/script>\n<!-- \/ Yoast SEO plugin. -->","yoast_head_json":{"title":"Trenirka za odrasle - Mavri\u010dni nasmeh (\u017e) - Zlata Skrinjica","description":"Odkrijte izjemno mehke in udobne \u017eenske trenirke iz organskega bomba\u017ea. Na voljo v be\u017e, sivi in modri barvi, s \u010dudovitim izvezenim logom mavrice.","robots":{"index":"index","follow":"follow","max-snippet":"max-snippet:-1","max-image-preview":"max-image-preview:large","max-video-preview":"max-video-preview:-1"},"canonical":"https:\/\/zlataskrinjica.si\/en\/product\/trenirka-za-odrasle-mavricni-nasmeh\/","og_locale":"en_GB","og_type":"article","og_title":"Trenirka za odrasle - Mavri\u010dni nasmeh (\u017e) - Zlata Skrinjica","og_description":"Odkrijte izjemno mehke in udobne \u017eenske trenirke iz organskega bomba\u017ea. Na voljo v be\u017e, sivi in modri barvi, s \u010dudovitim izvezenim logom mavrice.","og_url":"https:\/\/zlataskrinjica.si\/en\/product\/trenirka-za-odrasle-mavricni-nasmeh\/","og_site_name":"Zlata Skrinjica","article_publisher":"https:\/\/www.facebook.com\/profile.php?id=100093598205968","article_modified_time":"2026-04-14T20:19:11+00:00","og_image":[{"width":1068,"height":1600,"url":"https:\/\/zlataskrinjica.si\/wp-content\/uploads\/2025\/02\/20250324_ZlataSkrinjica-62.jpg","type":"image\/jpeg"}],"twitter_card":"summary_large_image","twitter_misc":{"Estimated reading time":"2 minutes"},"schema":{"@context":"https:\/\/schema.org","@graph":[{"@type":"WebPage","@id":"https:\/\/zlataskrinjica.si\/izdelek\/trenirka-za-odrasle-mavricni-nasmeh\/","url":"https:\/\/zlataskrinjica.si\/izdelek\/trenirka-za-odrasle-mavricni-nasmeh\/","name":"Trenirka za odrasle - Mavri\u010dni nasmeh (\u017e) - Zlata Skrinjica","isPartOf":{"@id":"https:\/\/zlataskrinjica.si\/#website"},"primaryImageOfPage":{"@id":"https:\/\/zlataskrinjica.si\/izdelek\/trenirka-za-odrasle-mavricni-nasmeh\/#primaryimage"},"image":{"@id":"https:\/\/zlataskrinjica.si\/izdelek\/trenirka-za-odrasle-mavricni-nasmeh\/#primaryimage"},"thumbnailUrl":"https:\/\/zlataskrinjica.si\/wp-content\/uploads\/2025\/02\/20250324_ZlataSkrinjica-62.jpg","datePublished":"2025-02-06T20:58:17+00:00","dateModified":"2026-04-14T20:19:11+00:00","description":"Odkrijte izjemno mehke in udobne \u017eenske trenirke iz organskega bomba\u017ea. Na voljo v be\u017e, sivi in modri barvi, s \u010dudovitim izvezenim logom mavrice.","breadcrumb":{"@id":"https:\/\/zlataskrinjica.si\/izdelek\/trenirka-za-odrasle-mavricni-nasmeh\/#breadcrumb"},"inLanguage":"en-GB","potentialAction":[{"@type":"ReadAction","target":["https:\/\/zlataskrinjica.si\/izdelek\/trenirka-za-odrasle-mavricni-nasmeh\/"]}]},{"@type":"ImageObject","inLanguage":"en-GB","@id":"https:\/\/zlataskrinjica.si\/izdelek\/trenirka-za-odrasle-mavricni-nasmeh\/#primaryimage","url":"https:\/\/zlataskrinjica.si\/wp-content\/uploads\/2025\/02\/20250324_ZlataSkrinjica-62.jpg","contentUrl":"https:\/\/zlataskrinjica.si\/wp-content\/uploads\/2025\/02\/20250324_ZlataSkrinjica-62.jpg","width":1068,"height":1600,"caption":"Trenirka za odrasle - Mavri\u010dni nasmeh (\u017e)"},{"@type":"BreadcrumbList","@id":"https:\/\/zlataskrinjica.si\/izdelek\/trenirka-za-odrasle-mavricni-nasmeh\/#breadcrumb","itemListElement":[{"@type":"ListItem","position":1,"name":"Home","item":"https:\/\/zlataskrinjica.si\/"},{"@type":"ListItem","position":2,"name":"IZDELKI","item":"https:\/\/zlataskrinjica.si\/trgovina\/"},{"@type":"ListItem","position":3,"name":"Trenirka za odrasle &#8211; Mavri\u010dni nasmeh (\u017e)"}]},{"@type":"WebSite","@id":"https:\/\/zlataskrinjica.si\/#website","url":"https:\/\/zlataskrinjica.si\/","name":"Golden Box","description":"Small treasures for our little ones","publisher":{"@id":"https:\/\/zlataskrinjica.si\/#organization"},"potentialAction":[{"@type":"SearchAction","target":{"@type":"EntryPoint","urlTemplate":"https:\/\/zlataskrinjica.si\/?s={search_term_string}"},"query-input":{"@type":"PropertyValueSpecification","valueRequired":true,"valueName":"search_term_string"}}],"inLanguage":"en-GB"},{"@type":"Organization","@id":"https:\/\/zlataskrinjica.si\/#organization","name":"Golden Box","url":"https:\/\/zlataskrinjica.si\/","logo":{"@type":"ImageObject","inLanguage":"en-GB","@id":"https:\/\/zlataskrinjica.si\/#\/schema\/logo\/image\/","url":"https:\/\/zlataskrinjica.si\/wp-content\/uploads\/2020\/11\/cropped-cropped-cropped-cropped-zlataskrinjica_logo1-1.png","contentUrl":"https:\/\/zlataskrinjica.si\/wp-content\/uploads\/2020\/11\/cropped-cropped-cropped-cropped-zlataskrinjica_logo1-1.png","width":512,"height":345,"caption":"Zlata Skrinjica"},"image":{"@id":"https:\/\/zlataskrinjica.si\/#\/schema\/logo\/image\/"},"sameAs":["https:\/\/www.facebook.com\/profile.php?id=100093598205968","https:\/\/www.tiktok.com\/@zlataskrinjica?_t=8on7QxDWE64&_r=1"]}]}},"acf":[],"jetpack_sharing_enabled":true,"_links":{"self":[{"href":"https:\/\/zlataskrinjica.si\/en\/wp-json\/wp\/v2\/product\/2794","targetHints":{"allow":["GET"]}}],"collection":[{"href":"https:\/\/zlataskrinjica.si\/en\/wp-json\/wp\/v2\/product"}],"about":[{"href":"https:\/\/zlataskrinjica.si\/en\/wp-json\/wp\/v2\/types\/product"}],"replies":[{"embeddable":true,"href":"https:\/\/zlataskrinjica.si\/en\/wp-json\/wp\/v2\/comments?post=2794"}],"version-history":[{"count":1,"href":"https:\/\/zlataskrinjica.si\/en\/wp-json\/wp\/v2\/product\/2794\/revisions"}],"predecessor-version":[{"id":2868,"href":"https:\/\/zlataskrinjica.si\/en\/wp-json\/wp\/v2\/product\/2794\/revisions\/2868"}],"wp:featuredmedia":[{"embeddable":true,"href":"https:\/\/zlataskrinjica.si\/en\/wp-json\/wp\/v2\/media\/2918"}],"wp:attachment":[{"href":"https:\/\/zlataskrinjica.si\/en\/wp-json\/wp\/v2\/media?parent=2794"}],"wp:term":[{"taxonomy":"product_brand","embeddable":true,"href":"https:\/\/zlataskrinjica.si\/en\/wp-json\/wp\/v2\/product_brand?post=2794"},{"taxonomy":"product_cat","embeddable":true,"href":"https:\/\/zlataskrinjica.si\/en\/wp-json\/wp\/v2\/product_cat?post=2794"},{"taxonomy":"product_tag","embeddable":true,"href":"https:\/\/zlataskrinjica.si\/en\/wp-json\/wp\/v2\/product_tag?post=2794"}],"curies":[{"name":"wp","href":"https:\/\/api.w.org\/{rel}","templated":true}]}}