{"id":187,"date":"2020-04-12T15:52:25","date_gmt":"2020-04-12T15:52:25","guid":{"rendered":"https:\/\/littleworld.si\/?post_type=product&#038;p=187"},"modified":"2025-07-17T13:39:14","modified_gmt":"2025-07-17T11:39:14","slug":"pajac-iz-100-bio-bombaza-roza","status":"publish","type":"product","link":"https:\/\/zlataskrinjica.si\/hr\/proizvod\/pajac-iz-100-bio-bombaza-roza\/","title":{"rendered":"BIOBABY RU\u017dI\u010cASTA HALJINA"},"content":{"rendered":"<p><b>Dje\u010dja kombinezon od organskog pamuka<\/b><\/p>\n<p>\u2022 Izra\u0111eno od organskog pamuka 100% koji je nje\u017ean za bebinu ko\u017eu<br \/>\n\u2022 Vrlo mekan, neosjetljiv materijal<br \/>\n\u2022 Udobne i jednostavne za obla\u010denje, pru\u017eaju toplinu u hladnim i vjetrovitim danima<br \/>\n\u2022 Mo\u017ee se koristiti tijekom cijelog dana i u svim godi\u0161njim dobima<br \/>\n\u2022 Gumbi na prednjoj strani omogu\u0107uju lagano zatvaranje i ne sadr\u017ee nikal<br \/>\n\u2022 Za detaljne upute o njezi provjerite etiketu s unutarnje strane odjevnog predmeta.<\/p>\n<p><b>Upute za odr\u017eavanje:<\/b><\/p>\n<p>Prirodna vlakna ne zahtijevaju posebnu njegu. Organski pamuk je izdr\u017eljiviji od konvencionalnog pamuka, pa se svi proizvodi mogu prati u perilici rublja. Me\u0111utim, bitno je pregledati upute za svaki proizvod.<\/p>\n<p>Ne koristite izbjeljiva\u010d.<\/p>","protected":false},"excerpt":{"rendered":"<p>Iznimno mekana i udobna dje\u010dja pid\u017eama od organskog pamuka 100% pru\u017ea va\u0161em djetetu osje\u0107aj udobnosti tijekom spavanja i igre.<\/p>","protected":false},"featured_media":185,"comment_status":"open","ping_status":"closed","template":"","meta":[],"product_brand":[],"product_cat":[25,38,81],"product_tag":[],"class_list":{"0":"post-187","1":"product","2":"type-product","3":"status-publish","4":"has-post-thumbnail","6":"product_cat-izdelki","7":"product_cat-pajacki","8":"product_cat-za-dojencke","10":"first","11":"instock","12":"shipping-taxable","13":"purchasable","14":"product-type-variable"},"yoast_head":"<!-- This site is optimized with the Yoast SEO plugin v27.4 - https:\/\/yoast.com\/product\/yoast-seo-wordpress\/ -->\n<title>BIOBABY PAJAC ROZA - Zlata Skrinjica<\/title>\n<meta name=\"description\" content=\"Biobaby otro\u0161ki pajac v roza barvi. Izdelan iz organskega bomba\u017ea, ki je prijeten za dojen\u010dkovo ko\u017eo. Izredno mehek material,\" \/>\n<meta name=\"robots\" content=\"index, follow, max-snippet:-1, max-image-preview:large, max-video-preview:-1\" \/>\n<link rel=\"canonical\" href=\"https:\/\/zlataskrinjica.si\/hr\/proizvod\/pajac-iz-100-bio-bombaza-roza\/\" \/>\n<meta property=\"og:locale\" content=\"hr_HR\" \/>\n<meta property=\"og:type\" content=\"article\" \/>\n<meta property=\"og:title\" content=\"BIOBABY PAJAC ROZA - Zlata Skrinjica\" \/>\n<meta property=\"og:description\" content=\"Biobaby otro\u0161ki pajac v roza barvi. Izdelan iz organskega bomba\u017ea, ki je prijeten za dojen\u010dkovo ko\u017eo. Izredno mehek material,\" \/>\n<meta property=\"og:url\" content=\"https:\/\/zlataskrinjica.si\/hr\/proizvod\/pajac-iz-100-bio-bombaza-roza\/\" \/>\n<meta property=\"og:site_name\" content=\"Zlata Skrinjica\" \/>\n<meta property=\"article:publisher\" content=\"https:\/\/www.facebook.com\/profile.php?id=100093598205968\" \/>\n<meta property=\"article:modified_time\" content=\"2025-07-17T11:39:14+00:00\" \/>\n<meta property=\"og:image\" content=\"https:\/\/zlataskrinjica.si\/wp-content\/uploads\/2020\/04\/IMG_6650.jpg\" \/>\n\t<meta property=\"og:image:width\" content=\"1200\" \/>\n\t<meta property=\"og:image:height\" content=\"1200\" \/>\n\t<meta property=\"og:image:type\" content=\"image\/jpeg\" \/>\n<meta name=\"twitter:card\" content=\"summary_large_image\" \/>\n<meta name=\"twitter:label1\" content=\"Procijenjeno vrijeme \u010ditanja\" \/>\n\t<meta name=\"twitter:data1\" content=\"1 minuta\" \/>\n<script type=\"application\/ld+json\" class=\"yoast-schema-graph\">{\"@context\":\"https:\\\/\\\/schema.org\",\"@graph\":[{\"@type\":\"WebPage\",\"@id\":\"https:\\\/\\\/zlataskrinjica.si\\\/izdelek\\\/pajac-iz-100-bio-bombaza-roza\\\/\",\"url\":\"https:\\\/\\\/zlataskrinjica.si\\\/izdelek\\\/pajac-iz-100-bio-bombaza-roza\\\/\",\"name\":\"BIOBABY PAJAC ROZA - Zlata Skrinjica\",\"isPartOf\":{\"@id\":\"https:\\\/\\\/zlataskrinjica.si\\\/#website\"},\"primaryImageOfPage\":{\"@id\":\"https:\\\/\\\/zlataskrinjica.si\\\/izdelek\\\/pajac-iz-100-bio-bombaza-roza\\\/#primaryimage\"},\"image\":{\"@id\":\"https:\\\/\\\/zlataskrinjica.si\\\/izdelek\\\/pajac-iz-100-bio-bombaza-roza\\\/#primaryimage\"},\"thumbnailUrl\":\"https:\\\/\\\/zlataskrinjica.si\\\/wp-content\\\/uploads\\\/2020\\\/04\\\/IMG_6650.jpg\",\"datePublished\":\"2020-04-12T15:52:25+00:00\",\"dateModified\":\"2025-07-17T11:39:14+00:00\",\"description\":\"Biobaby otro\u0161ki pajac v roza barvi. Izdelan iz organskega bomba\u017ea, ki je prijeten za dojen\u010dkovo ko\u017eo. Izredno mehek material,\",\"breadcrumb\":{\"@id\":\"https:\\\/\\\/zlataskrinjica.si\\\/izdelek\\\/pajac-iz-100-bio-bombaza-roza\\\/#breadcrumb\"},\"inLanguage\":\"hr\",\"potentialAction\":[{\"@type\":\"ReadAction\",\"target\":[\"https:\\\/\\\/zlataskrinjica.si\\\/izdelek\\\/pajac-iz-100-bio-bombaza-roza\\\/\"]}]},{\"@type\":\"ImageObject\",\"inLanguage\":\"hr\",\"@id\":\"https:\\\/\\\/zlataskrinjica.si\\\/izdelek\\\/pajac-iz-100-bio-bombaza-roza\\\/#primaryimage\",\"url\":\"https:\\\/\\\/zlataskrinjica.si\\\/wp-content\\\/uploads\\\/2020\\\/04\\\/IMG_6650.jpg\",\"contentUrl\":\"https:\\\/\\\/zlataskrinjica.si\\\/wp-content\\\/uploads\\\/2020\\\/04\\\/IMG_6650.jpg\",\"width\":1200,\"height\":1200},{\"@type\":\"BreadcrumbList\",\"@id\":\"https:\\\/\\\/zlataskrinjica.si\\\/izdelek\\\/pajac-iz-100-bio-bombaza-roza\\\/#breadcrumb\",\"itemListElement\":[{\"@type\":\"ListItem\",\"position\":1,\"name\":\"Home\",\"item\":\"https:\\\/\\\/zlataskrinjica.si\\\/\"},{\"@type\":\"ListItem\",\"position\":2,\"name\":\"IZDELKI\",\"item\":\"https:\\\/\\\/zlataskrinjica.si\\\/trgovina\\\/\"},{\"@type\":\"ListItem\",\"position\":3,\"name\":\"BIOBABY PAJAC ROZA\"}]},{\"@type\":\"WebSite\",\"@id\":\"https:\\\/\\\/zlataskrinjica.si\\\/#website\",\"url\":\"https:\\\/\\\/zlataskrinjica.si\\\/\",\"name\":\"Zlata Skrinjica\",\"description\":\"Male dragocenosti za na\u0161e zaklade\",\"publisher\":{\"@id\":\"https:\\\/\\\/zlataskrinjica.si\\\/#organization\"},\"potentialAction\":[{\"@type\":\"SearchAction\",\"target\":{\"@type\":\"EntryPoint\",\"urlTemplate\":\"https:\\\/\\\/zlataskrinjica.si\\\/?s={search_term_string}\"},\"query-input\":{\"@type\":\"PropertyValueSpecification\",\"valueRequired\":true,\"valueName\":\"search_term_string\"}}],\"inLanguage\":\"hr\"},{\"@type\":\"Organization\",\"@id\":\"https:\\\/\\\/zlataskrinjica.si\\\/#organization\",\"name\":\"Zlata Skrinjica\",\"url\":\"https:\\\/\\\/zlataskrinjica.si\\\/\",\"logo\":{\"@type\":\"ImageObject\",\"inLanguage\":\"hr\",\"@id\":\"https:\\\/\\\/zlataskrinjica.si\\\/#\\\/schema\\\/logo\\\/image\\\/\",\"url\":\"https:\\\/\\\/zlataskrinjica.si\\\/wp-content\\\/uploads\\\/2020\\\/11\\\/cropped-cropped-cropped-cropped-zlataskrinjica_logo1-1.png\",\"contentUrl\":\"https:\\\/\\\/zlataskrinjica.si\\\/wp-content\\\/uploads\\\/2020\\\/11\\\/cropped-cropped-cropped-cropped-zlataskrinjica_logo1-1.png\",\"width\":512,\"height\":345,\"caption\":\"Zlata Skrinjica\"},\"image\":{\"@id\":\"https:\\\/\\\/zlataskrinjica.si\\\/#\\\/schema\\\/logo\\\/image\\\/\"},\"sameAs\":[\"https:\\\/\\\/www.facebook.com\\\/profile.php?id=100093598205968\",\"https:\\\/\\\/www.tiktok.com\\\/@zlataskrinjica?_t=8on7QxDWE64&_r=1\"]}]}<\/script>\n<!-- \/ Yoast SEO plugin. -->","yoast_head_json":{"title":"BIOBABY PAJAC ROZA - Zlata Skrinjica","description":"Biobaby otro\u0161ki pajac v roza barvi. Izdelan iz organskega bomba\u017ea, ki je prijeten za dojen\u010dkovo ko\u017eo. Izredno mehek material,","robots":{"index":"index","follow":"follow","max-snippet":"max-snippet:-1","max-image-preview":"max-image-preview:large","max-video-preview":"max-video-preview:-1"},"canonical":"https:\/\/zlataskrinjica.si\/hr\/proizvod\/pajac-iz-100-bio-bombaza-roza\/","og_locale":"hr_HR","og_type":"article","og_title":"BIOBABY PAJAC ROZA - Zlata Skrinjica","og_description":"Biobaby otro\u0161ki pajac v roza barvi. Izdelan iz organskega bomba\u017ea, ki je prijeten za dojen\u010dkovo ko\u017eo. Izredno mehek material,","og_url":"https:\/\/zlataskrinjica.si\/hr\/proizvod\/pajac-iz-100-bio-bombaza-roza\/","og_site_name":"Zlata Skrinjica","article_publisher":"https:\/\/www.facebook.com\/profile.php?id=100093598205968","article_modified_time":"2025-07-17T11:39:14+00:00","og_image":[{"width":1200,"height":1200,"url":"https:\/\/zlataskrinjica.si\/wp-content\/uploads\/2020\/04\/IMG_6650.jpg","type":"image\/jpeg"}],"twitter_card":"summary_large_image","twitter_misc":{"Procijenjeno vrijeme \u010ditanja":"1 minuta"},"schema":{"@context":"https:\/\/schema.org","@graph":[{"@type":"WebPage","@id":"https:\/\/zlataskrinjica.si\/izdelek\/pajac-iz-100-bio-bombaza-roza\/","url":"https:\/\/zlataskrinjica.si\/izdelek\/pajac-iz-100-bio-bombaza-roza\/","name":"BIOBABY PAJAC ROZA - Zlata Skrinjica","isPartOf":{"@id":"https:\/\/zlataskrinjica.si\/#website"},"primaryImageOfPage":{"@id":"https:\/\/zlataskrinjica.si\/izdelek\/pajac-iz-100-bio-bombaza-roza\/#primaryimage"},"image":{"@id":"https:\/\/zlataskrinjica.si\/izdelek\/pajac-iz-100-bio-bombaza-roza\/#primaryimage"},"thumbnailUrl":"https:\/\/zlataskrinjica.si\/wp-content\/uploads\/2020\/04\/IMG_6650.jpg","datePublished":"2020-04-12T15:52:25+00:00","dateModified":"2025-07-17T11:39:14+00:00","description":"Biobaby otro\u0161ki pajac v roza barvi. Izdelan iz organskega bomba\u017ea, ki je prijeten za dojen\u010dkovo ko\u017eo. Izredno mehek material,","breadcrumb":{"@id":"https:\/\/zlataskrinjica.si\/izdelek\/pajac-iz-100-bio-bombaza-roza\/#breadcrumb"},"inLanguage":"hr","potentialAction":[{"@type":"ReadAction","target":["https:\/\/zlataskrinjica.si\/izdelek\/pajac-iz-100-bio-bombaza-roza\/"]}]},{"@type":"ImageObject","inLanguage":"hr","@id":"https:\/\/zlataskrinjica.si\/izdelek\/pajac-iz-100-bio-bombaza-roza\/#primaryimage","url":"https:\/\/zlataskrinjica.si\/wp-content\/uploads\/2020\/04\/IMG_6650.jpg","contentUrl":"https:\/\/zlataskrinjica.si\/wp-content\/uploads\/2020\/04\/IMG_6650.jpg","width":1200,"height":1200},{"@type":"BreadcrumbList","@id":"https:\/\/zlataskrinjica.si\/izdelek\/pajac-iz-100-bio-bombaza-roza\/#breadcrumb","itemListElement":[{"@type":"ListItem","position":1,"name":"Home","item":"https:\/\/zlataskrinjica.si\/"},{"@type":"ListItem","position":2,"name":"IZDELKI","item":"https:\/\/zlataskrinjica.si\/trgovina\/"},{"@type":"ListItem","position":3,"name":"BIOBABY PAJAC ROZA"}]},{"@type":"WebSite","@id":"https:\/\/zlataskrinjica.si\/#website","url":"https:\/\/zlataskrinjica.si\/","name":"Zlatna \u0161krinja","description":"Sitne dragocjenosti za na\u0161a blaga","publisher":{"@id":"https:\/\/zlataskrinjica.si\/#organization"},"potentialAction":[{"@type":"SearchAction","target":{"@type":"EntryPoint","urlTemplate":"https:\/\/zlataskrinjica.si\/?s={search_term_string}"},"query-input":{"@type":"PropertyValueSpecification","valueRequired":true,"valueName":"search_term_string"}}],"inLanguage":"hr"},{"@type":"Organization","@id":"https:\/\/zlataskrinjica.si\/#organization","name":"Zlatna \u0161krinja","url":"https:\/\/zlataskrinjica.si\/","logo":{"@type":"ImageObject","inLanguage":"hr","@id":"https:\/\/zlataskrinjica.si\/#\/schema\/logo\/image\/","url":"https:\/\/zlataskrinjica.si\/wp-content\/uploads\/2020\/11\/cropped-cropped-cropped-cropped-zlataskrinjica_logo1-1.png","contentUrl":"https:\/\/zlataskrinjica.si\/wp-content\/uploads\/2020\/11\/cropped-cropped-cropped-cropped-zlataskrinjica_logo1-1.png","width":512,"height":345,"caption":"Zlata Skrinjica"},"image":{"@id":"https:\/\/zlataskrinjica.si\/#\/schema\/logo\/image\/"},"sameAs":["https:\/\/www.facebook.com\/profile.php?id=100093598205968","https:\/\/www.tiktok.com\/@zlataskrinjica?_t=8on7QxDWE64&_r=1"]}]}},"acf":[],"jetpack_sharing_enabled":true,"_links":{"self":[{"href":"https:\/\/zlataskrinjica.si\/hr\/wp-json\/wp\/v2\/product\/187","targetHints":{"allow":["GET"]}}],"collection":[{"href":"https:\/\/zlataskrinjica.si\/hr\/wp-json\/wp\/v2\/product"}],"about":[{"href":"https:\/\/zlataskrinjica.si\/hr\/wp-json\/wp\/v2\/types\/product"}],"replies":[{"embeddable":true,"href":"https:\/\/zlataskrinjica.si\/hr\/wp-json\/wp\/v2\/comments?post=187"}],"version-history":[{"count":1,"href":"https:\/\/zlataskrinjica.si\/hr\/wp-json\/wp\/v2\/product\/187\/revisions"}],"predecessor-version":[{"id":308,"href":"https:\/\/zlataskrinjica.si\/hr\/wp-json\/wp\/v2\/product\/187\/revisions\/308"}],"wp:featuredmedia":[{"embeddable":true,"href":"https:\/\/zlataskrinjica.si\/hr\/wp-json\/wp\/v2\/media\/185"}],"wp:attachment":[{"href":"https:\/\/zlataskrinjica.si\/hr\/wp-json\/wp\/v2\/media?parent=187"}],"wp:term":[{"taxonomy":"product_brand","embeddable":true,"href":"https:\/\/zlataskrinjica.si\/hr\/wp-json\/wp\/v2\/product_brand?post=187"},{"taxonomy":"product_cat","embeddable":true,"href":"https:\/\/zlataskrinjica.si\/hr\/wp-json\/wp\/v2\/product_cat?post=187"},{"taxonomy":"product_tag","embeddable":true,"href":"https:\/\/zlataskrinjica.si\/hr\/wp-json\/wp\/v2\/product_tag?post=187"}],"curies":[{"name":"wp","href":"https:\/\/api.w.org\/{rel}","templated":true}]}}