{"id":2079,"date":"2023-10-03T07:29:00","date_gmt":"2023-10-03T07:29:00","guid":{"rendered":"https:\/\/zlataskrinjica.si\/?post_type=product&#038;p=2079"},"modified":"2025-07-16T14:52:57","modified_gmt":"2025-07-16T12:52:57","slug":"vintage-muslin-slincek-in-trakec-siv","status":"publish","type":"product","link":"https:\/\/zlataskrinjica.si\/hr\/proizvod\/vintage-muslin-slincek-in-trakec-siv\/","title":{"rendered":"VINTAGE MUSLIN HLA\u010cI\u0106 S VRPCOM \u2013 SIVI"},"content":{"rendered":"<p>Materijal: pamuk 100%<\/p>","protected":false},"excerpt":{"rendered":"<p>Set od vintage muslin podbradnika i trake za glavu u sivoj boji. Prikladan kao poklon za ro\u0111enje, ro\u0111endan.<\/p>\n<p>Izra\u0111en je od pamuka 100%.<\/p>","protected":false},"featured_media":2080,"comment_status":"open","ping_status":"closed","template":"","meta":[],"product_brand":[],"product_cat":[79,37,25,81],"product_tag":[],"class_list":{"0":"post-2079","1":"product","2":"type-product","3":"status-publish","4":"has-post-thumbnail","6":"product_cat-deklice","7":"product_cat-dodatki","8":"product_cat-izdelki","9":"product_cat-za-dojencke","11":"first","12":"instock","13":"shipping-taxable","14":"purchasable","15":"product-type-simple"},"yoast_head":"<!-- This site is optimized with the Yoast SEO plugin v27.4 - https:\/\/yoast.com\/product\/yoast-seo-wordpress\/ -->\n<title>VINTAGE MUSLIN SLIN\u010cEK IN TRAKEC - SIV - Zlata Skrinjica<\/title>\n<meta name=\"robots\" content=\"index, follow, max-snippet:-1, max-image-preview:large, max-video-preview:-1\" \/>\n<link rel=\"canonical\" href=\"https:\/\/zlataskrinjica.si\/hr\/proizvod\/vintage-muslin-slincek-in-trakec-siv\/\" \/>\n<meta property=\"og:locale\" content=\"hr_HR\" \/>\n<meta property=\"og:type\" content=\"article\" \/>\n<meta property=\"og:title\" content=\"VINTAGE MUSLIN SLIN\u010cEK IN TRAKEC - SIV - Zlata Skrinjica\" \/>\n<meta property=\"og:description\" content=\"Komplet vintage muslin slin\u010dek in naglavni trakec v sivi barvi. Primeren je kot darilo ob rojstvu, rojstnem dnevu.  Narejen je iz 100% bomba\u017ea.\" \/>\n<meta property=\"og:url\" content=\"https:\/\/zlataskrinjica.si\/hr\/proizvod\/vintage-muslin-slincek-in-trakec-siv\/\" \/>\n<meta property=\"og:site_name\" content=\"Zlata Skrinjica\" \/>\n<meta property=\"article:publisher\" content=\"https:\/\/www.facebook.com\/profile.php?id=100093598205968\" \/>\n<meta property=\"article:modified_time\" content=\"2025-07-16T12:52:57+00:00\" \/>\n<meta property=\"og:image\" content=\"https:\/\/zlataskrinjica.si\/wp-content\/uploads\/2023\/10\/1696316722966-1.webp\" \/>\n\t<meta property=\"og:image:width\" content=\"600\" \/>\n\t<meta property=\"og:image:height\" content=\"600\" \/>\n\t<meta property=\"og:image:type\" content=\"image\/webp\" \/>\n<meta name=\"twitter:card\" content=\"summary_large_image\" \/>\n<meta name=\"twitter:label1\" content=\"Procijenjeno vrijeme \u010ditanja\" \/>\n\t<meta name=\"twitter:data1\" content=\"1 minuta\" \/>\n<script type=\"application\/ld+json\" class=\"yoast-schema-graph\">{\"@context\":\"https:\\\/\\\/schema.org\",\"@graph\":[{\"@type\":\"WebPage\",\"@id\":\"https:\\\/\\\/zlataskrinjica.si\\\/izdelek\\\/vintage-muslin-slincek-in-trakec-siv\\\/\",\"url\":\"https:\\\/\\\/zlataskrinjica.si\\\/izdelek\\\/vintage-muslin-slincek-in-trakec-siv\\\/\",\"name\":\"VINTAGE MUSLIN SLIN\u010cEK IN TRAKEC - SIV - Zlata Skrinjica\",\"isPartOf\":{\"@id\":\"https:\\\/\\\/zlataskrinjica.si\\\/#website\"},\"primaryImageOfPage\":{\"@id\":\"https:\\\/\\\/zlataskrinjica.si\\\/izdelek\\\/vintage-muslin-slincek-in-trakec-siv\\\/#primaryimage\"},\"image\":{\"@id\":\"https:\\\/\\\/zlataskrinjica.si\\\/izdelek\\\/vintage-muslin-slincek-in-trakec-siv\\\/#primaryimage\"},\"thumbnailUrl\":\"https:\\\/\\\/zlataskrinjica.si\\\/wp-content\\\/uploads\\\/2023\\\/10\\\/1696316722966-1.webp\",\"datePublished\":\"2023-10-03T07:29:00+00:00\",\"dateModified\":\"2025-07-16T12:52:57+00:00\",\"breadcrumb\":{\"@id\":\"https:\\\/\\\/zlataskrinjica.si\\\/izdelek\\\/vintage-muslin-slincek-in-trakec-siv\\\/#breadcrumb\"},\"inLanguage\":\"hr\",\"potentialAction\":[{\"@type\":\"ReadAction\",\"target\":[\"https:\\\/\\\/zlataskrinjica.si\\\/izdelek\\\/vintage-muslin-slincek-in-trakec-siv\\\/\"]}]},{\"@type\":\"ImageObject\",\"inLanguage\":\"hr\",\"@id\":\"https:\\\/\\\/zlataskrinjica.si\\\/izdelek\\\/vintage-muslin-slincek-in-trakec-siv\\\/#primaryimage\",\"url\":\"https:\\\/\\\/zlataskrinjica.si\\\/wp-content\\\/uploads\\\/2023\\\/10\\\/1696316722966-1.webp\",\"contentUrl\":\"https:\\\/\\\/zlataskrinjica.si\\\/wp-content\\\/uploads\\\/2023\\\/10\\\/1696316722966-1.webp\",\"width\":600,\"height\":600},{\"@type\":\"BreadcrumbList\",\"@id\":\"https:\\\/\\\/zlataskrinjica.si\\\/izdelek\\\/vintage-muslin-slincek-in-trakec-siv\\\/#breadcrumb\",\"itemListElement\":[{\"@type\":\"ListItem\",\"position\":1,\"name\":\"Home\",\"item\":\"https:\\\/\\\/zlataskrinjica.si\\\/\"},{\"@type\":\"ListItem\",\"position\":2,\"name\":\"IZDELKI\",\"item\":\"https:\\\/\\\/zlataskrinjica.si\\\/trgovina\\\/\"},{\"@type\":\"ListItem\",\"position\":3,\"name\":\"VINTAGE MUSLIN SLIN\u010cEK IN TRAKEC &#8211; SIV\"}]},{\"@type\":\"WebSite\",\"@id\":\"https:\\\/\\\/zlataskrinjica.si\\\/#website\",\"url\":\"https:\\\/\\\/zlataskrinjica.si\\\/\",\"name\":\"Zlata Skrinjica\",\"description\":\"Male dragocenosti za na\u0161e zaklade\",\"publisher\":{\"@id\":\"https:\\\/\\\/zlataskrinjica.si\\\/#organization\"},\"potentialAction\":[{\"@type\":\"SearchAction\",\"target\":{\"@type\":\"EntryPoint\",\"urlTemplate\":\"https:\\\/\\\/zlataskrinjica.si\\\/?s={search_term_string}\"},\"query-input\":{\"@type\":\"PropertyValueSpecification\",\"valueRequired\":true,\"valueName\":\"search_term_string\"}}],\"inLanguage\":\"hr\"},{\"@type\":\"Organization\",\"@id\":\"https:\\\/\\\/zlataskrinjica.si\\\/#organization\",\"name\":\"Zlata Skrinjica\",\"url\":\"https:\\\/\\\/zlataskrinjica.si\\\/\",\"logo\":{\"@type\":\"ImageObject\",\"inLanguage\":\"hr\",\"@id\":\"https:\\\/\\\/zlataskrinjica.si\\\/#\\\/schema\\\/logo\\\/image\\\/\",\"url\":\"https:\\\/\\\/zlataskrinjica.si\\\/wp-content\\\/uploads\\\/2020\\\/11\\\/cropped-cropped-cropped-cropped-zlataskrinjica_logo1-1.png\",\"contentUrl\":\"https:\\\/\\\/zlataskrinjica.si\\\/wp-content\\\/uploads\\\/2020\\\/11\\\/cropped-cropped-cropped-cropped-zlataskrinjica_logo1-1.png\",\"width\":512,\"height\":345,\"caption\":\"Zlata Skrinjica\"},\"image\":{\"@id\":\"https:\\\/\\\/zlataskrinjica.si\\\/#\\\/schema\\\/logo\\\/image\\\/\"},\"sameAs\":[\"https:\\\/\\\/www.facebook.com\\\/profile.php?id=100093598205968\",\"https:\\\/\\\/www.tiktok.com\\\/@zlataskrinjica?_t=8on7QxDWE64&_r=1\"]}]}<\/script>\n<!-- \/ Yoast SEO plugin. -->","yoast_head_json":{"title":"VINTAGE MUSLIN SLIN\u010cEK IN TRAKEC - SIV - Zlata Skrinjica","robots":{"index":"index","follow":"follow","max-snippet":"max-snippet:-1","max-image-preview":"max-image-preview:large","max-video-preview":"max-video-preview:-1"},"canonical":"https:\/\/zlataskrinjica.si\/hr\/proizvod\/vintage-muslin-slincek-in-trakec-siv\/","og_locale":"hr_HR","og_type":"article","og_title":"VINTAGE MUSLIN SLIN\u010cEK IN TRAKEC - SIV - Zlata Skrinjica","og_description":"Komplet vintage muslin slin\u010dek in naglavni trakec v sivi barvi. Primeren je kot darilo ob rojstvu, rojstnem dnevu.  Narejen je iz 100% bomba\u017ea.","og_url":"https:\/\/zlataskrinjica.si\/hr\/proizvod\/vintage-muslin-slincek-in-trakec-siv\/","og_site_name":"Zlata Skrinjica","article_publisher":"https:\/\/www.facebook.com\/profile.php?id=100093598205968","article_modified_time":"2025-07-16T12:52:57+00:00","og_image":[{"width":600,"height":600,"url":"https:\/\/zlataskrinjica.si\/wp-content\/uploads\/2023\/10\/1696316722966-1.webp","type":"image\/webp"}],"twitter_card":"summary_large_image","twitter_misc":{"Procijenjeno vrijeme \u010ditanja":"1 minuta"},"schema":{"@context":"https:\/\/schema.org","@graph":[{"@type":"WebPage","@id":"https:\/\/zlataskrinjica.si\/izdelek\/vintage-muslin-slincek-in-trakec-siv\/","url":"https:\/\/zlataskrinjica.si\/izdelek\/vintage-muslin-slincek-in-trakec-siv\/","name":"VINTAGE MUSLIN SLIN\u010cEK IN TRAKEC - SIV - Zlata Skrinjica","isPartOf":{"@id":"https:\/\/zlataskrinjica.si\/#website"},"primaryImageOfPage":{"@id":"https:\/\/zlataskrinjica.si\/izdelek\/vintage-muslin-slincek-in-trakec-siv\/#primaryimage"},"image":{"@id":"https:\/\/zlataskrinjica.si\/izdelek\/vintage-muslin-slincek-in-trakec-siv\/#primaryimage"},"thumbnailUrl":"https:\/\/zlataskrinjica.si\/wp-content\/uploads\/2023\/10\/1696316722966-1.webp","datePublished":"2023-10-03T07:29:00+00:00","dateModified":"2025-07-16T12:52:57+00:00","breadcrumb":{"@id":"https:\/\/zlataskrinjica.si\/izdelek\/vintage-muslin-slincek-in-trakec-siv\/#breadcrumb"},"inLanguage":"hr","potentialAction":[{"@type":"ReadAction","target":["https:\/\/zlataskrinjica.si\/izdelek\/vintage-muslin-slincek-in-trakec-siv\/"]}]},{"@type":"ImageObject","inLanguage":"hr","@id":"https:\/\/zlataskrinjica.si\/izdelek\/vintage-muslin-slincek-in-trakec-siv\/#primaryimage","url":"https:\/\/zlataskrinjica.si\/wp-content\/uploads\/2023\/10\/1696316722966-1.webp","contentUrl":"https:\/\/zlataskrinjica.si\/wp-content\/uploads\/2023\/10\/1696316722966-1.webp","width":600,"height":600},{"@type":"BreadcrumbList","@id":"https:\/\/zlataskrinjica.si\/izdelek\/vintage-muslin-slincek-in-trakec-siv\/#breadcrumb","itemListElement":[{"@type":"ListItem","position":1,"name":"Home","item":"https:\/\/zlataskrinjica.si\/"},{"@type":"ListItem","position":2,"name":"IZDELKI","item":"https:\/\/zlataskrinjica.si\/trgovina\/"},{"@type":"ListItem","position":3,"name":"VINTAGE MUSLIN SLIN\u010cEK IN TRAKEC &#8211; SIV"}]},{"@type":"WebSite","@id":"https:\/\/zlataskrinjica.si\/#website","url":"https:\/\/zlataskrinjica.si\/","name":"Zlatna \u0161krinja","description":"Sitne dragocjenosti za na\u0161a blaga","publisher":{"@id":"https:\/\/zlataskrinjica.si\/#organization"},"potentialAction":[{"@type":"SearchAction","target":{"@type":"EntryPoint","urlTemplate":"https:\/\/zlataskrinjica.si\/?s={search_term_string}"},"query-input":{"@type":"PropertyValueSpecification","valueRequired":true,"valueName":"search_term_string"}}],"inLanguage":"hr"},{"@type":"Organization","@id":"https:\/\/zlataskrinjica.si\/#organization","name":"Zlatna \u0161krinja","url":"https:\/\/zlataskrinjica.si\/","logo":{"@type":"ImageObject","inLanguage":"hr","@id":"https:\/\/zlataskrinjica.si\/#\/schema\/logo\/image\/","url":"https:\/\/zlataskrinjica.si\/wp-content\/uploads\/2020\/11\/cropped-cropped-cropped-cropped-zlataskrinjica_logo1-1.png","contentUrl":"https:\/\/zlataskrinjica.si\/wp-content\/uploads\/2020\/11\/cropped-cropped-cropped-cropped-zlataskrinjica_logo1-1.png","width":512,"height":345,"caption":"Zlata Skrinjica"},"image":{"@id":"https:\/\/zlataskrinjica.si\/#\/schema\/logo\/image\/"},"sameAs":["https:\/\/www.facebook.com\/profile.php?id=100093598205968","https:\/\/www.tiktok.com\/@zlataskrinjica?_t=8on7QxDWE64&_r=1"]}]}},"acf":[],"jetpack_sharing_enabled":true,"_links":{"self":[{"href":"https:\/\/zlataskrinjica.si\/hr\/wp-json\/wp\/v2\/product\/2079","targetHints":{"allow":["GET"]}}],"collection":[{"href":"https:\/\/zlataskrinjica.si\/hr\/wp-json\/wp\/v2\/product"}],"about":[{"href":"https:\/\/zlataskrinjica.si\/hr\/wp-json\/wp\/v2\/types\/product"}],"replies":[{"embeddable":true,"href":"https:\/\/zlataskrinjica.si\/hr\/wp-json\/wp\/v2\/comments?post=2079"}],"version-history":[{"count":0,"href":"https:\/\/zlataskrinjica.si\/hr\/wp-json\/wp\/v2\/product\/2079\/revisions"}],"wp:featuredmedia":[{"embeddable":true,"href":"https:\/\/zlataskrinjica.si\/hr\/wp-json\/wp\/v2\/media\/2080"}],"wp:attachment":[{"href":"https:\/\/zlataskrinjica.si\/hr\/wp-json\/wp\/v2\/media?parent=2079"}],"wp:term":[{"taxonomy":"product_brand","embeddable":true,"href":"https:\/\/zlataskrinjica.si\/hr\/wp-json\/wp\/v2\/product_brand?post=2079"},{"taxonomy":"product_cat","embeddable":true,"href":"https:\/\/zlataskrinjica.si\/hr\/wp-json\/wp\/v2\/product_cat?post=2079"},{"taxonomy":"product_tag","embeddable":true,"href":"https:\/\/zlataskrinjica.si\/hr\/wp-json\/wp\/v2\/product_tag?post=2079"}],"curies":[{"name":"wp","href":"https:\/\/api.w.org\/{rel}","templated":true}]}}