{"id":2255,"date":"2024-07-21T17:50:32","date_gmt":"2024-07-21T17:50:32","guid":{"rendered":"https:\/\/zlataskrinjica.si\/?post_type=product&#038;p=2255"},"modified":"2025-12-12T17:06:55","modified_gmt":"2025-12-12T16:06:55","slug":"tutu-krilce-model-tisa-bordo-rdeca-z-zvezdicami-bozicna","status":"publish","type":"product","link":"https:\/\/zlataskrinjica.si\/hr\/proizvod\/tutu-krilce-model-tisa-bordo-rdeca-z-zvezdicami-bozicna\/","title":{"rendered":"TUTU lenta \u2013 model Tisa, bordo crvena sa zvijezdama (Bo\u017ei\u0107)"},"content":{"rendered":"<p>Opseg struka suknje:<\/p>\n<p>XS (1-3 godine) \u2013 45 cm (tutu suknja ima mogu\u0107nost smanjenja struka, jer se tamo nalazi elasti\u010dna traka za pode\u0161avanje)<\/p>\n<p>S (4-5 godina) \u2013 50 cm (tutu suknja ima mogu\u0107nost smanjenja struka, jer postoji podesiva elasti\u010dna traka)<\/p>\n<p>M (6-7 godina) \u2013 54 cm (tutu suknja ima mogu\u0107nost smanjenja struka, jer se tamo nalazi elasti\u010dna traka za pode\u0161avanje)<\/p>\n<p>L (8 godina) 58 cm (tutu suknja ima mogu\u0107nost smanjenja struka, jer postoji elasti\u010dna traka za pode\u0161avanje)<\/p>\n<p>Materijal: pojas je til 100%, sloj ispod pojasa je pamuk 75% i poliester 25%<\/p>\n<p>&nbsp;<\/p>\n<p>Savjeti za odr\u017eavanje:<\/p>\n<ul>\n<li>prati na maksimalno 30 stupnjeva,<\/li>\n<li>Zabranjeno gla\u010danje,<\/li>\n<li>Su\u0161enje u su\u0161ilici je zabranjeno,<\/li>\n<li>Preporu\u010dujemo su\u0161enje na su\u0161ilici.<\/li>\n<\/ul>","protected":false},"excerpt":{"rendered":"<p style=\"padding-left: 40px;\">Bordo crvena TUTU suknja sa zlatnim zvijezdama izra\u0111ena je od pahuljastog mekog tila, ima satensku ma\u0161nu sprijeda i elasti\u010dni pojas koji se mo\u017ee podesiti.<\/p>","protected":false},"featured_media":2419,"comment_status":"open","ping_status":"closed","template":"","meta":[],"product_brand":[],"product_cat":[79,25,48],"product_tag":[],"class_list":{"0":"post-2255","1":"product","2":"type-product","3":"status-publish","4":"has-post-thumbnail","6":"product_cat-deklice","7":"product_cat-izdelki","8":"product_cat-tutu-krilca","10":"first","11":"instock","12":"shipping-taxable","13":"purchasable","14":"product-type-variable"},"yoast_head":"<!-- This site is optimized with the Yoast SEO plugin v27.4 - https:\/\/yoast.com\/product\/yoast-seo-wordpress\/ -->\n<title>TUTU krilce - model Tisa, bordo rde\u010da z zvezdicami (bo\u017ei\u010dna) - Zlata Skrinjica<\/title>\n<meta name=\"description\" content=\"Tutu krilce v bordo rde\u010di barvi z zvezdicami je odli\u010dna izbira za bo\u017ei\u010dna fotografiranja in slvja. Ta izredno puhast model bo vzljubila vsaka princeska.\" \/>\n<meta name=\"robots\" content=\"index, follow, max-snippet:-1, max-image-preview:large, max-video-preview:-1\" \/>\n<link rel=\"canonical\" href=\"https:\/\/zlataskrinjica.si\/hr\/proizvod\/tutu-krilce-model-tisa-bordo-rdeca-z-zvezdicami-bozicna\/\" \/>\n<meta property=\"og:locale\" content=\"hr_HR\" \/>\n<meta property=\"og:type\" content=\"article\" \/>\n<meta property=\"og:title\" content=\"TUTU krilce - model Tisa, bordo rde\u010da z zvezdicami (bo\u017ei\u010dna) - Zlata Skrinjica\" \/>\n<meta property=\"og:description\" content=\"Tutu krilce v bordo rde\u010di barvi z zvezdicami je odli\u010dna izbira za bo\u017ei\u010dna fotografiranja in slvja. Ta izredno puhast model bo vzljubila vsaka princeska.\" \/>\n<meta property=\"og:url\" content=\"https:\/\/zlataskrinjica.si\/hr\/proizvod\/tutu-krilce-model-tisa-bordo-rdeca-z-zvezdicami-bozicna\/\" \/>\n<meta property=\"og:site_name\" content=\"Zlata Skrinjica\" \/>\n<meta property=\"article:publisher\" content=\"https:\/\/www.facebook.com\/profile.php?id=100093598205968\" \/>\n<meta property=\"article:modified_time\" content=\"2025-12-12T16:06:55+00:00\" \/>\n<meta property=\"og:image\" content=\"https:\/\/zlataskrinjica.si\/wp-content\/uploads\/2024\/07\/20240813_ZlataSkrinjica-239-scaled.jpg\" \/>\n\t<meta property=\"og:image:width\" content=\"1709\" \/>\n\t<meta property=\"og:image:height\" content=\"2560\" \/>\n\t<meta property=\"og:image:type\" content=\"image\/jpeg\" \/>\n<meta name=\"twitter:card\" content=\"summary_large_image\" \/>\n<meta name=\"twitter:label1\" content=\"Procijenjeno vrijeme \u010ditanja\" \/>\n\t<meta name=\"twitter:data1\" content=\"1 minuta\" \/>\n<script type=\"application\/ld+json\" class=\"yoast-schema-graph\">{\"@context\":\"https:\\\/\\\/schema.org\",\"@graph\":[{\"@type\":\"WebPage\",\"@id\":\"https:\\\/\\\/zlataskrinjica.si\\\/izdelek\\\/tutu-krilce-model-tisa-bordo-rdeca-z-zvezdicami-bozicna\\\/\",\"url\":\"https:\\\/\\\/zlataskrinjica.si\\\/izdelek\\\/tutu-krilce-model-tisa-bordo-rdeca-z-zvezdicami-bozicna\\\/\",\"name\":\"TUTU krilce - model Tisa, bordo rde\u010da z zvezdicami (bo\u017ei\u010dna) - Zlata Skrinjica\",\"isPartOf\":{\"@id\":\"https:\\\/\\\/zlataskrinjica.si\\\/#website\"},\"primaryImageOfPage\":{\"@id\":\"https:\\\/\\\/zlataskrinjica.si\\\/izdelek\\\/tutu-krilce-model-tisa-bordo-rdeca-z-zvezdicami-bozicna\\\/#primaryimage\"},\"image\":{\"@id\":\"https:\\\/\\\/zlataskrinjica.si\\\/izdelek\\\/tutu-krilce-model-tisa-bordo-rdeca-z-zvezdicami-bozicna\\\/#primaryimage\"},\"thumbnailUrl\":\"https:\\\/\\\/zlataskrinjica.si\\\/wp-content\\\/uploads\\\/2024\\\/07\\\/20240813_ZlataSkrinjica-239-scaled.jpg\",\"datePublished\":\"2024-07-21T17:50:32+00:00\",\"dateModified\":\"2025-12-12T16:06:55+00:00\",\"description\":\"Tutu krilce v bordo rde\u010di barvi z zvezdicami je odli\u010dna izbira za bo\u017ei\u010dna fotografiranja in slvja. Ta izredno puhast model bo vzljubila vsaka princeska.\",\"breadcrumb\":{\"@id\":\"https:\\\/\\\/zlataskrinjica.si\\\/izdelek\\\/tutu-krilce-model-tisa-bordo-rdeca-z-zvezdicami-bozicna\\\/#breadcrumb\"},\"inLanguage\":\"hr\",\"potentialAction\":[{\"@type\":\"ReadAction\",\"target\":[\"https:\\\/\\\/zlataskrinjica.si\\\/izdelek\\\/tutu-krilce-model-tisa-bordo-rdeca-z-zvezdicami-bozicna\\\/\"]}]},{\"@type\":\"ImageObject\",\"inLanguage\":\"hr\",\"@id\":\"https:\\\/\\\/zlataskrinjica.si\\\/izdelek\\\/tutu-krilce-model-tisa-bordo-rdeca-z-zvezdicami-bozicna\\\/#primaryimage\",\"url\":\"https:\\\/\\\/zlataskrinjica.si\\\/wp-content\\\/uploads\\\/2024\\\/07\\\/20240813_ZlataSkrinjica-239-scaled.jpg\",\"contentUrl\":\"https:\\\/\\\/zlataskrinjica.si\\\/wp-content\\\/uploads\\\/2024\\\/07\\\/20240813_ZlataSkrinjica-239-scaled.jpg\",\"width\":1709,\"height\":2560,\"caption\":\"tutu krilce, model Tisa - bordo rde\u010da z zvezdicami (bo\u017ei\u010dna)\"},{\"@type\":\"BreadcrumbList\",\"@id\":\"https:\\\/\\\/zlataskrinjica.si\\\/izdelek\\\/tutu-krilce-model-tisa-bordo-rdeca-z-zvezdicami-bozicna\\\/#breadcrumb\",\"itemListElement\":[{\"@type\":\"ListItem\",\"position\":1,\"name\":\"Home\",\"item\":\"https:\\\/\\\/zlataskrinjica.si\\\/\"},{\"@type\":\"ListItem\",\"position\":2,\"name\":\"IZDELKI\",\"item\":\"https:\\\/\\\/zlataskrinjica.si\\\/trgovina\\\/\"},{\"@type\":\"ListItem\",\"position\":3,\"name\":\"TUTU krilce &#8211; model Tisa, bordo rde\u010da z zvezdicami (bo\u017ei\u010dna)\"}]},{\"@type\":\"WebSite\",\"@id\":\"https:\\\/\\\/zlataskrinjica.si\\\/#website\",\"url\":\"https:\\\/\\\/zlataskrinjica.si\\\/\",\"name\":\"Zlata Skrinjica\",\"description\":\"Male dragocenosti za na\u0161e zaklade\",\"publisher\":{\"@id\":\"https:\\\/\\\/zlataskrinjica.si\\\/#organization\"},\"potentialAction\":[{\"@type\":\"SearchAction\",\"target\":{\"@type\":\"EntryPoint\",\"urlTemplate\":\"https:\\\/\\\/zlataskrinjica.si\\\/?s={search_term_string}\"},\"query-input\":{\"@type\":\"PropertyValueSpecification\",\"valueRequired\":true,\"valueName\":\"search_term_string\"}}],\"inLanguage\":\"hr\"},{\"@type\":\"Organization\",\"@id\":\"https:\\\/\\\/zlataskrinjica.si\\\/#organization\",\"name\":\"Zlata Skrinjica\",\"url\":\"https:\\\/\\\/zlataskrinjica.si\\\/\",\"logo\":{\"@type\":\"ImageObject\",\"inLanguage\":\"hr\",\"@id\":\"https:\\\/\\\/zlataskrinjica.si\\\/#\\\/schema\\\/logo\\\/image\\\/\",\"url\":\"https:\\\/\\\/zlataskrinjica.si\\\/wp-content\\\/uploads\\\/2020\\\/11\\\/cropped-cropped-cropped-cropped-zlataskrinjica_logo1-1.png\",\"contentUrl\":\"https:\\\/\\\/zlataskrinjica.si\\\/wp-content\\\/uploads\\\/2020\\\/11\\\/cropped-cropped-cropped-cropped-zlataskrinjica_logo1-1.png\",\"width\":512,\"height\":345,\"caption\":\"Zlata Skrinjica\"},\"image\":{\"@id\":\"https:\\\/\\\/zlataskrinjica.si\\\/#\\\/schema\\\/logo\\\/image\\\/\"},\"sameAs\":[\"https:\\\/\\\/www.facebook.com\\\/profile.php?id=100093598205968\",\"https:\\\/\\\/www.tiktok.com\\\/@zlataskrinjica?_t=8on7QxDWE64&_r=1\"]}]}<\/script>\n<!-- \/ Yoast SEO plugin. -->","yoast_head_json":{"title":"TUTU krilce - model Tisa, bordo rde\u010da z zvezdicami (bo\u017ei\u010dna) - Zlata Skrinjica","description":"Tutu krilce v bordo rde\u010di barvi z zvezdicami je odli\u010dna izbira za bo\u017ei\u010dna fotografiranja in slvja. Ta izredno puhast model bo vzljubila vsaka princeska.","robots":{"index":"index","follow":"follow","max-snippet":"max-snippet:-1","max-image-preview":"max-image-preview:large","max-video-preview":"max-video-preview:-1"},"canonical":"https:\/\/zlataskrinjica.si\/hr\/proizvod\/tutu-krilce-model-tisa-bordo-rdeca-z-zvezdicami-bozicna\/","og_locale":"hr_HR","og_type":"article","og_title":"TUTU krilce - model Tisa, bordo rde\u010da z zvezdicami (bo\u017ei\u010dna) - Zlata Skrinjica","og_description":"Tutu krilce v bordo rde\u010di barvi z zvezdicami je odli\u010dna izbira za bo\u017ei\u010dna fotografiranja in slvja. Ta izredno puhast model bo vzljubila vsaka princeska.","og_url":"https:\/\/zlataskrinjica.si\/hr\/proizvod\/tutu-krilce-model-tisa-bordo-rdeca-z-zvezdicami-bozicna\/","og_site_name":"Zlata Skrinjica","article_publisher":"https:\/\/www.facebook.com\/profile.php?id=100093598205968","article_modified_time":"2025-12-12T16:06:55+00:00","og_image":[{"width":1709,"height":2560,"url":"https:\/\/zlataskrinjica.si\/wp-content\/uploads\/2024\/07\/20240813_ZlataSkrinjica-239-scaled.jpg","type":"image\/jpeg"}],"twitter_card":"summary_large_image","twitter_misc":{"Procijenjeno vrijeme \u010ditanja":"1 minuta"},"schema":{"@context":"https:\/\/schema.org","@graph":[{"@type":"WebPage","@id":"https:\/\/zlataskrinjica.si\/izdelek\/tutu-krilce-model-tisa-bordo-rdeca-z-zvezdicami-bozicna\/","url":"https:\/\/zlataskrinjica.si\/izdelek\/tutu-krilce-model-tisa-bordo-rdeca-z-zvezdicami-bozicna\/","name":"TUTU krilce - model Tisa, bordo rde\u010da z zvezdicami (bo\u017ei\u010dna) - Zlata Skrinjica","isPartOf":{"@id":"https:\/\/zlataskrinjica.si\/#website"},"primaryImageOfPage":{"@id":"https:\/\/zlataskrinjica.si\/izdelek\/tutu-krilce-model-tisa-bordo-rdeca-z-zvezdicami-bozicna\/#primaryimage"},"image":{"@id":"https:\/\/zlataskrinjica.si\/izdelek\/tutu-krilce-model-tisa-bordo-rdeca-z-zvezdicami-bozicna\/#primaryimage"},"thumbnailUrl":"https:\/\/zlataskrinjica.si\/wp-content\/uploads\/2024\/07\/20240813_ZlataSkrinjica-239-scaled.jpg","datePublished":"2024-07-21T17:50:32+00:00","dateModified":"2025-12-12T16:06:55+00:00","description":"Tutu krilce v bordo rde\u010di barvi z zvezdicami je odli\u010dna izbira za bo\u017ei\u010dna fotografiranja in slvja. Ta izredno puhast model bo vzljubila vsaka princeska.","breadcrumb":{"@id":"https:\/\/zlataskrinjica.si\/izdelek\/tutu-krilce-model-tisa-bordo-rdeca-z-zvezdicami-bozicna\/#breadcrumb"},"inLanguage":"hr","potentialAction":[{"@type":"ReadAction","target":["https:\/\/zlataskrinjica.si\/izdelek\/tutu-krilce-model-tisa-bordo-rdeca-z-zvezdicami-bozicna\/"]}]},{"@type":"ImageObject","inLanguage":"hr","@id":"https:\/\/zlataskrinjica.si\/izdelek\/tutu-krilce-model-tisa-bordo-rdeca-z-zvezdicami-bozicna\/#primaryimage","url":"https:\/\/zlataskrinjica.si\/wp-content\/uploads\/2024\/07\/20240813_ZlataSkrinjica-239-scaled.jpg","contentUrl":"https:\/\/zlataskrinjica.si\/wp-content\/uploads\/2024\/07\/20240813_ZlataSkrinjica-239-scaled.jpg","width":1709,"height":2560,"caption":"tutu krilce, model Tisa - bordo rde\u010da z zvezdicami (bo\u017ei\u010dna)"},{"@type":"BreadcrumbList","@id":"https:\/\/zlataskrinjica.si\/izdelek\/tutu-krilce-model-tisa-bordo-rdeca-z-zvezdicami-bozicna\/#breadcrumb","itemListElement":[{"@type":"ListItem","position":1,"name":"Home","item":"https:\/\/zlataskrinjica.si\/"},{"@type":"ListItem","position":2,"name":"IZDELKI","item":"https:\/\/zlataskrinjica.si\/trgovina\/"},{"@type":"ListItem","position":3,"name":"TUTU krilce &#8211; model Tisa, bordo rde\u010da z zvezdicami (bo\u017ei\u010dna)"}]},{"@type":"WebSite","@id":"https:\/\/zlataskrinjica.si\/#website","url":"https:\/\/zlataskrinjica.si\/","name":"Zlatna \u0161krinja","description":"Sitne dragocjenosti za na\u0161a blaga","publisher":{"@id":"https:\/\/zlataskrinjica.si\/#organization"},"potentialAction":[{"@type":"SearchAction","target":{"@type":"EntryPoint","urlTemplate":"https:\/\/zlataskrinjica.si\/?s={search_term_string}"},"query-input":{"@type":"PropertyValueSpecification","valueRequired":true,"valueName":"search_term_string"}}],"inLanguage":"hr"},{"@type":"Organization","@id":"https:\/\/zlataskrinjica.si\/#organization","name":"Zlatna \u0161krinja","url":"https:\/\/zlataskrinjica.si\/","logo":{"@type":"ImageObject","inLanguage":"hr","@id":"https:\/\/zlataskrinjica.si\/#\/schema\/logo\/image\/","url":"https:\/\/zlataskrinjica.si\/wp-content\/uploads\/2020\/11\/cropped-cropped-cropped-cropped-zlataskrinjica_logo1-1.png","contentUrl":"https:\/\/zlataskrinjica.si\/wp-content\/uploads\/2020\/11\/cropped-cropped-cropped-cropped-zlataskrinjica_logo1-1.png","width":512,"height":345,"caption":"Zlata Skrinjica"},"image":{"@id":"https:\/\/zlataskrinjica.si\/#\/schema\/logo\/image\/"},"sameAs":["https:\/\/www.facebook.com\/profile.php?id=100093598205968","https:\/\/www.tiktok.com\/@zlataskrinjica?_t=8on7QxDWE64&_r=1"]}]}},"acf":[],"jetpack_sharing_enabled":true,"_links":{"self":[{"href":"https:\/\/zlataskrinjica.si\/hr\/wp-json\/wp\/v2\/product\/2255","targetHints":{"allow":["GET"]}}],"collection":[{"href":"https:\/\/zlataskrinjica.si\/hr\/wp-json\/wp\/v2\/product"}],"about":[{"href":"https:\/\/zlataskrinjica.si\/hr\/wp-json\/wp\/v2\/types\/product"}],"replies":[{"embeddable":true,"href":"https:\/\/zlataskrinjica.si\/hr\/wp-json\/wp\/v2\/comments?post=2255"}],"version-history":[{"count":1,"href":"https:\/\/zlataskrinjica.si\/hr\/wp-json\/wp\/v2\/product\/2255\/revisions"}],"predecessor-version":[{"id":3662,"href":"https:\/\/zlataskrinjica.si\/hr\/wp-json\/wp\/v2\/product\/2255\/revisions\/3662"}],"wp:featuredmedia":[{"embeddable":true,"href":"https:\/\/zlataskrinjica.si\/hr\/wp-json\/wp\/v2\/media\/2419"}],"wp:attachment":[{"href":"https:\/\/zlataskrinjica.si\/hr\/wp-json\/wp\/v2\/media?parent=2255"}],"wp:term":[{"taxonomy":"product_brand","embeddable":true,"href":"https:\/\/zlataskrinjica.si\/hr\/wp-json\/wp\/v2\/product_brand?post=2255"},{"taxonomy":"product_cat","embeddable":true,"href":"https:\/\/zlataskrinjica.si\/hr\/wp-json\/wp\/v2\/product_cat?post=2255"},{"taxonomy":"product_tag","embeddable":true,"href":"https:\/\/zlataskrinjica.si\/hr\/wp-json\/wp\/v2\/product_tag?post=2255"}],"curies":[{"name":"wp","href":"https:\/\/api.w.org\/{rel}","templated":true}]}}