{"id":2679,"date":"2024-11-23T20:20:57","date_gmt":"2024-11-23T19:20:57","guid":{"rendered":"https:\/\/zlataskrinjica.si\/?post_type=product&#038;p=2679"},"modified":"2025-10-31T14:06:28","modified_gmt":"2025-10-31T13:06:28","slug":"otroska-trenirka-mavricni-nasmeh-siva","status":"publish","type":"product","link":"https:\/\/zlataskrinjica.si\/hr\/proizvod\/otroska-trenirka-mavricni-nasmeh-siva\/","title":{"rendered":"Dje\u010dja trenirka Rainbow Smile - siva"},"content":{"rendered":"<p style=\"padding-left: 40px;\"><strong>Odaberite kvalitetu koju va\u0161e dijete zaslu\u017euje<\/strong><\/p>\n<p>Va\u0161e malo blago u\u017eivat \u0107e u udobnosti i stilu u ovoj modernoj trenirci od organskog pamuka. Dje\u010dja trenirka Rainbow Smile dizajnirana je za nje\u017enu ko\u017eu va\u0161eg djeteta, jer je izra\u0111ena od organskog pamuka 95% i elastana 5%, \u0161to osigurava iznimnu meko\u0107u i prozra\u010dnost. Bezvremenski dizajn s modernim dodirom olak\u0161ava kombiniranje s drugom odje\u0107om. Trenirka je idealna za svakodnevne avanture, jer nudi slobodu kretanja, a istovremeno odra\u017eava va\u0161 odr\u017eivi pristup modi. Zato samo odaberite kvalitetu koju va\u0161e dijete zaslu\u017euje.<\/p>\n<p><strong>Dizajnirano s pa\u017enjom posve\u0107enom detaljima<\/strong><\/p>\n<p>Moderna dje\u010dja trenirka Rainbow Smile dizajnirana je s posebnom pa\u017enjom posve\u0107enom detaljima - od pa\u017eljivo osmi\u0161ljenih \u0161avova do prakti\u010dnog dizajna koji olak\u0161ava obla\u010denje i svla\u010denje. Elasti\u010dni pojas osigurava da trenirka savr\u0161eno pristaje, bez obzira koliko se va\u0161e dijete kre\u0107e. Kao vrhunac, dodane su vezice za zatezanje. Naravno, ne smijemo propustiti dugin logo, koji trenirci zaista dodaje tu \u0161lag na torti.<\/p>\n<p>Dostupno u prekrasnim prirodnim bojama koje se savr\u0161eno sla\u017eu s mnogim modnim komadima. Kombinacija stila i funkcionalnosti zna\u010di da \u0107e trenirka brzo postati najbolji komad u ormaru va\u0161eg djeteta.<\/p>\n<p>Materijal: 95% organski pamuk, 5% elastan<\/p>","protected":false},"excerpt":{"rendered":"<p>Dje\u010dja trenirka Rainbow Smile u sivoj boji. Izra\u0111ena od organskog pamuka.<\/p>\n<p>Brojke su realne, ali za dje\u010dake preporu\u010dujemo broj ve\u0107i.<\/p>\n<p>Materijal: organski pamuk 95%, elastan 5%.<\/p>","protected":false},"featured_media":2719,"comment_status":"open","ping_status":"closed","template":"","meta":[],"product_brand":[],"product_cat":[79,80,25,51],"product_tag":[],"class_list":{"0":"post-2679","1":"product","2":"type-product","3":"status-publish","4":"has-post-thumbnail","6":"product_cat-deklice","7":"product_cat-fantje","8":"product_cat-izdelki","9":"product_cat-otroska-treninrka-mavricni-nasmeh","11":"first","12":"instock","13":"shipping-taxable","14":"purchasable","15":"product-type-variable"},"yoast_head":"<!-- This site is optimized with the Yoast SEO plugin v27.4 - https:\/\/yoast.com\/product\/yoast-seo-wordpress\/ -->\n<title>Otro\u0161ka trenirka Mavri\u010dni nasmeh - siva - Zlata Skrinjica<\/title>\n<meta name=\"description\" content=\"Otro\u0161ka trenirka Mavri\u010dni nasmeh v sivi barvi. Narejena je iz organskega bomba\u017ea, ki je izredno prijeten za ne\u017eno otro\u0161ko ko\u017eo.\" \/>\n<meta name=\"robots\" content=\"index, follow, max-snippet:-1, max-image-preview:large, max-video-preview:-1\" \/>\n<link rel=\"canonical\" href=\"https:\/\/zlataskrinjica.si\/hr\/proizvod\/otroska-trenirka-mavricni-nasmeh-siva\/\" \/>\n<meta property=\"og:locale\" content=\"hr_HR\" \/>\n<meta property=\"og:type\" content=\"article\" \/>\n<meta property=\"og:title\" content=\"Otro\u0161ka trenirka Mavri\u010dni nasmeh - siva - Zlata Skrinjica\" \/>\n<meta property=\"og:description\" content=\"Otro\u0161ka trenirka Mavri\u010dni nasmeh v sivi barvi. Narejena je iz organskega bomba\u017ea, ki je izredno prijeten za ne\u017eno otro\u0161ko ko\u017eo.\" \/>\n<meta property=\"og:url\" content=\"https:\/\/zlataskrinjica.si\/hr\/proizvod\/otroska-trenirka-mavricni-nasmeh-siva\/\" \/>\n<meta property=\"og:site_name\" content=\"Zlata Skrinjica\" \/>\n<meta property=\"article:publisher\" content=\"https:\/\/www.facebook.com\/profile.php?id=100093598205968\" \/>\n<meta property=\"article:modified_time\" content=\"2025-10-31T13:06:28+00:00\" \/>\n<meta property=\"og:image\" content=\"https:\/\/zlataskrinjica.si\/wp-content\/uploads\/2024\/11\/20241202_ZlataSkrinjica-70-scaled.jpg\" \/>\n\t<meta property=\"og:image:width\" content=\"1709\" \/>\n\t<meta property=\"og:image:height\" content=\"2560\" \/>\n\t<meta property=\"og:image:type\" content=\"image\/jpeg\" \/>\n<meta name=\"twitter:card\" content=\"summary_large_image\" \/>\n<meta name=\"twitter:label1\" content=\"Procijenjeno vrijeme \u010ditanja\" \/>\n\t<meta name=\"twitter:data1\" content=\"2 minute\" \/>\n<script type=\"application\/ld+json\" class=\"yoast-schema-graph\">{\"@context\":\"https:\\\/\\\/schema.org\",\"@graph\":[{\"@type\":\"WebPage\",\"@id\":\"https:\\\/\\\/zlataskrinjica.si\\\/izdelek\\\/otroska-trenirka-mavricni-nasmeh-siva\\\/\",\"url\":\"https:\\\/\\\/zlataskrinjica.si\\\/izdelek\\\/otroska-trenirka-mavricni-nasmeh-siva\\\/\",\"name\":\"Otro\u0161ka trenirka Mavri\u010dni nasmeh - siva - Zlata Skrinjica\",\"isPartOf\":{\"@id\":\"https:\\\/\\\/zlataskrinjica.si\\\/#website\"},\"primaryImageOfPage\":{\"@id\":\"https:\\\/\\\/zlataskrinjica.si\\\/izdelek\\\/otroska-trenirka-mavricni-nasmeh-siva\\\/#primaryimage\"},\"image\":{\"@id\":\"https:\\\/\\\/zlataskrinjica.si\\\/izdelek\\\/otroska-trenirka-mavricni-nasmeh-siva\\\/#primaryimage\"},\"thumbnailUrl\":\"https:\\\/\\\/zlataskrinjica.si\\\/wp-content\\\/uploads\\\/2024\\\/11\\\/20241202_ZlataSkrinjica-70-scaled.jpg\",\"datePublished\":\"2024-11-23T19:20:57+00:00\",\"dateModified\":\"2025-10-31T13:06:28+00:00\",\"description\":\"Otro\u0161ka trenirka Mavri\u010dni nasmeh v sivi barvi. Narejena je iz organskega bomba\u017ea, ki je izredno prijeten za ne\u017eno otro\u0161ko ko\u017eo.\",\"breadcrumb\":{\"@id\":\"https:\\\/\\\/zlataskrinjica.si\\\/izdelek\\\/otroska-trenirka-mavricni-nasmeh-siva\\\/#breadcrumb\"},\"inLanguage\":\"hr\",\"potentialAction\":[{\"@type\":\"ReadAction\",\"target\":[\"https:\\\/\\\/zlataskrinjica.si\\\/izdelek\\\/otroska-trenirka-mavricni-nasmeh-siva\\\/\"]}]},{\"@type\":\"ImageObject\",\"inLanguage\":\"hr\",\"@id\":\"https:\\\/\\\/zlataskrinjica.si\\\/izdelek\\\/otroska-trenirka-mavricni-nasmeh-siva\\\/#primaryimage\",\"url\":\"https:\\\/\\\/zlataskrinjica.si\\\/wp-content\\\/uploads\\\/2024\\\/11\\\/20241202_ZlataSkrinjica-70-scaled.jpg\",\"contentUrl\":\"https:\\\/\\\/zlataskrinjica.si\\\/wp-content\\\/uploads\\\/2024\\\/11\\\/20241202_ZlataSkrinjica-70-scaled.jpg\",\"width\":1709,\"height\":2560},{\"@type\":\"BreadcrumbList\",\"@id\":\"https:\\\/\\\/zlataskrinjica.si\\\/izdelek\\\/otroska-trenirka-mavricni-nasmeh-siva\\\/#breadcrumb\",\"itemListElement\":[{\"@type\":\"ListItem\",\"position\":1,\"name\":\"Home\",\"item\":\"https:\\\/\\\/zlataskrinjica.si\\\/\"},{\"@type\":\"ListItem\",\"position\":2,\"name\":\"IZDELKI\",\"item\":\"https:\\\/\\\/zlataskrinjica.si\\\/trgovina\\\/\"},{\"@type\":\"ListItem\",\"position\":3,\"name\":\"Otro\u0161ka trenirka Mavri\u010dni nasmeh &#8211; siva\"}]},{\"@type\":\"WebSite\",\"@id\":\"https:\\\/\\\/zlataskrinjica.si\\\/#website\",\"url\":\"https:\\\/\\\/zlataskrinjica.si\\\/\",\"name\":\"Zlata Skrinjica\",\"description\":\"Male dragocenosti za na\u0161e zaklade\",\"publisher\":{\"@id\":\"https:\\\/\\\/zlataskrinjica.si\\\/#organization\"},\"potentialAction\":[{\"@type\":\"SearchAction\",\"target\":{\"@type\":\"EntryPoint\",\"urlTemplate\":\"https:\\\/\\\/zlataskrinjica.si\\\/?s={search_term_string}\"},\"query-input\":{\"@type\":\"PropertyValueSpecification\",\"valueRequired\":true,\"valueName\":\"search_term_string\"}}],\"inLanguage\":\"hr\"},{\"@type\":\"Organization\",\"@id\":\"https:\\\/\\\/zlataskrinjica.si\\\/#organization\",\"name\":\"Zlata Skrinjica\",\"url\":\"https:\\\/\\\/zlataskrinjica.si\\\/\",\"logo\":{\"@type\":\"ImageObject\",\"inLanguage\":\"hr\",\"@id\":\"https:\\\/\\\/zlataskrinjica.si\\\/#\\\/schema\\\/logo\\\/image\\\/\",\"url\":\"https:\\\/\\\/zlataskrinjica.si\\\/wp-content\\\/uploads\\\/2020\\\/11\\\/cropped-cropped-cropped-cropped-zlataskrinjica_logo1-1.png\",\"contentUrl\":\"https:\\\/\\\/zlataskrinjica.si\\\/wp-content\\\/uploads\\\/2020\\\/11\\\/cropped-cropped-cropped-cropped-zlataskrinjica_logo1-1.png\",\"width\":512,\"height\":345,\"caption\":\"Zlata Skrinjica\"},\"image\":{\"@id\":\"https:\\\/\\\/zlataskrinjica.si\\\/#\\\/schema\\\/logo\\\/image\\\/\"},\"sameAs\":[\"https:\\\/\\\/www.facebook.com\\\/profile.php?id=100093598205968\",\"https:\\\/\\\/www.tiktok.com\\\/@zlataskrinjica?_t=8on7QxDWE64&_r=1\"]}]}<\/script>\n<!-- \/ Yoast SEO plugin. -->","yoast_head_json":{"title":"Otro\u0161ka trenirka Mavri\u010dni nasmeh - siva - Zlata Skrinjica","description":"Otro\u0161ka trenirka Mavri\u010dni nasmeh v sivi barvi. Narejena je iz organskega bomba\u017ea, ki je izredno prijeten za ne\u017eno otro\u0161ko ko\u017eo.","robots":{"index":"index","follow":"follow","max-snippet":"max-snippet:-1","max-image-preview":"max-image-preview:large","max-video-preview":"max-video-preview:-1"},"canonical":"https:\/\/zlataskrinjica.si\/hr\/proizvod\/otroska-trenirka-mavricni-nasmeh-siva\/","og_locale":"hr_HR","og_type":"article","og_title":"Otro\u0161ka trenirka Mavri\u010dni nasmeh - siva - Zlata Skrinjica","og_description":"Otro\u0161ka trenirka Mavri\u010dni nasmeh v sivi barvi. Narejena je iz organskega bomba\u017ea, ki je izredno prijeten za ne\u017eno otro\u0161ko ko\u017eo.","og_url":"https:\/\/zlataskrinjica.si\/hr\/proizvod\/otroska-trenirka-mavricni-nasmeh-siva\/","og_site_name":"Zlata Skrinjica","article_publisher":"https:\/\/www.facebook.com\/profile.php?id=100093598205968","article_modified_time":"2025-10-31T13:06:28+00:00","og_image":[{"width":1709,"height":2560,"url":"https:\/\/zlataskrinjica.si\/wp-content\/uploads\/2024\/11\/20241202_ZlataSkrinjica-70-scaled.jpg","type":"image\/jpeg"}],"twitter_card":"summary_large_image","twitter_misc":{"Procijenjeno vrijeme \u010ditanja":"2 minute"},"schema":{"@context":"https:\/\/schema.org","@graph":[{"@type":"WebPage","@id":"https:\/\/zlataskrinjica.si\/izdelek\/otroska-trenirka-mavricni-nasmeh-siva\/","url":"https:\/\/zlataskrinjica.si\/izdelek\/otroska-trenirka-mavricni-nasmeh-siva\/","name":"Otro\u0161ka trenirka Mavri\u010dni nasmeh - siva - Zlata Skrinjica","isPartOf":{"@id":"https:\/\/zlataskrinjica.si\/#website"},"primaryImageOfPage":{"@id":"https:\/\/zlataskrinjica.si\/izdelek\/otroska-trenirka-mavricni-nasmeh-siva\/#primaryimage"},"image":{"@id":"https:\/\/zlataskrinjica.si\/izdelek\/otroska-trenirka-mavricni-nasmeh-siva\/#primaryimage"},"thumbnailUrl":"https:\/\/zlataskrinjica.si\/wp-content\/uploads\/2024\/11\/20241202_ZlataSkrinjica-70-scaled.jpg","datePublished":"2024-11-23T19:20:57+00:00","dateModified":"2025-10-31T13:06:28+00:00","description":"Otro\u0161ka trenirka Mavri\u010dni nasmeh v sivi barvi. Narejena je iz organskega bomba\u017ea, ki je izredno prijeten za ne\u017eno otro\u0161ko ko\u017eo.","breadcrumb":{"@id":"https:\/\/zlataskrinjica.si\/izdelek\/otroska-trenirka-mavricni-nasmeh-siva\/#breadcrumb"},"inLanguage":"hr","potentialAction":[{"@type":"ReadAction","target":["https:\/\/zlataskrinjica.si\/izdelek\/otroska-trenirka-mavricni-nasmeh-siva\/"]}]},{"@type":"ImageObject","inLanguage":"hr","@id":"https:\/\/zlataskrinjica.si\/izdelek\/otroska-trenirka-mavricni-nasmeh-siva\/#primaryimage","url":"https:\/\/zlataskrinjica.si\/wp-content\/uploads\/2024\/11\/20241202_ZlataSkrinjica-70-scaled.jpg","contentUrl":"https:\/\/zlataskrinjica.si\/wp-content\/uploads\/2024\/11\/20241202_ZlataSkrinjica-70-scaled.jpg","width":1709,"height":2560},{"@type":"BreadcrumbList","@id":"https:\/\/zlataskrinjica.si\/izdelek\/otroska-trenirka-mavricni-nasmeh-siva\/#breadcrumb","itemListElement":[{"@type":"ListItem","position":1,"name":"Home","item":"https:\/\/zlataskrinjica.si\/"},{"@type":"ListItem","position":2,"name":"IZDELKI","item":"https:\/\/zlataskrinjica.si\/trgovina\/"},{"@type":"ListItem","position":3,"name":"Otro\u0161ka trenirka Mavri\u010dni nasmeh &#8211; siva"}]},{"@type":"WebSite","@id":"https:\/\/zlataskrinjica.si\/#website","url":"https:\/\/zlataskrinjica.si\/","name":"Zlatna \u0161krinja","description":"Sitne dragocjenosti za na\u0161a blaga","publisher":{"@id":"https:\/\/zlataskrinjica.si\/#organization"},"potentialAction":[{"@type":"SearchAction","target":{"@type":"EntryPoint","urlTemplate":"https:\/\/zlataskrinjica.si\/?s={search_term_string}"},"query-input":{"@type":"PropertyValueSpecification","valueRequired":true,"valueName":"search_term_string"}}],"inLanguage":"hr"},{"@type":"Organization","@id":"https:\/\/zlataskrinjica.si\/#organization","name":"Zlatna \u0161krinja","url":"https:\/\/zlataskrinjica.si\/","logo":{"@type":"ImageObject","inLanguage":"hr","@id":"https:\/\/zlataskrinjica.si\/#\/schema\/logo\/image\/","url":"https:\/\/zlataskrinjica.si\/wp-content\/uploads\/2020\/11\/cropped-cropped-cropped-cropped-zlataskrinjica_logo1-1.png","contentUrl":"https:\/\/zlataskrinjica.si\/wp-content\/uploads\/2020\/11\/cropped-cropped-cropped-cropped-zlataskrinjica_logo1-1.png","width":512,"height":345,"caption":"Zlata Skrinjica"},"image":{"@id":"https:\/\/zlataskrinjica.si\/#\/schema\/logo\/image\/"},"sameAs":["https:\/\/www.facebook.com\/profile.php?id=100093598205968","https:\/\/www.tiktok.com\/@zlataskrinjica?_t=8on7QxDWE64&_r=1"]}]}},"acf":[],"jetpack_sharing_enabled":true,"_links":{"self":[{"href":"https:\/\/zlataskrinjica.si\/hr\/wp-json\/wp\/v2\/product\/2679","targetHints":{"allow":["GET"]}}],"collection":[{"href":"https:\/\/zlataskrinjica.si\/hr\/wp-json\/wp\/v2\/product"}],"about":[{"href":"https:\/\/zlataskrinjica.si\/hr\/wp-json\/wp\/v2\/types\/product"}],"replies":[{"embeddable":true,"href":"https:\/\/zlataskrinjica.si\/hr\/wp-json\/wp\/v2\/comments?post=2679"}],"version-history":[{"count":2,"href":"https:\/\/zlataskrinjica.si\/hr\/wp-json\/wp\/v2\/product\/2679\/revisions"}],"predecessor-version":[{"id":3622,"href":"https:\/\/zlataskrinjica.si\/hr\/wp-json\/wp\/v2\/product\/2679\/revisions\/3622"}],"wp:featuredmedia":[{"embeddable":true,"href":"https:\/\/zlataskrinjica.si\/hr\/wp-json\/wp\/v2\/media\/2719"}],"wp:attachment":[{"href":"https:\/\/zlataskrinjica.si\/hr\/wp-json\/wp\/v2\/media?parent=2679"}],"wp:term":[{"taxonomy":"product_brand","embeddable":true,"href":"https:\/\/zlataskrinjica.si\/hr\/wp-json\/wp\/v2\/product_brand?post=2679"},{"taxonomy":"product_cat","embeddable":true,"href":"https:\/\/zlataskrinjica.si\/hr\/wp-json\/wp\/v2\/product_cat?post=2679"},{"taxonomy":"product_tag","embeddable":true,"href":"https:\/\/zlataskrinjica.si\/hr\/wp-json\/wp\/v2\/product_tag?post=2679"}],"curies":[{"name":"wp","href":"https:\/\/api.w.org\/{rel}","templated":true}]}}