{"id":3523,"date":"2025-09-12T07:48:25","date_gmt":"2025-09-12T05:48:25","guid":{"rendered":"https:\/\/zlataskrinjica.si\/?post_type=product&#038;p=3523"},"modified":"2026-02-17T20:06:06","modified_gmt":"2026-02-17T19:06:06","slug":"tutu-krilce-model-glorija-bordo-rdeca","status":"publish","type":"product","link":"https:\/\/zlataskrinjica.si\/hr\/proizvod\/tutu-krilce-model-glorija-bordo-rdeca\/","title":{"rendered":"Tutu suknja, model Gloria, bordo crvena"},"content":{"rendered":"<p>Opseg struka suknje:<\/p>\n<p>XS (1-2 godine) \u2013 45 cm<\/p>\n<p>S (3-4 godine) \u2013 48 cm<\/p>\n<p>M (5-6 godina) \u2013 50 cm<\/p>\n<p>L (7-8 godina) 53 cm<\/p>\n<p>Materijal: pojas je til 100%, sloj ispod pojasa je pamuk 75% i poliester 25%<\/p>\n<p>&nbsp;<\/p>\n<p>Savjeti za odr\u017eavanje:<\/p>\n<ul>\n<li>prati na maksimalno 30 stupnjeva,<\/li>\n<li>Zabranjeno gla\u010danje,<\/li>\n<li>Su\u0161enje u su\u0161ilici je zabranjeno,<\/li>\n<li>Preporu\u010dujemo su\u0161enje na su\u0161ilici.<\/li>\n<\/ul>","protected":false},"excerpt":{"rendered":"<p>Bordo crvena tutu suknja od pahuljastog mekog tila. Suknja je ekstra pahuljasta, za prave male princeze.<\/p>","protected":false},"featured_media":3524,"comment_status":"open","ping_status":"closed","template":"","meta":[],"product_brand":[],"product_cat":[79,25,48],"product_tag":[],"class_list":{"0":"post-3523","1":"product","2":"type-product","3":"status-publish","4":"has-post-thumbnail","6":"product_cat-deklice","7":"product_cat-izdelki","8":"product_cat-tutu-krilca","10":"first","11":"instock","12":"shipping-taxable","13":"purchasable","14":"product-type-variable"},"yoast_head":"<!-- This site is optimized with the Yoast SEO plugin v27.4 - https:\/\/yoast.com\/product\/yoast-seo-wordpress\/ -->\n<title>Tutu krilce, model Glorija, bordo rde\u010da - Zlata Skrinjica<\/title>\n<meta name=\"description\" content=\"Ekstra puhasto in vrtljivo tutu krilce za prave male princeske. Vsaka deklica je presre\u010dna ko oble\u010de na\u0161e krilce.\" \/>\n<meta name=\"robots\" content=\"index, follow, max-snippet:-1, max-image-preview:large, max-video-preview:-1\" \/>\n<link rel=\"canonical\" href=\"https:\/\/zlataskrinjica.si\/hr\/proizvod\/tutu-krilce-model-glorija-bordo-rdeca\/\" \/>\n<meta property=\"og:locale\" content=\"hr_HR\" \/>\n<meta property=\"og:type\" content=\"article\" \/>\n<meta property=\"og:title\" content=\"Tutu krilce, model Glorija, bordo rde\u010da - Zlata Skrinjica\" \/>\n<meta property=\"og:description\" content=\"Ekstra puhasto in vrtljivo tutu krilce za prave male princeske. Vsaka deklica je presre\u010dna ko oble\u010de na\u0161e krilce.\" \/>\n<meta property=\"og:url\" content=\"https:\/\/zlataskrinjica.si\/hr\/proizvod\/tutu-krilce-model-glorija-bordo-rdeca\/\" \/>\n<meta property=\"og:site_name\" content=\"Zlata Skrinjica\" \/>\n<meta property=\"article:publisher\" content=\"https:\/\/www.facebook.com\/profile.php?id=100093598205968\" \/>\n<meta property=\"article:modified_time\" content=\"2026-02-17T19:06:06+00:00\" \/>\n<meta property=\"og:image\" content=\"https:\/\/zlataskrinjica.si\/wp-content\/uploads\/2025\/09\/IMG-20250911-WA0012.jpg\" \/>\n\t<meta property=\"og:image:width\" content=\"1200\" \/>\n\t<meta property=\"og:image:height\" content=\"1600\" \/>\n\t<meta property=\"og:image:type\" content=\"image\/jpeg\" \/>\n<meta name=\"twitter:card\" content=\"summary_large_image\" \/>\n<meta name=\"twitter:label1\" content=\"Procijenjeno vrijeme \u010ditanja\" \/>\n\t<meta name=\"twitter:data1\" content=\"1 minuta\" \/>\n<script type=\"application\/ld+json\" class=\"yoast-schema-graph\">{\"@context\":\"https:\\\/\\\/schema.org\",\"@graph\":[{\"@type\":\"WebPage\",\"@id\":\"https:\\\/\\\/zlataskrinjica.si\\\/izdelek\\\/tutu-krilce-model-glorija-bordo-rdeca\\\/\",\"url\":\"https:\\\/\\\/zlataskrinjica.si\\\/izdelek\\\/tutu-krilce-model-glorija-bordo-rdeca\\\/\",\"name\":\"Tutu krilce, model Glorija, bordo rde\u010da - Zlata Skrinjica\",\"isPartOf\":{\"@id\":\"https:\\\/\\\/zlataskrinjica.si\\\/#website\"},\"primaryImageOfPage\":{\"@id\":\"https:\\\/\\\/zlataskrinjica.si\\\/izdelek\\\/tutu-krilce-model-glorija-bordo-rdeca\\\/#primaryimage\"},\"image\":{\"@id\":\"https:\\\/\\\/zlataskrinjica.si\\\/izdelek\\\/tutu-krilce-model-glorija-bordo-rdeca\\\/#primaryimage\"},\"thumbnailUrl\":\"https:\\\/\\\/zlataskrinjica.si\\\/wp-content\\\/uploads\\\/2025\\\/09\\\/IMG-20250911-WA0012.jpg\",\"datePublished\":\"2025-09-12T05:48:25+00:00\",\"dateModified\":\"2026-02-17T19:06:06+00:00\",\"description\":\"Ekstra puhasto in vrtljivo tutu krilce za prave male princeske. Vsaka deklica je presre\u010dna ko oble\u010de na\u0161e krilce.\",\"breadcrumb\":{\"@id\":\"https:\\\/\\\/zlataskrinjica.si\\\/izdelek\\\/tutu-krilce-model-glorija-bordo-rdeca\\\/#breadcrumb\"},\"inLanguage\":\"hr\",\"potentialAction\":[{\"@type\":\"ReadAction\",\"target\":[\"https:\\\/\\\/zlataskrinjica.si\\\/izdelek\\\/tutu-krilce-model-glorija-bordo-rdeca\\\/\"]}]},{\"@type\":\"ImageObject\",\"inLanguage\":\"hr\",\"@id\":\"https:\\\/\\\/zlataskrinjica.si\\\/izdelek\\\/tutu-krilce-model-glorija-bordo-rdeca\\\/#primaryimage\",\"url\":\"https:\\\/\\\/zlataskrinjica.si\\\/wp-content\\\/uploads\\\/2025\\\/09\\\/IMG-20250911-WA0012.jpg\",\"contentUrl\":\"https:\\\/\\\/zlataskrinjica.si\\\/wp-content\\\/uploads\\\/2025\\\/09\\\/IMG-20250911-WA0012.jpg\",\"width\":1200,\"height\":1600},{\"@type\":\"BreadcrumbList\",\"@id\":\"https:\\\/\\\/zlataskrinjica.si\\\/izdelek\\\/tutu-krilce-model-glorija-bordo-rdeca\\\/#breadcrumb\",\"itemListElement\":[{\"@type\":\"ListItem\",\"position\":1,\"name\":\"Home\",\"item\":\"https:\\\/\\\/zlataskrinjica.si\\\/\"},{\"@type\":\"ListItem\",\"position\":2,\"name\":\"IZDELKI\",\"item\":\"https:\\\/\\\/zlataskrinjica.si\\\/trgovina\\\/\"},{\"@type\":\"ListItem\",\"position\":3,\"name\":\"Tutu krilce, model Glorija, bordo rde\u010da\"}]},{\"@type\":\"WebSite\",\"@id\":\"https:\\\/\\\/zlataskrinjica.si\\\/#website\",\"url\":\"https:\\\/\\\/zlataskrinjica.si\\\/\",\"name\":\"Zlata Skrinjica\",\"description\":\"Male dragocenosti za na\u0161e zaklade\",\"publisher\":{\"@id\":\"https:\\\/\\\/zlataskrinjica.si\\\/#organization\"},\"potentialAction\":[{\"@type\":\"SearchAction\",\"target\":{\"@type\":\"EntryPoint\",\"urlTemplate\":\"https:\\\/\\\/zlataskrinjica.si\\\/?s={search_term_string}\"},\"query-input\":{\"@type\":\"PropertyValueSpecification\",\"valueRequired\":true,\"valueName\":\"search_term_string\"}}],\"inLanguage\":\"hr\"},{\"@type\":\"Organization\",\"@id\":\"https:\\\/\\\/zlataskrinjica.si\\\/#organization\",\"name\":\"Zlata Skrinjica\",\"url\":\"https:\\\/\\\/zlataskrinjica.si\\\/\",\"logo\":{\"@type\":\"ImageObject\",\"inLanguage\":\"hr\",\"@id\":\"https:\\\/\\\/zlataskrinjica.si\\\/#\\\/schema\\\/logo\\\/image\\\/\",\"url\":\"https:\\\/\\\/zlataskrinjica.si\\\/wp-content\\\/uploads\\\/2020\\\/11\\\/cropped-cropped-cropped-cropped-zlataskrinjica_logo1-1.png\",\"contentUrl\":\"https:\\\/\\\/zlataskrinjica.si\\\/wp-content\\\/uploads\\\/2020\\\/11\\\/cropped-cropped-cropped-cropped-zlataskrinjica_logo1-1.png\",\"width\":512,\"height\":345,\"caption\":\"Zlata Skrinjica\"},\"image\":{\"@id\":\"https:\\\/\\\/zlataskrinjica.si\\\/#\\\/schema\\\/logo\\\/image\\\/\"},\"sameAs\":[\"https:\\\/\\\/www.facebook.com\\\/profile.php?id=100093598205968\",\"https:\\\/\\\/www.tiktok.com\\\/@zlataskrinjica?_t=8on7QxDWE64&_r=1\"]}]}<\/script>\n<!-- \/ Yoast SEO plugin. -->","yoast_head_json":{"title":"Tutu krilce, model Glorija, bordo rde\u010da - Zlata Skrinjica","description":"Ekstra puhasto in vrtljivo tutu krilce za prave male princeske. Vsaka deklica je presre\u010dna ko oble\u010de na\u0161e krilce.","robots":{"index":"index","follow":"follow","max-snippet":"max-snippet:-1","max-image-preview":"max-image-preview:large","max-video-preview":"max-video-preview:-1"},"canonical":"https:\/\/zlataskrinjica.si\/hr\/proizvod\/tutu-krilce-model-glorija-bordo-rdeca\/","og_locale":"hr_HR","og_type":"article","og_title":"Tutu krilce, model Glorija, bordo rde\u010da - Zlata Skrinjica","og_description":"Ekstra puhasto in vrtljivo tutu krilce za prave male princeske. Vsaka deklica je presre\u010dna ko oble\u010de na\u0161e krilce.","og_url":"https:\/\/zlataskrinjica.si\/hr\/proizvod\/tutu-krilce-model-glorija-bordo-rdeca\/","og_site_name":"Zlata Skrinjica","article_publisher":"https:\/\/www.facebook.com\/profile.php?id=100093598205968","article_modified_time":"2026-02-17T19:06:06+00:00","og_image":[{"width":1200,"height":1600,"url":"https:\/\/zlataskrinjica.si\/wp-content\/uploads\/2025\/09\/IMG-20250911-WA0012.jpg","type":"image\/jpeg"}],"twitter_card":"summary_large_image","twitter_misc":{"Procijenjeno vrijeme \u010ditanja":"1 minuta"},"schema":{"@context":"https:\/\/schema.org","@graph":[{"@type":"WebPage","@id":"https:\/\/zlataskrinjica.si\/izdelek\/tutu-krilce-model-glorija-bordo-rdeca\/","url":"https:\/\/zlataskrinjica.si\/izdelek\/tutu-krilce-model-glorija-bordo-rdeca\/","name":"Tutu krilce, model Glorija, bordo rde\u010da - Zlata Skrinjica","isPartOf":{"@id":"https:\/\/zlataskrinjica.si\/#website"},"primaryImageOfPage":{"@id":"https:\/\/zlataskrinjica.si\/izdelek\/tutu-krilce-model-glorija-bordo-rdeca\/#primaryimage"},"image":{"@id":"https:\/\/zlataskrinjica.si\/izdelek\/tutu-krilce-model-glorija-bordo-rdeca\/#primaryimage"},"thumbnailUrl":"https:\/\/zlataskrinjica.si\/wp-content\/uploads\/2025\/09\/IMG-20250911-WA0012.jpg","datePublished":"2025-09-12T05:48:25+00:00","dateModified":"2026-02-17T19:06:06+00:00","description":"Ekstra puhasto in vrtljivo tutu krilce za prave male princeske. Vsaka deklica je presre\u010dna ko oble\u010de na\u0161e krilce.","breadcrumb":{"@id":"https:\/\/zlataskrinjica.si\/izdelek\/tutu-krilce-model-glorija-bordo-rdeca\/#breadcrumb"},"inLanguage":"hr","potentialAction":[{"@type":"ReadAction","target":["https:\/\/zlataskrinjica.si\/izdelek\/tutu-krilce-model-glorija-bordo-rdeca\/"]}]},{"@type":"ImageObject","inLanguage":"hr","@id":"https:\/\/zlataskrinjica.si\/izdelek\/tutu-krilce-model-glorija-bordo-rdeca\/#primaryimage","url":"https:\/\/zlataskrinjica.si\/wp-content\/uploads\/2025\/09\/IMG-20250911-WA0012.jpg","contentUrl":"https:\/\/zlataskrinjica.si\/wp-content\/uploads\/2025\/09\/IMG-20250911-WA0012.jpg","width":1200,"height":1600},{"@type":"BreadcrumbList","@id":"https:\/\/zlataskrinjica.si\/izdelek\/tutu-krilce-model-glorija-bordo-rdeca\/#breadcrumb","itemListElement":[{"@type":"ListItem","position":1,"name":"Home","item":"https:\/\/zlataskrinjica.si\/"},{"@type":"ListItem","position":2,"name":"IZDELKI","item":"https:\/\/zlataskrinjica.si\/trgovina\/"},{"@type":"ListItem","position":3,"name":"Tutu krilce, model Glorija, bordo rde\u010da"}]},{"@type":"WebSite","@id":"https:\/\/zlataskrinjica.si\/#website","url":"https:\/\/zlataskrinjica.si\/","name":"Zlatna \u0161krinja","description":"Sitne dragocjenosti za na\u0161a blaga","publisher":{"@id":"https:\/\/zlataskrinjica.si\/#organization"},"potentialAction":[{"@type":"SearchAction","target":{"@type":"EntryPoint","urlTemplate":"https:\/\/zlataskrinjica.si\/?s={search_term_string}"},"query-input":{"@type":"PropertyValueSpecification","valueRequired":true,"valueName":"search_term_string"}}],"inLanguage":"hr"},{"@type":"Organization","@id":"https:\/\/zlataskrinjica.si\/#organization","name":"Zlatna \u0161krinja","url":"https:\/\/zlataskrinjica.si\/","logo":{"@type":"ImageObject","inLanguage":"hr","@id":"https:\/\/zlataskrinjica.si\/#\/schema\/logo\/image\/","url":"https:\/\/zlataskrinjica.si\/wp-content\/uploads\/2020\/11\/cropped-cropped-cropped-cropped-zlataskrinjica_logo1-1.png","contentUrl":"https:\/\/zlataskrinjica.si\/wp-content\/uploads\/2020\/11\/cropped-cropped-cropped-cropped-zlataskrinjica_logo1-1.png","width":512,"height":345,"caption":"Zlata Skrinjica"},"image":{"@id":"https:\/\/zlataskrinjica.si\/#\/schema\/logo\/image\/"},"sameAs":["https:\/\/www.facebook.com\/profile.php?id=100093598205968","https:\/\/www.tiktok.com\/@zlataskrinjica?_t=8on7QxDWE64&_r=1"]}]}},"acf":[],"jetpack_sharing_enabled":true,"_links":{"self":[{"href":"https:\/\/zlataskrinjica.si\/hr\/wp-json\/wp\/v2\/product\/3523","targetHints":{"allow":["GET"]}}],"collection":[{"href":"https:\/\/zlataskrinjica.si\/hr\/wp-json\/wp\/v2\/product"}],"about":[{"href":"https:\/\/zlataskrinjica.si\/hr\/wp-json\/wp\/v2\/types\/product"}],"replies":[{"embeddable":true,"href":"https:\/\/zlataskrinjica.si\/hr\/wp-json\/wp\/v2\/comments?post=3523"}],"version-history":[{"count":1,"href":"https:\/\/zlataskrinjica.si\/hr\/wp-json\/wp\/v2\/product\/3523\/revisions"}],"predecessor-version":[{"id":4039,"href":"https:\/\/zlataskrinjica.si\/hr\/wp-json\/wp\/v2\/product\/3523\/revisions\/4039"}],"wp:featuredmedia":[{"embeddable":true,"href":"https:\/\/zlataskrinjica.si\/hr\/wp-json\/wp\/v2\/media\/3524"}],"wp:attachment":[{"href":"https:\/\/zlataskrinjica.si\/hr\/wp-json\/wp\/v2\/media?parent=3523"}],"wp:term":[{"taxonomy":"product_brand","embeddable":true,"href":"https:\/\/zlataskrinjica.si\/hr\/wp-json\/wp\/v2\/product_brand?post=3523"},{"taxonomy":"product_cat","embeddable":true,"href":"https:\/\/zlataskrinjica.si\/hr\/wp-json\/wp\/v2\/product_cat?post=3523"},{"taxonomy":"product_tag","embeddable":true,"href":"https:\/\/zlataskrinjica.si\/hr\/wp-json\/wp\/v2\/product_tag?post=3523"}],"curies":[{"name":"wp","href":"https:\/\/api.w.org\/{rel}","templated":true}]}}