{"id":1042,"date":"2020-12-09T22:17:37","date_gmt":"2020-12-09T22:17:37","guid":{"rendered":"https:\/\/zlataskrinjica.si\/?post_type=product&#038;p=1042"},"modified":"2025-07-17T13:25:57","modified_gmt":"2025-07-17T11:25:57","slug":"cutie-pie-set-roza","status":"publish","type":"product","link":"https:\/\/zlataskrinjica.si\/it\/prodotto\/cutie-pie-set-roza\/","title":{"rendered":"SET TORTA ROSA"},"content":{"rendered":"<p>Materiale: cotone 100%<\/p>","protected":false},"excerpt":{"rendered":"<p>Set da due pezzi per bambine. Realizzato in cotone ecologico, in tre splendidi colori, questo set diventer\u00e0 sicuramente un pezzo importante del guardaroba della vostra bambina.<\/p>","protected":false},"featured_media":1021,"comment_status":"open","ping_status":"closed","template":"","meta":[],"product_brand":[],"product_cat":[43,25,81],"product_tag":[],"class_list":{"0":"post-1042","1":"product","2":"type-product","3":"status-publish","4":"has-post-thumbnail","6":"product_cat-dolgi-kompletki","7":"product_cat-izdelki","8":"product_cat-za-dojencke","10":"first","11":"instock","12":"shipping-taxable","13":"purchasable","14":"product-type-variable"},"yoast_head":"<!-- This site is optimized with the Yoast SEO plugin v27.4 - https:\/\/yoast.com\/product\/yoast-seo-wordpress\/ -->\n<title>CUTIE PIE SET ROZA - Zlata Skrinjica<\/title>\n<meta name=\"robots\" content=\"index, follow, max-snippet:-1, max-image-preview:large, max-video-preview:-1\" \/>\n<link rel=\"canonical\" href=\"https:\/\/zlataskrinjica.si\/it\/prodotto\/cutie-pie-set-roza\/\" \/>\n<meta property=\"og:locale\" content=\"it_IT\" \/>\n<meta property=\"og:type\" content=\"article\" \/>\n<meta property=\"og:title\" content=\"CUTIE PIE SET ROZA - Zlata Skrinjica\" \/>\n<meta property=\"og:description\" content=\"Dvodelni set za deklice. Narejen iz eko bomba\u017ea, v treh \u010dudovitih barvah in bo zagotovo postal pomemben kos garderobe va\u0161e mal\u010dice.\" \/>\n<meta property=\"og:url\" content=\"https:\/\/zlataskrinjica.si\/it\/prodotto\/cutie-pie-set-roza\/\" \/>\n<meta property=\"og:site_name\" content=\"Zlata Skrinjica\" \/>\n<meta property=\"article:publisher\" content=\"https:\/\/www.facebook.com\/profile.php?id=100093598205968\" \/>\n<meta property=\"article:modified_time\" content=\"2025-07-17T11:25:57+00:00\" \/>\n<meta property=\"og:image\" content=\"https:\/\/zlataskrinjica.si\/wp-content\/uploads\/2020\/12\/H11e0690402a2433a96fe09d3b82a6e52r.jpg\" \/>\n\t<meta property=\"og:image:width\" content=\"750\" \/>\n\t<meta property=\"og:image:height\" content=\"750\" \/>\n\t<meta property=\"og:image:type\" content=\"image\/jpeg\" \/>\n<meta name=\"twitter:card\" content=\"summary_large_image\" \/>\n<script type=\"application\/ld+json\" class=\"yoast-schema-graph\">{\"@context\":\"https:\\\/\\\/schema.org\",\"@graph\":[{\"@type\":\"WebPage\",\"@id\":\"https:\\\/\\\/zlataskrinjica.si\\\/izdelek\\\/cutie-pie-set-roza\\\/\",\"url\":\"https:\\\/\\\/zlataskrinjica.si\\\/izdelek\\\/cutie-pie-set-roza\\\/\",\"name\":\"CUTIE PIE SET ROZA - Zlata Skrinjica\",\"isPartOf\":{\"@id\":\"https:\\\/\\\/zlataskrinjica.si\\\/#website\"},\"primaryImageOfPage\":{\"@id\":\"https:\\\/\\\/zlataskrinjica.si\\\/izdelek\\\/cutie-pie-set-roza\\\/#primaryimage\"},\"image\":{\"@id\":\"https:\\\/\\\/zlataskrinjica.si\\\/izdelek\\\/cutie-pie-set-roza\\\/#primaryimage\"},\"thumbnailUrl\":\"https:\\\/\\\/zlataskrinjica.si\\\/wp-content\\\/uploads\\\/2020\\\/12\\\/H11e0690402a2433a96fe09d3b82a6e52r.jpg\",\"datePublished\":\"2020-12-09T22:17:37+00:00\",\"dateModified\":\"2025-07-17T11:25:57+00:00\",\"breadcrumb\":{\"@id\":\"https:\\\/\\\/zlataskrinjica.si\\\/izdelek\\\/cutie-pie-set-roza\\\/#breadcrumb\"},\"inLanguage\":\"it-IT\",\"potentialAction\":[{\"@type\":\"ReadAction\",\"target\":[\"https:\\\/\\\/zlataskrinjica.si\\\/izdelek\\\/cutie-pie-set-roza\\\/\"]}]},{\"@type\":\"ImageObject\",\"inLanguage\":\"it-IT\",\"@id\":\"https:\\\/\\\/zlataskrinjica.si\\\/izdelek\\\/cutie-pie-set-roza\\\/#primaryimage\",\"url\":\"https:\\\/\\\/zlataskrinjica.si\\\/wp-content\\\/uploads\\\/2020\\\/12\\\/H11e0690402a2433a96fe09d3b82a6e52r.jpg\",\"contentUrl\":\"https:\\\/\\\/zlataskrinjica.si\\\/wp-content\\\/uploads\\\/2020\\\/12\\\/H11e0690402a2433a96fe09d3b82a6e52r.jpg\",\"width\":750,\"height\":750},{\"@type\":\"BreadcrumbList\",\"@id\":\"https:\\\/\\\/zlataskrinjica.si\\\/izdelek\\\/cutie-pie-set-roza\\\/#breadcrumb\",\"itemListElement\":[{\"@type\":\"ListItem\",\"position\":1,\"name\":\"Home\",\"item\":\"https:\\\/\\\/zlataskrinjica.si\\\/\"},{\"@type\":\"ListItem\",\"position\":2,\"name\":\"IZDELKI\",\"item\":\"https:\\\/\\\/zlataskrinjica.si\\\/trgovina\\\/\"},{\"@type\":\"ListItem\",\"position\":3,\"name\":\"CUTIE PIE SET ROZA\"}]},{\"@type\":\"WebSite\",\"@id\":\"https:\\\/\\\/zlataskrinjica.si\\\/#website\",\"url\":\"https:\\\/\\\/zlataskrinjica.si\\\/\",\"name\":\"Zlata Skrinjica\",\"description\":\"Male dragocenosti za na\u0161e zaklade\",\"publisher\":{\"@id\":\"https:\\\/\\\/zlataskrinjica.si\\\/#organization\"},\"potentialAction\":[{\"@type\":\"SearchAction\",\"target\":{\"@type\":\"EntryPoint\",\"urlTemplate\":\"https:\\\/\\\/zlataskrinjica.si\\\/?s={search_term_string}\"},\"query-input\":{\"@type\":\"PropertyValueSpecification\",\"valueRequired\":true,\"valueName\":\"search_term_string\"}}],\"inLanguage\":\"it-IT\"},{\"@type\":\"Organization\",\"@id\":\"https:\\\/\\\/zlataskrinjica.si\\\/#organization\",\"name\":\"Zlata Skrinjica\",\"url\":\"https:\\\/\\\/zlataskrinjica.si\\\/\",\"logo\":{\"@type\":\"ImageObject\",\"inLanguage\":\"it-IT\",\"@id\":\"https:\\\/\\\/zlataskrinjica.si\\\/#\\\/schema\\\/logo\\\/image\\\/\",\"url\":\"https:\\\/\\\/zlataskrinjica.si\\\/wp-content\\\/uploads\\\/2020\\\/11\\\/cropped-cropped-cropped-cropped-zlataskrinjica_logo1-1.png\",\"contentUrl\":\"https:\\\/\\\/zlataskrinjica.si\\\/wp-content\\\/uploads\\\/2020\\\/11\\\/cropped-cropped-cropped-cropped-zlataskrinjica_logo1-1.png\",\"width\":512,\"height\":345,\"caption\":\"Zlata Skrinjica\"},\"image\":{\"@id\":\"https:\\\/\\\/zlataskrinjica.si\\\/#\\\/schema\\\/logo\\\/image\\\/\"},\"sameAs\":[\"https:\\\/\\\/www.facebook.com\\\/profile.php?id=100093598205968\",\"https:\\\/\\\/www.tiktok.com\\\/@zlataskrinjica?_t=8on7QxDWE64&_r=1\"]}]}<\/script>\n<!-- \/ Yoast SEO plugin. -->","yoast_head_json":{"title":"CUTIE PIE SET ROZA - Zlata Skrinjica","robots":{"index":"index","follow":"follow","max-snippet":"max-snippet:-1","max-image-preview":"max-image-preview:large","max-video-preview":"max-video-preview:-1"},"canonical":"https:\/\/zlataskrinjica.si\/it\/prodotto\/cutie-pie-set-roza\/","og_locale":"it_IT","og_type":"article","og_title":"CUTIE PIE SET ROZA - Zlata Skrinjica","og_description":"Dvodelni set za deklice. Narejen iz eko bomba\u017ea, v treh \u010dudovitih barvah in bo zagotovo postal pomemben kos garderobe va\u0161e mal\u010dice.","og_url":"https:\/\/zlataskrinjica.si\/it\/prodotto\/cutie-pie-set-roza\/","og_site_name":"Zlata Skrinjica","article_publisher":"https:\/\/www.facebook.com\/profile.php?id=100093598205968","article_modified_time":"2025-07-17T11:25:57+00:00","og_image":[{"width":750,"height":750,"url":"https:\/\/zlataskrinjica.si\/wp-content\/uploads\/2020\/12\/H11e0690402a2433a96fe09d3b82a6e52r.jpg","type":"image\/jpeg"}],"twitter_card":"summary_large_image","schema":{"@context":"https:\/\/schema.org","@graph":[{"@type":"WebPage","@id":"https:\/\/zlataskrinjica.si\/izdelek\/cutie-pie-set-roza\/","url":"https:\/\/zlataskrinjica.si\/izdelek\/cutie-pie-set-roza\/","name":"CUTIE PIE SET ROZA - Zlata Skrinjica","isPartOf":{"@id":"https:\/\/zlataskrinjica.si\/#website"},"primaryImageOfPage":{"@id":"https:\/\/zlataskrinjica.si\/izdelek\/cutie-pie-set-roza\/#primaryimage"},"image":{"@id":"https:\/\/zlataskrinjica.si\/izdelek\/cutie-pie-set-roza\/#primaryimage"},"thumbnailUrl":"https:\/\/zlataskrinjica.si\/wp-content\/uploads\/2020\/12\/H11e0690402a2433a96fe09d3b82a6e52r.jpg","datePublished":"2020-12-09T22:17:37+00:00","dateModified":"2025-07-17T11:25:57+00:00","breadcrumb":{"@id":"https:\/\/zlataskrinjica.si\/izdelek\/cutie-pie-set-roza\/#breadcrumb"},"inLanguage":"it-IT","potentialAction":[{"@type":"ReadAction","target":["https:\/\/zlataskrinjica.si\/izdelek\/cutie-pie-set-roza\/"]}]},{"@type":"ImageObject","inLanguage":"it-IT","@id":"https:\/\/zlataskrinjica.si\/izdelek\/cutie-pie-set-roza\/#primaryimage","url":"https:\/\/zlataskrinjica.si\/wp-content\/uploads\/2020\/12\/H11e0690402a2433a96fe09d3b82a6e52r.jpg","contentUrl":"https:\/\/zlataskrinjica.si\/wp-content\/uploads\/2020\/12\/H11e0690402a2433a96fe09d3b82a6e52r.jpg","width":750,"height":750},{"@type":"BreadcrumbList","@id":"https:\/\/zlataskrinjica.si\/izdelek\/cutie-pie-set-roza\/#breadcrumb","itemListElement":[{"@type":"ListItem","position":1,"name":"Home","item":"https:\/\/zlataskrinjica.si\/"},{"@type":"ListItem","position":2,"name":"IZDELKI","item":"https:\/\/zlataskrinjica.si\/trgovina\/"},{"@type":"ListItem","position":3,"name":"CUTIE PIE SET ROZA"}]},{"@type":"WebSite","@id":"https:\/\/zlataskrinjica.si\/#website","url":"https:\/\/zlataskrinjica.si\/","name":"Scatola d'oro","description":"Piccoli tesori per i nostri tesori","publisher":{"@id":"https:\/\/zlataskrinjica.si\/#organization"},"potentialAction":[{"@type":"SearchAction","target":{"@type":"EntryPoint","urlTemplate":"https:\/\/zlataskrinjica.si\/?s={search_term_string}"},"query-input":{"@type":"PropertyValueSpecification","valueRequired":true,"valueName":"search_term_string"}}],"inLanguage":"it-IT"},{"@type":"Organization","@id":"https:\/\/zlataskrinjica.si\/#organization","name":"Scatola d'oro","url":"https:\/\/zlataskrinjica.si\/","logo":{"@type":"ImageObject","inLanguage":"it-IT","@id":"https:\/\/zlataskrinjica.si\/#\/schema\/logo\/image\/","url":"https:\/\/zlataskrinjica.si\/wp-content\/uploads\/2020\/11\/cropped-cropped-cropped-cropped-zlataskrinjica_logo1-1.png","contentUrl":"https:\/\/zlataskrinjica.si\/wp-content\/uploads\/2020\/11\/cropped-cropped-cropped-cropped-zlataskrinjica_logo1-1.png","width":512,"height":345,"caption":"Zlata Skrinjica"},"image":{"@id":"https:\/\/zlataskrinjica.si\/#\/schema\/logo\/image\/"},"sameAs":["https:\/\/www.facebook.com\/profile.php?id=100093598205968","https:\/\/www.tiktok.com\/@zlataskrinjica?_t=8on7QxDWE64&_r=1"]}]}},"acf":[],"jetpack_sharing_enabled":true,"_links":{"self":[{"href":"https:\/\/zlataskrinjica.si\/it\/wp-json\/wp\/v2\/product\/1042","targetHints":{"allow":["GET"]}}],"collection":[{"href":"https:\/\/zlataskrinjica.si\/it\/wp-json\/wp\/v2\/product"}],"about":[{"href":"https:\/\/zlataskrinjica.si\/it\/wp-json\/wp\/v2\/types\/product"}],"replies":[{"embeddable":true,"href":"https:\/\/zlataskrinjica.si\/it\/wp-json\/wp\/v2\/comments?post=1042"}],"version-history":[{"count":1,"href":"https:\/\/zlataskrinjica.si\/it\/wp-json\/wp\/v2\/product\/1042\/revisions"}],"predecessor-version":[{"id":1092,"href":"https:\/\/zlataskrinjica.si\/it\/wp-json\/wp\/v2\/product\/1042\/revisions\/1092"}],"wp:featuredmedia":[{"embeddable":true,"href":"https:\/\/zlataskrinjica.si\/it\/wp-json\/wp\/v2\/media\/1021"}],"wp:attachment":[{"href":"https:\/\/zlataskrinjica.si\/it\/wp-json\/wp\/v2\/media?parent=1042"}],"wp:term":[{"taxonomy":"product_brand","embeddable":true,"href":"https:\/\/zlataskrinjica.si\/it\/wp-json\/wp\/v2\/product_brand?post=1042"},{"taxonomy":"product_cat","embeddable":true,"href":"https:\/\/zlataskrinjica.si\/it\/wp-json\/wp\/v2\/product_cat?post=1042"},{"taxonomy":"product_tag","embeddable":true,"href":"https:\/\/zlataskrinjica.si\/it\/wp-json\/wp\/v2\/product_tag?post=1042"}],"curies":[{"name":"wp","href":"https:\/\/api.w.org\/{rel}","templated":true}]}}