{"id":168,"date":"2020-04-12T14:20:49","date_gmt":"2020-04-12T14:20:49","guid":{"rendered":"https:\/\/littleworld.si\/?post_type=product&#038;p=168"},"modified":"2025-09-24T14:57:43","modified_gmt":"2025-09-24T12:57:43","slug":"copatki-iz-100-bio-bombaza-bez","status":"publish","type":"product","link":"https:\/\/zlataskrinjica.si\/it\/prodotto\/copatki-iz-100-bio-bombaza-bez\/","title":{"rendered":"PANTOFOLE BIOBABY BEIGE"},"content":{"rendered":"<p><b>Pannolini neonato in cotone biologico 100%<\/b><\/p>\n<p>- Adatto per et\u00e0 da 0 a 4 mesi<br \/>\n- Il regalo perfetto per i neonati<br \/>\n- I cuscinetti rimangono sui piedi e non sono troppo stretti.<br \/>\n- Mantenere i piedi caldi<br \/>\n- Tessuto delicato, piacevole al tatto<br \/>\n- Adatto ai bambini con allergie<\/p>\n<p><b>Istruzioni per la manutenzione:<\/b><\/p>\n<p>Le fibre naturali non richiedono cure particolari. Il cotone bio \u00e8 pi\u00f9 resistente del cotone tradizionale, quindi tutte le stampe sono lavabili in lavatrice. Tuttavia, \u00e8 essenziale controllare le istruzioni specifiche per ogni prodotto.<\/p>\n<p>Non utilizzare la candeggina.<\/p>\n<p>&nbsp;<\/p>","protected":false},"excerpt":{"rendered":"<p>Le comodissime pantofole per neonati in cotone biologico sono estremamente delicate sulla pelle del bambino.<\/p>\n<p>&nbsp;<\/p>","protected":false},"featured_media":170,"comment_status":"open","ping_status":"closed","template":"","meta":[],"product_brand":[],"product_cat":[25,28,81],"product_tag":[],"class_list":{"0":"post-168","1":"product","2":"type-product","3":"status-publish","4":"has-post-thumbnail","6":"product_cat-izdelki","7":"product_cat-obutev","8":"product_cat-za-dojencke","10":"first","11":"instock","12":"shipping-taxable","13":"purchasable","14":"product-type-simple"},"yoast_head":"<!-- This site is optimized with the Yoast SEO plugin v27.4 - https:\/\/yoast.com\/product\/yoast-seo-wordpress\/ -->\n<title>BIOBABY COPATKI BE\u017d - Zlata Skrinjica<\/title>\n<meta name=\"robots\" content=\"index, follow, max-snippet:-1, max-image-preview:large, max-video-preview:-1\" \/>\n<link rel=\"canonical\" href=\"https:\/\/zlataskrinjica.si\/it\/prodotto\/copatki-iz-100-bio-bombaza-bez\/\" \/>\n<meta property=\"og:locale\" content=\"it_IT\" \/>\n<meta property=\"og:type\" content=\"article\" \/>\n<meta property=\"og:title\" content=\"BIOBABY COPATKI BE\u017d - Zlata Skrinjica\" \/>\n<meta property=\"og:description\" content=\"Izjemno udobni copatki za novorojen\u010dke iz organskega bomba\u017ea so izjemno ne\u017eni za otrokovo ko\u017eo.  &nbsp;\" \/>\n<meta property=\"og:url\" content=\"https:\/\/zlataskrinjica.si\/it\/prodotto\/copatki-iz-100-bio-bombaza-bez\/\" \/>\n<meta property=\"og:site_name\" content=\"Zlata Skrinjica\" \/>\n<meta property=\"article:publisher\" content=\"https:\/\/www.facebook.com\/profile.php?id=100093598205968\" \/>\n<meta property=\"article:modified_time\" content=\"2025-09-24T12:57:43+00:00\" \/>\n<meta property=\"og:image\" content=\"https:\/\/zlataskrinjica.si\/wp-content\/uploads\/2020\/04\/IMG_6646.jpg\" \/>\n\t<meta property=\"og:image:width\" content=\"1500\" \/>\n\t<meta property=\"og:image:height\" content=\"1500\" \/>\n\t<meta property=\"og:image:type\" content=\"image\/jpeg\" \/>\n<meta name=\"twitter:card\" content=\"summary_large_image\" \/>\n<script type=\"application\/ld+json\" class=\"yoast-schema-graph\">{\"@context\":\"https:\\\/\\\/schema.org\",\"@graph\":[{\"@type\":\"WebPage\",\"@id\":\"https:\\\/\\\/zlataskrinjica.si\\\/izdelek\\\/copatki-iz-100-bio-bombaza-bez\\\/\",\"url\":\"https:\\\/\\\/zlataskrinjica.si\\\/izdelek\\\/copatki-iz-100-bio-bombaza-bez\\\/\",\"name\":\"BIOBABY COPATKI BE\u017d - Zlata Skrinjica\",\"isPartOf\":{\"@id\":\"https:\\\/\\\/zlataskrinjica.si\\\/#website\"},\"primaryImageOfPage\":{\"@id\":\"https:\\\/\\\/zlataskrinjica.si\\\/izdelek\\\/copatki-iz-100-bio-bombaza-bez\\\/#primaryimage\"},\"image\":{\"@id\":\"https:\\\/\\\/zlataskrinjica.si\\\/izdelek\\\/copatki-iz-100-bio-bombaza-bez\\\/#primaryimage\"},\"thumbnailUrl\":\"https:\\\/\\\/zlataskrinjica.si\\\/wp-content\\\/uploads\\\/2020\\\/04\\\/IMG_6646.jpg\",\"datePublished\":\"2020-04-12T14:20:49+00:00\",\"dateModified\":\"2025-09-24T12:57:43+00:00\",\"breadcrumb\":{\"@id\":\"https:\\\/\\\/zlataskrinjica.si\\\/izdelek\\\/copatki-iz-100-bio-bombaza-bez\\\/#breadcrumb\"},\"inLanguage\":\"it-IT\",\"potentialAction\":[{\"@type\":\"ReadAction\",\"target\":[\"https:\\\/\\\/zlataskrinjica.si\\\/izdelek\\\/copatki-iz-100-bio-bombaza-bez\\\/\"]}]},{\"@type\":\"ImageObject\",\"inLanguage\":\"it-IT\",\"@id\":\"https:\\\/\\\/zlataskrinjica.si\\\/izdelek\\\/copatki-iz-100-bio-bombaza-bez\\\/#primaryimage\",\"url\":\"https:\\\/\\\/zlataskrinjica.si\\\/wp-content\\\/uploads\\\/2020\\\/04\\\/IMG_6646.jpg\",\"contentUrl\":\"https:\\\/\\\/zlataskrinjica.si\\\/wp-content\\\/uploads\\\/2020\\\/04\\\/IMG_6646.jpg\",\"width\":1500,\"height\":1500},{\"@type\":\"BreadcrumbList\",\"@id\":\"https:\\\/\\\/zlataskrinjica.si\\\/izdelek\\\/copatki-iz-100-bio-bombaza-bez\\\/#breadcrumb\",\"itemListElement\":[{\"@type\":\"ListItem\",\"position\":1,\"name\":\"Home\",\"item\":\"https:\\\/\\\/zlataskrinjica.si\\\/\"},{\"@type\":\"ListItem\",\"position\":2,\"name\":\"IZDELKI\",\"item\":\"https:\\\/\\\/zlataskrinjica.si\\\/trgovina\\\/\"},{\"@type\":\"ListItem\",\"position\":3,\"name\":\"BIOBABY COPATKI BE\u017d\"}]},{\"@type\":\"WebSite\",\"@id\":\"https:\\\/\\\/zlataskrinjica.si\\\/#website\",\"url\":\"https:\\\/\\\/zlataskrinjica.si\\\/\",\"name\":\"Zlata Skrinjica\",\"description\":\"Male dragocenosti za na\u0161e zaklade\",\"publisher\":{\"@id\":\"https:\\\/\\\/zlataskrinjica.si\\\/#organization\"},\"potentialAction\":[{\"@type\":\"SearchAction\",\"target\":{\"@type\":\"EntryPoint\",\"urlTemplate\":\"https:\\\/\\\/zlataskrinjica.si\\\/?s={search_term_string}\"},\"query-input\":{\"@type\":\"PropertyValueSpecification\",\"valueRequired\":true,\"valueName\":\"search_term_string\"}}],\"inLanguage\":\"it-IT\"},{\"@type\":\"Organization\",\"@id\":\"https:\\\/\\\/zlataskrinjica.si\\\/#organization\",\"name\":\"Zlata Skrinjica\",\"url\":\"https:\\\/\\\/zlataskrinjica.si\\\/\",\"logo\":{\"@type\":\"ImageObject\",\"inLanguage\":\"it-IT\",\"@id\":\"https:\\\/\\\/zlataskrinjica.si\\\/#\\\/schema\\\/logo\\\/image\\\/\",\"url\":\"https:\\\/\\\/zlataskrinjica.si\\\/wp-content\\\/uploads\\\/2020\\\/11\\\/cropped-cropped-cropped-cropped-zlataskrinjica_logo1-1.png\",\"contentUrl\":\"https:\\\/\\\/zlataskrinjica.si\\\/wp-content\\\/uploads\\\/2020\\\/11\\\/cropped-cropped-cropped-cropped-zlataskrinjica_logo1-1.png\",\"width\":512,\"height\":345,\"caption\":\"Zlata Skrinjica\"},\"image\":{\"@id\":\"https:\\\/\\\/zlataskrinjica.si\\\/#\\\/schema\\\/logo\\\/image\\\/\"},\"sameAs\":[\"https:\\\/\\\/www.facebook.com\\\/profile.php?id=100093598205968\",\"https:\\\/\\\/www.tiktok.com\\\/@zlataskrinjica?_t=8on7QxDWE64&_r=1\"]}]}<\/script>\n<!-- \/ Yoast SEO plugin. -->","yoast_head_json":{"title":"BIOBABY COPATKI BE\u017d - Zlata Skrinjica","robots":{"index":"index","follow":"follow","max-snippet":"max-snippet:-1","max-image-preview":"max-image-preview:large","max-video-preview":"max-video-preview:-1"},"canonical":"https:\/\/zlataskrinjica.si\/it\/prodotto\/copatki-iz-100-bio-bombaza-bez\/","og_locale":"it_IT","og_type":"article","og_title":"BIOBABY COPATKI BE\u017d - Zlata Skrinjica","og_description":"Izjemno udobni copatki za novorojen\u010dke iz organskega bomba\u017ea so izjemno ne\u017eni za otrokovo ko\u017eo.  &nbsp;","og_url":"https:\/\/zlataskrinjica.si\/it\/prodotto\/copatki-iz-100-bio-bombaza-bez\/","og_site_name":"Zlata Skrinjica","article_publisher":"https:\/\/www.facebook.com\/profile.php?id=100093598205968","article_modified_time":"2025-09-24T12:57:43+00:00","og_image":[{"width":1500,"height":1500,"url":"https:\/\/zlataskrinjica.si\/wp-content\/uploads\/2020\/04\/IMG_6646.jpg","type":"image\/jpeg"}],"twitter_card":"summary_large_image","schema":{"@context":"https:\/\/schema.org","@graph":[{"@type":"WebPage","@id":"https:\/\/zlataskrinjica.si\/izdelek\/copatki-iz-100-bio-bombaza-bez\/","url":"https:\/\/zlataskrinjica.si\/izdelek\/copatki-iz-100-bio-bombaza-bez\/","name":"BIOBABY COPATKI BE\u017d - Zlata Skrinjica","isPartOf":{"@id":"https:\/\/zlataskrinjica.si\/#website"},"primaryImageOfPage":{"@id":"https:\/\/zlataskrinjica.si\/izdelek\/copatki-iz-100-bio-bombaza-bez\/#primaryimage"},"image":{"@id":"https:\/\/zlataskrinjica.si\/izdelek\/copatki-iz-100-bio-bombaza-bez\/#primaryimage"},"thumbnailUrl":"https:\/\/zlataskrinjica.si\/wp-content\/uploads\/2020\/04\/IMG_6646.jpg","datePublished":"2020-04-12T14:20:49+00:00","dateModified":"2025-09-24T12:57:43+00:00","breadcrumb":{"@id":"https:\/\/zlataskrinjica.si\/izdelek\/copatki-iz-100-bio-bombaza-bez\/#breadcrumb"},"inLanguage":"it-IT","potentialAction":[{"@type":"ReadAction","target":["https:\/\/zlataskrinjica.si\/izdelek\/copatki-iz-100-bio-bombaza-bez\/"]}]},{"@type":"ImageObject","inLanguage":"it-IT","@id":"https:\/\/zlataskrinjica.si\/izdelek\/copatki-iz-100-bio-bombaza-bez\/#primaryimage","url":"https:\/\/zlataskrinjica.si\/wp-content\/uploads\/2020\/04\/IMG_6646.jpg","contentUrl":"https:\/\/zlataskrinjica.si\/wp-content\/uploads\/2020\/04\/IMG_6646.jpg","width":1500,"height":1500},{"@type":"BreadcrumbList","@id":"https:\/\/zlataskrinjica.si\/izdelek\/copatki-iz-100-bio-bombaza-bez\/#breadcrumb","itemListElement":[{"@type":"ListItem","position":1,"name":"Home","item":"https:\/\/zlataskrinjica.si\/"},{"@type":"ListItem","position":2,"name":"IZDELKI","item":"https:\/\/zlataskrinjica.si\/trgovina\/"},{"@type":"ListItem","position":3,"name":"BIOBABY COPATKI BE\u017d"}]},{"@type":"WebSite","@id":"https:\/\/zlataskrinjica.si\/#website","url":"https:\/\/zlataskrinjica.si\/","name":"Scatola d'oro","description":"Piccoli tesori per i nostri tesori","publisher":{"@id":"https:\/\/zlataskrinjica.si\/#organization"},"potentialAction":[{"@type":"SearchAction","target":{"@type":"EntryPoint","urlTemplate":"https:\/\/zlataskrinjica.si\/?s={search_term_string}"},"query-input":{"@type":"PropertyValueSpecification","valueRequired":true,"valueName":"search_term_string"}}],"inLanguage":"it-IT"},{"@type":"Organization","@id":"https:\/\/zlataskrinjica.si\/#organization","name":"Scatola d'oro","url":"https:\/\/zlataskrinjica.si\/","logo":{"@type":"ImageObject","inLanguage":"it-IT","@id":"https:\/\/zlataskrinjica.si\/#\/schema\/logo\/image\/","url":"https:\/\/zlataskrinjica.si\/wp-content\/uploads\/2020\/11\/cropped-cropped-cropped-cropped-zlataskrinjica_logo1-1.png","contentUrl":"https:\/\/zlataskrinjica.si\/wp-content\/uploads\/2020\/11\/cropped-cropped-cropped-cropped-zlataskrinjica_logo1-1.png","width":512,"height":345,"caption":"Zlata Skrinjica"},"image":{"@id":"https:\/\/zlataskrinjica.si\/#\/schema\/logo\/image\/"},"sameAs":["https:\/\/www.facebook.com\/profile.php?id=100093598205968","https:\/\/www.tiktok.com\/@zlataskrinjica?_t=8on7QxDWE64&_r=1"]}]}},"acf":[],"jetpack_sharing_enabled":true,"_links":{"self":[{"href":"https:\/\/zlataskrinjica.si\/it\/wp-json\/wp\/v2\/product\/168","targetHints":{"allow":["GET"]}}],"collection":[{"href":"https:\/\/zlataskrinjica.si\/it\/wp-json\/wp\/v2\/product"}],"about":[{"href":"https:\/\/zlataskrinjica.si\/it\/wp-json\/wp\/v2\/types\/product"}],"replies":[{"embeddable":true,"href":"https:\/\/zlataskrinjica.si\/it\/wp-json\/wp\/v2\/comments?post=168"}],"version-history":[{"count":1,"href":"https:\/\/zlataskrinjica.si\/it\/wp-json\/wp\/v2\/product\/168\/revisions"}],"predecessor-version":[{"id":172,"href":"https:\/\/zlataskrinjica.si\/it\/wp-json\/wp\/v2\/product\/168\/revisions\/172"}],"wp:featuredmedia":[{"embeddable":true,"href":"https:\/\/zlataskrinjica.si\/it\/wp-json\/wp\/v2\/media\/170"}],"wp:attachment":[{"href":"https:\/\/zlataskrinjica.si\/it\/wp-json\/wp\/v2\/media?parent=168"}],"wp:term":[{"taxonomy":"product_brand","embeddable":true,"href":"https:\/\/zlataskrinjica.si\/it\/wp-json\/wp\/v2\/product_brand?post=168"},{"taxonomy":"product_cat","embeddable":true,"href":"https:\/\/zlataskrinjica.si\/it\/wp-json\/wp\/v2\/product_cat?post=168"},{"taxonomy":"product_tag","embeddable":true,"href":"https:\/\/zlataskrinjica.si\/it\/wp-json\/wp\/v2\/product_tag?post=168"}],"curies":[{"name":"wp","href":"https:\/\/api.w.org\/{rel}","templated":true}]}}