{"id":173,"date":"2020-04-12T15:22:53","date_gmt":"2020-04-12T15:22:53","guid":{"rendered":"https:\/\/littleworld.si\/?post_type=product&#038;p=173"},"modified":"2025-07-17T13:39:15","modified_gmt":"2025-07-17T11:39:15","slug":"jaknica-iz-100-bio-bombaza-roza","status":"publish","type":"product","link":"https:\/\/zlataskrinjica.si\/it\/prodotto\/jaknica-iz-100-bio-bombaza-roza\/","title":{"rendered":"CARDIGAN BIOBABY ROSA"},"content":{"rendered":"<p><b>Cardigan da bambino in cotone biologico<\/b><\/p>\n<p>- Realizzato in cotone organico 100%, confortevole sulla pelle del bambino<br \/>\n- Materiale molto morbido e non sensibile<br \/>\n- Confortevole e facile da indossare, offre calore nelle giornate fredde e ventose.<br \/>\n- Utile per tutto il giorno e in tutte le stagioni<br \/>\n- I bottoni sul davanti consentono una leggera chiusura e sono privi di nichel.<br \/>\n- Per istruzioni dettagliate sulla cura, controllare l'etichetta all'interno del capo.<\/p>\n<p><b>Istruzioni per la manutenzione:<\/b><\/p>\n<p>Le fibre naturali non richiedono cure particolari. Il cotone bio \u00e8 pi\u00f9 resistente del cotone tradizionale, quindi tutte le stampe sono lavabili in lavatrice. Tuttavia, \u00e8 essenziale controllare le istruzioni specifiche per ogni prodotto.<\/p>\n<p>Non utilizzare la candeggina.<\/p>","protected":false},"excerpt":{"rendered":"<p>Questa giacca estremamente morbida e confortevole, realizzata in cotone biologico 100%, dona al bambino una sensazione di comfort ed \u00e8 estremamente piacevole al tatto.<\/p>","protected":false},"featured_media":186,"comment_status":"open","ping_status":"closed","template":"","meta":[],"product_brand":[],"product_cat":[25,39,81],"product_tag":[],"class_list":{"0":"post-173","1":"product","2":"type-product","3":"status-publish","4":"has-post-thumbnail","6":"product_cat-izdelki","7":"product_cat-majice","8":"product_cat-za-dojencke","10":"first","11":"instock","12":"shipping-taxable","13":"purchasable","14":"product-type-variable"},"yoast_head":"<!-- This site is optimized with the Yoast SEO plugin v27.4 - https:\/\/yoast.com\/product\/yoast-seo-wordpress\/ -->\n<title>BIOBABY JOPICA ROZA - Zlata Skrinjica<\/title>\n<meta name=\"description\" content=\"Biobaby otro\u0161ka jopica v roza barvi. Izdelana iz organskega bomba\u017ea, ki je prijeten za dojen\u010dkovo ko\u017eo. Zelo mehek material.\" \/>\n<meta name=\"robots\" content=\"index, follow, max-snippet:-1, max-image-preview:large, max-video-preview:-1\" \/>\n<link rel=\"canonical\" href=\"https:\/\/zlataskrinjica.si\/it\/prodotto\/jaknica-iz-100-bio-bombaza-roza\/\" \/>\n<meta property=\"og:locale\" content=\"it_IT\" \/>\n<meta property=\"og:type\" content=\"article\" \/>\n<meta property=\"og:title\" content=\"BIOBABY JOPICA ROZA - Zlata Skrinjica\" \/>\n<meta property=\"og:description\" content=\"Biobaby otro\u0161ka jopica v roza barvi. Izdelana iz organskega bomba\u017ea, ki je prijeten za dojen\u010dkovo ko\u017eo. Zelo mehek material.\" \/>\n<meta property=\"og:url\" content=\"https:\/\/zlataskrinjica.si\/it\/prodotto\/jaknica-iz-100-bio-bombaza-roza\/\" \/>\n<meta property=\"og:site_name\" content=\"Zlata Skrinjica\" \/>\n<meta property=\"article:publisher\" content=\"https:\/\/www.facebook.com\/profile.php?id=100093598205968\" \/>\n<meta property=\"article:modified_time\" content=\"2025-07-17T11:39:15+00:00\" \/>\n<meta property=\"og:image\" content=\"https:\/\/zlataskrinjica.si\/wp-content\/uploads\/2020\/04\/IMG_6649.jpg\" \/>\n\t<meta property=\"og:image:width\" content=\"1500\" \/>\n\t<meta property=\"og:image:height\" content=\"1500\" \/>\n\t<meta property=\"og:image:type\" content=\"image\/jpeg\" \/>\n<meta name=\"twitter:card\" content=\"summary_large_image\" \/>\n<meta name=\"twitter:label1\" content=\"Tempo di lettura stimato\" \/>\n\t<meta name=\"twitter:data1\" content=\"1 minuto\" \/>\n<script type=\"application\/ld+json\" class=\"yoast-schema-graph\">{\"@context\":\"https:\\\/\\\/schema.org\",\"@graph\":[{\"@type\":\"WebPage\",\"@id\":\"https:\\\/\\\/zlataskrinjica.si\\\/izdelek\\\/jaknica-iz-100-bio-bombaza-roza\\\/\",\"url\":\"https:\\\/\\\/zlataskrinjica.si\\\/izdelek\\\/jaknica-iz-100-bio-bombaza-roza\\\/\",\"name\":\"BIOBABY JOPICA ROZA - Zlata Skrinjica\",\"isPartOf\":{\"@id\":\"https:\\\/\\\/zlataskrinjica.si\\\/#website\"},\"primaryImageOfPage\":{\"@id\":\"https:\\\/\\\/zlataskrinjica.si\\\/izdelek\\\/jaknica-iz-100-bio-bombaza-roza\\\/#primaryimage\"},\"image\":{\"@id\":\"https:\\\/\\\/zlataskrinjica.si\\\/izdelek\\\/jaknica-iz-100-bio-bombaza-roza\\\/#primaryimage\"},\"thumbnailUrl\":\"https:\\\/\\\/zlataskrinjica.si\\\/wp-content\\\/uploads\\\/2020\\\/04\\\/IMG_6649.jpg\",\"datePublished\":\"2020-04-12T15:22:53+00:00\",\"dateModified\":\"2025-07-17T11:39:15+00:00\",\"description\":\"Biobaby otro\u0161ka jopica v roza barvi. Izdelana iz organskega bomba\u017ea, ki je prijeten za dojen\u010dkovo ko\u017eo. Zelo mehek material.\",\"breadcrumb\":{\"@id\":\"https:\\\/\\\/zlataskrinjica.si\\\/izdelek\\\/jaknica-iz-100-bio-bombaza-roza\\\/#breadcrumb\"},\"inLanguage\":\"it-IT\",\"potentialAction\":[{\"@type\":\"ReadAction\",\"target\":[\"https:\\\/\\\/zlataskrinjica.si\\\/izdelek\\\/jaknica-iz-100-bio-bombaza-roza\\\/\"]}]},{\"@type\":\"ImageObject\",\"inLanguage\":\"it-IT\",\"@id\":\"https:\\\/\\\/zlataskrinjica.si\\\/izdelek\\\/jaknica-iz-100-bio-bombaza-roza\\\/#primaryimage\",\"url\":\"https:\\\/\\\/zlataskrinjica.si\\\/wp-content\\\/uploads\\\/2020\\\/04\\\/IMG_6649.jpg\",\"contentUrl\":\"https:\\\/\\\/zlataskrinjica.si\\\/wp-content\\\/uploads\\\/2020\\\/04\\\/IMG_6649.jpg\",\"width\":1500,\"height\":1500},{\"@type\":\"BreadcrumbList\",\"@id\":\"https:\\\/\\\/zlataskrinjica.si\\\/izdelek\\\/jaknica-iz-100-bio-bombaza-roza\\\/#breadcrumb\",\"itemListElement\":[{\"@type\":\"ListItem\",\"position\":1,\"name\":\"Home\",\"item\":\"https:\\\/\\\/zlataskrinjica.si\\\/\"},{\"@type\":\"ListItem\",\"position\":2,\"name\":\"IZDELKI\",\"item\":\"https:\\\/\\\/zlataskrinjica.si\\\/trgovina\\\/\"},{\"@type\":\"ListItem\",\"position\":3,\"name\":\"BIOBABY JOPICA ROZA\"}]},{\"@type\":\"WebSite\",\"@id\":\"https:\\\/\\\/zlataskrinjica.si\\\/#website\",\"url\":\"https:\\\/\\\/zlataskrinjica.si\\\/\",\"name\":\"Zlata Skrinjica\",\"description\":\"Male dragocenosti za na\u0161e zaklade\",\"publisher\":{\"@id\":\"https:\\\/\\\/zlataskrinjica.si\\\/#organization\"},\"potentialAction\":[{\"@type\":\"SearchAction\",\"target\":{\"@type\":\"EntryPoint\",\"urlTemplate\":\"https:\\\/\\\/zlataskrinjica.si\\\/?s={search_term_string}\"},\"query-input\":{\"@type\":\"PropertyValueSpecification\",\"valueRequired\":true,\"valueName\":\"search_term_string\"}}],\"inLanguage\":\"it-IT\"},{\"@type\":\"Organization\",\"@id\":\"https:\\\/\\\/zlataskrinjica.si\\\/#organization\",\"name\":\"Zlata Skrinjica\",\"url\":\"https:\\\/\\\/zlataskrinjica.si\\\/\",\"logo\":{\"@type\":\"ImageObject\",\"inLanguage\":\"it-IT\",\"@id\":\"https:\\\/\\\/zlataskrinjica.si\\\/#\\\/schema\\\/logo\\\/image\\\/\",\"url\":\"https:\\\/\\\/zlataskrinjica.si\\\/wp-content\\\/uploads\\\/2020\\\/11\\\/cropped-cropped-cropped-cropped-zlataskrinjica_logo1-1.png\",\"contentUrl\":\"https:\\\/\\\/zlataskrinjica.si\\\/wp-content\\\/uploads\\\/2020\\\/11\\\/cropped-cropped-cropped-cropped-zlataskrinjica_logo1-1.png\",\"width\":512,\"height\":345,\"caption\":\"Zlata Skrinjica\"},\"image\":{\"@id\":\"https:\\\/\\\/zlataskrinjica.si\\\/#\\\/schema\\\/logo\\\/image\\\/\"},\"sameAs\":[\"https:\\\/\\\/www.facebook.com\\\/profile.php?id=100093598205968\",\"https:\\\/\\\/www.tiktok.com\\\/@zlataskrinjica?_t=8on7QxDWE64&_r=1\"]}]}<\/script>\n<!-- \/ Yoast SEO plugin. -->","yoast_head_json":{"title":"BIOBABY JOPICA ROZA - Zlata Skrinjica","description":"Biobaby otro\u0161ka jopica v roza barvi. Izdelana iz organskega bomba\u017ea, ki je prijeten za dojen\u010dkovo ko\u017eo. Zelo mehek material.","robots":{"index":"index","follow":"follow","max-snippet":"max-snippet:-1","max-image-preview":"max-image-preview:large","max-video-preview":"max-video-preview:-1"},"canonical":"https:\/\/zlataskrinjica.si\/it\/prodotto\/jaknica-iz-100-bio-bombaza-roza\/","og_locale":"it_IT","og_type":"article","og_title":"BIOBABY JOPICA ROZA - Zlata Skrinjica","og_description":"Biobaby otro\u0161ka jopica v roza barvi. Izdelana iz organskega bomba\u017ea, ki je prijeten za dojen\u010dkovo ko\u017eo. Zelo mehek material.","og_url":"https:\/\/zlataskrinjica.si\/it\/prodotto\/jaknica-iz-100-bio-bombaza-roza\/","og_site_name":"Zlata Skrinjica","article_publisher":"https:\/\/www.facebook.com\/profile.php?id=100093598205968","article_modified_time":"2025-07-17T11:39:15+00:00","og_image":[{"width":1500,"height":1500,"url":"https:\/\/zlataskrinjica.si\/wp-content\/uploads\/2020\/04\/IMG_6649.jpg","type":"image\/jpeg"}],"twitter_card":"summary_large_image","twitter_misc":{"Tempo di lettura stimato":"1 minuto"},"schema":{"@context":"https:\/\/schema.org","@graph":[{"@type":"WebPage","@id":"https:\/\/zlataskrinjica.si\/izdelek\/jaknica-iz-100-bio-bombaza-roza\/","url":"https:\/\/zlataskrinjica.si\/izdelek\/jaknica-iz-100-bio-bombaza-roza\/","name":"BIOBABY JOPICA ROZA - Zlata Skrinjica","isPartOf":{"@id":"https:\/\/zlataskrinjica.si\/#website"},"primaryImageOfPage":{"@id":"https:\/\/zlataskrinjica.si\/izdelek\/jaknica-iz-100-bio-bombaza-roza\/#primaryimage"},"image":{"@id":"https:\/\/zlataskrinjica.si\/izdelek\/jaknica-iz-100-bio-bombaza-roza\/#primaryimage"},"thumbnailUrl":"https:\/\/zlataskrinjica.si\/wp-content\/uploads\/2020\/04\/IMG_6649.jpg","datePublished":"2020-04-12T15:22:53+00:00","dateModified":"2025-07-17T11:39:15+00:00","description":"Biobaby otro\u0161ka jopica v roza barvi. Izdelana iz organskega bomba\u017ea, ki je prijeten za dojen\u010dkovo ko\u017eo. Zelo mehek material.","breadcrumb":{"@id":"https:\/\/zlataskrinjica.si\/izdelek\/jaknica-iz-100-bio-bombaza-roza\/#breadcrumb"},"inLanguage":"it-IT","potentialAction":[{"@type":"ReadAction","target":["https:\/\/zlataskrinjica.si\/izdelek\/jaknica-iz-100-bio-bombaza-roza\/"]}]},{"@type":"ImageObject","inLanguage":"it-IT","@id":"https:\/\/zlataskrinjica.si\/izdelek\/jaknica-iz-100-bio-bombaza-roza\/#primaryimage","url":"https:\/\/zlataskrinjica.si\/wp-content\/uploads\/2020\/04\/IMG_6649.jpg","contentUrl":"https:\/\/zlataskrinjica.si\/wp-content\/uploads\/2020\/04\/IMG_6649.jpg","width":1500,"height":1500},{"@type":"BreadcrumbList","@id":"https:\/\/zlataskrinjica.si\/izdelek\/jaknica-iz-100-bio-bombaza-roza\/#breadcrumb","itemListElement":[{"@type":"ListItem","position":1,"name":"Home","item":"https:\/\/zlataskrinjica.si\/"},{"@type":"ListItem","position":2,"name":"IZDELKI","item":"https:\/\/zlataskrinjica.si\/trgovina\/"},{"@type":"ListItem","position":3,"name":"BIOBABY JOPICA ROZA"}]},{"@type":"WebSite","@id":"https:\/\/zlataskrinjica.si\/#website","url":"https:\/\/zlataskrinjica.si\/","name":"Scatola d'oro","description":"Piccoli tesori per i nostri tesori","publisher":{"@id":"https:\/\/zlataskrinjica.si\/#organization"},"potentialAction":[{"@type":"SearchAction","target":{"@type":"EntryPoint","urlTemplate":"https:\/\/zlataskrinjica.si\/?s={search_term_string}"},"query-input":{"@type":"PropertyValueSpecification","valueRequired":true,"valueName":"search_term_string"}}],"inLanguage":"it-IT"},{"@type":"Organization","@id":"https:\/\/zlataskrinjica.si\/#organization","name":"Scatola d'oro","url":"https:\/\/zlataskrinjica.si\/","logo":{"@type":"ImageObject","inLanguage":"it-IT","@id":"https:\/\/zlataskrinjica.si\/#\/schema\/logo\/image\/","url":"https:\/\/zlataskrinjica.si\/wp-content\/uploads\/2020\/11\/cropped-cropped-cropped-cropped-zlataskrinjica_logo1-1.png","contentUrl":"https:\/\/zlataskrinjica.si\/wp-content\/uploads\/2020\/11\/cropped-cropped-cropped-cropped-zlataskrinjica_logo1-1.png","width":512,"height":345,"caption":"Zlata Skrinjica"},"image":{"@id":"https:\/\/zlataskrinjica.si\/#\/schema\/logo\/image\/"},"sameAs":["https:\/\/www.facebook.com\/profile.php?id=100093598205968","https:\/\/www.tiktok.com\/@zlataskrinjica?_t=8on7QxDWE64&_r=1"]}]}},"acf":[],"jetpack_sharing_enabled":true,"_links":{"self":[{"href":"https:\/\/zlataskrinjica.si\/it\/wp-json\/wp\/v2\/product\/173","targetHints":{"allow":["GET"]}}],"collection":[{"href":"https:\/\/zlataskrinjica.si\/it\/wp-json\/wp\/v2\/product"}],"about":[{"href":"https:\/\/zlataskrinjica.si\/it\/wp-json\/wp\/v2\/types\/product"}],"replies":[{"embeddable":true,"href":"https:\/\/zlataskrinjica.si\/it\/wp-json\/wp\/v2\/comments?post=173"}],"version-history":[{"count":1,"href":"https:\/\/zlataskrinjica.si\/it\/wp-json\/wp\/v2\/product\/173\/revisions"}],"predecessor-version":[{"id":188,"href":"https:\/\/zlataskrinjica.si\/it\/wp-json\/wp\/v2\/product\/173\/revisions\/188"}],"wp:featuredmedia":[{"embeddable":true,"href":"https:\/\/zlataskrinjica.si\/it\/wp-json\/wp\/v2\/media\/186"}],"wp:attachment":[{"href":"https:\/\/zlataskrinjica.si\/it\/wp-json\/wp\/v2\/media?parent=173"}],"wp:term":[{"taxonomy":"product_brand","embeddable":true,"href":"https:\/\/zlataskrinjica.si\/it\/wp-json\/wp\/v2\/product_brand?post=173"},{"taxonomy":"product_cat","embeddable":true,"href":"https:\/\/zlataskrinjica.si\/it\/wp-json\/wp\/v2\/product_cat?post=173"},{"taxonomy":"product_tag","embeddable":true,"href":"https:\/\/zlataskrinjica.si\/it\/wp-json\/wp\/v2\/product_tag?post=173"}],"curies":[{"name":"wp","href":"https:\/\/api.w.org\/{rel}","templated":true}]}}