{"id":205,"date":"2020-04-12T18:40:42","date_gmt":"2020-04-12T18:40:42","guid":{"rendered":"https:\/\/littleworld.si\/?post_type=product&#038;p=205"},"modified":"2025-07-17T13:39:13","modified_gmt":"2025-07-17T11:39:13","slug":"pajac-iz-100-bio-bombaza-bez","status":"publish","type":"product","link":"https:\/\/zlataskrinjica.si\/it\/prodotto\/pajac-iz-100-bio-bombaza-bez\/","title":{"rendered":"RAGNO BIOBABY BEIGE"},"content":{"rendered":"<p><b>Giacca da bambino in cotone biologico<\/b><\/p>\n<p>- Realizzato in cotone organico 100%, confortevole sulla pelle del bambino<br \/>\n- Materiale molto morbido e non sensibile<br \/>\n- Confortevole e facile da indossare, offre calore nelle giornate fredde e ventose.<br \/>\n- Utile per tutto il giorno e in tutte le stagioni<br \/>\n- I bottoni sul davanti consentono una leggera chiusura e sono privi di nichel.<br \/>\n- Per istruzioni dettagliate sulla cura, controllare l'etichetta all'interno del capo.<\/p>\n<p><b>Istruzioni per la manutenzione:<\/b><\/p>\n<p>Le fibre naturali non richiedono cure particolari. Il cotone bio \u00e8 pi\u00f9 resistente del cotone tradizionale, quindi tutte le stampe sono lavabili in lavatrice. Tuttavia, \u00e8 essenziale controllare le istruzioni specifiche per ogni prodotto.<\/p>\n<p>Non utilizzare la candeggina.<\/p>","protected":false},"excerpt":{"rendered":"<p>La tutina in cotone biologico 100%, estremamente morbida e confortevole, offre al bambino una sensazione di benessere durante il sonno e il gioco.<\/p>","protected":false},"featured_media":213,"comment_status":"open","ping_status":"closed","template":"","meta":[],"product_brand":[],"product_cat":[25,38,81],"product_tag":[],"class_list":{"0":"post-205","1":"product","2":"type-product","3":"status-publish","4":"has-post-thumbnail","6":"product_cat-izdelki","7":"product_cat-pajacki","8":"product_cat-za-dojencke","10":"first","11":"instock","12":"shipping-taxable","13":"purchasable","14":"product-type-variable"},"yoast_head":"<!-- This site is optimized with the Yoast SEO plugin v27.4 - https:\/\/yoast.com\/product\/yoast-seo-wordpress\/ -->\n<title>BIOBABY PAJAC BE\u017d - Zlata Skrinjica<\/title>\n<meta name=\"description\" content=\"Biobaby pajac v be\u017e barvi. Izdelan iz organskega bomba\u017ea, ki je prijeten za dojen\u010dkovo ko\u017eo. Izredno mehek in udoben material.\" \/>\n<meta name=\"robots\" content=\"index, follow, max-snippet:-1, max-image-preview:large, max-video-preview:-1\" \/>\n<link rel=\"canonical\" href=\"https:\/\/zlataskrinjica.si\/it\/prodotto\/pajac-iz-100-bio-bombaza-bez\/\" \/>\n<meta property=\"og:locale\" content=\"it_IT\" \/>\n<meta property=\"og:type\" content=\"article\" \/>\n<meta property=\"og:title\" content=\"BIOBABY PAJAC BE\u017d - Zlata Skrinjica\" \/>\n<meta property=\"og:description\" content=\"Biobaby pajac v be\u017e barvi. Izdelan iz organskega bomba\u017ea, ki je prijeten za dojen\u010dkovo ko\u017eo. Izredno mehek in udoben material.\" \/>\n<meta property=\"og:url\" content=\"https:\/\/zlataskrinjica.si\/it\/prodotto\/pajac-iz-100-bio-bombaza-bez\/\" \/>\n<meta property=\"og:site_name\" content=\"Zlata Skrinjica\" \/>\n<meta property=\"article:publisher\" content=\"https:\/\/www.facebook.com\/profile.php?id=100093598205968\" \/>\n<meta property=\"article:modified_time\" content=\"2025-07-17T11:39:13+00:00\" \/>\n<meta property=\"og:image\" content=\"https:\/\/zlataskrinjica.si\/wp-content\/uploads\/2020\/04\/Facetune_12-04-2020-20-36-49-2.jpg\" \/>\n\t<meta property=\"og:image:width\" content=\"1200\" \/>\n\t<meta property=\"og:image:height\" content=\"1200\" \/>\n\t<meta property=\"og:image:type\" content=\"image\/jpeg\" \/>\n<meta name=\"twitter:card\" content=\"summary_large_image\" \/>\n<meta name=\"twitter:label1\" content=\"Tempo di lettura stimato\" \/>\n\t<meta name=\"twitter:data1\" content=\"1 minuto\" \/>\n<script type=\"application\/ld+json\" class=\"yoast-schema-graph\">{\"@context\":\"https:\\\/\\\/schema.org\",\"@graph\":[{\"@type\":\"WebPage\",\"@id\":\"https:\\\/\\\/zlataskrinjica.si\\\/izdelek\\\/pajac-iz-100-bio-bombaza-bez\\\/\",\"url\":\"https:\\\/\\\/zlataskrinjica.si\\\/izdelek\\\/pajac-iz-100-bio-bombaza-bez\\\/\",\"name\":\"BIOBABY PAJAC BE\u017d - Zlata Skrinjica\",\"isPartOf\":{\"@id\":\"https:\\\/\\\/zlataskrinjica.si\\\/#website\"},\"primaryImageOfPage\":{\"@id\":\"https:\\\/\\\/zlataskrinjica.si\\\/izdelek\\\/pajac-iz-100-bio-bombaza-bez\\\/#primaryimage\"},\"image\":{\"@id\":\"https:\\\/\\\/zlataskrinjica.si\\\/izdelek\\\/pajac-iz-100-bio-bombaza-bez\\\/#primaryimage\"},\"thumbnailUrl\":\"https:\\\/\\\/zlataskrinjica.si\\\/wp-content\\\/uploads\\\/2020\\\/04\\\/Facetune_12-04-2020-20-36-49-2.jpg\",\"datePublished\":\"2020-04-12T18:40:42+00:00\",\"dateModified\":\"2025-07-17T11:39:13+00:00\",\"description\":\"Biobaby pajac v be\u017e barvi. Izdelan iz organskega bomba\u017ea, ki je prijeten za dojen\u010dkovo ko\u017eo. Izredno mehek in udoben material.\",\"breadcrumb\":{\"@id\":\"https:\\\/\\\/zlataskrinjica.si\\\/izdelek\\\/pajac-iz-100-bio-bombaza-bez\\\/#breadcrumb\"},\"inLanguage\":\"it-IT\",\"potentialAction\":[{\"@type\":\"ReadAction\",\"target\":[\"https:\\\/\\\/zlataskrinjica.si\\\/izdelek\\\/pajac-iz-100-bio-bombaza-bez\\\/\"]}]},{\"@type\":\"ImageObject\",\"inLanguage\":\"it-IT\",\"@id\":\"https:\\\/\\\/zlataskrinjica.si\\\/izdelek\\\/pajac-iz-100-bio-bombaza-bez\\\/#primaryimage\",\"url\":\"https:\\\/\\\/zlataskrinjica.si\\\/wp-content\\\/uploads\\\/2020\\\/04\\\/Facetune_12-04-2020-20-36-49-2.jpg\",\"contentUrl\":\"https:\\\/\\\/zlataskrinjica.si\\\/wp-content\\\/uploads\\\/2020\\\/04\\\/Facetune_12-04-2020-20-36-49-2.jpg\",\"width\":1200,\"height\":1200},{\"@type\":\"BreadcrumbList\",\"@id\":\"https:\\\/\\\/zlataskrinjica.si\\\/izdelek\\\/pajac-iz-100-bio-bombaza-bez\\\/#breadcrumb\",\"itemListElement\":[{\"@type\":\"ListItem\",\"position\":1,\"name\":\"Home\",\"item\":\"https:\\\/\\\/zlataskrinjica.si\\\/\"},{\"@type\":\"ListItem\",\"position\":2,\"name\":\"IZDELKI\",\"item\":\"https:\\\/\\\/zlataskrinjica.si\\\/trgovina\\\/\"},{\"@type\":\"ListItem\",\"position\":3,\"name\":\"BIOBABY PAJAC BE\u017d\"}]},{\"@type\":\"WebSite\",\"@id\":\"https:\\\/\\\/zlataskrinjica.si\\\/#website\",\"url\":\"https:\\\/\\\/zlataskrinjica.si\\\/\",\"name\":\"Zlata Skrinjica\",\"description\":\"Male dragocenosti za na\u0161e zaklade\",\"publisher\":{\"@id\":\"https:\\\/\\\/zlataskrinjica.si\\\/#organization\"},\"potentialAction\":[{\"@type\":\"SearchAction\",\"target\":{\"@type\":\"EntryPoint\",\"urlTemplate\":\"https:\\\/\\\/zlataskrinjica.si\\\/?s={search_term_string}\"},\"query-input\":{\"@type\":\"PropertyValueSpecification\",\"valueRequired\":true,\"valueName\":\"search_term_string\"}}],\"inLanguage\":\"it-IT\"},{\"@type\":\"Organization\",\"@id\":\"https:\\\/\\\/zlataskrinjica.si\\\/#organization\",\"name\":\"Zlata Skrinjica\",\"url\":\"https:\\\/\\\/zlataskrinjica.si\\\/\",\"logo\":{\"@type\":\"ImageObject\",\"inLanguage\":\"it-IT\",\"@id\":\"https:\\\/\\\/zlataskrinjica.si\\\/#\\\/schema\\\/logo\\\/image\\\/\",\"url\":\"https:\\\/\\\/zlataskrinjica.si\\\/wp-content\\\/uploads\\\/2020\\\/11\\\/cropped-cropped-cropped-cropped-zlataskrinjica_logo1-1.png\",\"contentUrl\":\"https:\\\/\\\/zlataskrinjica.si\\\/wp-content\\\/uploads\\\/2020\\\/11\\\/cropped-cropped-cropped-cropped-zlataskrinjica_logo1-1.png\",\"width\":512,\"height\":345,\"caption\":\"Zlata Skrinjica\"},\"image\":{\"@id\":\"https:\\\/\\\/zlataskrinjica.si\\\/#\\\/schema\\\/logo\\\/image\\\/\"},\"sameAs\":[\"https:\\\/\\\/www.facebook.com\\\/profile.php?id=100093598205968\",\"https:\\\/\\\/www.tiktok.com\\\/@zlataskrinjica?_t=8on7QxDWE64&_r=1\"]}]}<\/script>\n<!-- \/ Yoast SEO plugin. -->","yoast_head_json":{"title":"BIOBABY PAJAC BE\u017d - Zlata Skrinjica","description":"Biobaby pajac v be\u017e barvi. Izdelan iz organskega bomba\u017ea, ki je prijeten za dojen\u010dkovo ko\u017eo. Izredno mehek in udoben material.","robots":{"index":"index","follow":"follow","max-snippet":"max-snippet:-1","max-image-preview":"max-image-preview:large","max-video-preview":"max-video-preview:-1"},"canonical":"https:\/\/zlataskrinjica.si\/it\/prodotto\/pajac-iz-100-bio-bombaza-bez\/","og_locale":"it_IT","og_type":"article","og_title":"BIOBABY PAJAC BE\u017d - Zlata Skrinjica","og_description":"Biobaby pajac v be\u017e barvi. Izdelan iz organskega bomba\u017ea, ki je prijeten za dojen\u010dkovo ko\u017eo. Izredno mehek in udoben material.","og_url":"https:\/\/zlataskrinjica.si\/it\/prodotto\/pajac-iz-100-bio-bombaza-bez\/","og_site_name":"Zlata Skrinjica","article_publisher":"https:\/\/www.facebook.com\/profile.php?id=100093598205968","article_modified_time":"2025-07-17T11:39:13+00:00","og_image":[{"width":1200,"height":1200,"url":"https:\/\/zlataskrinjica.si\/wp-content\/uploads\/2020\/04\/Facetune_12-04-2020-20-36-49-2.jpg","type":"image\/jpeg"}],"twitter_card":"summary_large_image","twitter_misc":{"Tempo di lettura stimato":"1 minuto"},"schema":{"@context":"https:\/\/schema.org","@graph":[{"@type":"WebPage","@id":"https:\/\/zlataskrinjica.si\/izdelek\/pajac-iz-100-bio-bombaza-bez\/","url":"https:\/\/zlataskrinjica.si\/izdelek\/pajac-iz-100-bio-bombaza-bez\/","name":"BIOBABY PAJAC BE\u017d - Zlata Skrinjica","isPartOf":{"@id":"https:\/\/zlataskrinjica.si\/#website"},"primaryImageOfPage":{"@id":"https:\/\/zlataskrinjica.si\/izdelek\/pajac-iz-100-bio-bombaza-bez\/#primaryimage"},"image":{"@id":"https:\/\/zlataskrinjica.si\/izdelek\/pajac-iz-100-bio-bombaza-bez\/#primaryimage"},"thumbnailUrl":"https:\/\/zlataskrinjica.si\/wp-content\/uploads\/2020\/04\/Facetune_12-04-2020-20-36-49-2.jpg","datePublished":"2020-04-12T18:40:42+00:00","dateModified":"2025-07-17T11:39:13+00:00","description":"Biobaby pajac v be\u017e barvi. Izdelan iz organskega bomba\u017ea, ki je prijeten za dojen\u010dkovo ko\u017eo. Izredno mehek in udoben material.","breadcrumb":{"@id":"https:\/\/zlataskrinjica.si\/izdelek\/pajac-iz-100-bio-bombaza-bez\/#breadcrumb"},"inLanguage":"it-IT","potentialAction":[{"@type":"ReadAction","target":["https:\/\/zlataskrinjica.si\/izdelek\/pajac-iz-100-bio-bombaza-bez\/"]}]},{"@type":"ImageObject","inLanguage":"it-IT","@id":"https:\/\/zlataskrinjica.si\/izdelek\/pajac-iz-100-bio-bombaza-bez\/#primaryimage","url":"https:\/\/zlataskrinjica.si\/wp-content\/uploads\/2020\/04\/Facetune_12-04-2020-20-36-49-2.jpg","contentUrl":"https:\/\/zlataskrinjica.si\/wp-content\/uploads\/2020\/04\/Facetune_12-04-2020-20-36-49-2.jpg","width":1200,"height":1200},{"@type":"BreadcrumbList","@id":"https:\/\/zlataskrinjica.si\/izdelek\/pajac-iz-100-bio-bombaza-bez\/#breadcrumb","itemListElement":[{"@type":"ListItem","position":1,"name":"Home","item":"https:\/\/zlataskrinjica.si\/"},{"@type":"ListItem","position":2,"name":"IZDELKI","item":"https:\/\/zlataskrinjica.si\/trgovina\/"},{"@type":"ListItem","position":3,"name":"BIOBABY PAJAC BE\u017d"}]},{"@type":"WebSite","@id":"https:\/\/zlataskrinjica.si\/#website","url":"https:\/\/zlataskrinjica.si\/","name":"Scatola d'oro","description":"Piccoli tesori per i nostri tesori","publisher":{"@id":"https:\/\/zlataskrinjica.si\/#organization"},"potentialAction":[{"@type":"SearchAction","target":{"@type":"EntryPoint","urlTemplate":"https:\/\/zlataskrinjica.si\/?s={search_term_string}"},"query-input":{"@type":"PropertyValueSpecification","valueRequired":true,"valueName":"search_term_string"}}],"inLanguage":"it-IT"},{"@type":"Organization","@id":"https:\/\/zlataskrinjica.si\/#organization","name":"Scatola d'oro","url":"https:\/\/zlataskrinjica.si\/","logo":{"@type":"ImageObject","inLanguage":"it-IT","@id":"https:\/\/zlataskrinjica.si\/#\/schema\/logo\/image\/","url":"https:\/\/zlataskrinjica.si\/wp-content\/uploads\/2020\/11\/cropped-cropped-cropped-cropped-zlataskrinjica_logo1-1.png","contentUrl":"https:\/\/zlataskrinjica.si\/wp-content\/uploads\/2020\/11\/cropped-cropped-cropped-cropped-zlataskrinjica_logo1-1.png","width":512,"height":345,"caption":"Zlata Skrinjica"},"image":{"@id":"https:\/\/zlataskrinjica.si\/#\/schema\/logo\/image\/"},"sameAs":["https:\/\/www.facebook.com\/profile.php?id=100093598205968","https:\/\/www.tiktok.com\/@zlataskrinjica?_t=8on7QxDWE64&_r=1"]}]}},"acf":[],"jetpack_sharing_enabled":true,"_links":{"self":[{"href":"https:\/\/zlataskrinjica.si\/it\/wp-json\/wp\/v2\/product\/205","targetHints":{"allow":["GET"]}}],"collection":[{"href":"https:\/\/zlataskrinjica.si\/it\/wp-json\/wp\/v2\/product"}],"about":[{"href":"https:\/\/zlataskrinjica.si\/it\/wp-json\/wp\/v2\/types\/product"}],"replies":[{"embeddable":true,"href":"https:\/\/zlataskrinjica.si\/it\/wp-json\/wp\/v2\/comments?post=205"}],"version-history":[{"count":1,"href":"https:\/\/zlataskrinjica.si\/it\/wp-json\/wp\/v2\/product\/205\/revisions"}],"predecessor-version":[{"id":304,"href":"https:\/\/zlataskrinjica.si\/it\/wp-json\/wp\/v2\/product\/205\/revisions\/304"}],"wp:featuredmedia":[{"embeddable":true,"href":"https:\/\/zlataskrinjica.si\/it\/wp-json\/wp\/v2\/media\/213"}],"wp:attachment":[{"href":"https:\/\/zlataskrinjica.si\/it\/wp-json\/wp\/v2\/media?parent=205"}],"wp:term":[{"taxonomy":"product_brand","embeddable":true,"href":"https:\/\/zlataskrinjica.si\/it\/wp-json\/wp\/v2\/product_brand?post=205"},{"taxonomy":"product_cat","embeddable":true,"href":"https:\/\/zlataskrinjica.si\/it\/wp-json\/wp\/v2\/product_cat?post=205"},{"taxonomy":"product_tag","embeddable":true,"href":"https:\/\/zlataskrinjica.si\/it\/wp-json\/wp\/v2\/product_tag?post=205"}],"curies":[{"name":"wp","href":"https:\/\/api.w.org\/{rel}","templated":true}]}}