{"id":2540,"date":"2024-09-05T10:58:24","date_gmt":"2024-09-05T10:58:24","guid":{"rendered":"https:\/\/zlataskrinjica.si\/?post_type=product&#038;p=2540"},"modified":"2025-11-15T11:19:20","modified_gmt":"2025-11-15T10:19:20","slug":"tetra-ninica-roza","status":"publish","type":"product","link":"https:\/\/zlataskrinjica.si\/it\/prodotto\/tetra-ninica-roza\/","title":{"rendered":"Tetra ninica - rosa"},"content":{"rendered":"<p>Il Tetra Ninja rosa \u00e8 il compagno perfetto per i vostri piccoli. Realizzato in cotone biologico 100%, offre la morbidezza e il comfort di cui il bambino ha bisogno per fare sogni d'oro. Questo simpatico ninja \u00e8 disponibile con tre diversi disegni: un simpatico cucciolo di leone, un tenero coniglietto e un simpatico miele che diventer\u00e0 rapidamente l'amico preferito del vostro bambino.<\/p>\n<p>I materiali naturali lo rendono estremamente delicato sulla pelle delicata del bambino, mentre il cotone traspirante e leggero lo mantiene comodo per tutto il giorno. \u00c8 abbastanza resistente per l'uso quotidiano, ma morbido e piacevole al tatto. \u00c8 ideale per sonnecchiare, cullare, tranquillizzare e dare sicurezza in grembo o come simpatico complemento nella culla o nella carrozzina. Un accessorio indispensabile per i momenti di tenerezza quotidiani.<\/p>\n<p>Facile da mantenere e da lavare, il tetra ninny rimane morbido e accogliente anche dopo ripetuti lavaggi. \u00c8 la scelta perfetta per i genitori che cercano prodotti di qualit\u00e0, sostenibili e sicuri per i loro piccoli.<\/p>","protected":false},"excerpt":{"rendered":"<p>Morbido tetra ninny in cotone organico 100% in rosa con un simpatico leone, un tenero coniglietto e un amichevole miele - il compagno perfetto per i momenti di tenerezza del bambino.<\/p>\n<p>Materiale: cotone organico 100%, imbottitura: poliestere<\/p>","protected":false},"featured_media":2545,"comment_status":"open","ping_status":"closed","template":"","meta":[],"product_brand":[],"product_cat":[37,25,64,56,81],"product_tag":[],"class_list":{"0":"post-2540","1":"product","2":"type-product","3":"status-publish","4":"has-post-thumbnail","6":"product_cat-dodatki","7":"product_cat-izdelki","8":"product_cat-muslin-kolekcija","9":"product_cat-tetra-ninice","10":"product_cat-za-dojencke","12":"first","13":"instock","14":"shipping-taxable","15":"purchasable","16":"product-type-variable"},"yoast_head":"<!-- This site is optimized with the Yoast SEO plugin v27.4 - https:\/\/yoast.com\/product\/yoast-seo-wordpress\/ -->\n<title>Tetra ninica - roza - Zlata Skrinjica<\/title>\n<meta name=\"description\" content=\"Mehka tetra ninica iz 100% organskega bomba\u017ea v roza barvi z motivom simpati\u010dnega lev\u010dka, prisr\u010dnega zaj\u010dka in prijaznega meda - popoln spremljevalec za ne\u017ene otro\u0161ke trenutke.\" \/>\n<meta name=\"robots\" content=\"index, follow, max-snippet:-1, max-image-preview:large, max-video-preview:-1\" \/>\n<link rel=\"canonical\" href=\"https:\/\/zlataskrinjica.si\/it\/prodotto\/tetra-ninica-roza\/\" \/>\n<meta property=\"og:locale\" content=\"it_IT\" \/>\n<meta property=\"og:type\" content=\"article\" \/>\n<meta property=\"og:title\" content=\"Tetra ninica - roza - Zlata Skrinjica\" \/>\n<meta property=\"og:description\" content=\"Mehka tetra ninica iz 100% organskega bomba\u017ea v roza barvi z motivom simpati\u010dnega lev\u010dka, prisr\u010dnega zaj\u010dka in prijaznega meda - popoln spremljevalec za ne\u017ene otro\u0161ke trenutke.\" \/>\n<meta property=\"og:url\" content=\"https:\/\/zlataskrinjica.si\/it\/prodotto\/tetra-ninica-roza\/\" \/>\n<meta property=\"og:site_name\" content=\"Zlata Skrinjica\" \/>\n<meta property=\"article:publisher\" content=\"https:\/\/www.facebook.com\/profile.php?id=100093598205968\" \/>\n<meta property=\"article:modified_time\" content=\"2025-11-15T10:19:20+00:00\" \/>\n<meta property=\"og:image\" content=\"https:\/\/zlataskrinjica.si\/wp-content\/uploads\/2024\/09\/20240813_ZlataSkrinjica-242.jpg\" \/>\n\t<meta property=\"og:image:width\" content=\"1068\" \/>\n\t<meta property=\"og:image:height\" content=\"1600\" \/>\n\t<meta property=\"og:image:type\" content=\"image\/jpeg\" \/>\n<meta name=\"twitter:card\" content=\"summary_large_image\" \/>\n<meta name=\"twitter:label1\" content=\"Tempo di lettura stimato\" \/>\n\t<meta name=\"twitter:data1\" content=\"2 minuti\" \/>\n<script type=\"application\/ld+json\" class=\"yoast-schema-graph\">{\"@context\":\"https:\\\/\\\/schema.org\",\"@graph\":[{\"@type\":\"WebPage\",\"@id\":\"https:\\\/\\\/zlataskrinjica.si\\\/izdelek\\\/tetra-ninica-roza\\\/\",\"url\":\"https:\\\/\\\/zlataskrinjica.si\\\/izdelek\\\/tetra-ninica-roza\\\/\",\"name\":\"Tetra ninica - roza - Zlata Skrinjica\",\"isPartOf\":{\"@id\":\"https:\\\/\\\/zlataskrinjica.si\\\/#website\"},\"primaryImageOfPage\":{\"@id\":\"https:\\\/\\\/zlataskrinjica.si\\\/izdelek\\\/tetra-ninica-roza\\\/#primaryimage\"},\"image\":{\"@id\":\"https:\\\/\\\/zlataskrinjica.si\\\/izdelek\\\/tetra-ninica-roza\\\/#primaryimage\"},\"thumbnailUrl\":\"https:\\\/\\\/zlataskrinjica.si\\\/wp-content\\\/uploads\\\/2024\\\/09\\\/20240813_ZlataSkrinjica-242.jpg\",\"datePublished\":\"2024-09-05T10:58:24+00:00\",\"dateModified\":\"2025-11-15T10:19:20+00:00\",\"description\":\"Mehka tetra ninica iz 100% organskega bomba\u017ea v roza barvi z motivom simpati\u010dnega lev\u010dka, prisr\u010dnega zaj\u010dka in prijaznega meda - popoln spremljevalec za ne\u017ene otro\u0161ke trenutke.\",\"breadcrumb\":{\"@id\":\"https:\\\/\\\/zlataskrinjica.si\\\/izdelek\\\/tetra-ninica-roza\\\/#breadcrumb\"},\"inLanguage\":\"it-IT\",\"potentialAction\":[{\"@type\":\"ReadAction\",\"target\":[\"https:\\\/\\\/zlataskrinjica.si\\\/izdelek\\\/tetra-ninica-roza\\\/\"]}]},{\"@type\":\"ImageObject\",\"inLanguage\":\"it-IT\",\"@id\":\"https:\\\/\\\/zlataskrinjica.si\\\/izdelek\\\/tetra-ninica-roza\\\/#primaryimage\",\"url\":\"https:\\\/\\\/zlataskrinjica.si\\\/wp-content\\\/uploads\\\/2024\\\/09\\\/20240813_ZlataSkrinjica-242.jpg\",\"contentUrl\":\"https:\\\/\\\/zlataskrinjica.si\\\/wp-content\\\/uploads\\\/2024\\\/09\\\/20240813_ZlataSkrinjica-242.jpg\",\"width\":1068,\"height\":1600},{\"@type\":\"BreadcrumbList\",\"@id\":\"https:\\\/\\\/zlataskrinjica.si\\\/izdelek\\\/tetra-ninica-roza\\\/#breadcrumb\",\"itemListElement\":[{\"@type\":\"ListItem\",\"position\":1,\"name\":\"Home\",\"item\":\"https:\\\/\\\/zlataskrinjica.si\\\/\"},{\"@type\":\"ListItem\",\"position\":2,\"name\":\"IZDELKI\",\"item\":\"https:\\\/\\\/zlataskrinjica.si\\\/trgovina\\\/\"},{\"@type\":\"ListItem\",\"position\":3,\"name\":\"Tetra ninica &#8211; roza\"}]},{\"@type\":\"WebSite\",\"@id\":\"https:\\\/\\\/zlataskrinjica.si\\\/#website\",\"url\":\"https:\\\/\\\/zlataskrinjica.si\\\/\",\"name\":\"Zlata Skrinjica\",\"description\":\"Male dragocenosti za na\u0161e zaklade\",\"publisher\":{\"@id\":\"https:\\\/\\\/zlataskrinjica.si\\\/#organization\"},\"potentialAction\":[{\"@type\":\"SearchAction\",\"target\":{\"@type\":\"EntryPoint\",\"urlTemplate\":\"https:\\\/\\\/zlataskrinjica.si\\\/?s={search_term_string}\"},\"query-input\":{\"@type\":\"PropertyValueSpecification\",\"valueRequired\":true,\"valueName\":\"search_term_string\"}}],\"inLanguage\":\"it-IT\"},{\"@type\":\"Organization\",\"@id\":\"https:\\\/\\\/zlataskrinjica.si\\\/#organization\",\"name\":\"Zlata Skrinjica\",\"url\":\"https:\\\/\\\/zlataskrinjica.si\\\/\",\"logo\":{\"@type\":\"ImageObject\",\"inLanguage\":\"it-IT\",\"@id\":\"https:\\\/\\\/zlataskrinjica.si\\\/#\\\/schema\\\/logo\\\/image\\\/\",\"url\":\"https:\\\/\\\/zlataskrinjica.si\\\/wp-content\\\/uploads\\\/2020\\\/11\\\/cropped-cropped-cropped-cropped-zlataskrinjica_logo1-1.png\",\"contentUrl\":\"https:\\\/\\\/zlataskrinjica.si\\\/wp-content\\\/uploads\\\/2020\\\/11\\\/cropped-cropped-cropped-cropped-zlataskrinjica_logo1-1.png\",\"width\":512,\"height\":345,\"caption\":\"Zlata Skrinjica\"},\"image\":{\"@id\":\"https:\\\/\\\/zlataskrinjica.si\\\/#\\\/schema\\\/logo\\\/image\\\/\"},\"sameAs\":[\"https:\\\/\\\/www.facebook.com\\\/profile.php?id=100093598205968\",\"https:\\\/\\\/www.tiktok.com\\\/@zlataskrinjica?_t=8on7QxDWE64&_r=1\"]}]}<\/script>\n<!-- \/ Yoast SEO plugin. -->","yoast_head_json":{"title":"Tetra ninica - roza - Zlata Skrinjica","description":"Mehka tetra ninica iz 100% organskega bomba\u017ea v roza barvi z motivom simpati\u010dnega lev\u010dka, prisr\u010dnega zaj\u010dka in prijaznega meda - popoln spremljevalec za ne\u017ene otro\u0161ke trenutke.","robots":{"index":"index","follow":"follow","max-snippet":"max-snippet:-1","max-image-preview":"max-image-preview:large","max-video-preview":"max-video-preview:-1"},"canonical":"https:\/\/zlataskrinjica.si\/it\/prodotto\/tetra-ninica-roza\/","og_locale":"it_IT","og_type":"article","og_title":"Tetra ninica - roza - Zlata Skrinjica","og_description":"Mehka tetra ninica iz 100% organskega bomba\u017ea v roza barvi z motivom simpati\u010dnega lev\u010dka, prisr\u010dnega zaj\u010dka in prijaznega meda - popoln spremljevalec za ne\u017ene otro\u0161ke trenutke.","og_url":"https:\/\/zlataskrinjica.si\/it\/prodotto\/tetra-ninica-roza\/","og_site_name":"Zlata Skrinjica","article_publisher":"https:\/\/www.facebook.com\/profile.php?id=100093598205968","article_modified_time":"2025-11-15T10:19:20+00:00","og_image":[{"width":1068,"height":1600,"url":"https:\/\/zlataskrinjica.si\/wp-content\/uploads\/2024\/09\/20240813_ZlataSkrinjica-242.jpg","type":"image\/jpeg"}],"twitter_card":"summary_large_image","twitter_misc":{"Tempo di lettura stimato":"2 minuti"},"schema":{"@context":"https:\/\/schema.org","@graph":[{"@type":"WebPage","@id":"https:\/\/zlataskrinjica.si\/izdelek\/tetra-ninica-roza\/","url":"https:\/\/zlataskrinjica.si\/izdelek\/tetra-ninica-roza\/","name":"Tetra ninica - roza - Zlata Skrinjica","isPartOf":{"@id":"https:\/\/zlataskrinjica.si\/#website"},"primaryImageOfPage":{"@id":"https:\/\/zlataskrinjica.si\/izdelek\/tetra-ninica-roza\/#primaryimage"},"image":{"@id":"https:\/\/zlataskrinjica.si\/izdelek\/tetra-ninica-roza\/#primaryimage"},"thumbnailUrl":"https:\/\/zlataskrinjica.si\/wp-content\/uploads\/2024\/09\/20240813_ZlataSkrinjica-242.jpg","datePublished":"2024-09-05T10:58:24+00:00","dateModified":"2025-11-15T10:19:20+00:00","description":"Mehka tetra ninica iz 100% organskega bomba\u017ea v roza barvi z motivom simpati\u010dnega lev\u010dka, prisr\u010dnega zaj\u010dka in prijaznega meda - popoln spremljevalec za ne\u017ene otro\u0161ke trenutke.","breadcrumb":{"@id":"https:\/\/zlataskrinjica.si\/izdelek\/tetra-ninica-roza\/#breadcrumb"},"inLanguage":"it-IT","potentialAction":[{"@type":"ReadAction","target":["https:\/\/zlataskrinjica.si\/izdelek\/tetra-ninica-roza\/"]}]},{"@type":"ImageObject","inLanguage":"it-IT","@id":"https:\/\/zlataskrinjica.si\/izdelek\/tetra-ninica-roza\/#primaryimage","url":"https:\/\/zlataskrinjica.si\/wp-content\/uploads\/2024\/09\/20240813_ZlataSkrinjica-242.jpg","contentUrl":"https:\/\/zlataskrinjica.si\/wp-content\/uploads\/2024\/09\/20240813_ZlataSkrinjica-242.jpg","width":1068,"height":1600},{"@type":"BreadcrumbList","@id":"https:\/\/zlataskrinjica.si\/izdelek\/tetra-ninica-roza\/#breadcrumb","itemListElement":[{"@type":"ListItem","position":1,"name":"Home","item":"https:\/\/zlataskrinjica.si\/"},{"@type":"ListItem","position":2,"name":"IZDELKI","item":"https:\/\/zlataskrinjica.si\/trgovina\/"},{"@type":"ListItem","position":3,"name":"Tetra ninica &#8211; roza"}]},{"@type":"WebSite","@id":"https:\/\/zlataskrinjica.si\/#website","url":"https:\/\/zlataskrinjica.si\/","name":"Scatola d'oro","description":"Piccoli tesori per i nostri tesori","publisher":{"@id":"https:\/\/zlataskrinjica.si\/#organization"},"potentialAction":[{"@type":"SearchAction","target":{"@type":"EntryPoint","urlTemplate":"https:\/\/zlataskrinjica.si\/?s={search_term_string}"},"query-input":{"@type":"PropertyValueSpecification","valueRequired":true,"valueName":"search_term_string"}}],"inLanguage":"it-IT"},{"@type":"Organization","@id":"https:\/\/zlataskrinjica.si\/#organization","name":"Scatola d'oro","url":"https:\/\/zlataskrinjica.si\/","logo":{"@type":"ImageObject","inLanguage":"it-IT","@id":"https:\/\/zlataskrinjica.si\/#\/schema\/logo\/image\/","url":"https:\/\/zlataskrinjica.si\/wp-content\/uploads\/2020\/11\/cropped-cropped-cropped-cropped-zlataskrinjica_logo1-1.png","contentUrl":"https:\/\/zlataskrinjica.si\/wp-content\/uploads\/2020\/11\/cropped-cropped-cropped-cropped-zlataskrinjica_logo1-1.png","width":512,"height":345,"caption":"Zlata Skrinjica"},"image":{"@id":"https:\/\/zlataskrinjica.si\/#\/schema\/logo\/image\/"},"sameAs":["https:\/\/www.facebook.com\/profile.php?id=100093598205968","https:\/\/www.tiktok.com\/@zlataskrinjica?_t=8on7QxDWE64&_r=1"]}]}},"acf":[],"jetpack_sharing_enabled":true,"_links":{"self":[{"href":"https:\/\/zlataskrinjica.si\/it\/wp-json\/wp\/v2\/product\/2540","targetHints":{"allow":["GET"]}}],"collection":[{"href":"https:\/\/zlataskrinjica.si\/it\/wp-json\/wp\/v2\/product"}],"about":[{"href":"https:\/\/zlataskrinjica.si\/it\/wp-json\/wp\/v2\/types\/product"}],"replies":[{"embeddable":true,"href":"https:\/\/zlataskrinjica.si\/it\/wp-json\/wp\/v2\/comments?post=2540"}],"version-history":[{"count":1,"href":"https:\/\/zlataskrinjica.si\/it\/wp-json\/wp\/v2\/product\/2540\/revisions"}],"predecessor-version":[{"id":2546,"href":"https:\/\/zlataskrinjica.si\/it\/wp-json\/wp\/v2\/product\/2540\/revisions\/2546"}],"wp:featuredmedia":[{"embeddable":true,"href":"https:\/\/zlataskrinjica.si\/it\/wp-json\/wp\/v2\/media\/2545"}],"wp:attachment":[{"href":"https:\/\/zlataskrinjica.si\/it\/wp-json\/wp\/v2\/media?parent=2540"}],"wp:term":[{"taxonomy":"product_brand","embeddable":true,"href":"https:\/\/zlataskrinjica.si\/it\/wp-json\/wp\/v2\/product_brand?post=2540"},{"taxonomy":"product_cat","embeddable":true,"href":"https:\/\/zlataskrinjica.si\/it\/wp-json\/wp\/v2\/product_cat?post=2540"},{"taxonomy":"product_tag","embeddable":true,"href":"https:\/\/zlataskrinjica.si\/it\/wp-json\/wp\/v2\/product_tag?post=2540"}],"curies":[{"name":"wp","href":"https:\/\/api.w.org\/{rel}","templated":true}]}}