{"id":2679,"date":"2024-11-23T20:20:57","date_gmt":"2024-11-23T19:20:57","guid":{"rendered":"https:\/\/zlataskrinjica.si\/?post_type=product&#038;p=2679"},"modified":"2025-10-31T14:06:28","modified_gmt":"2025-10-31T13:06:28","slug":"otroska-trenirka-mavricni-nasmeh-siva","status":"publish","type":"product","link":"https:\/\/zlataskrinjica.si\/it\/prodotto\/otroska-trenirka-mavricni-nasmeh-siva\/","title":{"rendered":"Tuta da ginnastica per bambini Rainbow smile - grigio"},"content":{"rendered":"<p style=\"padding-left: 40px;\"><strong>Scegliete la qualit\u00e0 che il vostro bambino merita<\/strong><\/p>\n<p>Il vostro piccolo tesoro godr\u00e0 di comfort e stile in questa tuta da ginnastica in cotone biologico alla moda. Pensata per la pelle delicata del bambino, la tuta da ginnastica per bambini Rainbow Smile \u00e8 realizzata in cotone biologico 95% ed elastan 5%, per offrire morbidezza e traspirabilit\u00e0 eccezionali. Il design senza tempo con un tocco moderno la rende facilmente abbinabile ad altri capi. Ideale per le avventure quotidiane, questa tuta offre libert\u00e0 di movimento e riflette il vostro approccio sostenibile alla moda. Scegliete la qualit\u00e0 che il vostro bambino merita.<\/p>\n<p><strong>Progettato con attenzione ai dettagli<\/strong><\/p>\n<p>La tuta da ginnastica per bambini Rainbow Smile \u00e8 stata progettata con particolare attenzione ai dettagli, dalle cuciture accuratamente sagomate al pratico design che la rende facile da indossare e da togliere. L'elastico in vita garantisce una perfetta vestibilit\u00e0 della tuta, indipendentemente dai movimenti del bambino. Come ciliegina sulla torta, sono state aggiunte le spalline. Naturalmente, non si pu\u00f2 fare a meno di notare il logo arcobaleno, che aggiunge la ciliegina sulla torta.<\/p>\n<p>\u00c8 disponibile in splendidi colori naturali che si abbinano perfettamente a molti capi di moda. La combinazione di stile e funzionalit\u00e0 fa s\u00ec che questa tuta diventi rapidamente il pezzo forte del guardaroba del vostro bambino.<\/p>\n<p>Materiale: 95% cotone organico, 5% elastan<\/p>","protected":false},"excerpt":{"rendered":"<p>Felpa da ginnastica Rainbow Smile da bambino in grigio. Realizzata in cotone biologico.<\/p>\n<p>Le cifre sono realistiche, ma consigliamo una cifra pi\u00f9 alta per i ragazzi.<\/p>\n<p>Materiale: 95% cotone organico, 5% elastan.<\/p>","protected":false},"featured_media":2719,"comment_status":"open","ping_status":"closed","template":"","meta":[],"product_brand":[],"product_cat":[79,80,25,51],"product_tag":[],"class_list":{"0":"post-2679","1":"product","2":"type-product","3":"status-publish","4":"has-post-thumbnail","6":"product_cat-deklice","7":"product_cat-fantje","8":"product_cat-izdelki","9":"product_cat-otroska-treninrka-mavricni-nasmeh","11":"first","12":"instock","13":"shipping-taxable","14":"purchasable","15":"product-type-variable"},"yoast_head":"<!-- This site is optimized with the Yoast SEO plugin v27.4 - https:\/\/yoast.com\/product\/yoast-seo-wordpress\/ -->\n<title>Otro\u0161ka trenirka Mavri\u010dni nasmeh - siva - Zlata Skrinjica<\/title>\n<meta name=\"description\" content=\"Otro\u0161ka trenirka Mavri\u010dni nasmeh v sivi barvi. Narejena je iz organskega bomba\u017ea, ki je izredno prijeten za ne\u017eno otro\u0161ko ko\u017eo.\" \/>\n<meta name=\"robots\" content=\"index, follow, max-snippet:-1, max-image-preview:large, max-video-preview:-1\" \/>\n<link rel=\"canonical\" href=\"https:\/\/zlataskrinjica.si\/it\/prodotto\/otroska-trenirka-mavricni-nasmeh-siva\/\" \/>\n<meta property=\"og:locale\" content=\"it_IT\" \/>\n<meta property=\"og:type\" content=\"article\" \/>\n<meta property=\"og:title\" content=\"Otro\u0161ka trenirka Mavri\u010dni nasmeh - siva - Zlata Skrinjica\" \/>\n<meta property=\"og:description\" content=\"Otro\u0161ka trenirka Mavri\u010dni nasmeh v sivi barvi. Narejena je iz organskega bomba\u017ea, ki je izredno prijeten za ne\u017eno otro\u0161ko ko\u017eo.\" \/>\n<meta property=\"og:url\" content=\"https:\/\/zlataskrinjica.si\/it\/prodotto\/otroska-trenirka-mavricni-nasmeh-siva\/\" \/>\n<meta property=\"og:site_name\" content=\"Zlata Skrinjica\" \/>\n<meta property=\"article:publisher\" content=\"https:\/\/www.facebook.com\/profile.php?id=100093598205968\" \/>\n<meta property=\"article:modified_time\" content=\"2025-10-31T13:06:28+00:00\" \/>\n<meta property=\"og:image\" content=\"https:\/\/zlataskrinjica.si\/wp-content\/uploads\/2024\/11\/20241202_ZlataSkrinjica-70-scaled.jpg\" \/>\n\t<meta property=\"og:image:width\" content=\"1709\" \/>\n\t<meta property=\"og:image:height\" content=\"2560\" \/>\n\t<meta property=\"og:image:type\" content=\"image\/jpeg\" \/>\n<meta name=\"twitter:card\" content=\"summary_large_image\" \/>\n<meta name=\"twitter:label1\" content=\"Tempo di lettura stimato\" \/>\n\t<meta name=\"twitter:data1\" content=\"2 minuti\" \/>\n<script type=\"application\/ld+json\" class=\"yoast-schema-graph\">{\"@context\":\"https:\\\/\\\/schema.org\",\"@graph\":[{\"@type\":\"WebPage\",\"@id\":\"https:\\\/\\\/zlataskrinjica.si\\\/izdelek\\\/otroska-trenirka-mavricni-nasmeh-siva\\\/\",\"url\":\"https:\\\/\\\/zlataskrinjica.si\\\/izdelek\\\/otroska-trenirka-mavricni-nasmeh-siva\\\/\",\"name\":\"Otro\u0161ka trenirka Mavri\u010dni nasmeh - siva - Zlata Skrinjica\",\"isPartOf\":{\"@id\":\"https:\\\/\\\/zlataskrinjica.si\\\/#website\"},\"primaryImageOfPage\":{\"@id\":\"https:\\\/\\\/zlataskrinjica.si\\\/izdelek\\\/otroska-trenirka-mavricni-nasmeh-siva\\\/#primaryimage\"},\"image\":{\"@id\":\"https:\\\/\\\/zlataskrinjica.si\\\/izdelek\\\/otroska-trenirka-mavricni-nasmeh-siva\\\/#primaryimage\"},\"thumbnailUrl\":\"https:\\\/\\\/zlataskrinjica.si\\\/wp-content\\\/uploads\\\/2024\\\/11\\\/20241202_ZlataSkrinjica-70-scaled.jpg\",\"datePublished\":\"2024-11-23T19:20:57+00:00\",\"dateModified\":\"2025-10-31T13:06:28+00:00\",\"description\":\"Otro\u0161ka trenirka Mavri\u010dni nasmeh v sivi barvi. Narejena je iz organskega bomba\u017ea, ki je izredno prijeten za ne\u017eno otro\u0161ko ko\u017eo.\",\"breadcrumb\":{\"@id\":\"https:\\\/\\\/zlataskrinjica.si\\\/izdelek\\\/otroska-trenirka-mavricni-nasmeh-siva\\\/#breadcrumb\"},\"inLanguage\":\"it-IT\",\"potentialAction\":[{\"@type\":\"ReadAction\",\"target\":[\"https:\\\/\\\/zlataskrinjica.si\\\/izdelek\\\/otroska-trenirka-mavricni-nasmeh-siva\\\/\"]}]},{\"@type\":\"ImageObject\",\"inLanguage\":\"it-IT\",\"@id\":\"https:\\\/\\\/zlataskrinjica.si\\\/izdelek\\\/otroska-trenirka-mavricni-nasmeh-siva\\\/#primaryimage\",\"url\":\"https:\\\/\\\/zlataskrinjica.si\\\/wp-content\\\/uploads\\\/2024\\\/11\\\/20241202_ZlataSkrinjica-70-scaled.jpg\",\"contentUrl\":\"https:\\\/\\\/zlataskrinjica.si\\\/wp-content\\\/uploads\\\/2024\\\/11\\\/20241202_ZlataSkrinjica-70-scaled.jpg\",\"width\":1709,\"height\":2560},{\"@type\":\"BreadcrumbList\",\"@id\":\"https:\\\/\\\/zlataskrinjica.si\\\/izdelek\\\/otroska-trenirka-mavricni-nasmeh-siva\\\/#breadcrumb\",\"itemListElement\":[{\"@type\":\"ListItem\",\"position\":1,\"name\":\"Home\",\"item\":\"https:\\\/\\\/zlataskrinjica.si\\\/\"},{\"@type\":\"ListItem\",\"position\":2,\"name\":\"IZDELKI\",\"item\":\"https:\\\/\\\/zlataskrinjica.si\\\/trgovina\\\/\"},{\"@type\":\"ListItem\",\"position\":3,\"name\":\"Otro\u0161ka trenirka Mavri\u010dni nasmeh &#8211; siva\"}]},{\"@type\":\"WebSite\",\"@id\":\"https:\\\/\\\/zlataskrinjica.si\\\/#website\",\"url\":\"https:\\\/\\\/zlataskrinjica.si\\\/\",\"name\":\"Zlata Skrinjica\",\"description\":\"Male dragocenosti za na\u0161e zaklade\",\"publisher\":{\"@id\":\"https:\\\/\\\/zlataskrinjica.si\\\/#organization\"},\"potentialAction\":[{\"@type\":\"SearchAction\",\"target\":{\"@type\":\"EntryPoint\",\"urlTemplate\":\"https:\\\/\\\/zlataskrinjica.si\\\/?s={search_term_string}\"},\"query-input\":{\"@type\":\"PropertyValueSpecification\",\"valueRequired\":true,\"valueName\":\"search_term_string\"}}],\"inLanguage\":\"it-IT\"},{\"@type\":\"Organization\",\"@id\":\"https:\\\/\\\/zlataskrinjica.si\\\/#organization\",\"name\":\"Zlata Skrinjica\",\"url\":\"https:\\\/\\\/zlataskrinjica.si\\\/\",\"logo\":{\"@type\":\"ImageObject\",\"inLanguage\":\"it-IT\",\"@id\":\"https:\\\/\\\/zlataskrinjica.si\\\/#\\\/schema\\\/logo\\\/image\\\/\",\"url\":\"https:\\\/\\\/zlataskrinjica.si\\\/wp-content\\\/uploads\\\/2020\\\/11\\\/cropped-cropped-cropped-cropped-zlataskrinjica_logo1-1.png\",\"contentUrl\":\"https:\\\/\\\/zlataskrinjica.si\\\/wp-content\\\/uploads\\\/2020\\\/11\\\/cropped-cropped-cropped-cropped-zlataskrinjica_logo1-1.png\",\"width\":512,\"height\":345,\"caption\":\"Zlata Skrinjica\"},\"image\":{\"@id\":\"https:\\\/\\\/zlataskrinjica.si\\\/#\\\/schema\\\/logo\\\/image\\\/\"},\"sameAs\":[\"https:\\\/\\\/www.facebook.com\\\/profile.php?id=100093598205968\",\"https:\\\/\\\/www.tiktok.com\\\/@zlataskrinjica?_t=8on7QxDWE64&_r=1\"]}]}<\/script>\n<!-- \/ Yoast SEO plugin. -->","yoast_head_json":{"title":"Otro\u0161ka trenirka Mavri\u010dni nasmeh - siva - Zlata Skrinjica","description":"Otro\u0161ka trenirka Mavri\u010dni nasmeh v sivi barvi. Narejena je iz organskega bomba\u017ea, ki je izredno prijeten za ne\u017eno otro\u0161ko ko\u017eo.","robots":{"index":"index","follow":"follow","max-snippet":"max-snippet:-1","max-image-preview":"max-image-preview:large","max-video-preview":"max-video-preview:-1"},"canonical":"https:\/\/zlataskrinjica.si\/it\/prodotto\/otroska-trenirka-mavricni-nasmeh-siva\/","og_locale":"it_IT","og_type":"article","og_title":"Otro\u0161ka trenirka Mavri\u010dni nasmeh - siva - Zlata Skrinjica","og_description":"Otro\u0161ka trenirka Mavri\u010dni nasmeh v sivi barvi. Narejena je iz organskega bomba\u017ea, ki je izredno prijeten za ne\u017eno otro\u0161ko ko\u017eo.","og_url":"https:\/\/zlataskrinjica.si\/it\/prodotto\/otroska-trenirka-mavricni-nasmeh-siva\/","og_site_name":"Zlata Skrinjica","article_publisher":"https:\/\/www.facebook.com\/profile.php?id=100093598205968","article_modified_time":"2025-10-31T13:06:28+00:00","og_image":[{"width":1709,"height":2560,"url":"https:\/\/zlataskrinjica.si\/wp-content\/uploads\/2024\/11\/20241202_ZlataSkrinjica-70-scaled.jpg","type":"image\/jpeg"}],"twitter_card":"summary_large_image","twitter_misc":{"Tempo di lettura stimato":"2 minuti"},"schema":{"@context":"https:\/\/schema.org","@graph":[{"@type":"WebPage","@id":"https:\/\/zlataskrinjica.si\/izdelek\/otroska-trenirka-mavricni-nasmeh-siva\/","url":"https:\/\/zlataskrinjica.si\/izdelek\/otroska-trenirka-mavricni-nasmeh-siva\/","name":"Otro\u0161ka trenirka Mavri\u010dni nasmeh - siva - Zlata Skrinjica","isPartOf":{"@id":"https:\/\/zlataskrinjica.si\/#website"},"primaryImageOfPage":{"@id":"https:\/\/zlataskrinjica.si\/izdelek\/otroska-trenirka-mavricni-nasmeh-siva\/#primaryimage"},"image":{"@id":"https:\/\/zlataskrinjica.si\/izdelek\/otroska-trenirka-mavricni-nasmeh-siva\/#primaryimage"},"thumbnailUrl":"https:\/\/zlataskrinjica.si\/wp-content\/uploads\/2024\/11\/20241202_ZlataSkrinjica-70-scaled.jpg","datePublished":"2024-11-23T19:20:57+00:00","dateModified":"2025-10-31T13:06:28+00:00","description":"Otro\u0161ka trenirka Mavri\u010dni nasmeh v sivi barvi. Narejena je iz organskega bomba\u017ea, ki je izredno prijeten za ne\u017eno otro\u0161ko ko\u017eo.","breadcrumb":{"@id":"https:\/\/zlataskrinjica.si\/izdelek\/otroska-trenirka-mavricni-nasmeh-siva\/#breadcrumb"},"inLanguage":"it-IT","potentialAction":[{"@type":"ReadAction","target":["https:\/\/zlataskrinjica.si\/izdelek\/otroska-trenirka-mavricni-nasmeh-siva\/"]}]},{"@type":"ImageObject","inLanguage":"it-IT","@id":"https:\/\/zlataskrinjica.si\/izdelek\/otroska-trenirka-mavricni-nasmeh-siva\/#primaryimage","url":"https:\/\/zlataskrinjica.si\/wp-content\/uploads\/2024\/11\/20241202_ZlataSkrinjica-70-scaled.jpg","contentUrl":"https:\/\/zlataskrinjica.si\/wp-content\/uploads\/2024\/11\/20241202_ZlataSkrinjica-70-scaled.jpg","width":1709,"height":2560},{"@type":"BreadcrumbList","@id":"https:\/\/zlataskrinjica.si\/izdelek\/otroska-trenirka-mavricni-nasmeh-siva\/#breadcrumb","itemListElement":[{"@type":"ListItem","position":1,"name":"Home","item":"https:\/\/zlataskrinjica.si\/"},{"@type":"ListItem","position":2,"name":"IZDELKI","item":"https:\/\/zlataskrinjica.si\/trgovina\/"},{"@type":"ListItem","position":3,"name":"Otro\u0161ka trenirka Mavri\u010dni nasmeh &#8211; siva"}]},{"@type":"WebSite","@id":"https:\/\/zlataskrinjica.si\/#website","url":"https:\/\/zlataskrinjica.si\/","name":"Scatola d'oro","description":"Piccoli tesori per i nostri tesori","publisher":{"@id":"https:\/\/zlataskrinjica.si\/#organization"},"potentialAction":[{"@type":"SearchAction","target":{"@type":"EntryPoint","urlTemplate":"https:\/\/zlataskrinjica.si\/?s={search_term_string}"},"query-input":{"@type":"PropertyValueSpecification","valueRequired":true,"valueName":"search_term_string"}}],"inLanguage":"it-IT"},{"@type":"Organization","@id":"https:\/\/zlataskrinjica.si\/#organization","name":"Scatola d'oro","url":"https:\/\/zlataskrinjica.si\/","logo":{"@type":"ImageObject","inLanguage":"it-IT","@id":"https:\/\/zlataskrinjica.si\/#\/schema\/logo\/image\/","url":"https:\/\/zlataskrinjica.si\/wp-content\/uploads\/2020\/11\/cropped-cropped-cropped-cropped-zlataskrinjica_logo1-1.png","contentUrl":"https:\/\/zlataskrinjica.si\/wp-content\/uploads\/2020\/11\/cropped-cropped-cropped-cropped-zlataskrinjica_logo1-1.png","width":512,"height":345,"caption":"Zlata Skrinjica"},"image":{"@id":"https:\/\/zlataskrinjica.si\/#\/schema\/logo\/image\/"},"sameAs":["https:\/\/www.facebook.com\/profile.php?id=100093598205968","https:\/\/www.tiktok.com\/@zlataskrinjica?_t=8on7QxDWE64&_r=1"]}]}},"acf":[],"jetpack_sharing_enabled":true,"_links":{"self":[{"href":"https:\/\/zlataskrinjica.si\/it\/wp-json\/wp\/v2\/product\/2679","targetHints":{"allow":["GET"]}}],"collection":[{"href":"https:\/\/zlataskrinjica.si\/it\/wp-json\/wp\/v2\/product"}],"about":[{"href":"https:\/\/zlataskrinjica.si\/it\/wp-json\/wp\/v2\/types\/product"}],"replies":[{"embeddable":true,"href":"https:\/\/zlataskrinjica.si\/it\/wp-json\/wp\/v2\/comments?post=2679"}],"version-history":[{"count":2,"href":"https:\/\/zlataskrinjica.si\/it\/wp-json\/wp\/v2\/product\/2679\/revisions"}],"predecessor-version":[{"id":3622,"href":"https:\/\/zlataskrinjica.si\/it\/wp-json\/wp\/v2\/product\/2679\/revisions\/3622"}],"wp:featuredmedia":[{"embeddable":true,"href":"https:\/\/zlataskrinjica.si\/it\/wp-json\/wp\/v2\/media\/2719"}],"wp:attachment":[{"href":"https:\/\/zlataskrinjica.si\/it\/wp-json\/wp\/v2\/media?parent=2679"}],"wp:term":[{"taxonomy":"product_brand","embeddable":true,"href":"https:\/\/zlataskrinjica.si\/it\/wp-json\/wp\/v2\/product_brand?post=2679"},{"taxonomy":"product_cat","embeddable":true,"href":"https:\/\/zlataskrinjica.si\/it\/wp-json\/wp\/v2\/product_cat?post=2679"},{"taxonomy":"product_tag","embeddable":true,"href":"https:\/\/zlataskrinjica.si\/it\/wp-json\/wp\/v2\/product_tag?post=2679"}],"curies":[{"name":"wp","href":"https:\/\/api.w.org\/{rel}","templated":true}]}}