{"id":2731,"date":"2024-12-09T21:02:23","date_gmt":"2024-12-09T20:02:23","guid":{"rendered":"https:\/\/zlataskrinjica.si\/?post_type=product&#038;p=2731"},"modified":"2025-09-07T13:33:23","modified_gmt":"2025-09-07T11:33:23","slug":"otroska-jopa-mavricni-namseh-siva","status":"publish","type":"product","link":"https:\/\/zlataskrinjica.si\/it\/prodotto\/otroska-jopa-mavricni-namseh-siva\/","title":{"rendered":"Cardigan per bambini Rainbow namseh - grigio"},"content":{"rendered":"<p>Rallegrate la vita quotidiana del vostro bambino con il nostro bellissimo cardigan \"Rainbow Smile\", che unisce comfort, qualit\u00e0 e design magico. Realizzato in cotone organico 95 % ed elastan 5%, questo cardigan \u00e8 estremamente morbido, delicato per la pelle sensibile dei bambini e rispettoso dell'ambiente. Progettato pensando a bambini attivi e curiosi, consente libert\u00e0 di movimento e comfort per tutto il giorno.<\/p>\n<p>L'esclusivo ricamo del logo dell'arcobaleno, che simboleggia gioia, giocosit\u00e0 e ottimismo, aggiunge un fascino particolare al cardigan. Il ricamo \u00e8 realizzato meticolosamente con una tintura resistente ed ecologica che mantiene la sua vivacit\u00e0 anche dopo molti lavaggi. La giacca \u00e8 disponibile in una variet\u00e0 di colori che completano perfettamente il motivo dell'arcobaleno e danno un tocco di vivacit\u00e0 in pi\u00f9 al vostro bambino.<\/p>\n<p>Con un design versatile e una cerniera facile da indossare, il cardigan Rainbow Smile \u00e8 la scelta perfetta per il parco giochi, l'asilo o le passeggiate in famiglia. Il cotone biologico non solo consente una regolazione naturale del calore, ma rappresenta anche un'alternativa sostenibile ai materiali convenzionali, importante sia per il bambino che per il futuro del nostro pianeta.<\/p>\n<p>Regalate a vostro figlio un capo che unisce comfort, stile e responsabilit\u00e0 verso la natura. La giacca \"Rainbow Smile\" \u00e8 pi\u00f9 di un semplice indumento: \u00e8 parte di un futuro pi\u00f9 luminoso!<\/p>","protected":false},"excerpt":{"rendered":"<p>Cardigan per bambini Rainbow smile in grigio. Realizzato in cotone biologico che rispetta la pelle delicata del bambino.<\/p>","protected":false},"featured_media":2733,"comment_status":"open","ping_status":"closed","template":"","meta":[],"product_brand":[],"product_cat":[79,80,25,51],"product_tag":[],"class_list":{"0":"post-2731","1":"product","2":"type-product","3":"status-publish","4":"has-post-thumbnail","6":"product_cat-deklice","7":"product_cat-fantje","8":"product_cat-izdelki","9":"product_cat-otroska-treninrka-mavricni-nasmeh","11":"first","12":"instock","13":"shipping-taxable","14":"purchasable","15":"product-type-variable"},"yoast_head":"<!-- This site is optimized with the Yoast SEO plugin v27.4 - https:\/\/yoast.com\/product\/yoast-seo-wordpress\/ -->\n<title>Otro\u0161ka jopa Mavri\u010dni namseh - siva - Zlata Skrinjica<\/title>\n<meta name=\"description\" content=\"Otro\u0161ka jopa Mavri\u010dni nasmeh v sivi barvi. Izdelana je iz organskega bomba\u017ea, ki je prijeten do ne\u017ene otro\u0161ke ko\u017ee.\" \/>\n<meta name=\"robots\" content=\"index, follow, max-snippet:-1, max-image-preview:large, max-video-preview:-1\" \/>\n<link rel=\"canonical\" href=\"https:\/\/zlataskrinjica.si\/it\/prodotto\/otroska-jopa-mavricni-namseh-siva\/\" \/>\n<meta property=\"og:locale\" content=\"it_IT\" \/>\n<meta property=\"og:type\" content=\"article\" \/>\n<meta property=\"og:title\" content=\"Otro\u0161ka jopa Mavri\u010dni namseh - siva - Zlata Skrinjica\" \/>\n<meta property=\"og:description\" content=\"Otro\u0161ka jopa Mavri\u010dni nasmeh v sivi barvi. Izdelana je iz organskega bomba\u017ea, ki je prijeten do ne\u017ene otro\u0161ke ko\u017ee.\" \/>\n<meta property=\"og:url\" content=\"https:\/\/zlataskrinjica.si\/it\/prodotto\/otroska-jopa-mavricni-namseh-siva\/\" \/>\n<meta property=\"og:site_name\" content=\"Zlata Skrinjica\" \/>\n<meta property=\"article:publisher\" content=\"https:\/\/www.facebook.com\/profile.php?id=100093598205968\" \/>\n<meta property=\"article:modified_time\" content=\"2025-09-07T11:33:23+00:00\" \/>\n<meta property=\"og:image\" content=\"https:\/\/zlataskrinjica.si\/wp-content\/uploads\/2024\/12\/20241202_ZlataSkrinjica-73-scaled.jpg\" \/>\n\t<meta property=\"og:image:width\" content=\"1709\" \/>\n\t<meta property=\"og:image:height\" content=\"2560\" \/>\n\t<meta property=\"og:image:type\" content=\"image\/jpeg\" \/>\n<meta name=\"twitter:card\" content=\"summary_large_image\" \/>\n<meta name=\"twitter:label1\" content=\"Tempo di lettura stimato\" \/>\n\t<meta name=\"twitter:data1\" content=\"2 minuti\" \/>\n<script type=\"application\/ld+json\" class=\"yoast-schema-graph\">{\"@context\":\"https:\\\/\\\/schema.org\",\"@graph\":[{\"@type\":\"WebPage\",\"@id\":\"https:\\\/\\\/zlataskrinjica.si\\\/izdelek\\\/otroska-jopa-mavricni-namseh-siva\\\/\",\"url\":\"https:\\\/\\\/zlataskrinjica.si\\\/izdelek\\\/otroska-jopa-mavricni-namseh-siva\\\/\",\"name\":\"Otro\u0161ka jopa Mavri\u010dni namseh - siva - Zlata Skrinjica\",\"isPartOf\":{\"@id\":\"https:\\\/\\\/zlataskrinjica.si\\\/#website\"},\"primaryImageOfPage\":{\"@id\":\"https:\\\/\\\/zlataskrinjica.si\\\/izdelek\\\/otroska-jopa-mavricni-namseh-siva\\\/#primaryimage\"},\"image\":{\"@id\":\"https:\\\/\\\/zlataskrinjica.si\\\/izdelek\\\/otroska-jopa-mavricni-namseh-siva\\\/#primaryimage\"},\"thumbnailUrl\":\"https:\\\/\\\/zlataskrinjica.si\\\/wp-content\\\/uploads\\\/2024\\\/12\\\/20241202_ZlataSkrinjica-73-scaled.jpg\",\"datePublished\":\"2024-12-09T20:02:23+00:00\",\"dateModified\":\"2025-09-07T11:33:23+00:00\",\"description\":\"Otro\u0161ka jopa Mavri\u010dni nasmeh v sivi barvi. Izdelana je iz organskega bomba\u017ea, ki je prijeten do ne\u017ene otro\u0161ke ko\u017ee.\",\"breadcrumb\":{\"@id\":\"https:\\\/\\\/zlataskrinjica.si\\\/izdelek\\\/otroska-jopa-mavricni-namseh-siva\\\/#breadcrumb\"},\"inLanguage\":\"it-IT\",\"potentialAction\":[{\"@type\":\"ReadAction\",\"target\":[\"https:\\\/\\\/zlataskrinjica.si\\\/izdelek\\\/otroska-jopa-mavricni-namseh-siva\\\/\"]}]},{\"@type\":\"ImageObject\",\"inLanguage\":\"it-IT\",\"@id\":\"https:\\\/\\\/zlataskrinjica.si\\\/izdelek\\\/otroska-jopa-mavricni-namseh-siva\\\/#primaryimage\",\"url\":\"https:\\\/\\\/zlataskrinjica.si\\\/wp-content\\\/uploads\\\/2024\\\/12\\\/20241202_ZlataSkrinjica-73-scaled.jpg\",\"contentUrl\":\"https:\\\/\\\/zlataskrinjica.si\\\/wp-content\\\/uploads\\\/2024\\\/12\\\/20241202_ZlataSkrinjica-73-scaled.jpg\",\"width\":1709,\"height\":2560},{\"@type\":\"BreadcrumbList\",\"@id\":\"https:\\\/\\\/zlataskrinjica.si\\\/izdelek\\\/otroska-jopa-mavricni-namseh-siva\\\/#breadcrumb\",\"itemListElement\":[{\"@type\":\"ListItem\",\"position\":1,\"name\":\"Home\",\"item\":\"https:\\\/\\\/zlataskrinjica.si\\\/\"},{\"@type\":\"ListItem\",\"position\":2,\"name\":\"IZDELKI\",\"item\":\"https:\\\/\\\/zlataskrinjica.si\\\/trgovina\\\/\"},{\"@type\":\"ListItem\",\"position\":3,\"name\":\"Otro\u0161ka jopa Mavri\u010dni namseh &#8211; siva\"}]},{\"@type\":\"WebSite\",\"@id\":\"https:\\\/\\\/zlataskrinjica.si\\\/#website\",\"url\":\"https:\\\/\\\/zlataskrinjica.si\\\/\",\"name\":\"Zlata Skrinjica\",\"description\":\"Male dragocenosti za na\u0161e zaklade\",\"publisher\":{\"@id\":\"https:\\\/\\\/zlataskrinjica.si\\\/#organization\"},\"potentialAction\":[{\"@type\":\"SearchAction\",\"target\":{\"@type\":\"EntryPoint\",\"urlTemplate\":\"https:\\\/\\\/zlataskrinjica.si\\\/?s={search_term_string}\"},\"query-input\":{\"@type\":\"PropertyValueSpecification\",\"valueRequired\":true,\"valueName\":\"search_term_string\"}}],\"inLanguage\":\"it-IT\"},{\"@type\":\"Organization\",\"@id\":\"https:\\\/\\\/zlataskrinjica.si\\\/#organization\",\"name\":\"Zlata Skrinjica\",\"url\":\"https:\\\/\\\/zlataskrinjica.si\\\/\",\"logo\":{\"@type\":\"ImageObject\",\"inLanguage\":\"it-IT\",\"@id\":\"https:\\\/\\\/zlataskrinjica.si\\\/#\\\/schema\\\/logo\\\/image\\\/\",\"url\":\"https:\\\/\\\/zlataskrinjica.si\\\/wp-content\\\/uploads\\\/2020\\\/11\\\/cropped-cropped-cropped-cropped-zlataskrinjica_logo1-1.png\",\"contentUrl\":\"https:\\\/\\\/zlataskrinjica.si\\\/wp-content\\\/uploads\\\/2020\\\/11\\\/cropped-cropped-cropped-cropped-zlataskrinjica_logo1-1.png\",\"width\":512,\"height\":345,\"caption\":\"Zlata Skrinjica\"},\"image\":{\"@id\":\"https:\\\/\\\/zlataskrinjica.si\\\/#\\\/schema\\\/logo\\\/image\\\/\"},\"sameAs\":[\"https:\\\/\\\/www.facebook.com\\\/profile.php?id=100093598205968\",\"https:\\\/\\\/www.tiktok.com\\\/@zlataskrinjica?_t=8on7QxDWE64&_r=1\"]}]}<\/script>\n<!-- \/ Yoast SEO plugin. -->","yoast_head_json":{"title":"Otro\u0161ka jopa Mavri\u010dni namseh - siva - Zlata Skrinjica","description":"Otro\u0161ka jopa Mavri\u010dni nasmeh v sivi barvi. Izdelana je iz organskega bomba\u017ea, ki je prijeten do ne\u017ene otro\u0161ke ko\u017ee.","robots":{"index":"index","follow":"follow","max-snippet":"max-snippet:-1","max-image-preview":"max-image-preview:large","max-video-preview":"max-video-preview:-1"},"canonical":"https:\/\/zlataskrinjica.si\/it\/prodotto\/otroska-jopa-mavricni-namseh-siva\/","og_locale":"it_IT","og_type":"article","og_title":"Otro\u0161ka jopa Mavri\u010dni namseh - siva - Zlata Skrinjica","og_description":"Otro\u0161ka jopa Mavri\u010dni nasmeh v sivi barvi. Izdelana je iz organskega bomba\u017ea, ki je prijeten do ne\u017ene otro\u0161ke ko\u017ee.","og_url":"https:\/\/zlataskrinjica.si\/it\/prodotto\/otroska-jopa-mavricni-namseh-siva\/","og_site_name":"Zlata Skrinjica","article_publisher":"https:\/\/www.facebook.com\/profile.php?id=100093598205968","article_modified_time":"2025-09-07T11:33:23+00:00","og_image":[{"width":1709,"height":2560,"url":"https:\/\/zlataskrinjica.si\/wp-content\/uploads\/2024\/12\/20241202_ZlataSkrinjica-73-scaled.jpg","type":"image\/jpeg"}],"twitter_card":"summary_large_image","twitter_misc":{"Tempo di lettura stimato":"2 minuti"},"schema":{"@context":"https:\/\/schema.org","@graph":[{"@type":"WebPage","@id":"https:\/\/zlataskrinjica.si\/izdelek\/otroska-jopa-mavricni-namseh-siva\/","url":"https:\/\/zlataskrinjica.si\/izdelek\/otroska-jopa-mavricni-namseh-siva\/","name":"Otro\u0161ka jopa Mavri\u010dni namseh - siva - Zlata Skrinjica","isPartOf":{"@id":"https:\/\/zlataskrinjica.si\/#website"},"primaryImageOfPage":{"@id":"https:\/\/zlataskrinjica.si\/izdelek\/otroska-jopa-mavricni-namseh-siva\/#primaryimage"},"image":{"@id":"https:\/\/zlataskrinjica.si\/izdelek\/otroska-jopa-mavricni-namseh-siva\/#primaryimage"},"thumbnailUrl":"https:\/\/zlataskrinjica.si\/wp-content\/uploads\/2024\/12\/20241202_ZlataSkrinjica-73-scaled.jpg","datePublished":"2024-12-09T20:02:23+00:00","dateModified":"2025-09-07T11:33:23+00:00","description":"Otro\u0161ka jopa Mavri\u010dni nasmeh v sivi barvi. Izdelana je iz organskega bomba\u017ea, ki je prijeten do ne\u017ene otro\u0161ke ko\u017ee.","breadcrumb":{"@id":"https:\/\/zlataskrinjica.si\/izdelek\/otroska-jopa-mavricni-namseh-siva\/#breadcrumb"},"inLanguage":"it-IT","potentialAction":[{"@type":"ReadAction","target":["https:\/\/zlataskrinjica.si\/izdelek\/otroska-jopa-mavricni-namseh-siva\/"]}]},{"@type":"ImageObject","inLanguage":"it-IT","@id":"https:\/\/zlataskrinjica.si\/izdelek\/otroska-jopa-mavricni-namseh-siva\/#primaryimage","url":"https:\/\/zlataskrinjica.si\/wp-content\/uploads\/2024\/12\/20241202_ZlataSkrinjica-73-scaled.jpg","contentUrl":"https:\/\/zlataskrinjica.si\/wp-content\/uploads\/2024\/12\/20241202_ZlataSkrinjica-73-scaled.jpg","width":1709,"height":2560},{"@type":"BreadcrumbList","@id":"https:\/\/zlataskrinjica.si\/izdelek\/otroska-jopa-mavricni-namseh-siva\/#breadcrumb","itemListElement":[{"@type":"ListItem","position":1,"name":"Home","item":"https:\/\/zlataskrinjica.si\/"},{"@type":"ListItem","position":2,"name":"IZDELKI","item":"https:\/\/zlataskrinjica.si\/trgovina\/"},{"@type":"ListItem","position":3,"name":"Otro\u0161ka jopa Mavri\u010dni namseh &#8211; siva"}]},{"@type":"WebSite","@id":"https:\/\/zlataskrinjica.si\/#website","url":"https:\/\/zlataskrinjica.si\/","name":"Scatola d'oro","description":"Piccoli tesori per i nostri tesori","publisher":{"@id":"https:\/\/zlataskrinjica.si\/#organization"},"potentialAction":[{"@type":"SearchAction","target":{"@type":"EntryPoint","urlTemplate":"https:\/\/zlataskrinjica.si\/?s={search_term_string}"},"query-input":{"@type":"PropertyValueSpecification","valueRequired":true,"valueName":"search_term_string"}}],"inLanguage":"it-IT"},{"@type":"Organization","@id":"https:\/\/zlataskrinjica.si\/#organization","name":"Scatola d'oro","url":"https:\/\/zlataskrinjica.si\/","logo":{"@type":"ImageObject","inLanguage":"it-IT","@id":"https:\/\/zlataskrinjica.si\/#\/schema\/logo\/image\/","url":"https:\/\/zlataskrinjica.si\/wp-content\/uploads\/2020\/11\/cropped-cropped-cropped-cropped-zlataskrinjica_logo1-1.png","contentUrl":"https:\/\/zlataskrinjica.si\/wp-content\/uploads\/2020\/11\/cropped-cropped-cropped-cropped-zlataskrinjica_logo1-1.png","width":512,"height":345,"caption":"Zlata Skrinjica"},"image":{"@id":"https:\/\/zlataskrinjica.si\/#\/schema\/logo\/image\/"},"sameAs":["https:\/\/www.facebook.com\/profile.php?id=100093598205968","https:\/\/www.tiktok.com\/@zlataskrinjica?_t=8on7QxDWE64&_r=1"]}]}},"acf":[],"jetpack_sharing_enabled":true,"_links":{"self":[{"href":"https:\/\/zlataskrinjica.si\/it\/wp-json\/wp\/v2\/product\/2731","targetHints":{"allow":["GET"]}}],"collection":[{"href":"https:\/\/zlataskrinjica.si\/it\/wp-json\/wp\/v2\/product"}],"about":[{"href":"https:\/\/zlataskrinjica.si\/it\/wp-json\/wp\/v2\/types\/product"}],"replies":[{"embeddable":true,"href":"https:\/\/zlataskrinjica.si\/it\/wp-json\/wp\/v2\/comments?post=2731"}],"version-history":[{"count":0,"href":"https:\/\/zlataskrinjica.si\/it\/wp-json\/wp\/v2\/product\/2731\/revisions"}],"wp:featuredmedia":[{"embeddable":true,"href":"https:\/\/zlataskrinjica.si\/it\/wp-json\/wp\/v2\/media\/2733"}],"wp:attachment":[{"href":"https:\/\/zlataskrinjica.si\/it\/wp-json\/wp\/v2\/media?parent=2731"}],"wp:term":[{"taxonomy":"product_brand","embeddable":true,"href":"https:\/\/zlataskrinjica.si\/it\/wp-json\/wp\/v2\/product_brand?post=2731"},{"taxonomy":"product_cat","embeddable":true,"href":"https:\/\/zlataskrinjica.si\/it\/wp-json\/wp\/v2\/product_cat?post=2731"},{"taxonomy":"product_tag","embeddable":true,"href":"https:\/\/zlataskrinjica.si\/it\/wp-json\/wp\/v2\/product_tag?post=2731"}],"curies":[{"name":"wp","href":"https:\/\/api.w.org\/{rel}","templated":true}]}}